{"id":9,"date":"2024-09-27T04:05:59","date_gmt":"2024-09-27T04:05:59","guid":{"rendered":"https:\/\/cloudsupplyvapes.com\/?page_id=9"},"modified":"2024-11-06T09:21:15","modified_gmt":"2024-11-06T09:21:15","slug":"carro","status":"publish","type":"page","link":"https:\/\/cloudsupplyvapes.com\/es\/cart\/","title":{"rendered":"Carrito"},"content":{"rendered":"<div data-block-name=\"woocommerce\/cart\" class=\"wp-block-woocommerce-cart alignwide is-loading\">\n<div data-block-name=\"woocommerce\/filled-cart-block\" class=\"wp-block-woocommerce-filled-cart-block\">\n<div data-block-name=\"woocommerce\/cart-items-block\" class=\"wp-block-woocommerce-cart-items-block\">\n<div data-block-name=\"woocommerce\/cart-line-items-block\" class=\"wp-block-woocommerce-cart-line-items-block\"><\/div>\n\n\n\n<div data-block-name=\"woocommerce\/cart-cross-sells-block\" class=\"wp-block-woocommerce-cart-cross-sells-block\">\n<h2 class=\"wp-block-heading has-large-font-size\">Quiz\u00e1 le interese...<\/h2>\n\n\n\n<div data-block-name=\"woocommerce\/cart-cross-sells-products-block\" class=\"wp-block-woocommerce-cart-cross-sells-products-block\"><\/div>\n<\/div>\n<\/div>\n\n\n\n<div data-block-name=\"woocommerce\/cart-totals-block\" class=\"wp-block-woocommerce-cart-totals-block\">\n<div data-block-name=\"woocommerce\/cart-order-summary-block\" class=\"wp-block-woocommerce-cart-order-summary-block\">\n<div data-block-name=\"woocommerce\/cart-order-summary-heading-block\" class=\"wp-block-woocommerce-cart-order-summary-heading-block\"><\/div><div data-block-name=\"woocommerce\/cart-order-summary-coupon-form-block\" class=\"wp-block-woocommerce-cart-order-summary-coupon-form-block\"><\/div><div data-block-name=\"woocommerce\/cart-order-summary-totals-block\" class=\"wp-block-woocommerce-cart-order-summary-totals-block\">\n<div data-block-name=\"woocommerce\/cart-order-summary-subtotal-block\" class=\"wp-block-woocommerce-cart-order-summary-subtotal-block\"><\/div>\n<div data-block-name=\"woocommerce\/cart-order-summary-discount-block\" class=\"wp-block-woocommerce-cart-order-summary-discount-block\"><\/div>\n<div data-block-name=\"woocommerce\/cart-order-summary-fee-block\" class=\"wp-block-woocommerce-cart-order-summary-fee-block\"><\/div>\n<div data-block-name=\"woocommerce\/cart-order-summary-shipping-block\" class=\"wp-block-woocommerce-cart-order-summary-shipping-block\"><\/div>\n<div data-block-name=\"woocommerce\/cart-order-summary-taxes-block\" class=\"wp-block-woocommerce-cart-order-summary-taxes-block\"><\/div><\/div>\n<\/div>\n\n\n\n<div data-block-name=\"woocommerce\/cart-express-payment-block\" class=\"wp-block-woocommerce-cart-express-payment-block\"><\/div>\n\n\n\n<div data-block-name=\"woocommerce\/proceed-to-checkout-block\" class=\"wp-block-woocommerce-proceed-to-checkout-block\"><\/div>\n\n\n\n<div data-block-name=\"woocommerce\/cart-accepted-payment-methods-block\" class=\"wp-block-woocommerce-cart-accepted-payment-methods-block\"><\/div>\n<\/div>\n<\/div>\n\n\n\n<div data-block-name=\"woocommerce\/empty-cart-block\" class=\"wp-block-woocommerce-empty-cart-block\">\n<h2 class=\"wp-block-heading has-text-align-center with-empty-cart-icon wc-block-cart__empty-cart__title\">Su cesta est\u00e1 vac\u00eda.<\/h2>\n\n\n\n<hr class=\"wp-block-separator has-alpha-channel-opacity is-style-dots\"\/>\n\n\n\n<h2 class=\"wp-block-heading has-text-align-center\">Nuevo en la tienda<\/h2>\n\n\n<div data-block-name=\"woocommerce\/product-new\" data-columns=\"4\" data-rows=\"1\" class=\"wc-block-grid wp-block-product-new wp-block-woocommerce-product-new wc-block-product-new has-4-columns\"><ul class=\"wc-block-grid__products\"><li class=\"wc-block-grid__product\">\n\t\t\t\t<a href=\"https:\/\/cloudsupplyvapes.com\/es\/product\/bang-box-20000-puffs-disposable-vape-pen\/\" class=\"wc-block-grid__product-link\">\n\t\t\t\t\t\n\t\t\t\t\t<div class=\"wc-block-grid__product-image\"><img loading=\"lazy\" decoding=\"async\" width=\"800\" height=\"800\" src=\"https:\/\/i0.wp.com\/cloudsupplyvapes.com\/wp-content\/uploads\/2025\/01\/20K-%E5%AE%A3%E4%BC%A0%E5%9B%BE2.jpg?resize=800%2C800&amp;ssl=1\" class=\"attachment-woocommerce_thumbnail size-woocommerce_thumbnail\" alt=\"Vapeador desechable Bang Box 20000 Puffs\" title=\"\"><\/div>\n\t\t\t\t\t<div class=\"wc-block-grid__product-title\">Vapeador desechable Bang Box 20000 Puffs<\/div>\n\t\t\t\t<\/a>\n\t\t\t\t<div class=\"wc-block-grid__product-price price\">\t\t<span class=\"tiered-pricing-dynamic-price-wrapper\" data-display-context=\"shop-loop\" data-price-type=\"dynamic\" data-product-id=\"9929\" data-parent-id=\"9929\">\n\t\t\t<span class=\"woocommerce-Price-amount amount\"><span class=\"woocommerce-Price-currencySymbol\">\u20ac<\/span>5.80<\/span> &#8211; <span class=\"woocommerce-Price-amount amount\"><span class=\"woocommerce-Price-currencySymbol\">\u20ac<\/span>6.20<\/span><\/span><\/div>\n\t\t\t\t\n\t\t\t\t<div class=\"wp-block-button wc-block-grid__product-add-to-cart\"><a href=\"\/es\/wp-json\/wp\/v2\/pages\/9?add-to-cart=9929\" aria-label=\"A\u00f1adir al carrito: &quot;Bol\u00edgrafo Vape Desechable Bang Box 20000 Puffs&quot;\" data-quantity=\"1\" data-product_id=\"9929\" data-product_sku=\"30\" data-price=\"6.2\" rel=\"nofollow\" class=\"wp-block-button__link  add_to_cart_button ajax_add_to_cart\">A\u00f1adir al carrito<\/a><\/div>\n\t\t\t<\/li><li class=\"wc-block-grid__product\">\n\t\t\t\t<a href=\"https:\/\/cloudsupplyvapes.com\/es\/product\/atvs-30000-puffs-disposable-wholesale\/\" class=\"wc-block-grid__product-link\">\n\t\t\t\t\t\n\t\t\t\t\t<div class=\"wc-block-grid__product-image\"><img loading=\"lazy\" decoding=\"async\" width=\"800\" height=\"800\" src=\"https:\/\/i0.wp.com\/cloudsupplyvapes.com\/wp-content\/uploads\/2024\/10\/%E4%B8%8B%E8%BD%BD-65.jpg?resize=800%2C800&amp;ssl=1\" class=\"attachment-woocommerce_thumbnail size-woocommerce_thumbnail\" alt=\"ATVS 30000 Puffs Vape desechable al por mayor - Bater\u00eda de alta capacidad y larga duraci\u00f3n, ofertas rentables al por mayor\" title=\"\"><\/div>\n\t\t\t\t\t<div class=\"wc-block-grid__product-title\">ATVS 30000 Puffs Vape desechable al por mayor - Bater\u00eda de alta capacidad y larga duraci\u00f3n, ofertas rentables al por mayor<\/div>\n\t\t\t\t<\/a>\n\t\t\t\t<div class=\"wc-block-grid__product-price price\">\t\t<span class=\"tiered-pricing-dynamic-price-wrapper\" data-display-context=\"shop-loop\" data-price-type=\"dynamic\" data-product-id=\"9319\" data-parent-id=\"9319\">\n\t\t\t<span class=\"woocommerce-Price-amount amount\"><span class=\"woocommerce-Price-currencySymbol\">\u20ac<\/span>12.00<\/span> &#8211; <span class=\"woocommerce-Price-amount amount\"><span class=\"woocommerce-Price-currencySymbol\">\u20ac<\/span>13.00<\/span><\/span><\/div>\n\t\t\t\t\n\t\t\t\t<div class=\"wp-block-button wc-block-grid__product-add-to-cart\"><a href=\"\/es\/wp-json\/wp\/v2\/pages\/9?add-to-cart=9319\" aria-label=\"A\u00f1adir al carrito: &quot;ATVS 30000 Puffs Vape Desechable al por mayor - Alta capacidad, bater\u00eda de larga duraci\u00f3n, ofertas rentables a granel&quot;\" data-quantity=\"1\" data-product_id=\"9319\" data-product_sku=\"\" data-price=\"13\" rel=\"nofollow\" class=\"wp-block-button__link  add_to_cart_button ajax_add_to_cart\">A\u00f1adir al carrito<\/a><\/div>\n\t\t\t<\/li><li class=\"wc-block-grid__product\">\n\t\t\t\t<a href=\"https:\/\/cloudsupplyvapes.com\/es\/product\/olit-hookalit-40000-puffs-disposable-vape-wholesale\/\" class=\"wc-block-grid__product-link\">\n\t\t\t\t\t\n\t\t\t\t\t<div class=\"wc-block-grid__product-image\"><img loading=\"lazy\" decoding=\"async\" width=\"800\" height=\"800\" src=\"https:\/\/i0.wp.com\/cloudsupplyvapes.com\/wp-content\/uploads\/2024\/10\/%E4%B8%8B%E8%BD%BD-32-2.jpg?resize=800%2C800&amp;ssl=1\" class=\"attachment-woocommerce_thumbnail size-woocommerce_thumbnail\" alt=\"Olit Hookalit 40000 Puffs Vape desechable al por mayor - Dispositivos desechables de primera calidad, dise\u00f1o a prueba de fugas, ultra port\u00e1til\" title=\"\"><\/div>\n\t\t\t\t\t<div class=\"wc-block-grid__product-title\">Olit Hookalit 40000 Puffs Vape desechable al por mayor - Dispositivos desechables de primera calidad, dise\u00f1o a prueba de fugas, ultra port\u00e1til<\/div>\n\t\t\t\t<\/a>\n\t\t\t\t<div class=\"wc-block-grid__product-price price\">\t\t<span class=\"tiered-pricing-dynamic-price-wrapper\" data-display-context=\"shop-loop\" data-price-type=\"dynamic\" data-product-id=\"9311\" data-parent-id=\"9311\">\n\t\t\t<span class=\"woocommerce-Price-amount amount\"><span class=\"woocommerce-Price-currencySymbol\">\u20ac<\/span>15.00<\/span> &#8211; <span class=\"woocommerce-Price-amount amount\"><span class=\"woocommerce-Price-currencySymbol\">\u20ac<\/span>16.00<\/span><\/span><\/div>\n\t\t\t\t\n\t\t\t\t<div class=\"wp-block-button wc-block-grid__product-add-to-cart\"><a href=\"\/es\/wp-json\/wp\/v2\/pages\/9?add-to-cart=9311\" aria-label=\"A\u00f1adir al carrito: &quot;Olit Hookalit 40000 Puffs Vape Desechable al por mayor - Dispositivos desechables de primera calidad, dise\u00f1o a prueba de fugas, ultra port\u00e1tiles&quot;\" data-quantity=\"1\" data-product_id=\"9311\" data-product_sku=\"\" data-price=\"16\" rel=\"nofollow\" class=\"wp-block-button__link  add_to_cart_button ajax_add_to_cart\">A\u00f1adir al carrito<\/a><\/div>\n\t\t\t<\/li><li class=\"wc-block-grid__product\">\n\t\t\t\t<a href=\"https:\/\/cloudsupplyvapes.com\/es\/product\/luckee-super-luckee-45000-puffs-disposable-vape-wholesale\/\" class=\"wc-block-grid__product-link\">\n\t\t\t\t\t\n\t\t\t\t\t<div class=\"wc-block-grid__product-image\"><img loading=\"lazy\" decoding=\"async\" width=\"800\" height=\"800\" src=\"https:\/\/i0.wp.com\/cloudsupplyvapes.com\/wp-content\/uploads\/2024\/10\/%E4%B8%8B%E8%BD%BD-44-1.jpg?resize=800%2C800&amp;ssl=1\" class=\"attachment-woocommerce_thumbnail size-woocommerce_thumbnail\" alt=\"Luckee Super Luckee 45000 Puffs Vape Desechable al por mayor - Gran Cantidad de Puffs, Construcci\u00f3n Duradera, Ahorro en Compras al por Mayor\" title=\"\"><\/div>\n\t\t\t\t\t<div class=\"wc-block-grid__product-title\">Luckee Super Luckee 45000 Puffs Vape Desechable al por mayor - Gran Cantidad de Puffs, Construcci\u00f3n Duradera, Ahorro en Compras al por Mayor<\/div>\n\t\t\t\t<\/a>\n\t\t\t\t<div class=\"wc-block-grid__product-price price\">\t\t<span class=\"tiered-pricing-dynamic-price-wrapper\" data-display-context=\"shop-loop\" data-price-type=\"dynamic\" data-product-id=\"9276\" data-parent-id=\"9276\">\n\t\t\t<span class=\"woocommerce-Price-amount amount\"><span class=\"woocommerce-Price-currencySymbol\">\u20ac<\/span>15.00<\/span> &#8211; <span class=\"woocommerce-Price-amount amount\"><span class=\"woocommerce-Price-currencySymbol\">\u20ac<\/span>16.00<\/span><\/span><\/div>\n\t\t\t\t\n\t\t\t\t<div class=\"wp-block-button wc-block-grid__product-add-to-cart\"><a href=\"\/es\/wp-json\/wp\/v2\/pages\/9?add-to-cart=9276\" aria-label=\"A\u00f1adir al carrito: &quot;Luckee Super Luckee 45000 Puffs Vape Desechable al por mayor - Gran Cantidad de Puffs, Construcci\u00f3n Duradera, Ahorro en Compras al por Mayor&quot;\" data-quantity=\"1\" data-product_id=\"9276\" data-product_sku=\"\" data-price=\"16\" rel=\"nofollow\" class=\"wp-block-button__link  add_to_cart_button ajax_add_to_cart\">A\u00f1adir al carrito<\/a><\/div>\n\t\t\t<\/li><\/ul><\/div><\/div>\n<\/div>","protected":false},"excerpt":{"rendered":"","protected":false},"author":1,"featured_media":0,"parent":0,"menu_order":0,"comment_status":"closed","ping_status":"closed","template":"","meta":{"footnotes":""},"class_list":["post-9","page","type-page","status-publish","hentry"],"jetpack_sharing_enabled":true,"_links":{"self":[{"href":"https:\/\/cloudsupplyvapes.com\/es\/wp-json\/wp\/v2\/pages\/9","targetHints":{"allow":["GET"]}}],"collection":[{"href":"https:\/\/cloudsupplyvapes.com\/es\/wp-json\/wp\/v2\/pages"}],"about":[{"href":"https:\/\/cloudsupplyvapes.com\/es\/wp-json\/wp\/v2\/types\/page"}],"author":[{"embeddable":true,"href":"https:\/\/cloudsupplyvapes.com\/es\/wp-json\/wp\/v2\/users\/1"}],"replies":[{"embeddable":true,"href":"https:\/\/cloudsupplyvapes.com\/es\/wp-json\/wp\/v2\/comments?post=9"}],"version-history":[{"count":1,"href":"https:\/\/cloudsupplyvapes.com\/es\/wp-json\/wp\/v2\/pages\/9\/revisions"}],"predecessor-version":[{"id":14,"href":"https:\/\/cloudsupplyvapes.com\/es\/wp-json\/wp\/v2\/pages\/9\/revisions\/14"}],"wp:attachment":[{"href":"https:\/\/cloudsupplyvapes.com\/es\/wp-json\/wp\/v2\/media?parent=9"}],"curies":[{"name":"wp","href":"https:\/\/api.w.org\/{rel}","templated":true}]}}