{"id":9727,"date":"2024-11-08T06:40:54","date_gmt":"2024-11-08T06:40:54","guid":{"rendered":"https:\/\/cloudsupplyvapes.com\/?page_id=9727"},"modified":"2024-11-08T06:43:02","modified_gmt":"2024-11-08T06:43:02","slug":"acerca-de","status":"publish","type":"page","link":"https:\/\/cloudsupplyvapes.com\/es\/about\/","title":{"rendered":"Acerca de"},"content":{"rendered":"<h3><strong>Acerca de CloudSupplyVapes<\/strong><\/h3>\n<p>Bienvenido a CloudSupplyVapes, su principal fuente de productos vape desechables de alta calidad a precios al por mayor. Nos especializamos en el suministro de una amplia gama de las \u00faltimas y m\u00e1s populares marcas de vape desechables, que atienden a empresas de todos los tama\u00f1os que buscan satisfacer la creciente demanda de soluciones de vapeo convenientes y confiables.<\/p>\n<p>En CloudSupplyVapes, estamos comprometidos a ofrecer una amplia selecci\u00f3n de productos que combinan calidad, rendimiento e innovaci\u00f3n. Nuestro equipo selecciona cuidadosamente nuestro inventario para asegurar que cada producto cumple con nuestros altos est\u00e1ndares y se alinea con las \u00faltimas tendencias en la industria del vapeo. Entendemos que sus clientes esperan una experiencia de vapeo fluida y satisfactoria, por lo que nos centramos en marcas y productos que ofrecen tanto sabor como longevidad.<\/p>\n<p>Con un enfoque centrado en el cliente, nos enorgullecemos de nuestra eficiente tramitaci\u00f3n de pedidos, precios competitivos y soporte receptivo, dise\u00f1ado para que su experiencia sea lo m\u00e1s fluida posible. Si usted es un minorista, distribuidor o propietario de una tienda de comercio electr\u00f3nico, CloudSupplyVapes se dedica a ayudarle a tener \u00e9xito en el din\u00e1mico mercado de vape de hoy.<\/p>\n<p>Gracias por elegir CloudSupplyVapes como su socio mayorista de confianza. Esperamos impulsar el crecimiento de su negocio con nuestra selecci\u00f3n de vape premium y un servicio excepcional.<\/p>\n<p><img data-recalc-dims=\"1\" loading=\"lazy\" decoding=\"async\" class=\"alignnone size-full wp-image-9694\" src=\"https:\/\/i0.wp.com\/cloudsupplyvapes.com\/wp-content\/uploads\/2024\/11\/Al-Fakher-Vape-Crown-Bar-Big-Cloud-8000-Puffs-banner.jpg?resize=1020%2C574&#038;ssl=1\" alt=\"Al-Fakher-Vape-Crown-Bar-Big-Cloud-8000-Puffs-banner\" width=\"1020\" height=\"574\" title=\"\" srcset=\"https:\/\/i0.wp.com\/cloudsupplyvapes.com\/wp-content\/uploads\/2024\/11\/Al-Fakher-Vape-Crown-Bar-Big-Cloud-8000-Puffs-banner.jpg?w=1920&amp;ssl=1 1920w, https:\/\/i0.wp.com\/cloudsupplyvapes.com\/wp-content\/uploads\/2024\/11\/Al-Fakher-Vape-Crown-Bar-Big-Cloud-8000-Puffs-banner.jpg?resize=300%2C169&amp;ssl=1 300w, https:\/\/i0.wp.com\/cloudsupplyvapes.com\/wp-content\/uploads\/2024\/11\/Al-Fakher-Vape-Crown-Bar-Big-Cloud-8000-Puffs-banner.jpg?resize=1024%2C576&amp;ssl=1 1024w, https:\/\/i0.wp.com\/cloudsupplyvapes.com\/wp-content\/uploads\/2024\/11\/Al-Fakher-Vape-Crown-Bar-Big-Cloud-8000-Puffs-banner.jpg?resize=768%2C432&amp;ssl=1 768w, https:\/\/i0.wp.com\/cloudsupplyvapes.com\/wp-content\/uploads\/2024\/11\/Al-Fakher-Vape-Crown-Bar-Big-Cloud-8000-Puffs-banner.jpg?resize=1536%2C864&amp;ssl=1 1536w, https:\/\/i0.wp.com\/cloudsupplyvapes.com\/wp-content\/uploads\/2024\/11\/Al-Fakher-Vape-Crown-Bar-Big-Cloud-8000-Puffs-banner.jpg?resize=18%2C10&amp;ssl=1 18w, https:\/\/i0.wp.com\/cloudsupplyvapes.com\/wp-content\/uploads\/2024\/11\/Al-Fakher-Vape-Crown-Bar-Big-Cloud-8000-Puffs-banner.jpg?resize=1320%2C743&amp;ssl=1 1320w, https:\/\/i0.wp.com\/cloudsupplyvapes.com\/wp-content\/uploads\/2024\/11\/Al-Fakher-Vape-Crown-Bar-Big-Cloud-8000-Puffs-banner.jpg?resize=800%2C450&amp;ssl=1 800w\" sizes=\"auto, (max-width: 1020px) 100vw, 1020px\" \/><\/p>","protected":false},"excerpt":{"rendered":"<p>About CloudSupplyVapes Welcome to CloudSupplyVapes, your premier source for high-quality disposable vape products at wholesale prices. We specialize in supplying a wide range of the latest and most popular disposable vape brands, catering to businesses of all sizes looking to meet the growing demand for convenient, reliable vaping solutions. At CloudSupplyVapes, we are committed to [&#8230;]\n","protected":false},"author":1,"featured_media":0,"parent":0,"menu_order":0,"comment_status":"closed","ping_status":"closed","template":"page-blank-title-center.php","meta":{"footnotes":""},"class_list":["post-9727","page","type-page","status-publish","hentry"],"jetpack_sharing_enabled":true,"_links":{"self":[{"href":"https:\/\/cloudsupplyvapes.com\/es\/wp-json\/wp\/v2\/pages\/9727","targetHints":{"allow":["GET"]}}],"collection":[{"href":"https:\/\/cloudsupplyvapes.com\/es\/wp-json\/wp\/v2\/pages"}],"about":[{"href":"https:\/\/cloudsupplyvapes.com\/es\/wp-json\/wp\/v2\/types\/page"}],"author":[{"embeddable":true,"href":"https:\/\/cloudsupplyvapes.com\/es\/wp-json\/wp\/v2\/users\/1"}],"replies":[{"embeddable":true,"href":"https:\/\/cloudsupplyvapes.com\/es\/wp-json\/wp\/v2\/comments?post=9727"}],"version-history":[{"count":3,"href":"https:\/\/cloudsupplyvapes.com\/es\/wp-json\/wp\/v2\/pages\/9727\/revisions"}],"predecessor-version":[{"id":9733,"href":"https:\/\/cloudsupplyvapes.com\/es\/wp-json\/wp\/v2\/pages\/9727\/revisions\/9733"}],"wp:attachment":[{"href":"https:\/\/cloudsupplyvapes.com\/es\/wp-json\/wp\/v2\/media?parent=9727"}],"curies":[{"name":"wp","href":"https:\/\/api.w.org\/{rel}","templated":true}]}}