{"id":1013,"date":"2024-10-19T02:17:06","date_gmt":"2024-10-19T02:17:06","guid":{"rendered":"https:\/\/cloudsupplyvapes.com\/?post_type=product&#038;p=1013"},"modified":"2024-11-26T09:06:13","modified_gmt":"2024-11-26T09:06:13","slug":"bang-box-5000-puffs-desechables-al-por-mayor","status":"publish","type":"product","link":"https:\/\/cloudsupplyvapes.com\/es\/product\/bang-box-5000-puffs-disposable-wholesale\/","title":{"rendered":"Bang Box 5000 Puffs Vape desechable al por mayor Dise\u00f1o compacto de alta capacidad"},"content":{"rendered":"<p><strong>Sabor:<\/strong><br \/>\n1. MANGO FRESA<br \/>\n2. HELADO DE FRESA<br \/>\n3. UVA SAKURA<br \/>\n4. HIELO DE SAND\u00cdA<br \/>\n5. AR\u00c1NDANO FRAMBUESAHIELO<br \/>\n6. KIWI FRUTA DE LA PASI\u00d3N GUAYABA<br \/>\n7. FRESA KIWI<br \/>\n8. BEBIDA ENERG\u00c9TICA<br \/>\n9. MELOCOT\u00d3N MANGO SAND\u00cdA<br \/>\n10. MENTA FRIA<br \/>\n11. HIELO DE AR\u00c1NDANO<br \/>\n12. HIELO DE PI\u00d1A Y COCO<br \/>\n13. FRESA GUAYABA<br \/>\n14. KIWI FRUTA DE LA PASI\u00d3N GUAYABA<br \/>\n15. FRUTA MIXTA<br \/>\n16. HIELO NEGRO<br \/>\n17. FRESA SAND\u00cdA<br \/>\n18. CHICLE DE SAND\u00cdA<br \/>\n19. HIELO DE FRESA<br \/>\n20. FRESA PL\u00c1TANO<\/p>\n<p>&nbsp;<\/p>\n<p>Bang Box BC5000 Puffs Desechables<br \/>\nE-l\u00edquido de alta calidad + bater\u00eda de cobalto<br \/>\n13 ml Aceite<br \/>\nTipo C<br \/>\nBobina de malla<\/p>\n<p><span class=\"src\" data-group=\"2-0\">La Bang BC 5000 tiene un dise\u00f1o elegante y ergon\u00f3mico que se adapta c\u00f3modamente a la mano. <\/span><span class=\"src\" data-group=\"2-1\"> al igual que el elf bar bc 5000 vapes ,son dise\u00f1o hot sell ,Su construcci\u00f3n ligera hace que sea f\u00e1cil de llevar en el bolsillo o bolso, asegurando que pueda disfrutar de sus sabores favoritos en cualquier momento y en cualquier lugar.<\/span><\/p>","protected":false},"excerpt":{"rendered":"<p>Bang Box 5000 Puffs Vape desechable al por mayor combina una gran capacidad, un dise\u00f1o compacto y una salida de vapor suave, perfecto para vapear de forma port\u00e1til y duradera.<\/p>","protected":false},"featured_media":1043,"comment_status":"open","ping_status":"closed","template":"","meta":[],"product_brand":[],"product_cat":[481,22],"product_tag":[],"class_list":{"0":"post-1013","1":"product","2":"type-product","3":"status-publish","4":"has-post-thumbnail","6":"product_cat-bang","7":"product_cat-disposable-vape-sticks","9":"first","10":"instock","11":"shipping-taxable","12":"purchasable","13":"product-type-simple"},"jetpack_sharing_enabled":true,"tiered_pricing_type":"fixed","tiered_pricing_fixed_rules":{"30":6.9900000000000002131628207280300557613372802734375,"50":6.4900000000000002131628207280300557613372802734375,"100":5.88999999999999968025576890795491635799407958984375,"200":5.519999999999999573674358543939888477325439453125,"500":5},"tiered_pricing_product_settings":{"layout":"default","base_unit_name":{"singular":null,"plural":null},"default_variation":null},"tiered_pricing_minimum_quantity":10,"tiered_pricing_roles_data":[],"tiered_pricing_percentage_rules":[],"tiered_pricing_maximum_quantity":null,"tiered_pricing_quantity_step":"10","_links":{"self":[{"href":"https:\/\/cloudsupplyvapes.com\/es\/wp-json\/wp\/v2\/product\/1013","targetHints":{"allow":["GET"]}}],"collection":[{"href":"https:\/\/cloudsupplyvapes.com\/es\/wp-json\/wp\/v2\/product"}],"about":[{"href":"https:\/\/cloudsupplyvapes.com\/es\/wp-json\/wp\/v2\/types\/product"}],"replies":[{"embeddable":true,"href":"https:\/\/cloudsupplyvapes.com\/es\/wp-json\/wp\/v2\/comments?post=1013"}],"wp:featuredmedia":[{"embeddable":true,"href":"https:\/\/cloudsupplyvapes.com\/es\/wp-json\/wp\/v2\/media\/1043"}],"wp:attachment":[{"href":"https:\/\/cloudsupplyvapes.com\/es\/wp-json\/wp\/v2\/media?parent=1013"}],"wp:term":[{"taxonomy":"product_brand","embeddable":true,"href":"https:\/\/cloudsupplyvapes.com\/es\/wp-json\/wp\/v2\/product_brand?post=1013"},{"taxonomy":"product_cat","embeddable":true,"href":"https:\/\/cloudsupplyvapes.com\/es\/wp-json\/wp\/v2\/product_cat?post=1013"},{"taxonomy":"product_tag","embeddable":true,"href":"https:\/\/cloudsupplyvapes.com\/es\/wp-json\/wp\/v2\/product_tag?post=1013"}],"curies":[{"name":"wp","href":"https:\/\/api.w.org\/{rel}","templated":true}]}}