{"id":1063,"date":"2024-10-19T02:17:29","date_gmt":"2024-10-19T02:17:29","guid":{"rendered":"https:\/\/cloudsupplyvapes.com\/?post_type=product&#038;p=1063"},"modified":"2024-11-26T09:03:55","modified_gmt":"2024-11-26T09:03:55","slug":"-34","status":"publish","type":"product","link":"https:\/\/cloudsupplyvapes.com\/es\/product\/zio-cream-viii-275-puff-disposable-wholesale\/","title":{"rendered":"Zio Cream VIII 275 Puff Vape Desechable Mayorista Compacto Dise\u00f1o Elegante"},"content":{"rendered":"<p>Cada paquete individual viene con 3 unidades 5% Sal de Nicotina.<br \/>\n1.4mL E-L\u00edquido por volumen.<br \/>\nAproximadamente 275 inhalaciones por dispositivo.<br \/>\nMecanismo de disparo activado por extracci\u00f3n.<br \/>\nBater\u00eda integrada de 260 mAh.<br \/>\nDesechable - No recargable y no rellenable.<\/p>","protected":false},"excerpt":{"rendered":"<p>Zio Cream VIII 275 Puff Vape Desechable al por mayor ofrece un dise\u00f1o compacto y elegante con una entrega de vapor suave, perfecto para vapear de forma r\u00e1pida y port\u00e1til.<\/p>","protected":false},"featured_media":1093,"comment_status":"open","ping_status":"closed","template":"","meta":[],"product_brand":[],"product_cat":[22],"product_tag":[],"class_list":{"0":"post-1063","1":"product","2":"type-product","3":"status-publish","4":"has-post-thumbnail","6":"product_cat-disposable-vape-sticks","8":"first","9":"instock","10":"shipping-taxable","11":"purchasable","12":"product-type-simple"},"jetpack_sharing_enabled":true,"tiered_pricing_type":"fixed","tiered_pricing_fixed_rules":{"1000":3.399999999999999911182158029987476766109466552734375,"10000":3.100000000000000088817841970012523233890533447265625,"30000":2.600000000000000088817841970012523233890533447265625},"tiered_pricing_product_settings":{"layout":"default","base_unit_name":{"singular":null,"plural":null},"default_variation":null},"tiered_pricing_minimum_quantity":100,"tiered_pricing_roles_data":[],"tiered_pricing_percentage_rules":[],"tiered_pricing_maximum_quantity":null,"tiered_pricing_quantity_step":null,"_links":{"self":[{"href":"https:\/\/cloudsupplyvapes.com\/es\/wp-json\/wp\/v2\/product\/1063","targetHints":{"allow":["GET"]}}],"collection":[{"href":"https:\/\/cloudsupplyvapes.com\/es\/wp-json\/wp\/v2\/product"}],"about":[{"href":"https:\/\/cloudsupplyvapes.com\/es\/wp-json\/wp\/v2\/types\/product"}],"replies":[{"embeddable":true,"href":"https:\/\/cloudsupplyvapes.com\/es\/wp-json\/wp\/v2\/comments?post=1063"}],"wp:featuredmedia":[{"embeddable":true,"href":"https:\/\/cloudsupplyvapes.com\/es\/wp-json\/wp\/v2\/media\/1093"}],"wp:attachment":[{"href":"https:\/\/cloudsupplyvapes.com\/es\/wp-json\/wp\/v2\/media?parent=1063"}],"wp:term":[{"taxonomy":"product_brand","embeddable":true,"href":"https:\/\/cloudsupplyvapes.com\/es\/wp-json\/wp\/v2\/product_brand?post=1063"},{"taxonomy":"product_cat","embeddable":true,"href":"https:\/\/cloudsupplyvapes.com\/es\/wp-json\/wp\/v2\/product_cat?post=1063"},{"taxonomy":"product_tag","embeddable":true,"href":"https:\/\/cloudsupplyvapes.com\/es\/wp-json\/wp\/v2\/product_tag?post=1063"}],"curies":[{"name":"wp","href":"https:\/\/api.w.org\/{rel}","templated":true}]}}