{"id":1069,"date":"2024-10-19T02:17:30","date_gmt":"2024-10-19T02:17:30","guid":{"rendered":"https:\/\/cloudsupplyvapes.com\/?post_type=product&#038;p=1069"},"modified":"2024-11-26T08:59:45","modified_gmt":"2024-11-26T08:59:45","slug":"-36","status":"publish","type":"product","link":"https:\/\/cloudsupplyvapes.com\/es\/product\/iqte-speed-6000-puffs-disposable-wholesale\/","title":{"rendered":"IQTE Speed 6000 Puffs Vape desechable al por mayor Compacto Durable Construir"},"content":{"rendered":"<table width=\"633\" cellspacing=\"0\" cellpadding=\"0\">\n<tbody>\n<tr class=\"firstRow\">\n<td valign=\"top\" width=\"160\"><strong>Nombre de la serie<\/strong><\/td>\n<td valign=\"top\" width=\"473\">VELOCIDAD IQTE<\/td>\n<\/tr>\n<tr>\n<td valign=\"top\" width=\"160\"><strong>Puffs<\/strong><\/td>\n<td valign=\"top\" width=\"473\">6000<\/td>\n<\/tr>\n<tr>\n<td valign=\"top\" width=\"160\"><strong>Nicotina<\/strong><\/td>\n<td valign=\"top\" width=\"473\">2% \/ 5%<\/td>\n<\/tr>\n<tr>\n<td valign=\"top\" width=\"160\"><strong>Volumen<\/strong><\/td>\n<td valign=\"top\" width=\"473\">15 ml<\/td>\n<\/tr>\n<tr>\n<td valign=\"top\" width=\"160\"><\/td>\n<td valign=\"top\" width=\"473\">&nbsp;<\/p>\n<p>&nbsp;<\/td>\n<\/tr>\n<tr>\n<td valign=\"top\" width=\"160\"><strong>Capacidad de la bater\u00eda<\/strong><\/td>\n<td valign=\"top\" width=\"473\">500 mAh<\/td>\n<\/tr>\n<tr>\n<td valign=\"top\" width=\"160\"><strong>Ingrediencies<\/strong><\/td>\n<td valign=\"top\" width=\"473\">Glicerina vegetal, propilenglicol, nicotina, aromas naturales y artificiales.<\/td>\n<\/tr>\n<tr>\n<td valign=\"top\" width=\"160\"><strong>Talla<\/strong><\/td>\n<td valign=\"top\" width=\"473\">43,5*13,5*89mm<\/td>\n<\/tr>\n<tr>\n<td valign=\"top\" width=\"160\"><strong>Servicio<\/strong><\/td>\n<td valign=\"top\" width=\"473\">OEM&amp;ODM<\/td>\n<\/tr>\n<tr>\n<td valign=\"top\" width=\"160\"><strong>Embalaje<\/strong><\/td>\n<td valign=\"top\" width=\"473\">300 uds\/Cart\u00f3n<\/td>\n<\/tr>\n<tr>\n<td valign=\"top\" width=\"160\"><strong>Sabores<\/strong><\/td>\n<td valign=\"top\" width=\"473\">&nbsp;<\/p>\n<p>1.bayas mixtas<\/p>\n<p>2.hielo de manzana<\/p>\n<p>3.melocot\u00f3n<\/p>\n<p>4.helado de taro<\/p>\n<p>5.ar\u00e1ndanos con hielo<\/p>\n<p>6.hielo de sand\u00eda<\/p>\n<p>7.aloe uva<\/p>\n<p>8.yogur de fresa<\/p>\n<p>9.mango pl\u00e1tano<\/p>\n<p>10.fresa vainilla<\/td>\n<\/tr>\n<\/tbody>\n<\/table>\n<p><a href=\"https:\/\/i0.wp.com\/shop.vape.hk\/wp-content\/uploads\/2022\/09\/202209121459091f0f2c.jpg?ssl=1\" target=\"_blank\" rel=\"noopener\"><img data-recalc-dims=\"1\" loading=\"lazy\" decoding=\"async\" class=\"alignnone size-full wp-image-74716\" src=\"https:\/\/i0.wp.com\/shop.vape.hk\/wp-content\/uploads\/2022\/09\/202209121459091f0f2c.jpg?resize=1000%2C1129&#038;ssl=1\" alt=\"IQTE Speed 6000 Puffs Desechables | Venta al por mayor\" width=\"1000\" height=\"1129\" title=\"\"><\/a> <a href=\"https:\/\/i0.wp.com\/shop.vape.hk\/wp-content\/uploads\/2022\/09\/20220912145909616ada.jpg?ssl=1\" target=\"_blank\" rel=\"noopener\"><img data-recalc-dims=\"1\" loading=\"lazy\" decoding=\"async\" class=\"alignnone size-full wp-image-74708\" src=\"https:\/\/i0.wp.com\/shop.vape.hk\/wp-content\/uploads\/2022\/09\/20220912145909616ada.jpg?resize=1000%2C794&#038;ssl=1\" alt=\"IQTE Speed 6000 Puffs Desechables | Venta al por mayor\" width=\"1000\" height=\"794\" title=\"\"><\/a> <a href=\"https:\/\/i0.wp.com\/shop.vape.hk\/wp-content\/uploads\/2022\/09\/20220912145909380362.jpg?ssl=1\" target=\"_blank\" rel=\"noopener\"><img data-recalc-dims=\"1\" loading=\"lazy\" decoding=\"async\" class=\"alignnone size-full wp-image-74700\" src=\"https:\/\/i0.wp.com\/shop.vape.hk\/wp-content\/uploads\/2022\/09\/20220912145909380362.jpg?resize=1000%2C1148&#038;ssl=1\" alt=\"IQTE Speed 6000 Puffs Desechables | Venta al por mayor\" width=\"1000\" height=\"1148\" title=\"\"><\/a> <a href=\"https:\/\/i0.wp.com\/shop.vape.hk\/wp-content\/uploads\/2022\/09\/202209121459097ecb83.jpg?ssl=1\" target=\"_blank\" rel=\"noopener\"><img data-recalc-dims=\"1\" loading=\"lazy\" decoding=\"async\" class=\"alignnone size-full wp-image-74692\" src=\"https:\/\/i0.wp.com\/shop.vape.hk\/wp-content\/uploads\/2022\/09\/202209121459097ecb83.jpg?resize=1000%2C1322&#038;ssl=1\" alt=\"IQTE Speed 6000 Puffs Desechables | Venta al por mayor\" width=\"1000\" height=\"1322\" title=\"\"><\/a><\/p>","protected":false},"excerpt":{"rendered":"<p>IQTE Speed 6000 Puffs Vape desechable al por mayor ofrece un dise\u00f1o compacto, una producci\u00f3n de vapor suave y una bater\u00eda de larga duraci\u00f3n para vapear sin problemas y de forma port\u00e1til.<\/p>","protected":false},"featured_media":1099,"comment_status":"open","ping_status":"closed","template":"","meta":[],"product_brand":[],"product_cat":[22],"product_tag":[],"class_list":{"0":"post-1069","1":"product","2":"type-product","3":"status-publish","4":"has-post-thumbnail","6":"product_cat-disposable-vape-sticks","8":"first","9":"instock","10":"shipping-taxable","11":"purchasable","12":"product-type-simple"},"jetpack_sharing_enabled":true,"tiered_pricing_type":"fixed","tiered_pricing_fixed_rules":{"1000":13,"5000":12,"10000":11,"30000":9},"tiered_pricing_product_settings":{"layout":"default","base_unit_name":{"singular":null,"plural":null},"default_variation":null},"tiered_pricing_minimum_quantity":100,"tiered_pricing_roles_data":[],"tiered_pricing_percentage_rules":[],"tiered_pricing_maximum_quantity":null,"tiered_pricing_quantity_step":null,"_links":{"self":[{"href":"https:\/\/cloudsupplyvapes.com\/es\/wp-json\/wp\/v2\/product\/1069","targetHints":{"allow":["GET"]}}],"collection":[{"href":"https:\/\/cloudsupplyvapes.com\/es\/wp-json\/wp\/v2\/product"}],"about":[{"href":"https:\/\/cloudsupplyvapes.com\/es\/wp-json\/wp\/v2\/types\/product"}],"replies":[{"embeddable":true,"href":"https:\/\/cloudsupplyvapes.com\/es\/wp-json\/wp\/v2\/comments?post=1069"}],"wp:featuredmedia":[{"embeddable":true,"href":"https:\/\/cloudsupplyvapes.com\/es\/wp-json\/wp\/v2\/media\/1099"}],"wp:attachment":[{"href":"https:\/\/cloudsupplyvapes.com\/es\/wp-json\/wp\/v2\/media?parent=1069"}],"wp:term":[{"taxonomy":"product_brand","embeddable":true,"href":"https:\/\/cloudsupplyvapes.com\/es\/wp-json\/wp\/v2\/product_brand?post=1069"},{"taxonomy":"product_cat","embeddable":true,"href":"https:\/\/cloudsupplyvapes.com\/es\/wp-json\/wp\/v2\/product_cat?post=1069"},{"taxonomy":"product_tag","embeddable":true,"href":"https:\/\/cloudsupplyvapes.com\/es\/wp-json\/wp\/v2\/product_tag?post=1069"}],"curies":[{"name":"wp","href":"https:\/\/api.w.org\/{rel}","templated":true}]}}