{"id":1073,"date":"2024-10-19T02:17:30","date_gmt":"2024-10-19T02:17:30","guid":{"rendered":"https:\/\/cloudsupplyvapes.com\/?post_type=product&#038;p=1073"},"modified":"2024-11-26T09:03:07","modified_gmt":"2024-11-26T09:03:07","slug":"-37","status":"publish","type":"product","link":"https:\/\/cloudsupplyvapes.com\/es\/product\/lavie-bar-3000-puff-disposable-wholesale\/","title":{"rendered":"Lavie Bar 3000 Puff Vape desechable al por mayor Dise\u00f1o compacto y duradero"},"content":{"rendered":"<table class=\"woocommerce-product-attributes shop_attributes\">\n<tbody>\n<tr class=\"woocommerce-product-attributes-item woocommerce-product-attributes-item--weight\">\n<th class=\"woocommerce-product-attributes-item__label\">PESO<\/th>\n<td class=\"woocommerce-product-attributes-item__value\">0,0594 kg<\/td>\n<\/tr>\n<tr class=\"woocommerce-product-attributes-item woocommerce-product-attributes-item--dimensions\">\n<th class=\"woocommerce-product-attributes-item__label\">DIMENSIONES<\/th>\n<td class=\"woocommerce-product-attributes-item__value\">2,5 \u00d7 2,5 \u00d7 11,1 cm<\/td>\n<\/tr>\n<tr class=\"woocommerce-product-attributes-item woocommerce-product-attributes-item--attribute_pa_puffs\">\n<th class=\"woocommerce-product-attributes-item__label\">PUFFS<\/th>\n<td class=\"woocommerce-product-attributes-item__value\">3000<\/td>\n<\/tr>\n<tr class=\"woocommerce-product-attributes-item woocommerce-product-attributes-item--attribute_pa_salt-nicotine\">\n<th class=\"woocommerce-product-attributes-item__label\">SAL NICOTINA<\/th>\n<td class=\"woocommerce-product-attributes-item__value\">0%,\u00a01%,\u00a02%,\u00a05%<\/td>\n<\/tr>\n<tr class=\"woocommerce-product-attributes-item woocommerce-product-attributes-item--attribute_pa_liquid\">\n<th class=\"woocommerce-product-attributes-item__label\">L\u00cdQUIDO<\/th>\n<td class=\"woocommerce-product-attributes-item__value\">10,2ML<\/td>\n<\/tr>\n<tr class=\"woocommerce-product-attributes-item woocommerce-product-attributes-item--attribute_pa_battery\">\n<th class=\"woocommerce-product-attributes-item__label\">BATER\u00cdA<\/th>\n<td class=\"woocommerce-product-attributes-item__value\">650 mAh<\/td>\n<\/tr>\n<tr class=\"woocommerce-product-attributes-item woocommerce-product-attributes-item--attribute_pa_rechargeable\">\n<th class=\"woocommerce-product-attributes-item__label\">RECARGABLE<\/th>\n<td class=\"woocommerce-product-attributes-item__value\">\u221a<\/td>\n<\/tr>\n<tr class=\"woocommerce-product-attributes-item woocommerce-product-attributes-item--attribute_pa_charging-port\">\n<th class=\"woocommerce-product-attributes-item__label\">PUERTO DE CARGA<\/th>\n<td class=\"woocommerce-product-attributes-item__value\">Tipo C<\/td>\n<\/tr>\n<\/tbody>\n<\/table>\n<h2><strong>Lo que lo hace excepcional<\/strong><\/h2>\n<p>Lavie Bar 3000 es el vaporizador desechable de colores con un bonito proceso de pintura de hornear (algunos con colores degradados), est\u00e1 equipado con bobina de malla, por lo que podemos sentir m\u00e1s estimulaci\u00f3n al vaporizar. y hemos formulado especialmente varios sabores maravillosos de acuerdo con este dispositivo. la bater\u00eda es recargable y tiene una duraci\u00f3n m\u00e1xima de 3000 bocanadas.<\/p>","protected":false},"excerpt":{"rendered":"<p>Lavie Bar 3000 Puff Vape desechable al por mayor ofrece un dise\u00f1o compacto y duradero, proporcionando una salida de vapor suave y un funcionamiento sin problemas para experiencias vaping fiables.<\/p>","protected":false},"featured_media":1103,"comment_status":"open","ping_status":"closed","template":"","meta":[],"product_brand":[],"product_cat":[22],"product_tag":[],"class_list":{"0":"post-1073","1":"product","2":"type-product","3":"status-publish","4":"has-post-thumbnail","6":"product_cat-disposable-vape-sticks","8":"first","9":"instock","10":"shipping-taxable","11":"purchasable","12":"product-type-simple"},"jetpack_sharing_enabled":true,"tiered_pricing_type":"fixed","tiered_pricing_fixed_rules":{"1000":7,"5000":6.5,"10000":5.5,"30000":4.9000000000000003552713678800500929355621337890625},"tiered_pricing_product_settings":{"layout":"default","base_unit_name":{"singular":null,"plural":null},"default_variation":null},"tiered_pricing_minimum_quantity":100,"tiered_pricing_roles_data":[],"tiered_pricing_percentage_rules":[],"tiered_pricing_maximum_quantity":null,"tiered_pricing_quantity_step":null,"_links":{"self":[{"href":"https:\/\/cloudsupplyvapes.com\/es\/wp-json\/wp\/v2\/product\/1073","targetHints":{"allow":["GET"]}}],"collection":[{"href":"https:\/\/cloudsupplyvapes.com\/es\/wp-json\/wp\/v2\/product"}],"about":[{"href":"https:\/\/cloudsupplyvapes.com\/es\/wp-json\/wp\/v2\/types\/product"}],"replies":[{"embeddable":true,"href":"https:\/\/cloudsupplyvapes.com\/es\/wp-json\/wp\/v2\/comments?post=1073"}],"wp:featuredmedia":[{"embeddable":true,"href":"https:\/\/cloudsupplyvapes.com\/es\/wp-json\/wp\/v2\/media\/1103"}],"wp:attachment":[{"href":"https:\/\/cloudsupplyvapes.com\/es\/wp-json\/wp\/v2\/media?parent=1073"}],"wp:term":[{"taxonomy":"product_brand","embeddable":true,"href":"https:\/\/cloudsupplyvapes.com\/es\/wp-json\/wp\/v2\/product_brand?post=1073"},{"taxonomy":"product_cat","embeddable":true,"href":"https:\/\/cloudsupplyvapes.com\/es\/wp-json\/wp\/v2\/product_cat?post=1073"},{"taxonomy":"product_tag","embeddable":true,"href":"https:\/\/cloudsupplyvapes.com\/es\/wp-json\/wp\/v2\/product_tag?post=1073"}],"curies":[{"name":"wp","href":"https:\/\/api.w.org\/{rel}","templated":true}]}}