{"id":1074,"date":"2024-10-19T02:17:30","date_gmt":"2024-10-19T02:17:30","guid":{"rendered":"https:\/\/cloudsupplyvapes.com\/?post_type=product&#038;p=1074"},"modified":"2024-11-26T09:03:19","modified_gmt":"2024-11-26T09:03:19","slug":"lavie-6000-puff-disposable-wholesale","status":"publish","type":"product","link":"https:\/\/cloudsupplyvapes.com\/es\/product\/lavie-6000-puff-disposable-wholesale\/","title":{"rendered":"Vape desechable Lavie 6000 Puff Vape port\u00e1til de larga duraci\u00f3n al por mayor"},"content":{"rendered":"<table class=\"woocommerce-product-attributes shop_attributes\">\n<tbody>\n<tr class=\"woocommerce-product-attributes-item woocommerce-product-attributes-item--weight\">\n<th class=\"woocommerce-product-attributes-item__label\">PESO<\/th>\n<td class=\"woocommerce-product-attributes-item__value\">0,061 kg<\/td>\n<\/tr>\n<tr class=\"woocommerce-product-attributes-item woocommerce-product-attributes-item--dimensions\">\n<th class=\"woocommerce-product-attributes-item__label\">DIMENSIONES<\/th>\n<td class=\"woocommerce-product-attributes-item__value\">8,17 \u00d7 4,1 \u00d7 2,2 cm<\/td>\n<\/tr>\n<tr class=\"woocommerce-product-attributes-item woocommerce-product-attributes-item--attribute_pa_puffs\">\n<th class=\"woocommerce-product-attributes-item__label\">PUFFS<\/th>\n<td class=\"woocommerce-product-attributes-item__value\"><a href=\"https:\/\/www.lavievape.com\/puffs\/6000\" rel=\"tag noopener\" target=\"_blank\">6000<\/a><\/td>\n<\/tr>\n<tr class=\"woocommerce-product-attributes-item woocommerce-product-attributes-item--attribute_pa_salt-nicotine\">\n<th class=\"woocommerce-product-attributes-item__label\">SAL NICOTINA<\/th>\n<td class=\"woocommerce-product-attributes-item__value\"><a href=\"https:\/\/www.lavievape.com\/salt-nicotine\/0p\" rel=\"tag noopener\" target=\"_blank\">0%<\/a>,\u00a0<a href=\"https:\/\/www.lavievape.com\/salt-nicotine\/1\" rel=\"tag noopener\" target=\"_blank\">1%<\/a>,\u00a0<a href=\"https:\/\/www.lavievape.com\/salt-nicotine\/2\" rel=\"tag noopener\" target=\"_blank\">2%<\/a>,\u00a0<a href=\"https:\/\/www.lavievape.com\/salt-nicotine\/5\" rel=\"tag noopener\" target=\"_blank\">5%<\/a><\/td>\n<\/tr>\n<tr class=\"woocommerce-product-attributes-item woocommerce-product-attributes-item--attribute_pa_liquid\">\n<th class=\"woocommerce-product-attributes-item__label\">L\u00cdQUIDO<\/th>\n<td class=\"woocommerce-product-attributes-item__value\"><a href=\"https:\/\/www.lavievape.com\/liquid\/19-0-ml\" rel=\"tag noopener\" target=\"_blank\">19,0ML<\/a><\/td>\n<\/tr>\n<tr class=\"woocommerce-product-attributes-item woocommerce-product-attributes-item--attribute_pa_battery\">\n<th class=\"woocommerce-product-attributes-item__label\">BATER\u00cdA<\/th>\n<td class=\"woocommerce-product-attributes-item__value\"><a href=\"https:\/\/www.lavievape.com\/battery\/650mah\" rel=\"tag noopener\" target=\"_blank\">650 mAh<\/a><\/td>\n<\/tr>\n<tr class=\"woocommerce-product-attributes-item woocommerce-product-attributes-item--attribute_pa_rechargeable\">\n<th class=\"woocommerce-product-attributes-item__label\">RECARGABLE<\/th>\n<td class=\"woocommerce-product-attributes-item__value\">\u221a<\/td>\n<\/tr>\n<tr class=\"woocommerce-product-attributes-item woocommerce-product-attributes-item--attribute_pa_charging-port\">\n<th class=\"woocommerce-product-attributes-item__label\">PUERTO DE CARGA<\/th>\n<td class=\"woocommerce-product-attributes-item__value\"><a href=\"https:\/\/www.lavievape.com\/charging-port\/type-c\" rel=\"tag noopener\" target=\"_blank\">Tipo C<\/a><\/td>\n<\/tr>\n<\/tbody>\n<\/table>\n<h2><strong>Lo que lo hace excepcional<\/strong><\/h2>\n<p><span class=\"src\" data-group=\"0-0\">El Lavie Box 6000 es un vape colorido desechable con un bonito proceso de apariencia de pintura horneada (algunos con colores degradados) y bobinas de malla para un vapor enorme. y\u00a0<\/span><span class=\"src\" data-group=\"0-1\">hemos preparado 8 sabores diferentes para elegir. viene con r<\/span><span class=\"src\" data-group=\"0-2\">Bater\u00eda recargable de 650mah y soporta un m\u00e1ximo de 6000 caladas.<\/span><\/p>","protected":false},"excerpt":{"rendered":"<p>Lavie 6000 Puff Vape desechable al por mayor cuenta con el rendimiento de la bater\u00eda de larga duraci\u00f3n, un dise\u00f1o port\u00e1til, y la producci\u00f3n de vapor consistente para vaping agradable y conveniente.<\/p>","protected":false},"featured_media":1104,"comment_status":"open","ping_status":"closed","template":"","meta":[],"product_brand":[],"product_cat":[22],"product_tag":[],"class_list":{"0":"post-1074","1":"product","2":"type-product","3":"status-publish","4":"has-post-thumbnail","6":"product_cat-disposable-vape-sticks","8":"first","9":"instock","10":"shipping-taxable","11":"purchasable","12":"product-type-simple"},"jetpack_sharing_enabled":true,"tiered_pricing_type":"fixed","tiered_pricing_fixed_rules":[],"tiered_pricing_product_settings":{"layout":"default","base_unit_name":{"singular":null,"plural":null},"default_variation":null},"tiered_pricing_minimum_quantity":null,"tiered_pricing_roles_data":[],"tiered_pricing_percentage_rules":[],"tiered_pricing_maximum_quantity":null,"tiered_pricing_quantity_step":null,"_links":{"self":[{"href":"https:\/\/cloudsupplyvapes.com\/es\/wp-json\/wp\/v2\/product\/1074","targetHints":{"allow":["GET"]}}],"collection":[{"href":"https:\/\/cloudsupplyvapes.com\/es\/wp-json\/wp\/v2\/product"}],"about":[{"href":"https:\/\/cloudsupplyvapes.com\/es\/wp-json\/wp\/v2\/types\/product"}],"replies":[{"embeddable":true,"href":"https:\/\/cloudsupplyvapes.com\/es\/wp-json\/wp\/v2\/comments?post=1074"}],"wp:featuredmedia":[{"embeddable":true,"href":"https:\/\/cloudsupplyvapes.com\/es\/wp-json\/wp\/v2\/media\/1104"}],"wp:attachment":[{"href":"https:\/\/cloudsupplyvapes.com\/es\/wp-json\/wp\/v2\/media?parent=1074"}],"wp:term":[{"taxonomy":"product_brand","embeddable":true,"href":"https:\/\/cloudsupplyvapes.com\/es\/wp-json\/wp\/v2\/product_brand?post=1074"},{"taxonomy":"product_cat","embeddable":true,"href":"https:\/\/cloudsupplyvapes.com\/es\/wp-json\/wp\/v2\/product_cat?post=1074"},{"taxonomy":"product_tag","embeddable":true,"href":"https:\/\/cloudsupplyvapes.com\/es\/wp-json\/wp\/v2\/product_tag?post=1074"}],"curies":[{"name":"wp","href":"https:\/\/api.w.org\/{rel}","templated":true}]}}