{"id":1110,"date":"2024-10-19T02:17:54","date_gmt":"2024-10-19T02:17:54","guid":{"rendered":"https:\/\/cloudsupplyvapes.com\/?post_type=product&#038;p=1110"},"modified":"2024-11-26T08:48:25","modified_gmt":"2024-11-26T08:48:25","slug":"rm-legend-10000-puff-desechable-al-por-mayor","status":"publish","type":"product","link":"https:\/\/cloudsupplyvapes.com\/es\/product\/rm-legend-10000-puff-disposable-wholesale\/","title":{"rendered":"R&amp;M LEGEND 10000 Puff Vape Desechable Mayorista Flujo de Aire Ajustable Dise\u00f1o Port\u00e1til"},"content":{"rendered":"<p>1. Gran capacidad, 20ml, 10000 caladas.<\/p>\n<p>2. Bobina de malla de \u00faltima tecnolog\u00eda, gran nube y buen sabor.<\/p>\n<p>3. Modelo recargable de puerto tipo-c, sin fin de duraci\u00f3n.<\/p>\n<p>4. Control de flujo de aire giratorio ajustable, volumen de vape DIY.<\/p>\n<p>5. 5. Boquilla blanda de calidad alimentaria, c\u00f3moda y antiestr\u00e9s.<\/p>\n<p>6. Dise\u00f1o popular, de moda y fresco .<\/p>\n<p>&nbsp;<\/p>\n<p><strong>\u00a0SABORES:<\/strong><\/p>\n<p>1.Frambuesa ar\u00e1ndano mora<\/p>\n<p>2.Uva frambuesa grosella negra<\/p>\n<p>3.Kiwi maracuy\u00e1<\/p>\n<p>4.Ar\u00e1ndano frambuesa \u00e1cida<\/p>\n<p>5.Hielo de uva<\/p>\n<p>6.Ar\u00e1ndano sobre hielo<\/p>\n<p>7.Sand\u00eda de fresa<\/p>\n<p>8.Frutas del Big Bang<\/p>\n<p>9.Osito de goma<\/p>\n<p>10.Algod\u00f3n de az\u00facar<\/p>\n<p>11.Cono de nieve helado<\/p>\n<p>12.Hielo exuberante<\/p>\n<p><a href=\"https:\/\/i0.wp.com\/shop.vape.hk\/wp-content\/uploads\/2022\/10\/1-R-M-LEGEND-10K-POSTER-scaled.jpg?ssl=1\" target=\"_blank\" rel=\"noopener\"><img data-recalc-dims=\"1\" loading=\"lazy\" decoding=\"async\" class=\"alignnone size-full wp-image-114542\" src=\"https:\/\/i0.wp.com\/shop.vape.hk\/wp-content\/uploads\/2022\/10\/1-R-M-LEGEND-10K-POSTER-scaled.jpg?resize=1020%2C1385&#038;ssl=1\" alt=\"R&amp;M LEGEND 10000 Puff Desechable | Venta al por mayor\" width=\"1020\" height=\"1385\" title=\"\"><\/a><\/p>","protected":false},"excerpt":{"rendered":"<p>R&amp;M LEGEND 10000 Puff Vape desechable al por mayor combina el flujo de aire ajustable, la construcci\u00f3n port\u00e1til, y la producci\u00f3n de vapor suave para vaping vers\u00e1til y agradable.<\/p>","protected":false},"featured_media":1159,"comment_status":"open","ping_status":"closed","template":"","meta":[],"product_brand":[],"product_cat":[481,22],"product_tag":[],"class_list":{"0":"post-1110","1":"product","2":"type-product","3":"status-publish","4":"has-post-thumbnail","6":"product_cat-bang","7":"product_cat-disposable-vape-sticks","9":"first","10":"instock","11":"shipping-taxable","12":"purchasable","13":"product-type-simple"},"jetpack_sharing_enabled":true,"tiered_pricing_type":"fixed","tiered_pricing_fixed_rules":{"1000":19,"5000":17,"10000":15,"30000":12},"tiered_pricing_product_settings":{"layout":"default","base_unit_name":{"singular":null,"plural":null},"default_variation":null},"tiered_pricing_minimum_quantity":100,"tiered_pricing_roles_data":[],"tiered_pricing_percentage_rules":[],"tiered_pricing_maximum_quantity":null,"tiered_pricing_quantity_step":null,"_links":{"self":[{"href":"https:\/\/cloudsupplyvapes.com\/es\/wp-json\/wp\/v2\/product\/1110","targetHints":{"allow":["GET"]}}],"collection":[{"href":"https:\/\/cloudsupplyvapes.com\/es\/wp-json\/wp\/v2\/product"}],"about":[{"href":"https:\/\/cloudsupplyvapes.com\/es\/wp-json\/wp\/v2\/types\/product"}],"replies":[{"embeddable":true,"href":"https:\/\/cloudsupplyvapes.com\/es\/wp-json\/wp\/v2\/comments?post=1110"}],"wp:featuredmedia":[{"embeddable":true,"href":"https:\/\/cloudsupplyvapes.com\/es\/wp-json\/wp\/v2\/media\/1159"}],"wp:attachment":[{"href":"https:\/\/cloudsupplyvapes.com\/es\/wp-json\/wp\/v2\/media?parent=1110"}],"wp:term":[{"taxonomy":"product_brand","embeddable":true,"href":"https:\/\/cloudsupplyvapes.com\/es\/wp-json\/wp\/v2\/product_brand?post=1110"},{"taxonomy":"product_cat","embeddable":true,"href":"https:\/\/cloudsupplyvapes.com\/es\/wp-json\/wp\/v2\/product_cat?post=1110"},{"taxonomy":"product_tag","embeddable":true,"href":"https:\/\/cloudsupplyvapes.com\/es\/wp-json\/wp\/v2\/product_tag?post=1110"}],"curies":[{"name":"wp","href":"https:\/\/api.w.org\/{rel}","templated":true}]}}