{"id":1112,"date":"2024-10-19T02:17:54","date_gmt":"2024-10-19T02:17:54","guid":{"rendered":"https:\/\/cloudsupplyvapes.com\/?post_type=product&#038;p=1112"},"modified":"2024-11-26T08:58:29","modified_gmt":"2024-11-26T08:58:29","slug":"rm-monster-7000-puff-desechable-al-por-mayor","status":"publish","type":"product","link":"https:\/\/cloudsupplyvapes.com\/es\/product\/rm-monster-7000-puff-disposable-wholesale\/","title":{"rendered":"R&amp;M MONSTER 7000 Puff Vape desechable al por mayor de alta capacidad de construcci\u00f3n duradera"},"content":{"rendered":"<p><strong>CARACTER\u00cdSTICAS:<\/strong><\/p>\n<p>1.\u00daltimo lanzamiento 7000 puffs con forma de lata de Cola, disfruta de la sensaci\u00f3n del verano.<\/p>\n<p>2. Bobina de malla en el interior, crear vapor m\u00e1s suave y m\u00e1s grande.<\/p>\n<p>3. Bater\u00eda recargable con puerto de carga Tipo-c, de duraci\u00f3n ilimitada.<\/p>\n<p>4. Cord\u00f3n a juego, f\u00e1cil de llevar a cualquier parte.<\/p>\n<p>5. Dise\u00f1o \u00fanico elemento de energ\u00eda, m\u00e1s de moda, m\u00e1s atractivo.<\/p>\n<p>Saborea nuestro monstruo, cada momento est\u00e1 lleno de energ\u00eda.<\/p>\n<p>&nbsp;<\/p>\n<p><strong>SABORES:<\/strong><\/p>\n<p>1.Hielo de frambuesa y ar\u00e1ndano<\/p>\n<p>2.Blue razz ice<\/p>\n<p>3.Hielo exuberante<\/p>\n<p>4.Helado de fresa y vainilla<\/p>\n<p>5.Sand\u00eda de fresa<\/p>\n<p>6.Bebida energ\u00e9tica<\/p>\n<p>7.Helado de kiwi y bayas de drag\u00f3n<\/p>\n<p>8.Hielo en cucurucho<\/p>\n<p>9.Hielo Skittlez<\/p>\n<p>10.Hielo de drag\u00f3n negro<\/p>\n<p>11.Hielo de uva<\/p>\n<p>12.Helado de mango y melocot\u00f3n<\/p>\n<p>13.Claro<\/p>","protected":false},"excerpt":{"rendered":"<p>R&amp;M MONSTER 7000 Puff Vape Desechable al por mayor cuenta con alta capacidad, construcci\u00f3n duradera, y una salida de vapor consistente, perfecta para sesiones de vapeo prolongadas y satisfactorias.<\/p>","protected":false},"featured_media":1177,"comment_status":"open","ping_status":"closed","template":"","meta":[],"product_brand":[],"product_cat":[22],"product_tag":[],"class_list":{"0":"post-1112","1":"product","2":"type-product","3":"status-publish","4":"has-post-thumbnail","6":"product_cat-disposable-vape-sticks","8":"first","9":"instock","10":"shipping-taxable","11":"purchasable","12":"product-type-simple"},"jetpack_sharing_enabled":true,"tiered_pricing_type":"fixed","tiered_pricing_fixed_rules":{"1000":14,"5000":12,"10000":10,"30000":7},"tiered_pricing_product_settings":{"layout":"default","base_unit_name":{"singular":null,"plural":null},"default_variation":null},"tiered_pricing_minimum_quantity":100,"tiered_pricing_roles_data":[],"tiered_pricing_percentage_rules":[],"tiered_pricing_maximum_quantity":null,"tiered_pricing_quantity_step":null,"_links":{"self":[{"href":"https:\/\/cloudsupplyvapes.com\/es\/wp-json\/wp\/v2\/product\/1112","targetHints":{"allow":["GET"]}}],"collection":[{"href":"https:\/\/cloudsupplyvapes.com\/es\/wp-json\/wp\/v2\/product"}],"about":[{"href":"https:\/\/cloudsupplyvapes.com\/es\/wp-json\/wp\/v2\/types\/product"}],"replies":[{"embeddable":true,"href":"https:\/\/cloudsupplyvapes.com\/es\/wp-json\/wp\/v2\/comments?post=1112"}],"wp:featuredmedia":[{"embeddable":true,"href":"https:\/\/cloudsupplyvapes.com\/es\/wp-json\/wp\/v2\/media\/1177"}],"wp:attachment":[{"href":"https:\/\/cloudsupplyvapes.com\/es\/wp-json\/wp\/v2\/media?parent=1112"}],"wp:term":[{"taxonomy":"product_brand","embeddable":true,"href":"https:\/\/cloudsupplyvapes.com\/es\/wp-json\/wp\/v2\/product_brand?post=1112"},{"taxonomy":"product_cat","embeddable":true,"href":"https:\/\/cloudsupplyvapes.com\/es\/wp-json\/wp\/v2\/product_cat?post=1112"},{"taxonomy":"product_tag","embeddable":true,"href":"https:\/\/cloudsupplyvapes.com\/es\/wp-json\/wp\/v2\/product_tag?post=1112"}],"curies":[{"name":"wp","href":"https:\/\/api.w.org\/{rel}","templated":true}]}}