{"id":1116,"date":"2024-10-19T02:17:54","date_gmt":"2024-10-19T02:17:54","guid":{"rendered":"https:\/\/cloudsupplyvapes.com\/?post_type=product&#038;p=1116"},"modified":"2024-11-26T08:59:05","modified_gmt":"2024-11-26T08:59:05","slug":"-40","status":"publish","type":"product","link":"https:\/\/cloudsupplyvapes.com\/es\/product\/rm-legend-dragon-6000-puff-disposable-wholesale\/","title":{"rendered":"R&amp;M LEGEND DRAGON 6000 Puff Vape desechable al por mayor Vape duradero con estilo"},"content":{"rendered":"<p><strong>Caracter\u00edsticas:<\/strong><\/p>\n<p>1.gran capacidad 6600 caladas, 5% nicotina salada<\/p>\n<p>2. Bobina de malla con 1.0\u03a9, vapor m\u00e1s suave y m\u00e1s grande, crear el sabor m\u00e1s puro.<br \/>\n3. Flujo de aire inferior ajustable, volumen de humo DIY.<br \/>\n4. La cultura popular del drag\u00f3n, te hace guay.<\/p>\n<p><strong>Sabores:<\/strong><\/p>\n<div class=\"sliderTable mt10 mb10 sliderTable-index0 change-to-org\">\n<div class=\"inner\">\n<table width=\"833\">\n<tbody>\n<tr class=\"firstRow\">\n<td width=\"402\">Sabores:<\/td>\n<td width=\"388\"><\/td>\n<\/tr>\n<tr>\n<td width=\"210\">Arco iris tropical<\/td>\n<td width=\"388\">Lluvia p\u00farpura<\/td>\n<\/tr>\n<tr>\n<td width=\"210\">Sangre de tigre<\/td>\n<td width=\"388\">Drag\u00f3n m\u00e1gico<\/td>\n<\/tr>\n<tr>\n<td width=\"210\">Hielo de fresa<\/td>\n<td width=\"388\">Hielo exuberante<\/td>\n<\/tr>\n<tr>\n<td width=\"210\">Skittlez<\/td>\n<td width=\"388\"><\/td>\n<\/tr>\n<tr>\n<td width=\"210\">Sand\u00eda Chicle<\/td>\n<td width=\"388\"><\/td>\n<\/tr>\n<tr>\n<td width=\"210\">Hielo de frambuesa y melocot\u00f3n<\/td>\n<td width=\"388\"><\/td>\n<\/tr>\n<tr>\n<td width=\"210\">Joya de menta<\/td>\n<td width=\"388\"><\/td>\n<\/tr>\n<tr>\n<td width=\"210\">Hielo de pl\u00e1tano<\/td>\n<td width=\"388\"><\/td>\n<\/tr>\n<tr>\n<td width=\"210\">Kiwi baya del drag\u00f3n<\/td>\n<\/tr>\n<\/tbody>\n<\/table>\n<\/div>\n<\/div>","protected":false},"excerpt":{"rendered":"<p>R&amp;M LEGEND DRAGON 6000 Puff Vape Desechable al por mayor cuenta con un dise\u00f1o elegante, una construcci\u00f3n duradera y un rendimiento de vapor suave para un vapeo satisfactorio y sin problemas.<\/p>","protected":false},"featured_media":1218,"comment_status":"open","ping_status":"closed","template":"","meta":[],"product_brand":[],"product_cat":[22],"product_tag":[],"class_list":{"0":"post-1116","1":"product","2":"type-product","3":"status-publish","4":"has-post-thumbnail","6":"product_cat-disposable-vape-sticks","8":"first","9":"instock","10":"shipping-taxable","11":"purchasable","12":"product-type-simple"},"jetpack_sharing_enabled":true,"tiered_pricing_type":"fixed","tiered_pricing_fixed_rules":{"1000":13,"5000":12,"10000":10,"30000":8},"tiered_pricing_product_settings":{"layout":"default","base_unit_name":{"singular":null,"plural":null},"default_variation":null},"tiered_pricing_minimum_quantity":100,"tiered_pricing_roles_data":[],"tiered_pricing_percentage_rules":[],"tiered_pricing_maximum_quantity":null,"tiered_pricing_quantity_step":null,"_links":{"self":[{"href":"https:\/\/cloudsupplyvapes.com\/es\/wp-json\/wp\/v2\/product\/1116","targetHints":{"allow":["GET"]}}],"collection":[{"href":"https:\/\/cloudsupplyvapes.com\/es\/wp-json\/wp\/v2\/product"}],"about":[{"href":"https:\/\/cloudsupplyvapes.com\/es\/wp-json\/wp\/v2\/types\/product"}],"replies":[{"embeddable":true,"href":"https:\/\/cloudsupplyvapes.com\/es\/wp-json\/wp\/v2\/comments?post=1116"}],"wp:featuredmedia":[{"embeddable":true,"href":"https:\/\/cloudsupplyvapes.com\/es\/wp-json\/wp\/v2\/media\/1218"}],"wp:attachment":[{"href":"https:\/\/cloudsupplyvapes.com\/es\/wp-json\/wp\/v2\/media?parent=1116"}],"wp:term":[{"taxonomy":"product_brand","embeddable":true,"href":"https:\/\/cloudsupplyvapes.com\/es\/wp-json\/wp\/v2\/product_brand?post=1116"},{"taxonomy":"product_cat","embeddable":true,"href":"https:\/\/cloudsupplyvapes.com\/es\/wp-json\/wp\/v2\/product_cat?post=1116"},{"taxonomy":"product_tag","embeddable":true,"href":"https:\/\/cloudsupplyvapes.com\/es\/wp-json\/wp\/v2\/product_tag?post=1116"}],"curies":[{"name":"wp","href":"https:\/\/api.w.org\/{rel}","templated":true}]}}