{"id":1118,"date":"2024-10-19T02:17:54","date_gmt":"2024-10-19T02:17:54","guid":{"rendered":"https:\/\/cloudsupplyvapes.com\/?post_type=product&#038;p=1118"},"modified":"2024-11-26T08:59:16","modified_gmt":"2024-11-26T08:59:16","slug":"-41","status":"publish","type":"product","link":"https:\/\/cloudsupplyvapes.com\/es\/product\/rm-legend-5200-puff-disposable-wholesale\/","title":{"rendered":"R&amp;M LEGEND+ 5200 Puff Vape Desechable Al Por Mayor Ligero Vape de Larga Duraci\u00f3n"},"content":{"rendered":"<p><strong>Caracter\u00edsticas :<\/strong><\/p>\n<p>1. Bobina de malla de \u00faltima tecnolog\u00eda con 1.0\u03a9, vapor m\u00e1s suave y m\u00e1s grande, crear el sabor m\u00e1s puro.<\/p>\n<p>2. Bater\u00eda recargable, no tiene que preocuparse de la bater\u00eda se agote pronto.<\/p>\n<p>3. Recargable y equipado 12,5 ml importados E-l\u00edquido, llenarlo en cualquier momento y mantener e-l\u00edquido fresco. Y usted puede llenar m\u00e1s e-l\u00edquido si el uso 12.5ml hacia fuera.<\/p>\n<p>4. Moldeado MOD \u00fanico con el tanque de aceite visual, forma cl\u00e1sica caja mod, precio barato, pero disfrutar de una sensaci\u00f3n de lujo.<\/p>\n<p>Mejor que mejor. R&amp;M BOX MAX, tu dispositivo de vapeo de nueva generaci\u00f3n.<\/p>\n<p>&nbsp;<\/p>\n<p><strong>Lista de sabores:<\/strong><\/p>\n<p>1.Blue raz ice<\/p>\n<p>2.Hielo exuberante<\/p>\n<p>3.Energ\u00eda de explosi\u00f3n<\/p>\n<p>4.Lluvia de ne\u00f3n<\/p>\n<p>5.Hielo de fresa y frambuesa<\/p>\n<p>6.Sand\u00eda de fresa<\/p>\n<p>7.Joya de menta<\/p>\n<p>8.Vainilla fresca<\/p>\n<p>9.Ar\u00e1ndano menta<\/p>\n<p>10.Ponche tropical<\/p>\n<p>11. Pi\u00f1a colada ice<\/p>\n<p>12.Batido de manzana<\/p>\n<p><a href=\"https:\/\/i0.wp.com\/shop.vape.hk\/wp-content\/uploads\/2022\/11\/changjingtu1.jpg?ssl=1\" target=\"_blank\" rel=\"noopener\"><img data-recalc-dims=\"1\" loading=\"lazy\" decoding=\"async\" class=\"alignnone size-full wp-image-115565\" src=\"https:\/\/i0.wp.com\/shop.vape.hk\/wp-content\/uploads\/2022\/11\/changjingtu1.jpg?resize=800%2C800&#038;ssl=1\" alt=\"R&amp;M LEGEND+ 5200 Puff Desechable | Venta al por mayor\" width=\"800\" height=\"800\" title=\"\"><\/a><\/p>","protected":false},"excerpt":{"rendered":"<p>R&amp;M LEGEND+ 5200 Puff Vape Desechable Mayorista combina una construcci\u00f3n ligera, una bater\u00eda de larga duraci\u00f3n y una salida de vapor consistente para un vapeo fiable y port\u00e1til.<\/p>","protected":false},"featured_media":1226,"comment_status":"open","ping_status":"closed","template":"","meta":[],"product_brand":[],"product_cat":[22],"product_tag":[],"class_list":{"0":"post-1118","1":"product","2":"type-product","3":"status-publish","4":"has-post-thumbnail","6":"product_cat-disposable-vape-sticks","8":"first","9":"instock","10":"shipping-taxable","11":"purchasable","12":"product-type-simple"},"jetpack_sharing_enabled":true,"tiered_pricing_type":"fixed","tiered_pricing_fixed_rules":{"1000":12,"5000":11,"10000":9,"30000":7},"tiered_pricing_product_settings":{"layout":"default","base_unit_name":{"singular":null,"plural":null},"default_variation":null},"tiered_pricing_minimum_quantity":100,"tiered_pricing_roles_data":[],"tiered_pricing_percentage_rules":[],"tiered_pricing_maximum_quantity":null,"tiered_pricing_quantity_step":null,"_links":{"self":[{"href":"https:\/\/cloudsupplyvapes.com\/es\/wp-json\/wp\/v2\/product\/1118","targetHints":{"allow":["GET"]}}],"collection":[{"href":"https:\/\/cloudsupplyvapes.com\/es\/wp-json\/wp\/v2\/product"}],"about":[{"href":"https:\/\/cloudsupplyvapes.com\/es\/wp-json\/wp\/v2\/types\/product"}],"replies":[{"embeddable":true,"href":"https:\/\/cloudsupplyvapes.com\/es\/wp-json\/wp\/v2\/comments?post=1118"}],"wp:featuredmedia":[{"embeddable":true,"href":"https:\/\/cloudsupplyvapes.com\/es\/wp-json\/wp\/v2\/media\/1226"}],"wp:attachment":[{"href":"https:\/\/cloudsupplyvapes.com\/es\/wp-json\/wp\/v2\/media?parent=1118"}],"wp:term":[{"taxonomy":"product_brand","embeddable":true,"href":"https:\/\/cloudsupplyvapes.com\/es\/wp-json\/wp\/v2\/product_brand?post=1118"},{"taxonomy":"product_cat","embeddable":true,"href":"https:\/\/cloudsupplyvapes.com\/es\/wp-json\/wp\/v2\/product_cat?post=1118"},{"taxonomy":"product_tag","embeddable":true,"href":"https:\/\/cloudsupplyvapes.com\/es\/wp-json\/wp\/v2\/product_tag?post=1118"}],"curies":[{"name":"wp","href":"https:\/\/api.w.org\/{rel}","templated":true}]}}