{"id":1127,"date":"2024-10-19T02:17:55","date_gmt":"2024-10-19T02:17:55","guid":{"rendered":"https:\/\/cloudsupplyvapes.com\/?post_type=product&#038;p=1127"},"modified":"2024-11-26T08:48:11","modified_gmt":"2024-11-26T08:48:11","slug":"-47","status":"publish","type":"product","link":"https:\/\/cloudsupplyvapes.com\/es\/product\/rm-legend-10k-puffs-disposable-vape-wholesale\/","title":{"rendered":"R&amp;M LEGEND 10K Puffs Vape Desechable Al Por Mayor Alta Capacidad Dise\u00f1o Duradero"},"content":{"rendered":"<p>El R&amp;M LEGEND 10K es un vapeador desechable compacto con un dise\u00f1o en forma de botella que es f\u00e1cil de sostener en la mano. Se llena con 20ml de 0mg ,20mg,30 o 50mg de jugo de vape de sal de nicotina que hace una inhalaci\u00f3n intensamente suave.<\/p>\n<p>&nbsp;<\/p>\n<h2>R&amp;M LEGEND 10K DESCRIPCI\u00d3N:<\/h2>\n<p>1.Gran capacidad, 20ml, 10000 caladas.<\/p>\n<p>2.Bobina de malla de \u00faltima tecnolog\u00eda, gran nube y buen sabor.<\/p>\n<p>3.Modelo recargable con puerto tipo-c, sin fin de duraci\u00f3n.<\/p>\n<p>4.Control de flujo de aire giratorio ajustable, volumen de vape DIY.<\/p>\n<p>5.Boquilla blanda de calidad alimentaria, c\u00f3moda y que alivia el estr\u00e9s.<\/p>\n<p>6.Dise\u00f1o popular, a la moda y fresco. .<\/p>\n<p>Pru\u00e9balo ahora, libera tu alma.<\/p>\n<p>&nbsp;<\/p>\n<h2>Especificaciones del Vape Desechable R&amp;M LEGEND 10K:<\/h2>\n<p>Marca: R&amp;M<\/p>\n<p>Puffs:10000 Puffs disponibles por dispositivo.<\/p>\n<p>Nicotine:5% \/2%\/3%\/0%<\/p>\n<p>Capacidad del E-jugo:20ML<\/p>\n<p>Bater\u00eda:650mAh<\/p>\n<p>Puerto de carga:Tipo C<\/p>\n<p>Resistencia: 1.0\u03a9 Mesh Coil<\/p>\n<p>&nbsp;<\/p>\n<h2>Sabores<\/h2>\n<p>Frambuesa Ar\u00e1ndano Zarzamora<\/p>\n<p>Uva Frambuesa Grosella negra<\/p>\n<p>Kiwi Maracuy\u00e1<\/p>\n<p>Frambuesa \u00e1cida con ar\u00e1ndanos<\/p>\n<p>Hielo de uva<\/p>\n<p>Ar\u00e1ndanos sobre hielo<\/p>\n<p>Sand\u00eda con fresa<\/p>\n<p>Frutas Big Bang<\/p>\n<p>Osito de goma<\/p>\n<p>Algod\u00f3n de az\u00facar<\/p>\n<p>Helado de cono de nieve<\/p>\n<p>Hielo exuberante<\/p>\n<p>&nbsp;<\/p>\n<h2>Embalaje y peso<\/h2>\n<p>0,1KG\/PCS, Individual con paquete peque\u00f1o, 10 piezas en caja mediana.<\/p>\n<p>200PCS en el cart\u00f3n principal, 20KG.<\/p>\n<p><a href=\"https:\/\/i0.wp.com\/www.disposablevapeswholesale.com\/wp-content\/uploads\/2022\/09\/RM-LEGEND-10K-Puffs-Disposable-Vape-Wholesale.jpg?ssl=1\" target=\"_blank\" rel=\"noopener\"><img data-recalc-dims=\"1\" loading=\"lazy\" decoding=\"async\" class=\"alignnone size-full wp-image-5178\" title=\"RM LEGEND 10K Puffs Vape Desechable al por mayor\" src=\"https:\/\/i0.wp.com\/www.disposablevapeswholesale.com\/wp-content\/uploads\/2022\/09\/RM-LEGEND-10K-Puffs-Disposable-Vape-Wholesale.jpg?resize=800%2C600&#038;ssl=1\" alt=\"RM LEGEND 10K Puffs Vape Desechable al por mayor\" width=\"800\" height=\"600\" \/><\/a> <a href=\"https:\/\/i0.wp.com\/www.disposablevapeswholesale.com\/wp-content\/uploads\/2022\/09\/RM-LEGEND-10K-Puffs-Disposable-Vape-Wholesale-Flavors.jpg?ssl=1\" target=\"_blank\" rel=\"noopener\"><img data-recalc-dims=\"1\" loading=\"lazy\" decoding=\"async\" class=\"alignnone size-full wp-image-5169\" title=\"RM LEGEND 10K Puffs Desechables Vape Sabores al por mayor\" src=\"https:\/\/i0.wp.com\/www.disposablevapeswholesale.com\/wp-content\/uploads\/2022\/09\/RM-LEGEND-10K-Puffs-Disposable-Vape-Wholesale-Flavors.jpg?resize=800%2C1085&#038;ssl=1\" alt=\"RM LEGEND 10K Puffs Desechables Vape Sabores al por mayor\" width=\"800\" height=\"1085\" \/><\/a> <a href=\"https:\/\/i0.wp.com\/www.disposablevapeswholesale.com\/wp-content\/uploads\/2022\/09\/RM-LEGEND-10K-Puffs-Disposable-Vape-Wholesale-3-Flavors.jpg?ssl=1\" target=\"_blank\" rel=\"noopener\"><img data-recalc-dims=\"1\" loading=\"lazy\" decoding=\"async\" class=\"alignnone size-full wp-image-5162\" title=\"RM LEGEND 10K Puffs Vape Desechable Mayorista 3 Sabores\" src=\"https:\/\/i0.wp.com\/www.disposablevapeswholesale.com\/wp-content\/uploads\/2022\/09\/RM-LEGEND-10K-Puffs-Disposable-Vape-Wholesale-3-Flavors.jpg?resize=800%2C800&#038;ssl=1\" alt=\"RM LEGEND 10K Puffs Vape Desechable Mayorista 3 Sabores\" width=\"800\" height=\"800\" \/><\/a> <a href=\"https:\/\/i0.wp.com\/www.disposablevapeswholesale.com\/wp-content\/uploads\/2022\/09\/RM-LEGEND-10K-Puffs-Disposable-Vape-Wholesale-All-Flavors.jpg?ssl=1\" target=\"_blank\" rel=\"noopener\"><img data-recalc-dims=\"1\" loading=\"lazy\" decoding=\"async\" class=\"alignnone size-full wp-image-5163\" title=\"RM LEGEND 10K Puffs Vape Desechable Mayorista Todos los Sabores\" src=\"https:\/\/i0.wp.com\/www.disposablevapeswholesale.com\/wp-content\/uploads\/2022\/09\/RM-LEGEND-10K-Puffs-Disposable-Vape-Wholesale-All-Flavors.jpg?resize=800%2C1200&#038;ssl=1\" alt=\"RM LEGEND 10K Puffs Vape Desechable Mayorista Todos los Sabores\" width=\"800\" height=\"1200\" \/><\/a> <a href=\"https:\/\/i0.wp.com\/www.disposablevapeswholesale.com\/wp-content\/uploads\/2022\/09\/RM-LEGEND-10K-Puffs-Disposable-Vape-Wholesale-Describe.jpg?ssl=1\" target=\"_blank\" rel=\"noopener\"><img data-recalc-dims=\"1\" loading=\"lazy\" decoding=\"async\" class=\"alignnone size-full wp-image-5168\" title=\"RM LEGEND 10K Puffs Vape Desechable Describe al por mayor\" src=\"https:\/\/i0.wp.com\/www.disposablevapeswholesale.com\/wp-content\/uploads\/2022\/09\/RM-LEGEND-10K-Puffs-Disposable-Vape-Wholesale-Describe.jpg?resize=800%2C800&#038;ssl=1\" alt=\"RM LEGEND 10K Puffs Vape Desechable Describe al por mayor\" width=\"800\" height=\"800\" \/><\/a> <a href=\"https:\/\/i0.wp.com\/www.disposablevapeswholesale.com\/wp-content\/uploads\/2022\/09\/RM-LEGEND-10K-Puffs-Disposable-Vape-Wholesale-Strawberry-Watermelon.jpg?ssl=1\" target=\"_blank\" rel=\"noopener\"><img data-recalc-dims=\"1\" loading=\"lazy\" decoding=\"async\" class=\"alignnone size-full wp-image-5177\" title=\"RM LEGEND 10K Puffs Vape Desechable Mayorista Sand\u00eda Fresa\" src=\"https:\/\/i0.wp.com\/www.disposablevapeswholesale.com\/wp-content\/uploads\/2022\/09\/RM-LEGEND-10K-Puffs-Disposable-Vape-Wholesale-Strawberry-Watermelon.jpg?resize=800%2C800&#038;ssl=1\" alt=\"RM LEGEND 10K Puffs Vape Desechable Mayorista Sand\u00eda Fresa\" width=\"800\" height=\"800\" \/><\/a> <a href=\"https:\/\/i0.wp.com\/www.disposablevapeswholesale.com\/wp-content\/uploads\/2022\/09\/RM-LEGEND-10K-Puffs-Disposable-Vape-Wholesale-Snow-Cone-Ice.jpg?ssl=1\" target=\"_blank\" rel=\"noopener\"><img data-recalc-dims=\"1\" loading=\"lazy\" decoding=\"async\" class=\"alignnone size-full wp-image-5176\" title=\"RM LEGEND 10K Puffs Vape Desechable Snow Cone Ice al por mayor\" src=\"https:\/\/i0.wp.com\/www.disposablevapeswholesale.com\/wp-content\/uploads\/2022\/09\/RM-LEGEND-10K-Puffs-Disposable-Vape-Wholesale-Snow-Cone-Ice.jpg?resize=800%2C800&#038;ssl=1\" alt=\"RM LEGEND 10K Puffs Vape Desechable Snow Cone Ice al por mayor\" width=\"800\" height=\"800\" \/><\/a> <a href=\"https:\/\/i0.wp.com\/www.disposablevapeswholesale.com\/wp-content\/uploads\/2022\/09\/RM-LEGEND-10K-Puffs-Disposable-Vape-Wholesale-Raspberry-Blueberry-Blackberry.jpg?ssl=1\" target=\"_blank\" rel=\"noopener\"><img data-recalc-dims=\"1\" loading=\"lazy\" decoding=\"async\" class=\"alignnone size-full wp-image-5175\" title=\"RM LEGEND 10K Puffs Vape Desechable Mayorista Frambuesa Ar\u00e1ndano Zarzamora\" src=\"https:\/\/i0.wp.com\/www.disposablevapeswholesale.com\/wp-content\/uploads\/2022\/09\/RM-LEGEND-10K-Puffs-Disposable-Vape-Wholesale-Raspberry-Blueberry-Blackberry.jpg?resize=800%2C800&#038;ssl=1\" alt=\"RM LEGEND 10K Puffs Vape Desechable Mayorista Frambuesa Ar\u00e1ndano Zarzamora\" width=\"800\" height=\"800\" \/><\/a> <a href=\"https:\/\/i0.wp.com\/www.disposablevapeswholesale.com\/wp-content\/uploads\/2022\/09\/RM-LEGEND-10K-Puffs-Disposable-Vape-Wholesale-Lush-Ice.jpg?ssl=1\" target=\"_blank\" rel=\"noopener\"><img data-recalc-dims=\"1\" loading=\"lazy\" decoding=\"async\" class=\"alignnone size-full wp-image-5174\" title=\"RM LEGEND 10K Puffs Vape Desechable Lush Ice al por mayor\" src=\"https:\/\/i0.wp.com\/www.disposablevapeswholesale.com\/wp-content\/uploads\/2022\/09\/RM-LEGEND-10K-Puffs-Disposable-Vape-Wholesale-Lush-Ice.jpg?resize=800%2C800&#038;ssl=1\" alt=\"RM LEGEND 10K Puffs Vape Desechable Lush Ice al por mayor\" width=\"800\" height=\"800\" \/><\/a> <a href=\"https:\/\/i0.wp.com\/www.disposablevapeswholesale.com\/wp-content\/uploads\/2022\/09\/RM-LEGEND-10K-Puffs-Disposable-Vape-Wholesale-Kiwi-Passionfruit.jpg?ssl=1\" target=\"_blank\" rel=\"noopener\"><img data-recalc-dims=\"1\" loading=\"lazy\" decoding=\"async\" class=\"alignnone size-full wp-image-5173\" title=\"RM LEGEND 10K Puffs Vape Desechable Mayorista Kiwi Maracuy\u00e1\" src=\"https:\/\/i0.wp.com\/www.disposablevapeswholesale.com\/wp-content\/uploads\/2022\/09\/RM-LEGEND-10K-Puffs-Disposable-Vape-Wholesale-Kiwi-Passionfruit.jpg?resize=800%2C800&#038;ssl=1\" alt=\"RM LEGEND 10K Puffs Vape Desechable Mayorista Kiwi Maracuy\u00e1\" width=\"800\" height=\"800\" \/><\/a> <a href=\"https:\/\/i0.wp.com\/www.disposablevapeswholesale.com\/wp-content\/uploads\/2022\/09\/RM-LEGEND-10K-Puffs-Disposable-Vape-Wholesale-Gummy-Bear.jpg?ssl=1\" target=\"_blank\" rel=\"noopener\"><img data-recalc-dims=\"1\" loading=\"lazy\" decoding=\"async\" class=\"alignnone size-full wp-image-5172\" title=\"RM LEGEND 10K Puffs Vape Desechable Gummy Bear al por mayor\" src=\"https:\/\/i0.wp.com\/www.disposablevapeswholesale.com\/wp-content\/uploads\/2022\/09\/RM-LEGEND-10K-Puffs-Disposable-Vape-Wholesale-Gummy-Bear.jpg?resize=800%2C800&#038;ssl=1\" alt=\"RM LEGEND 10K Puffs Vape Desechable Gummy Bear al por mayor\" width=\"800\" height=\"800\" \/><\/a> <a href=\"https:\/\/i0.wp.com\/www.disposablevapeswholesale.com\/wp-content\/uploads\/2022\/09\/RM-LEGEND-10K-Puffs-Disposable-Vape-Wholesale-Grape-Raspberry-Blackcurrant.jpg?ssl=1\" target=\"_blank\" rel=\"noopener\"><img data-recalc-dims=\"1\" loading=\"lazy\" decoding=\"async\" class=\"alignnone size-full wp-image-5171\" title=\"RM LEGEND 10K Puffs Vape Desechable al por mayor Uva Frambuesa Grosella negra\" src=\"https:\/\/i0.wp.com\/www.disposablevapeswholesale.com\/wp-content\/uploads\/2022\/09\/RM-LEGEND-10K-Puffs-Disposable-Vape-Wholesale-Grape-Raspberry-Blackcurrant.jpg?resize=800%2C800&#038;ssl=1\" alt=\"RM LEGEND 10K Puffs Vape Desechable al por mayor Uva Frambuesa Grosella negra\" width=\"800\" height=\"800\" \/><\/a> <a href=\"https:\/\/i0.wp.com\/www.disposablevapeswholesale.com\/wp-content\/uploads\/2022\/09\/RM-LEGEND-10K-Puffs-Disposable-Vape-Wholesale-Grape-Ice.jpg?ssl=1\" target=\"_blank\" rel=\"noopener\"><img data-recalc-dims=\"1\" loading=\"lazy\" decoding=\"async\" class=\"alignnone size-full wp-image-5170\" title=\"RM LEGEND 10K Puffs Vape Desechable al por mayor Grape Ice\" src=\"https:\/\/i0.wp.com\/www.disposablevapeswholesale.com\/wp-content\/uploads\/2022\/09\/RM-LEGEND-10K-Puffs-Disposable-Vape-Wholesale-Grape-Ice.jpg?resize=800%2C800&#038;ssl=1\" alt=\"RM LEGEND 10K Puffs Vape Desechable al por mayor Grape Ice\" width=\"800\" height=\"800\" \/><\/a> <a href=\"https:\/\/i0.wp.com\/www.disposablevapeswholesale.com\/wp-content\/uploads\/2022\/09\/RM-LEGEND-10K-Puffs-Disposable-Vape-Wholesale-Cotton-Candy.jpg?ssl=1\" target=\"_blank\" rel=\"noopener\"><img data-recalc-dims=\"1\" loading=\"lazy\" decoding=\"async\" class=\"alignnone size-full wp-image-5167\" title=\"RM LEGEND 10K Puffs Vape Desechable Algod\u00f3n de az\u00facar al por mayor\" src=\"https:\/\/i0.wp.com\/www.disposablevapeswholesale.com\/wp-content\/uploads\/2022\/09\/RM-LEGEND-10K-Puffs-Disposable-Vape-Wholesale-Cotton-Candy.jpg?resize=800%2C800&#038;ssl=1\" alt=\"RM LEGEND 10K Puffs Vape Desechable Algod\u00f3n de az\u00facar al por mayor\" width=\"800\" height=\"800\" \/><\/a> <a href=\"https:\/\/i0.wp.com\/www.disposablevapeswholesale.com\/wp-content\/uploads\/2022\/09\/RM-LEGEND-10K-Puffs-Disposable-Vape-Wholesale-Blueberry-Sour-Raspberry.jpg?ssl=1\" target=\"_blank\" rel=\"noopener\"><img data-recalc-dims=\"1\" loading=\"lazy\" decoding=\"async\" class=\"alignnone size-full wp-image-5166\" title=\"RM LEGEND 10K Puffs Vape Desechable Mayorista Ar\u00e1ndano Frambuesa Agria\" src=\"https:\/\/i0.wp.com\/www.disposablevapeswholesale.com\/wp-content\/uploads\/2022\/09\/RM-LEGEND-10K-Puffs-Disposable-Vape-Wholesale-Blueberry-Sour-Raspberry.jpg?resize=800%2C800&#038;ssl=1\" alt=\"RM LEGEND 10K Puffs Vape Desechable Mayorista Ar\u00e1ndano Frambuesa Agria\" width=\"800\" height=\"800\" \/><\/a> <a href=\"https:\/\/i0.wp.com\/www.disposablevapeswholesale.com\/wp-content\/uploads\/2022\/09\/RM-LEGEND-10K-Puffs-Disposable-Vape-Wholesale-Blueberry-Ice.jpg?ssl=1\" target=\"_blank\" rel=\"noopener\"><img data-recalc-dims=\"1\" loading=\"lazy\" decoding=\"async\" class=\"alignnone size-full wp-image-5165\" title=\"RM LEGEND 10K Puffs Vape Desechable Mayorista Blueberry Ice\" src=\"https:\/\/i0.wp.com\/www.disposablevapeswholesale.com\/wp-content\/uploads\/2022\/09\/RM-LEGEND-10K-Puffs-Disposable-Vape-Wholesale-Blueberry-Ice.jpg?resize=800%2C800&#038;ssl=1\" alt=\"RM LEGEND 10K Puffs Vape Desechable Mayorista Blueberry Ice\" width=\"800\" height=\"800\" \/><\/a> <a href=\"https:\/\/i0.wp.com\/www.disposablevapeswholesale.com\/wp-content\/uploads\/2022\/09\/RM-LEGEND-10K-Puffs-Disposable-Vape-Wholesale-Big-Bang-Fruits.jpg?ssl=1\" target=\"_blank\" rel=\"noopener\"><img data-recalc-dims=\"1\" loading=\"lazy\" decoding=\"async\" class=\"alignnone size-full wp-image-5164\" title=\"RM LEGEND 10K Puffs Vape Desechable al por mayor Big Bang Fruits\" src=\"https:\/\/i0.wp.com\/www.disposablevapeswholesale.com\/wp-content\/uploads\/2022\/09\/RM-LEGEND-10K-Puffs-Disposable-Vape-Wholesale-Big-Bang-Fruits.jpg?resize=800%2C800&#038;ssl=1\" alt=\"RM LEGEND 10K Puffs Vape Desechable al por mayor Big Bang Fruits\" width=\"800\" height=\"800\" \/><\/a><\/p>","protected":false},"excerpt":{"rendered":"<p>R&amp;M LEGEND 10K Puffs Vape desechable al por mayor cuenta con alta capacidad, construcci\u00f3n duradera, y la salida de vapor consistente para experiencias vaping premium y de larga duraci\u00f3n.<\/p>","protected":false},"featured_media":1300,"comment_status":"closed","ping_status":"closed","template":"","meta":[],"product_brand":[],"product_cat":[481,22],"product_tag":[274,60,275,256],"class_list":{"0":"post-1127","1":"product","2":"type-product","3":"status-publish","4":"has-post-thumbnail","6":"product_cat-bang","7":"product_cat-disposable-vape-sticks","8":"product_tag-10000-puffs","9":"product_tag-disposable-vapes","10":"product_tag-rm-legend","11":"product_tag-wholesale","13":"first","14":"instock","15":"shipping-taxable","16":"purchasable","17":"product-type-simple"},"jetpack_sharing_enabled":true,"tiered_pricing_type":"fixed","tiered_pricing_fixed_rules":{"5000":7,"10000":6,"50000":5},"tiered_pricing_product_settings":{"layout":"default","base_unit_name":{"singular":null,"plural":null},"default_variation":null},"tiered_pricing_minimum_quantity":60,"tiered_pricing_roles_data":[],"tiered_pricing_percentage_rules":[],"tiered_pricing_maximum_quantity":null,"tiered_pricing_quantity_step":null,"_links":{"self":[{"href":"https:\/\/cloudsupplyvapes.com\/es\/wp-json\/wp\/v2\/product\/1127","targetHints":{"allow":["GET"]}}],"collection":[{"href":"https:\/\/cloudsupplyvapes.com\/es\/wp-json\/wp\/v2\/product"}],"about":[{"href":"https:\/\/cloudsupplyvapes.com\/es\/wp-json\/wp\/v2\/types\/product"}],"replies":[{"embeddable":true,"href":"https:\/\/cloudsupplyvapes.com\/es\/wp-json\/wp\/v2\/comments?post=1127"}],"wp:featuredmedia":[{"embeddable":true,"href":"https:\/\/cloudsupplyvapes.com\/es\/wp-json\/wp\/v2\/media\/1300"}],"wp:attachment":[{"href":"https:\/\/cloudsupplyvapes.com\/es\/wp-json\/wp\/v2\/media?parent=1127"}],"wp:term":[{"taxonomy":"product_brand","embeddable":true,"href":"https:\/\/cloudsupplyvapes.com\/es\/wp-json\/wp\/v2\/product_brand?post=1127"},{"taxonomy":"product_cat","embeddable":true,"href":"https:\/\/cloudsupplyvapes.com\/es\/wp-json\/wp\/v2\/product_cat?post=1127"},{"taxonomy":"product_tag","embeddable":true,"href":"https:\/\/cloudsupplyvapes.com\/es\/wp-json\/wp\/v2\/product_tag?post=1127"}],"curies":[{"name":"wp","href":"https:\/\/api.w.org\/{rel}","templated":true}]}}