{"id":1128,"date":"2024-10-19T02:17:56","date_gmt":"2024-10-19T02:17:56","guid":{"rendered":"https:\/\/cloudsupplyvapes.com\/?post_type=product&#038;p=1128"},"modified":"2024-11-26T08:44:11","modified_gmt":"2024-11-26T08:44:11","slug":"-48","status":"publish","type":"product","link":"https:\/\/cloudsupplyvapes.com\/es\/product\/rm-box-max-8000-puffs-disposable-vape-wholesale\/","title":{"rendered":"R&amp;M BOX MAX 8000 Puffs Vape Desechable Mayorista Ligero Construcci\u00f3n Duradera"},"content":{"rendered":"<p>El dispositivo desechable R&amp;M BOX MAX proporciona a los fumadores aproximadamente 8000 caladas y cuenta con un dise\u00f1o de bobina de malla para una experiencia de fumar m\u00e1s sabrosa. Este dispositivo de vapeo desechable cuenta con 2%\/5% e-jugo de sal de nicotina, una bater\u00eda incorporada de alta capacidad de 650 ml y 12,5 ml de capacidad de aceite e-l\u00edquido, con una amplia gama de sabores para elegir.<\/p>\n<p>&nbsp;<\/p>\n<h2>Especificaciones del Vape Desechable R&amp;M BOX MAX 8000:<\/h2>\n<p>Marca: R&amp;M<\/p>\n<p>Puffs:8000 Puffs disponibles por dispositivo.<\/p>\n<p>Nicotina:2%\/5%<\/p>\n<p>Capacidad del E-jugo:12.5ML<\/p>\n<p>Bater\u00eda:650mAh<\/p>\n<p>Puerto de carga:Tipo C<\/p>\n<p>Resistencia: Bobina de malla de 0,5\u03a9<\/p>\n<p>&nbsp;<\/p>\n<h2>Sabores<\/h2>\n<p>Menta con ar\u00e1ndanos<\/p>\n<p>Hielo Raz Azul<\/p>\n<p>Lluvia de ne\u00f3n<\/p>\n<p>Hielo de fresa y frambuesa<\/p>\n<p>Hielo exuberante<\/p>\n<p>Pi\u00f1a Colada Ice<\/p>\n<p>Joya de menta<\/p>\n<p>Ponche tropical<\/p>\n<p>Energ\u00eda explosiva<\/p>\n<p>Sand\u00eda con fresa<\/p>\n<p>Vainilla fresca<\/p>\n<p>Batido de manzana<\/p>\n<p>&nbsp;<\/p>\n<h2>Embalaje y peso<\/h2>\n<p>0,097KG\/PCS, Individual con paquete peque\u00f1o, 10 piezas en caja mediana.<\/p>\n<p>200PCS en el cart\u00f3n principal, 19.4KG.<\/p>\n<p><a href=\"https:\/\/i0.wp.com\/www.disposablevapeswholesale.com\/wp-content\/uploads\/2022\/09\/RM-BOX-MAX-8000-Puffs-Disposable-Vape-Wholesale.jpg?ssl=1\" target=\"_blank\" rel=\"noopener\"><img data-recalc-dims=\"1\" loading=\"lazy\" decoding=\"async\" class=\"alignnone size-full wp-image-5147\" title=\"RM BOX MAX 8000 Puffs Vape Desechable al por mayor\" src=\"https:\/\/i0.wp.com\/www.disposablevapeswholesale.com\/wp-content\/uploads\/2022\/09\/RM-BOX-MAX-8000-Puffs-Disposable-Vape-Wholesale.jpg?resize=800%2C600&#038;ssl=1\" alt=\"RM BOX MAX 8000 Puffs Vape Desechable al por mayor\" width=\"800\" height=\"600\" \/><\/a> <a href=\"https:\/\/i0.wp.com\/www.disposablevapeswholesale.com\/wp-content\/uploads\/2022\/09\/RM-BOX-MAX-8000-Puffs-Disposable-Vape-Wholesale-Tropical-Punch.jpg?ssl=1\" target=\"_blank\" rel=\"noopener\"><img data-recalc-dims=\"1\" loading=\"lazy\" decoding=\"async\" class=\"alignnone size-full wp-image-5146\" title=\"RM BOX MAX 8000 Puffs Vape Desechable al por mayor Tropical Punch\" src=\"https:\/\/i0.wp.com\/www.disposablevapeswholesale.com\/wp-content\/uploads\/2022\/09\/RM-BOX-MAX-8000-Puffs-Disposable-Vape-Wholesale-Tropical-Punch.jpg?resize=800%2C800&#038;ssl=1\" alt=\"RM BOX MAX 8000 Puffs Vape Desechable al por mayor Tropical Punch\" width=\"800\" height=\"800\" \/><\/a> <a href=\"https:\/\/i0.wp.com\/www.disposablevapeswholesale.com\/wp-content\/uploads\/2022\/09\/RM-BOX-MAX-8000-Puffs-Disposable-Vape-Wholesale-Strawberry-Watermelon.jpg?ssl=1\" target=\"_blank\" rel=\"noopener\"><img data-recalc-dims=\"1\" loading=\"lazy\" decoding=\"async\" class=\"alignnone size-full wp-image-5145\" title=\"RM BOX MAX 8000 Puffs Vape Desechable Mayorista Fresa Sand\u00eda\" src=\"https:\/\/i0.wp.com\/www.disposablevapeswholesale.com\/wp-content\/uploads\/2022\/09\/RM-BOX-MAX-8000-Puffs-Disposable-Vape-Wholesale-Strawberry-Watermelon.jpg?resize=800%2C800&#038;ssl=1\" alt=\"RM BOX MAX 8000 Puffs Vape Desechable Mayorista Fresa Sand\u00eda\" width=\"800\" height=\"800\" \/><\/a> <a href=\"https:\/\/i0.wp.com\/www.disposablevapeswholesale.com\/wp-content\/uploads\/2022\/09\/RM-BOX-MAX-8000-Puffs-Disposable-Vape-Wholesale-Raspberry-Strawberry-Ice.jpg?ssl=1\" target=\"_blank\" rel=\"noopener\"><img data-recalc-dims=\"1\" loading=\"lazy\" decoding=\"async\" class=\"alignnone size-full wp-image-5144\" title=\"RM BOX MAX 8000 Puffs Vape Desechable Mayorista Frambuesa Fresa Hielo\" src=\"https:\/\/i0.wp.com\/www.disposablevapeswholesale.com\/wp-content\/uploads\/2022\/09\/RM-BOX-MAX-8000-Puffs-Disposable-Vape-Wholesale-Raspberry-Strawberry-Ice.jpg?resize=800%2C800&#038;ssl=1\" alt=\"RM BOX MAX 8000 Puffs Vape Desechable Mayorista Frambuesa Fresa Hielo\" width=\"800\" height=\"800\" \/><\/a> <a href=\"https:\/\/i0.wp.com\/www.disposablevapeswholesale.com\/wp-content\/uploads\/2022\/09\/RM-BOX-MAX-8000-Puffs-Disposable-Vape-Wholesale-Pina-Colada-Ice.jpg?ssl=1\" target=\"_blank\" rel=\"noopener\"><img data-recalc-dims=\"1\" loading=\"lazy\" decoding=\"async\" class=\"alignnone size-full wp-image-5143\" title=\"RM BOX MAX 8000 Puffs Desechables Vape Pina Colada Ice al por mayor\" src=\"https:\/\/i0.wp.com\/www.disposablevapeswholesale.com\/wp-content\/uploads\/2022\/09\/RM-BOX-MAX-8000-Puffs-Disposable-Vape-Wholesale-Pina-Colada-Ice.jpg?resize=800%2C800&#038;ssl=1\" alt=\"RM BOX MAX 8000 Puffs Desechables Vape Pina Colada Ice al por mayor\" width=\"800\" height=\"800\" \/><\/a> <a href=\"https:\/\/i0.wp.com\/www.disposablevapeswholesale.com\/wp-content\/uploads\/2022\/09\/RM-BOX-MAX-8000-Puffs-Disposable-Vape-Wholesale-Neon-Rain.jpg?ssl=1\" target=\"_blank\" rel=\"noopener\"><img data-recalc-dims=\"1\" loading=\"lazy\" decoding=\"async\" class=\"alignnone size-full wp-image-5142\" title=\"RM BOX MAX 8000 Puffs Vape Desechable Mayorista Neon Rain\" src=\"https:\/\/i0.wp.com\/www.disposablevapeswholesale.com\/wp-content\/uploads\/2022\/09\/RM-BOX-MAX-8000-Puffs-Disposable-Vape-Wholesale-Neon-Rain.jpg?resize=800%2C800&#038;ssl=1\" alt=\"RM BOX MAX 8000 Puffs Vape Desechable Mayorista Neon Rain\" width=\"800\" height=\"800\" \/><\/a> <a href=\"https:\/\/i0.wp.com\/www.disposablevapeswholesale.com\/wp-content\/uploads\/2022\/09\/RM-BOX-MAX-8000-Puffs-Disposable-Vape-Wholesale-Lush-Ice.jpg?ssl=1\" target=\"_blank\" rel=\"noopener\"><img data-recalc-dims=\"1\" loading=\"lazy\" decoding=\"async\" class=\"alignnone size-full wp-image-5141\" title=\"RM BOX MAX 8000 Puffs Vape Desechable Lush Ice al por mayor\" src=\"https:\/\/i0.wp.com\/www.disposablevapeswholesale.com\/wp-content\/uploads\/2022\/09\/RM-BOX-MAX-8000-Puffs-Disposable-Vape-Wholesale-Lush-Ice.jpg?resize=800%2C800&#038;ssl=1\" alt=\"RM BOX MAX 8000 Puffs Vape Desechable Lush Ice al por mayor\" width=\"800\" height=\"800\" \/><\/a> <a href=\"https:\/\/i0.wp.com\/www.disposablevapeswholesale.com\/wp-content\/uploads\/2022\/09\/RM-BOX-MAX-8000-Puffs-Disposable-Vape-Wholesale-Jewel-Mint.jpg?ssl=1\" target=\"_blank\" rel=\"noopener\"><img data-recalc-dims=\"1\" loading=\"lazy\" decoding=\"async\" class=\"alignnone size-full wp-image-5140\" title=\"RM BOX MAX 8000 Puffs Vape Desechable Jewel Mint al por mayor\" src=\"https:\/\/i0.wp.com\/www.disposablevapeswholesale.com\/wp-content\/uploads\/2022\/09\/RM-BOX-MAX-8000-Puffs-Disposable-Vape-Wholesale-Jewel-Mint.jpg?resize=800%2C800&#038;ssl=1\" alt=\"RM BOX MAX 8000 Puffs Vape Desechable Jewel Mint al por mayor\" width=\"800\" height=\"800\" \/><\/a> <a href=\"https:\/\/i0.wp.com\/www.disposablevapeswholesale.com\/wp-content\/uploads\/2022\/09\/RM-BOX-MAX-8000-Puffs-Disposable-Vape-Wholesale-Fresh-Vanilla.jpg?ssl=1\" target=\"_blank\" rel=\"noopener\"><img data-recalc-dims=\"1\" loading=\"lazy\" decoding=\"async\" class=\"alignnone size-full wp-image-5139\" title=\"RM BOX MAX 8000 Puffs Vape Desechable Vainilla Fresca al por mayor\" src=\"https:\/\/i0.wp.com\/www.disposablevapeswholesale.com\/wp-content\/uploads\/2022\/09\/RM-BOX-MAX-8000-Puffs-Disposable-Vape-Wholesale-Fresh-Vanilla.jpg?resize=800%2C800&#038;ssl=1\" alt=\"RM BOX MAX 8000 Puffs Vape Desechable Vainilla Fresca al por mayor\" width=\"800\" height=\"800\" \/><\/a> <a href=\"https:\/\/i0.wp.com\/www.disposablevapeswholesale.com\/wp-content\/uploads\/2022\/09\/RM-BOX-MAX-8000-Puffs-Disposable-Vape-Wholesale-Blueberry-Mint.jpg?ssl=1\" target=\"_blank\" rel=\"noopener\"><img data-recalc-dims=\"1\" loading=\"lazy\" decoding=\"async\" class=\"alignnone size-full wp-image-5138\" title=\"RM BOX MAX 8000 Puffs Vape Desechable Menta Ar\u00e1ndano al por mayor\" src=\"https:\/\/i0.wp.com\/www.disposablevapeswholesale.com\/wp-content\/uploads\/2022\/09\/RM-BOX-MAX-8000-Puffs-Disposable-Vape-Wholesale-Blueberry-Mint.jpg?resize=800%2C800&#038;ssl=1\" alt=\"RM BOX MAX 8000 Puffs Vape Desechable Menta Ar\u00e1ndano al por mayor\" width=\"800\" height=\"800\" \/><\/a> <a href=\"https:\/\/i0.wp.com\/www.disposablevapeswholesale.com\/wp-content\/uploads\/2022\/09\/RM-BOX-MAX-8000-Puffs-Disposable-Vape-Wholesale-Blue-Raz-Ice.jpg?ssl=1\" target=\"_blank\" rel=\"noopener\"><img data-recalc-dims=\"1\" loading=\"lazy\" decoding=\"async\" class=\"alignnone size-full wp-image-5137\" title=\"RM BOX MAX 8000 Puffs Vape Desechable Mayorista Azul Raz Ice\" src=\"https:\/\/i0.wp.com\/www.disposablevapeswholesale.com\/wp-content\/uploads\/2022\/09\/RM-BOX-MAX-8000-Puffs-Disposable-Vape-Wholesale-Blue-Raz-Ice.jpg?resize=800%2C800&#038;ssl=1\" alt=\"RM BOX MAX 8000 Puffs Vape Desechable Mayorista Azul Raz Ice\" width=\"800\" height=\"800\" \/><\/a> <a href=\"https:\/\/i0.wp.com\/www.disposablevapeswholesale.com\/wp-content\/uploads\/2022\/09\/RM-BOX-MAX-8000-Puffs-Disposable-Vape-Wholesale-Blast-Energy.jpg?ssl=1\" target=\"_blank\" rel=\"noopener\"><img data-recalc-dims=\"1\" loading=\"lazy\" decoding=\"async\" class=\"alignnone size-full wp-image-5136\" title=\"RM BOX MAX 8000 Puffs Vape Desechable Blast Energy al por mayor\" src=\"https:\/\/i0.wp.com\/www.disposablevapeswholesale.com\/wp-content\/uploads\/2022\/09\/RM-BOX-MAX-8000-Puffs-Disposable-Vape-Wholesale-Blast-Energy.jpg?resize=800%2C800&#038;ssl=1\" alt=\"RM BOX MAX 8000 Puffs Vape Desechable Blast Energy al por mayor\" width=\"800\" height=\"800\" \/><\/a> <a href=\"https:\/\/i0.wp.com\/www.disposablevapeswholesale.com\/wp-content\/uploads\/2022\/09\/RM-BOX-MAX-8000-Puffs-Disposable-Vape-Wholesale-Apple-Shake.jpg?ssl=1\" target=\"_blank\" rel=\"noopener\"><img data-recalc-dims=\"1\" loading=\"lazy\" decoding=\"async\" class=\"alignnone size-full wp-image-5135\" title=\"RM BOX MAX 8000 Puffs Desechables Vape al por mayor Batido de Manzana\" src=\"https:\/\/i0.wp.com\/www.disposablevapeswholesale.com\/wp-content\/uploads\/2022\/09\/RM-BOX-MAX-8000-Puffs-Disposable-Vape-Wholesale-Apple-Shake.jpg?resize=800%2C800&#038;ssl=1\" alt=\"RM BOX MAX 8000 Puffs Desechables Vape al por mayor Batido de Manzana\" width=\"800\" height=\"800\" \/><\/a><\/p>","protected":false},"excerpt":{"rendered":"<p>R&amp;M BOX MAX 8000 Puffs Vape desechable al por mayor combina un dise\u00f1o ligero, una construcci\u00f3n duradera y una entrega de vapor suave para un vapeo duradero y port\u00e1til.<\/p>","protected":false},"featured_media":1310,"comment_status":"closed","ping_status":"closed","template":"","meta":[],"product_brand":[],"product_cat":[22],"product_tag":[272,60,276,256],"class_list":{"0":"post-1128","1":"product","2":"type-product","3":"status-publish","4":"has-post-thumbnail","6":"product_cat-disposable-vape-sticks","7":"product_tag-8000-puffs","8":"product_tag-disposable-vapes","9":"product_tag-rm-box-max","10":"product_tag-wholesale","12":"first","13":"instock","14":"shipping-taxable","15":"purchasable","16":"product-type-simple"},"jetpack_sharing_enabled":true,"tiered_pricing_type":"fixed","tiered_pricing_fixed_rules":{"5000":8,"10000":7,"50000":6},"tiered_pricing_product_settings":{"layout":"default","base_unit_name":{"singular":null,"plural":null},"default_variation":null},"tiered_pricing_minimum_quantity":60,"tiered_pricing_roles_data":[],"tiered_pricing_percentage_rules":[],"tiered_pricing_maximum_quantity":null,"tiered_pricing_quantity_step":null,"_links":{"self":[{"href":"https:\/\/cloudsupplyvapes.com\/es\/wp-json\/wp\/v2\/product\/1128","targetHints":{"allow":["GET"]}}],"collection":[{"href":"https:\/\/cloudsupplyvapes.com\/es\/wp-json\/wp\/v2\/product"}],"about":[{"href":"https:\/\/cloudsupplyvapes.com\/es\/wp-json\/wp\/v2\/types\/product"}],"replies":[{"embeddable":true,"href":"https:\/\/cloudsupplyvapes.com\/es\/wp-json\/wp\/v2\/comments?post=1128"}],"wp:featuredmedia":[{"embeddable":true,"href":"https:\/\/cloudsupplyvapes.com\/es\/wp-json\/wp\/v2\/media\/1310"}],"wp:attachment":[{"href":"https:\/\/cloudsupplyvapes.com\/es\/wp-json\/wp\/v2\/media?parent=1128"}],"wp:term":[{"taxonomy":"product_brand","embeddable":true,"href":"https:\/\/cloudsupplyvapes.com\/es\/wp-json\/wp\/v2\/product_brand?post=1128"},{"taxonomy":"product_cat","embeddable":true,"href":"https:\/\/cloudsupplyvapes.com\/es\/wp-json\/wp\/v2\/product_cat?post=1128"},{"taxonomy":"product_tag","embeddable":true,"href":"https:\/\/cloudsupplyvapes.com\/es\/wp-json\/wp\/v2\/product_tag?post=1128"}],"curies":[{"name":"wp","href":"https:\/\/api.w.org\/{rel}","templated":true}]}}