{"id":1191,"date":"2024-10-19T02:18:22","date_gmt":"2024-10-19T02:18:22","guid":{"rendered":"https:\/\/cloudsupplyvapes.com\/?post_type=product&#038;p=1191"},"modified":"2024-11-26T08:43:39","modified_gmt":"2024-11-26T08:43:39","slug":"-50","status":"publish","type":"product","link":"https:\/\/cloudsupplyvapes.com\/es\/product\/rm-monster-6000-puffs-disposable-vape-wholesale\/","title":{"rendered":"R&amp;M Monster 6000 Puffs Vape desechable al por mayor Dise\u00f1o compacto y duradero"},"content":{"rendered":"<p>R&amp;M Monster 6000 es un vapeador desechable recargable con bater\u00eda recargable incorporada y 13ml de capacidad de aceite e-l\u00edquido para 6,000 caladas, n\u00facleo de malla de 1.0\u03a9 de ultra baja resistencia, gran humo, sabor dulce y una variedad de sabores para elegir.<\/p>\n<p>&nbsp;<\/p>\n<h2>Especificaciones del Vape Desechable R&amp;M Monster 6000:<\/h2>\n<p>Marca: R&amp;M<\/p>\n<p>Puffs:6000 Puffs disponibles por dispositivo.<\/p>\n<p>Nicotine:5%\/2%\/3%0%<\/p>\n<p>Capacidad del E-jugo:13ML<\/p>\n<p>Puerto de carga:Tipo C<\/p>\n<p>Resistencia: 1.0\u03a9 Mesh Coil<\/p>\n<p>&nbsp;<\/p>\n<h2>Sabores<\/h2>\n<p>Hielo Razz Azul<\/p>\n<p>Hielo de ar\u00e1ndano y uva<\/p>\n<p>Hielo de ar\u00e1ndano y frambuesa<\/p>\n<p>Kiwi Drag\u00f3n Baya<\/p>\n<p>Hielo de mango y lim\u00f3n<\/p>\n<p>Frutas variadas<\/p>\n<p>Sr. Azul<\/p>\n<p>Gumi de melocot\u00f3n y fruta de la pasi\u00f3n<\/p>\n<p>Limonada rosa<\/p>\n<p>Caramelos arco iris<\/p>\n<p>Fresa Kiwi Ice<\/p>\n<p>Hielo de sand\u00eda<\/p>\n<p>&nbsp;<\/p>\n<h2>Embalaje y peso<\/h2>\n<p>0,07KG\/PCS, Individual con paquete peque\u00f1o, 10 piezas en caja mediana.<\/p>\n<p>300PCS en el cart\u00f3n principal, 21 KG.<\/p>\n<p><a href=\"https:\/\/i0.wp.com\/www.disposablevapeswholesale.com\/wp-content\/uploads\/2022\/09\/RM-Monster-6000-Puffs-Disposable-Vape-Wholesale.jpg?ssl=1\" target=\"_blank\" rel=\"noopener\"><img data-recalc-dims=\"1\" loading=\"lazy\" decoding=\"async\" class=\"alignnone size-full wp-image-5026\" title=\"RM Monster 6000 Puffs Vape Desechable al por mayor\" src=\"https:\/\/i0.wp.com\/www.disposablevapeswholesale.com\/wp-content\/uploads\/2022\/09\/RM-Monster-6000-Puffs-Disposable-Vape-Wholesale.jpg?resize=800%2C1085&#038;ssl=1\" alt=\"RM Monster 6000 Puffs Vape Desechable al por mayor\" width=\"800\" height=\"1085\" \/><\/a> <a href=\"https:\/\/i0.wp.com\/www.disposablevapeswholesale.com\/wp-content\/uploads\/2022\/09\/RM-Monster-6000-Puffs-Disposable-Vape-Wholesale-Watermelon-Ice.jpg?ssl=1\" target=\"_blank\" rel=\"noopener\"><img data-recalc-dims=\"1\" loading=\"lazy\" decoding=\"async\" class=\"alignnone size-full wp-image-5025\" title=\"RM Monster 6000 Puffs Vape Desechable Sand\u00eda Hielo al por mayor\" src=\"https:\/\/i0.wp.com\/www.disposablevapeswholesale.com\/wp-content\/uploads\/2022\/09\/RM-Monster-6000-Puffs-Disposable-Vape-Wholesale-Watermelon-Ice.jpg?resize=800%2C800&#038;ssl=1\" alt=\"RM Monster 6000 Puffs Vape Desechable Sand\u00eda Hielo al por mayor\" width=\"800\" height=\"800\" \/><\/a> <a href=\"https:\/\/i0.wp.com\/www.disposablevapeswholesale.com\/wp-content\/uploads\/2022\/09\/RM-Monster-6000-Puffs-Disposable-Vape-Wholesale-Strawberry-Kiwi-Ice.jpg?ssl=1\" target=\"_blank\" rel=\"noopener\"><img data-recalc-dims=\"1\" loading=\"lazy\" decoding=\"async\" class=\"alignnone size-full wp-image-5024\" title=\"RM Monster 6000 Puffs Vape Desechable al por mayor Fresa Kiwi Ice\" src=\"https:\/\/i0.wp.com\/www.disposablevapeswholesale.com\/wp-content\/uploads\/2022\/09\/RM-Monster-6000-Puffs-Disposable-Vape-Wholesale-Strawberry-Kiwi-Ice.jpg?resize=800%2C800&#038;ssl=1\" alt=\"RM Monster 6000 Puffs Vape Desechable al por mayor Fresa Kiwi Ice\" width=\"800\" height=\"800\" \/><\/a> <a href=\"https:\/\/i0.wp.com\/www.disposablevapeswholesale.com\/wp-content\/uploads\/2022\/09\/RM-Monster-6000-Puffs-Disposable-Vape-Wholesale-Rainbow-Candy.jpg?ssl=1\" target=\"_blank\" rel=\"noopener\"><img data-recalc-dims=\"1\" loading=\"lazy\" decoding=\"async\" class=\"alignnone size-full wp-image-5023\" title=\"RM Monster 6000 Puffs Vape desechable al por mayor Rainbow Candy\" src=\"https:\/\/i0.wp.com\/www.disposablevapeswholesale.com\/wp-content\/uploads\/2022\/09\/RM-Monster-6000-Puffs-Disposable-Vape-Wholesale-Rainbow-Candy.jpg?resize=800%2C800&#038;ssl=1\" alt=\"RM Monster 6000 Puffs Vape desechable al por mayor Rainbow Candy\" width=\"800\" height=\"800\" \/><\/a> <a href=\"https:\/\/i0.wp.com\/www.disposablevapeswholesale.com\/wp-content\/uploads\/2022\/09\/RM-Monster-6000-Puffs-Disposable-Vape-Wholesale-Pink-Lemonade.jpg?ssl=1\" target=\"_blank\" rel=\"noopener\"><img data-recalc-dims=\"1\" loading=\"lazy\" decoding=\"async\" class=\"alignnone size-full wp-image-5022\" title=\"RM Monster 6000 Puffs Vape Desechable Mayorista Limonada Rosa\" src=\"https:\/\/i0.wp.com\/www.disposablevapeswholesale.com\/wp-content\/uploads\/2022\/09\/RM-Monster-6000-Puffs-Disposable-Vape-Wholesale-Pink-Lemonade.jpg?resize=800%2C800&#038;ssl=1\" alt=\"RM Monster 6000 Puffs Vape Desechable Mayorista Limonada Rosa\" width=\"800\" height=\"800\" \/><\/a> <a href=\"https:\/\/i0.wp.com\/www.disposablevapeswholesale.com\/wp-content\/uploads\/2022\/09\/RM-Monster-6000-Puffs-Disposable-Vape-Wholesale-Peach-Passionfruit-Gumi.jpg?ssl=1\" target=\"_blank\" rel=\"noopener\"><img data-recalc-dims=\"1\" loading=\"lazy\" decoding=\"async\" class=\"alignnone size-full wp-image-5021\" title=\"RM Monster 6000 Puffs Vape Desechable Mayorista Melocot\u00f3n Maracuy\u00e1 Gumi\" src=\"https:\/\/i0.wp.com\/www.disposablevapeswholesale.com\/wp-content\/uploads\/2022\/09\/RM-Monster-6000-Puffs-Disposable-Vape-Wholesale-Peach-Passionfruit-Gumi.jpg?resize=800%2C800&#038;ssl=1\" alt=\"RM Monster 6000 Puffs Vape Desechable Mayorista Melocot\u00f3n Maracuy\u00e1 Gumi\" width=\"800\" height=\"800\" \/><\/a> <a href=\"https:\/\/i0.wp.com\/www.disposablevapeswholesale.com\/wp-content\/uploads\/2022\/09\/RM-Monster-6000-Puffs-Disposable-Vape-Wholesale-Mr-Blue.jpg?ssl=1\" target=\"_blank\" rel=\"noopener\"><img data-recalc-dims=\"1\" loading=\"lazy\" decoding=\"async\" class=\"alignnone size-full wp-image-5020\" title=\"RM Monster 6000 Puffs Vape Desechable Mayorista Mr Blue\" src=\"https:\/\/i0.wp.com\/www.disposablevapeswholesale.com\/wp-content\/uploads\/2022\/09\/RM-Monster-6000-Puffs-Disposable-Vape-Wholesale-Mr-Blue.jpg?resize=800%2C800&#038;ssl=1\" alt=\"RM Monster 6000 Puffs Vape Desechable Mayorista Mr Blue\" width=\"800\" height=\"800\" \/><\/a> <a href=\"https:\/\/i0.wp.com\/www.disposablevapeswholesale.com\/wp-content\/uploads\/2022\/09\/RM-Monster-6000-Puffs-Disposable-Vape-Wholesale-Mixed-Fruit.jpg?ssl=1\" target=\"_blank\" rel=\"noopener\"><img data-recalc-dims=\"1\" loading=\"lazy\" decoding=\"async\" class=\"alignnone size-full wp-image-5019\" title=\"RM Monster 6000 Puffs Vape Desechable Fruta Mixta al por mayor\" src=\"https:\/\/i0.wp.com\/www.disposablevapeswholesale.com\/wp-content\/uploads\/2022\/09\/RM-Monster-6000-Puffs-Disposable-Vape-Wholesale-Mixed-Fruit.jpg?resize=800%2C800&#038;ssl=1\" alt=\"RM Monster 6000 Puffs Vape Desechable Fruta Mixta al por mayor\" width=\"800\" height=\"800\" \/><\/a> <a href=\"https:\/\/i0.wp.com\/www.disposablevapeswholesale.com\/wp-content\/uploads\/2022\/09\/RM-Monster-6000-Puffs-Disposable-Vape-Wholesale-Mango-Lemon-Ice.jpg?ssl=1\" target=\"_blank\" rel=\"noopener\"><img data-recalc-dims=\"1\" loading=\"lazy\" decoding=\"async\" class=\"alignnone size-full wp-image-5018\" title=\"RM Monster 6000 Puffs Vape Desechable Mayorista Mango Lemon Ice\" src=\"https:\/\/i0.wp.com\/www.disposablevapeswholesale.com\/wp-content\/uploads\/2022\/09\/RM-Monster-6000-Puffs-Disposable-Vape-Wholesale-Mango-Lemon-Ice.jpg?resize=800%2C800&#038;ssl=1\" alt=\"RM Monster 6000 Puffs Vape Desechable Mayorista Mango Lemon Ice\" width=\"800\" height=\"800\" \/><\/a> <a href=\"https:\/\/i0.wp.com\/www.disposablevapeswholesale.com\/wp-content\/uploads\/2022\/09\/RM-Monster-6000-Puffs-Disposable-Vape-Wholesale-Kiwi-Dragon-Berry.jpg?ssl=1\" target=\"_blank\" rel=\"noopener\"><img data-recalc-dims=\"1\" loading=\"lazy\" decoding=\"async\" class=\"alignnone size-full wp-image-5017\" title=\"RM Monster 6000 Puffs Vape Desechable Mayorista Kiwi Dragon Berry\" src=\"https:\/\/i0.wp.com\/www.disposablevapeswholesale.com\/wp-content\/uploads\/2022\/09\/RM-Monster-6000-Puffs-Disposable-Vape-Wholesale-Kiwi-Dragon-Berry.jpg?resize=800%2C800&#038;ssl=1\" alt=\"RM Monster 6000 Puffs Vape Desechable Mayorista Kiwi Dragon Berry\" width=\"800\" height=\"800\" \/><\/a> <a href=\"https:\/\/i0.wp.com\/www.disposablevapeswholesale.com\/wp-content\/uploads\/2022\/09\/RM-Monster-6000-Puffs-Disposable-Vape-Wholesale-Blueberry-Raspberry-Ice.jpg?ssl=1\" target=\"_blank\" rel=\"noopener\"><img data-recalc-dims=\"1\" loading=\"lazy\" decoding=\"async\" class=\"alignnone size-full wp-image-5016\" title=\"RM Monster 6000 Puffs Vape Desechable Mayorista Blueberry Raspberry Ice\" src=\"https:\/\/i0.wp.com\/www.disposablevapeswholesale.com\/wp-content\/uploads\/2022\/09\/RM-Monster-6000-Puffs-Disposable-Vape-Wholesale-Blueberry-Raspberry-Ice.jpg?resize=800%2C800&#038;ssl=1\" alt=\"RM Monster 6000 Puffs Vape Desechable Mayorista Blueberry Raspberry Ice\" width=\"800\" height=\"800\" \/><\/a> <a href=\"https:\/\/i0.wp.com\/www.disposablevapeswholesale.com\/wp-content\/uploads\/2022\/09\/RM-Monster-6000-Puffs-Disposable-Vape-Wholesale-Blueberry-Grape-Ice.jpg?ssl=1\" target=\"_blank\" rel=\"noopener\"><img data-recalc-dims=\"1\" loading=\"lazy\" decoding=\"async\" class=\"alignnone size-full wp-image-5015\" title=\"RM Monster 6000 Puffs Vape Desechable Mayorista Blueberry Grape Ice\" src=\"https:\/\/i0.wp.com\/www.disposablevapeswholesale.com\/wp-content\/uploads\/2022\/09\/RM-Monster-6000-Puffs-Disposable-Vape-Wholesale-Blueberry-Grape-Ice.jpg?resize=800%2C800&#038;ssl=1\" alt=\"RM Monster 6000 Puffs Vape Desechable Mayorista Blueberry Grape Ice\" width=\"800\" height=\"800\" \/><\/a> <a href=\"https:\/\/i0.wp.com\/www.disposablevapeswholesale.com\/wp-content\/uploads\/2022\/09\/RM-Monster-6000-Puffs-Disposable-Vape-Wholesale-Blue-Razz-Ice.jpg?ssl=1\" target=\"_blank\" rel=\"noopener\"><img data-recalc-dims=\"1\" loading=\"lazy\" decoding=\"async\" class=\"alignnone size-full wp-image-5014\" title=\"RM Monster 6000 Puffs Vape Desechable Mayorista Azul Razz Ice\" src=\"https:\/\/i0.wp.com\/www.disposablevapeswholesale.com\/wp-content\/uploads\/2022\/09\/RM-Monster-6000-Puffs-Disposable-Vape-Wholesale-Blue-Razz-Ice.jpg?resize=800%2C800&#038;ssl=1\" alt=\"RM Monster 6000 Puffs Vape Desechable Mayorista Azul Razz Ice\" width=\"800\" height=\"800\" \/><\/a><\/p>","protected":false},"excerpt":{"rendered":"<p>El vaporizador desechable R&amp;M Monster 6000 Puffs cuenta con un dise\u00f1o compacto, una construcci\u00f3n duradera y una salida de vapor suave, garantizando sesiones de vapeo fiables y sin problemas.<\/p>","protected":false},"featured_media":1340,"comment_status":"closed","ping_status":"closed","template":"","meta":[],"product_brand":[],"product_cat":[22],"product_tag":[278,60,279,256],"class_list":{"0":"post-1191","1":"product","2":"type-product","3":"status-publish","4":"has-post-thumbnail","6":"product_cat-disposable-vape-sticks","7":"product_tag-6000-puffs","8":"product_tag-disposable-vapes","9":"product_tag-rm-monster","10":"product_tag-wholesale","12":"first","13":"instock","14":"shipping-taxable","15":"purchasable","16":"product-type-simple"},"jetpack_sharing_enabled":true,"tiered_pricing_type":"fixed","tiered_pricing_fixed_rules":{"5000":8,"10000":7,"50000":6},"tiered_pricing_product_settings":{"layout":"default","base_unit_name":{"singular":null,"plural":null},"default_variation":null},"tiered_pricing_minimum_quantity":60,"tiered_pricing_roles_data":[],"tiered_pricing_percentage_rules":[],"tiered_pricing_maximum_quantity":null,"tiered_pricing_quantity_step":null,"_links":{"self":[{"href":"https:\/\/cloudsupplyvapes.com\/es\/wp-json\/wp\/v2\/product\/1191","targetHints":{"allow":["GET"]}}],"collection":[{"href":"https:\/\/cloudsupplyvapes.com\/es\/wp-json\/wp\/v2\/product"}],"about":[{"href":"https:\/\/cloudsupplyvapes.com\/es\/wp-json\/wp\/v2\/types\/product"}],"replies":[{"embeddable":true,"href":"https:\/\/cloudsupplyvapes.com\/es\/wp-json\/wp\/v2\/comments?post=1191"}],"wp:featuredmedia":[{"embeddable":true,"href":"https:\/\/cloudsupplyvapes.com\/es\/wp-json\/wp\/v2\/media\/1340"}],"wp:attachment":[{"href":"https:\/\/cloudsupplyvapes.com\/es\/wp-json\/wp\/v2\/media?parent=1191"}],"wp:term":[{"taxonomy":"product_brand","embeddable":true,"href":"https:\/\/cloudsupplyvapes.com\/es\/wp-json\/wp\/v2\/product_brand?post=1191"},{"taxonomy":"product_cat","embeddable":true,"href":"https:\/\/cloudsupplyvapes.com\/es\/wp-json\/wp\/v2\/product_cat?post=1191"},{"taxonomy":"product_tag","embeddable":true,"href":"https:\/\/cloudsupplyvapes.com\/es\/wp-json\/wp\/v2\/product_tag?post=1191"}],"curies":[{"name":"wp","href":"https:\/\/api.w.org\/{rel}","templated":true}]}}