{"id":1192,"date":"2024-10-19T02:18:22","date_gmt":"2024-10-19T02:18:22","guid":{"rendered":"https:\/\/cloudsupplyvapes.com\/?post_type=product&#038;p=1192"},"modified":"2024-11-26T08:43:56","modified_gmt":"2024-11-26T08:43:56","slug":"-51","status":"publish","type":"product","link":"https:\/\/cloudsupplyvapes.com\/es\/product\/rm-bar-9000-puffs-disposable-vape-wholesale\/","title":{"rendered":"R&amp;M BAR 9000 Puffs Vape Desechable Mayorista Flujo de Aire Ajustable Alta Capacidad"},"content":{"rendered":"<p>R&amp;M BAR 9000 es un VAPE desechable recargable con luz intermitente RGB, bater\u00eda de alta capacidad de 650 mA incorporada y capacidad de aceite e-l\u00edquido de 15 ml, puede fumar 9000 caladas, n\u00facleo de malla de 1,0\u03a9 de resistencia ultrabaja, gran humo, sabor dulce, una variedad de sabores para elegir.<\/p>\n<p>&nbsp;<\/p>\n<h2>R&amp;M BAR 9000Especificaciones del Vape Desechable:<\/h2>\n<p>Marca: R&amp;M<\/p>\n<p>Puffs:9000 Puffs disponibles por dispositivo.<\/p>\n<p>Nicotina:2%\/5%<\/p>\n<p>Capacidad del E-jugo:15ML<\/p>\n<p>Bater\u00eda:650mAh<\/p>\n<p>Puerto de carga:Tipo C<\/p>\n<p>Resistencia: 1.0\u03a9 Mesh Coil<\/p>\n<p>&nbsp;<\/p>\n<h2>Sabores<\/h2>\n<p>Fusi\u00f3n de bayas<\/p>\n<p>Caramelos arco iris<\/p>\n<p>Melocot\u00f3n Mango Sand\u00eda<\/p>\n<p>Helado de cono de nieve<\/p>\n<p>Fiji Melones Hielo<\/p>\n<p>Hielo de manzana Fuji<\/p>\n<p>Blue Razz Granada<\/p>\n<p>Frambuesa Cereza<\/p>\n<p>Sand\u00eda con fresa<\/p>\n<p>Helado de frambuesa azul<\/p>\n<p>Chicle de sand\u00eda<\/p>\n<p>Lanza de menta<\/p>\n<p>Helado de frambuesa y melocot\u00f3n<\/p>\n<p>Ponche tropical<\/p>\n<p>Bebida energ\u00e9tica<\/p>\n<p>Kiwi Drag\u00f3n Baya<\/p>\n<p>&nbsp;<\/p>\n<h2>Embalaje y peso<\/h2>\n<p>0,064KG\/PCS, Individual con paquete peque\u00f1o, 10 piezas en caja mediana.<\/p>\n<p>300PCS en el cart\u00f3n principal, 19.1KG.<\/p>\n<p><a href=\"https:\/\/i0.wp.com\/www.disposablevapeswholesale.com\/wp-content\/uploads\/2022\/09\/RM-BAR-9000-Puffs-Disposable-Vape-Wholesale-All-Flavors.jpg?ssl=1\" target=\"_blank\" rel=\"noopener\"><img data-recalc-dims=\"1\" loading=\"lazy\" decoding=\"async\" class=\"alignnone size-full wp-image-4978\" title=\"RM BAR 9000 Puffs Vape Desechable al por mayor Todos los sabores\" src=\"https:\/\/i0.wp.com\/www.disposablevapeswholesale.com\/wp-content\/uploads\/2022\/09\/RM-BAR-9000-Puffs-Disposable-Vape-Wholesale-All-Flavors.jpg?resize=800%2C800&#038;ssl=1\" alt=\"RM BAR 9000 Puffs Vape Desechable al por mayor Todos los sabores\" width=\"800\" height=\"800\" \/><\/a> <a href=\"https:\/\/i0.wp.com\/www.disposablevapeswholesale.com\/wp-content\/uploads\/2022\/09\/RM-BAR-9000-Puffs-Disposable-Vape-Wholesale-3-Flavors.jpg?ssl=1\" target=\"_blank\" rel=\"noopener\"><img data-recalc-dims=\"1\" loading=\"lazy\" decoding=\"async\" class=\"alignnone size-full wp-image-4977\" title=\"RM BAR 9000 Puffs Vape Desechable Mayorista 3 Sabores\" src=\"https:\/\/i0.wp.com\/www.disposablevapeswholesale.com\/wp-content\/uploads\/2022\/09\/RM-BAR-9000-Puffs-Disposable-Vape-Wholesale-3-Flavors.jpg?resize=800%2C800&#038;ssl=1\" alt=\"RM BAR 9000 Puffs Vape Desechable Mayorista 3 Sabores\" width=\"800\" height=\"800\" \/><\/a> <a href=\"https:\/\/i0.wp.com\/www.disposablevapeswholesale.com\/wp-content\/uploads\/2022\/09\/RM-BAR-9000-Puffs-Disposable-Vape-Wholesale-Flavors.jpg?ssl=1\" target=\"_blank\" rel=\"noopener\"><img data-recalc-dims=\"1\" loading=\"lazy\" decoding=\"async\" class=\"alignnone size-full wp-image-4984\" title=\"RM BAR 9000 Puffs Desechables Vape Sabores al por mayor\" src=\"https:\/\/i0.wp.com\/www.disposablevapeswholesale.com\/wp-content\/uploads\/2022\/09\/RM-BAR-9000-Puffs-Disposable-Vape-Wholesale-Flavors.jpg?resize=800%2C800&#038;ssl=1\" alt=\"RM BAR 9000 Puffs Desechables Vape Sabores al por mayor\" width=\"800\" height=\"800\" \/><\/a> <a href=\"https:\/\/i0.wp.com\/www.disposablevapeswholesale.com\/wp-content\/uploads\/2022\/09\/RM-BAR-9000-Puffs-Disposable-Vape-Wholesale.jpg?ssl=1\" target=\"_blank\" rel=\"noopener\"><img data-recalc-dims=\"1\" loading=\"lazy\" decoding=\"async\" class=\"alignnone size-full wp-image-4996\" title=\"RM BAR 9000 Puffs Vape Desechable al por mayor\" src=\"https:\/\/i0.wp.com\/www.disposablevapeswholesale.com\/wp-content\/uploads\/2022\/09\/RM-BAR-9000-Puffs-Disposable-Vape-Wholesale.jpg?resize=800%2C1131&#038;ssl=1\" alt=\"RM BAR 9000 Puffs Vape Desechable al por mayor\" width=\"800\" height=\"1131\" \/><\/a> <a href=\"https:\/\/i0.wp.com\/www.disposablevapeswholesale.com\/wp-content\/uploads\/2022\/09\/RM-BAR-9000-Puffs-Disposable-Vape-Wholesale-Watermelon-Bubble-Gum.jpg?ssl=1\" target=\"_blank\" rel=\"noopener\"><img data-recalc-dims=\"1\" loading=\"lazy\" decoding=\"async\" class=\"alignnone size-full wp-image-4995\" title=\"RM BAR 9000 Puffs Vape Desechable Sand\u00eda Chicle al por mayor\" src=\"https:\/\/i0.wp.com\/www.disposablevapeswholesale.com\/wp-content\/uploads\/2022\/09\/RM-BAR-9000-Puffs-Disposable-Vape-Wholesale-Watermelon-Bubble-Gum.jpg?resize=800%2C800&#038;ssl=1\" alt=\"RM BAR 9000 Puffs Vape Desechable Sand\u00eda Chicle al por mayor\" width=\"800\" height=\"800\" \/><\/a> <a href=\"https:\/\/i0.wp.com\/www.disposablevapeswholesale.com\/wp-content\/uploads\/2022\/09\/RM-BAR-9000-Puffs-Disposable-Vape-Wholesale-Tropical-Punch.jpg?ssl=1\" target=\"_blank\" rel=\"noopener\"><img data-recalc-dims=\"1\" loading=\"lazy\" decoding=\"async\" class=\"alignnone size-full wp-image-4994\" title=\"RM BAR 9000 Puffs Vape Desechable al por mayor Tropical Punch\" src=\"https:\/\/i0.wp.com\/www.disposablevapeswholesale.com\/wp-content\/uploads\/2022\/09\/RM-BAR-9000-Puffs-Disposable-Vape-Wholesale-Tropical-Punch.jpg?resize=800%2C800&#038;ssl=1\" alt=\"RM BAR 9000 Puffs Vape Desechable al por mayor Tropical Punch\" width=\"800\" height=\"800\" \/><\/a> <a href=\"https:\/\/i0.wp.com\/www.disposablevapeswholesale.com\/wp-content\/uploads\/2022\/09\/RM-BAR-9000-Puffs-Disposable-Vape-Wholesale-Strawberry-Watermelon.jpg?ssl=1\" target=\"_blank\" rel=\"noopener\"><img data-recalc-dims=\"1\" loading=\"lazy\" decoding=\"async\" class=\"alignnone size-full wp-image-4993\" title=\"RM BAR 9000 Puffs Vape Desechable Sand\u00eda Fresa al por mayor\" src=\"https:\/\/i0.wp.com\/www.disposablevapeswholesale.com\/wp-content\/uploads\/2022\/09\/RM-BAR-9000-Puffs-Disposable-Vape-Wholesale-Strawberry-Watermelon.jpg?resize=800%2C800&#038;ssl=1\" alt=\"RM BAR 9000 Puffs Vape Desechable Sand\u00eda Fresa al por mayor\" width=\"800\" height=\"800\" \/><\/a> <a href=\"https:\/\/i0.wp.com\/www.disposablevapeswholesale.com\/wp-content\/uploads\/2022\/09\/RM-BAR-9000-Puffs-Disposable-Vape-Wholesale-Spear-Mint.jpg?ssl=1\" target=\"_blank\" rel=\"noopener\"><img data-recalc-dims=\"1\" loading=\"lazy\" decoding=\"async\" class=\"alignnone size-full wp-image-4992\" title=\"RM BAR 9000 Puffs Vape Desechable Mayorista Spear Mint\" src=\"https:\/\/i0.wp.com\/www.disposablevapeswholesale.com\/wp-content\/uploads\/2022\/09\/RM-BAR-9000-Puffs-Disposable-Vape-Wholesale-Spear-Mint.jpg?resize=800%2C800&#038;ssl=1\" alt=\"RM BAR 9000 Puffs Vape Desechable Mayorista Spear Mint\" width=\"800\" height=\"800\" \/><\/a> <a href=\"https:\/\/i0.wp.com\/www.disposablevapeswholesale.com\/wp-content\/uploads\/2022\/09\/RM-BAR-9000-Puffs-Disposable-Vape-Wholesale-Snow-Cone-Ice.jpg?ssl=1\" target=\"_blank\" rel=\"noopener\"><img data-recalc-dims=\"1\" loading=\"lazy\" decoding=\"async\" class=\"alignnone size-full wp-image-4991\" title=\"RM BAR 9000 Puffs Vape Desechable Snow Cone Ice al por mayor\" src=\"https:\/\/i0.wp.com\/www.disposablevapeswholesale.com\/wp-content\/uploads\/2022\/09\/RM-BAR-9000-Puffs-Disposable-Vape-Wholesale-Snow-Cone-Ice.jpg?resize=800%2C800&#038;ssl=1\" alt=\"RM BAR 9000 Puffs Vape Desechable Snow Cone Ice al por mayor\" width=\"800\" height=\"800\" \/><\/a> <a href=\"https:\/\/i0.wp.com\/www.disposablevapeswholesale.com\/wp-content\/uploads\/2022\/09\/RM-BAR-9000-Puffs-Disposable-Vape-Wholesale-Raspberry-Peach-Ice.jpg?ssl=1\" target=\"_blank\" rel=\"noopener\"><img data-recalc-dims=\"1\" loading=\"lazy\" decoding=\"async\" class=\"alignnone size-full wp-image-4990\" title=\"RM BAR 9000 Puffs Vape Desechable Mayorista Frambuesa Melocot\u00f3n Hielo\" src=\"https:\/\/i0.wp.com\/www.disposablevapeswholesale.com\/wp-content\/uploads\/2022\/09\/RM-BAR-9000-Puffs-Disposable-Vape-Wholesale-Raspberry-Peach-Ice.jpg?resize=800%2C800&#038;ssl=1\" alt=\"RM BAR 9000 Puffs Vape Desechable Mayorista Frambuesa Melocot\u00f3n Hielo\" width=\"800\" height=\"800\" \/><\/a> <a href=\"https:\/\/i0.wp.com\/www.disposablevapeswholesale.com\/wp-content\/uploads\/2022\/09\/RM-BAR-9000-Puffs-Disposable-Vape-Wholesale-Raspberry-Cherry.jpg?ssl=1\" target=\"_blank\" rel=\"noopener\"><img data-recalc-dims=\"1\" loading=\"lazy\" decoding=\"async\" class=\"alignnone size-full wp-image-4989\" title=\"RM BAR 9000 Puffs Vape Desechable Mayorista Frambuesa Cereza\" src=\"https:\/\/i0.wp.com\/www.disposablevapeswholesale.com\/wp-content\/uploads\/2022\/09\/RM-BAR-9000-Puffs-Disposable-Vape-Wholesale-Raspberry-Cherry.jpg?resize=800%2C800&#038;ssl=1\" alt=\"RM BAR 9000 Puffs Vape Desechable Mayorista Frambuesa Cereza\" width=\"800\" height=\"800\" \/><\/a> <a href=\"https:\/\/i0.wp.com\/www.disposablevapeswholesale.com\/wp-content\/uploads\/2022\/09\/RM-BAR-9000-Puffs-Disposable-Vape-Wholesale-Peach-Mango-Watermelon.jpg?ssl=1\" target=\"_blank\" rel=\"noopener\"><img data-recalc-dims=\"1\" loading=\"lazy\" decoding=\"async\" class=\"alignnone size-full wp-image-4987\" title=\"RM BAR 9000 Puffs Vape Desechable Mayorista Melocot\u00f3n Mango Sand\u00eda\" src=\"https:\/\/i0.wp.com\/www.disposablevapeswholesale.com\/wp-content\/uploads\/2022\/09\/RM-BAR-9000-Puffs-Disposable-Vape-Wholesale-Peach-Mango-Watermelon.jpg?resize=800%2C800&#038;ssl=1\" alt=\"RM BAR 9000 Puffs Vape Desechable Mayorista Melocot\u00f3n Mango Sand\u00eda\" width=\"800\" height=\"800\" \/><\/a> <a href=\"https:\/\/i0.wp.com\/www.disposablevapeswholesale.com\/wp-content\/uploads\/2022\/09\/RM-BAR-9000-Puffs-Disposable-Vape-Wholesale-Kiwi-Dragon-Berry.jpg?ssl=1\" target=\"_blank\" rel=\"noopener\"><img data-recalc-dims=\"1\" loading=\"lazy\" decoding=\"async\" class=\"alignnone size-full wp-image-4986\" title=\"RM BAR 9000 Puffs Vape Desechable al por mayor Kiwi Dragon Berry\" src=\"https:\/\/i0.wp.com\/www.disposablevapeswholesale.com\/wp-content\/uploads\/2022\/09\/RM-BAR-9000-Puffs-Disposable-Vape-Wholesale-Kiwi-Dragon-Berry.jpg?resize=800%2C800&#038;ssl=1\" alt=\"RM BAR 9000 Puffs Vape Desechable al por mayor Kiwi Dragon Berry\" width=\"800\" height=\"800\" \/><\/a> <a href=\"https:\/\/i0.wp.com\/www.disposablevapeswholesale.com\/wp-content\/uploads\/2022\/09\/RM-BAR-9000-Puffs-Disposable-Vape-Wholesale-Fuji-Apple-Ice.jpg?ssl=1\" target=\"_blank\" rel=\"noopener\"><img data-recalc-dims=\"1\" loading=\"lazy\" decoding=\"async\" class=\"alignnone size-full wp-image-4985\" title=\"RM BAR 9000 Puffs Vape Desechable al por mayor Fuji Apple Ice\" src=\"https:\/\/i0.wp.com\/www.disposablevapeswholesale.com\/wp-content\/uploads\/2022\/09\/RM-BAR-9000-Puffs-Disposable-Vape-Wholesale-Fuji-Apple-Ice.jpg?resize=800%2C800&#038;ssl=1\" alt=\"RM BAR 9000 Puffs Vape Desechable al por mayor Fuji Apple Ice\" width=\"800\" height=\"800\" \/><\/a> <a href=\"https:\/\/i0.wp.com\/www.disposablevapeswholesale.com\/wp-content\/uploads\/2022\/09\/RM-BAR-9000-Puffs-Disposable-Vape-Wholesale-Fiji-Melons-Ice.jpg?ssl=1\" target=\"_blank\" rel=\"noopener\"><img data-recalc-dims=\"1\" loading=\"lazy\" decoding=\"async\" class=\"alignnone size-full wp-image-4983\" title=\"RM BAR 9000 Puffs Vape Desechable Fiji Melones Hielo al por mayor\" src=\"https:\/\/i0.wp.com\/www.disposablevapeswholesale.com\/wp-content\/uploads\/2022\/09\/RM-BAR-9000-Puffs-Disposable-Vape-Wholesale-Fiji-Melons-Ice.jpg?resize=800%2C800&#038;ssl=1\" alt=\"RM BAR 9000 Puffs Vape Desechable Fiji Melones Hielo al por mayor\" width=\"800\" height=\"800\" \/><\/a> <a href=\"https:\/\/i0.wp.com\/www.disposablevapeswholesale.com\/wp-content\/uploads\/2022\/09\/RM-BAR-9000-Puffs-Disposable-Vape-Wholesale-Energy-Drink.jpg?ssl=1\" target=\"_blank\" rel=\"noopener\"><img data-recalc-dims=\"1\" loading=\"lazy\" decoding=\"async\" class=\"alignnone size-full wp-image-4982\" title=\"RM BAR 9000 Puffs Vape Desechable Bebida Energ\u00e9tica al por mayor\" src=\"https:\/\/i0.wp.com\/www.disposablevapeswholesale.com\/wp-content\/uploads\/2022\/09\/RM-BAR-9000-Puffs-Disposable-Vape-Wholesale-Energy-Drink.jpg?resize=800%2C800&#038;ssl=1\" alt=\"RM BAR 9000 Puffs Vape Desechable Bebida Energ\u00e9tica al por mayor\" width=\"800\" height=\"800\" \/><\/a> <a href=\"https:\/\/i0.wp.com\/www.disposablevapeswholesale.com\/wp-content\/uploads\/2022\/09\/RM-BAR-9000-Puffs-Disposable-Vape-Wholesale-Blue-Razz-Pomegranate.jpg?ssl=1\" target=\"_blank\" rel=\"noopener\"><img data-recalc-dims=\"1\" loading=\"lazy\" decoding=\"async\" class=\"alignnone size-full wp-image-4981\" title=\"RM BAR 9000 Puffs Vape Desechable Mayorista Blue Razz Granada\" src=\"https:\/\/i0.wp.com\/www.disposablevapeswholesale.com\/wp-content\/uploads\/2022\/09\/RM-BAR-9000-Puffs-Disposable-Vape-Wholesale-Blue-Razz-Pomegranate.jpg?resize=800%2C800&#038;ssl=1\" alt=\"RM BAR 9000 Puffs Vape Desechable Mayorista Blue Razz Granada\" width=\"800\" height=\"800\" \/><\/a> <a href=\"https:\/\/i0.wp.com\/www.disposablevapeswholesale.com\/wp-content\/uploads\/2022\/09\/RM-BAR-9000-Puffs-Disposable-Vape-Wholesale-Blue-Raspberry-Ice.jpg?ssl=1\" target=\"_blank\" rel=\"noopener\"><img data-recalc-dims=\"1\" loading=\"lazy\" decoding=\"async\" class=\"alignnone size-full wp-image-4980\" title=\"RM BAR 9000 Puffs Vape Desechable al por mayor Blue Raspberry Ice\" src=\"https:\/\/i0.wp.com\/www.disposablevapeswholesale.com\/wp-content\/uploads\/2022\/09\/RM-BAR-9000-Puffs-Disposable-Vape-Wholesale-Blue-Raspberry-Ice.jpg?resize=800%2C800&#038;ssl=1\" alt=\"RM BAR 9000 Puffs Vape Desechable al por mayor Blue Raspberry Ice\" width=\"800\" height=\"800\" \/><\/a> <a href=\"https:\/\/i0.wp.com\/www.disposablevapeswholesale.com\/wp-content\/uploads\/2022\/09\/RM-BAR-9000-Puffs-Disposable-Vape-Wholesale-Berry-Fusion.jpg?ssl=1\" target=\"_blank\" rel=\"noopener\"><img data-recalc-dims=\"1\" loading=\"lazy\" decoding=\"async\" class=\"alignnone size-full wp-image-4979\" title=\"RM BAR 9000 Puffs Vape Desechable al por mayor Berry Fusion\" src=\"https:\/\/i0.wp.com\/www.disposablevapeswholesale.com\/wp-content\/uploads\/2022\/09\/RM-BAR-9000-Puffs-Disposable-Vape-Wholesale-Berry-Fusion.jpg?resize=800%2C800&#038;ssl=1\" alt=\"RM BAR 9000 Puffs Vape Desechable al por mayor Berry Fusion\" width=\"800\" height=\"800\" \/><\/a> <a href=\"https:\/\/i0.wp.com\/www.disposablevapeswholesale.com\/wp-content\/uploads\/2022\/09\/RM-BAR-9000-Puffs-Disposable-Vape-Wholesale-Rainbow-candy.jpg?ssl=1\" target=\"_blank\" rel=\"noopener\"><img data-recalc-dims=\"1\" loading=\"lazy\" decoding=\"async\" class=\"alignnone size-full wp-image-4988\" title=\"RM BAR 9000 Puffs Vape Desechable Caramelos Rainbow al por mayor\" src=\"https:\/\/i0.wp.com\/www.disposablevapeswholesale.com\/wp-content\/uploads\/2022\/09\/RM-BAR-9000-Puffs-Disposable-Vape-Wholesale-Rainbow-candy.jpg?resize=800%2C800&#038;ssl=1\" alt=\"RM BAR 9000 Puffs Vape Desechable Caramelos Rainbow al por mayor\" width=\"800\" height=\"800\" \/><\/a><\/p>","protected":false},"excerpt":{"rendered":"<p>R&amp;M BAR 9000 Puffs Vape Desechable al por mayor ofrece flujo de aire ajustable, alta capacidad y producci\u00f3n de vapor consistente para experiencias de vapeo personalizables y satisfactorias.<\/p>","protected":false},"featured_media":1358,"comment_status":"closed","ping_status":"closed","template":"","meta":[],"product_brand":[],"product_cat":[22],"product_tag":[280,60,281,256],"class_list":{"0":"post-1192","1":"product","2":"type-product","3":"status-publish","4":"has-post-thumbnail","6":"product_cat-disposable-vape-sticks","7":"product_tag-9000-puffs","8":"product_tag-disposable-vapes","9":"product_tag-rm-bar","10":"product_tag-wholesale","12":"first","13":"instock","14":"shipping-taxable","15":"purchasable","16":"product-type-simple"},"jetpack_sharing_enabled":true,"tiered_pricing_type":"fixed","tiered_pricing_fixed_rules":{"5000":9,"10000":8,"50000":7},"tiered_pricing_product_settings":{"layout":"default","base_unit_name":{"singular":null,"plural":null},"default_variation":null},"tiered_pricing_minimum_quantity":60,"tiered_pricing_roles_data":[],"tiered_pricing_percentage_rules":[],"tiered_pricing_maximum_quantity":null,"tiered_pricing_quantity_step":null,"_links":{"self":[{"href":"https:\/\/cloudsupplyvapes.com\/es\/wp-json\/wp\/v2\/product\/1192","targetHints":{"allow":["GET"]}}],"collection":[{"href":"https:\/\/cloudsupplyvapes.com\/es\/wp-json\/wp\/v2\/product"}],"about":[{"href":"https:\/\/cloudsupplyvapes.com\/es\/wp-json\/wp\/v2\/types\/product"}],"replies":[{"embeddable":true,"href":"https:\/\/cloudsupplyvapes.com\/es\/wp-json\/wp\/v2\/comments?post=1192"}],"wp:featuredmedia":[{"embeddable":true,"href":"https:\/\/cloudsupplyvapes.com\/es\/wp-json\/wp\/v2\/media\/1358"}],"wp:attachment":[{"href":"https:\/\/cloudsupplyvapes.com\/es\/wp-json\/wp\/v2\/media?parent=1192"}],"wp:term":[{"taxonomy":"product_brand","embeddable":true,"href":"https:\/\/cloudsupplyvapes.com\/es\/wp-json\/wp\/v2\/product_brand?post=1192"},{"taxonomy":"product_cat","embeddable":true,"href":"https:\/\/cloudsupplyvapes.com\/es\/wp-json\/wp\/v2\/product_cat?post=1192"},{"taxonomy":"product_tag","embeddable":true,"href":"https:\/\/cloudsupplyvapes.com\/es\/wp-json\/wp\/v2\/product_tag?post=1192"}],"curies":[{"name":"wp","href":"https:\/\/api.w.org\/{rel}","templated":true}]}}