{"id":1193,"date":"2024-10-19T02:18:23","date_gmt":"2024-10-19T02:18:23","guid":{"rendered":"https:\/\/cloudsupplyvapes.com\/?post_type=product&#038;p=1193"},"modified":"2024-11-26T08:38:45","modified_gmt":"2024-11-26T08:38:45","slug":"-52","status":"publish","type":"product","link":"https:\/\/cloudsupplyvapes.com\/es\/product\/lavie-max-cup-8000-puffs-disposable-vape-wholesale\/","title":{"rendered":"LAVIE Max Cup 8000 Puffs Vape desechable al por mayor Vape duradero de larga duraci\u00f3n"},"content":{"rendered":"<p>LAVIE Max Cup 8000 es un vapeador desechable de dise\u00f1o \u00fanico con una forma peque\u00f1a y mona, como una taza de t\u00e9 con leche, bater\u00eda incorporada de 600 mAh de alta capacidad y 20 ml de capacidad de aceite e-l\u00edquido. Puede fumar 8000 caladas con un sabor suave y una variedad de sabores para elegir.<\/p>\n<p>&nbsp;<\/p>\n<h2>Especificaciones del Vape Desechable LAVIE Max Cup 8000:<\/h2>\n<p>Marca: LAVIE<\/p>\n<p>Puffs:8000 Puffs disponibles por dispositivo.<\/p>\n<p>Nicotine:0%\/2%\/5%<\/p>\n<p>Capacidad del E-jugo:20ML<\/p>\n<p>Bater\u00eda:600mAh<\/p>\n<p>&nbsp;<\/p>\n<h2>Sabores<\/h2>\n<p>Leche de pl\u00e1tano<\/p>\n<p>Cola Ice<\/p>\n<p>Bebida energ\u00e9tica<\/p>\n<p>Hielo de uva<\/p>\n<p>Hielo exuberante<\/p>\n<p>Mango Ice<\/p>\n<p>Hielo de menta<\/p>\n<p>Crema Socola<\/p>\n<p>Taro Ice<\/p>\n<p>&nbsp;<\/p>\n<h2>Embalaje y peso<\/h2>\n<p>0,1KG\/PCS, Individual con paquete peque\u00f1o, 10 piezas en caja mediana.<\/p>\n<p>200PCS en el cart\u00f3n principal, 20KG.<\/p>\n<p><a href=\"https:\/\/i0.wp.com\/www.disposablevapeswholesale.com\/wp-content\/uploads\/2022\/09\/LAVIE-Max-Cup-8000-Puffs-Disposable-Vape-Wholesale.jpg?ssl=1\" target=\"_blank\" rel=\"noopener\"><img data-recalc-dims=\"1\" loading=\"lazy\" decoding=\"async\" class=\"alignnone size-full wp-image-4939\" title=\"LAVIE Max Cup 8000 Puffs Vape desechable al por mayor\" src=\"https:\/\/i0.wp.com\/www.disposablevapeswholesale.com\/wp-content\/uploads\/2022\/09\/LAVIE-Max-Cup-8000-Puffs-Disposable-Vape-Wholesale.jpg?resize=800%2C333&#038;ssl=1\" alt=\"LAVIE Max Cup 8000 Puffs Vape desechable al por mayor\" width=\"800\" height=\"333\" \/><\/a> <a href=\"https:\/\/i0.wp.com\/www.disposablevapeswholesale.com\/wp-content\/uploads\/2022\/09\/LAVIE-Max-Cup-8000-Puffs-Disposable-Vape-Wholesale-Flavors.jpg?ssl=1\" target=\"_blank\" rel=\"noopener\"><img data-recalc-dims=\"1\" loading=\"lazy\" decoding=\"async\" class=\"alignnone size-full wp-image-4921\" title=\"LAVIE Max Cup 8000 Puffs Vape Desechable Mayorista Sabores\" src=\"https:\/\/i0.wp.com\/www.disposablevapeswholesale.com\/wp-content\/uploads\/2022\/09\/LAVIE-Max-Cup-8000-Puffs-Disposable-Vape-Wholesale-Flavors.jpg?resize=800%2C800&#038;ssl=1\" alt=\"LAVIE Max Cup 8000 Puffs Vape Desechable Mayorista Sabores\" width=\"800\" height=\"800\" \/><\/a> <a href=\"https:\/\/i0.wp.com\/www.disposablevapeswholesale.com\/wp-content\/uploads\/2022\/09\/LAVIE-Max-Cup-8000-Puffs-Disposable-Vape-Wholesale-All-Flavors.jpg?ssl=1\" target=\"_blank\" rel=\"noopener\"><img data-recalc-dims=\"1\" loading=\"lazy\" decoding=\"async\" class=\"alignnone size-full wp-image-4913\" title=\"LAVIE Max Cup 8000 Puffs Vape Desechable Mayorista Todos los Sabores\" src=\"https:\/\/i0.wp.com\/www.disposablevapeswholesale.com\/wp-content\/uploads\/2022\/09\/LAVIE-Max-Cup-8000-Puffs-Disposable-Vape-Wholesale-All-Flavors.jpg?resize=800%2C800&#038;ssl=1\" alt=\"LAVIE Max Cup 8000 Puffs Vape Desechable Mayorista Todos los Sabores\" width=\"800\" height=\"800\" \/><\/a> <a href=\"https:\/\/i0.wp.com\/www.disposablevapeswholesale.com\/wp-content\/uploads\/2022\/09\/LAVIE-Max-Cup-8000-Puffs-Disposable-Vape-Wholesale-Describe.jpg?ssl=1\" target=\"_blank\" rel=\"noopener\"><img data-recalc-dims=\"1\" loading=\"lazy\" decoding=\"async\" class=\"alignnone size-full wp-image-4918\" title=\"LAVIE Max Cup 8000 Puffs Vape Desechable Mayorista Describe\" src=\"https:\/\/i0.wp.com\/www.disposablevapeswholesale.com\/wp-content\/uploads\/2022\/09\/LAVIE-Max-Cup-8000-Puffs-Disposable-Vape-Wholesale-Describe.jpg?resize=800%2C800&#038;ssl=1\" alt=\"LAVIE Max Cup 8000 Puffs Vape Desechable Mayorista Describe\" width=\"800\" height=\"800\" \/><\/a> <a href=\"https:\/\/i0.wp.com\/www.disposablevapeswholesale.com\/wp-content\/uploads\/2022\/09\/LAVIE-Max-Cup-8000-Puffs-Disposable-Vape-Wholesale-5-Flavors.jpg?ssl=1\" target=\"_blank\" rel=\"noopener\"><img data-recalc-dims=\"1\" loading=\"lazy\" decoding=\"async\" class=\"alignnone size-full wp-image-4912\" title=\"LAVIE Max Cup 8000 Puffs Vape Desechable Mayorista 5 Sabores\" src=\"https:\/\/i0.wp.com\/www.disposablevapeswholesale.com\/wp-content\/uploads\/2022\/09\/LAVIE-Max-Cup-8000-Puffs-Disposable-Vape-Wholesale-5-Flavors.jpg?resize=800%2C800&#038;ssl=1\" alt=\"LAVIE Max Cup 8000 Puffs Vape Desechable Mayorista 5 Sabores\" width=\"800\" height=\"800\" \/><\/a> <a href=\"https:\/\/i0.wp.com\/www.disposablevapeswholesale.com\/wp-content\/uploads\/2022\/09\/LAVIE-Max-Cup-8000-Puffs-Disposable-Vape-Wholesale-Scense.jpg?ssl=1\" target=\"_blank\" rel=\"noopener\"><img data-recalc-dims=\"1\" loading=\"lazy\" decoding=\"async\" class=\"alignnone size-full wp-image-4933\" title=\"LAVIE Max Cup 8000 Puffs Vape Desechable Scense al por mayor\" src=\"https:\/\/i0.wp.com\/www.disposablevapeswholesale.com\/wp-content\/uploads\/2022\/09\/LAVIE-Max-Cup-8000-Puffs-Disposable-Vape-Wholesale-Scense.jpg?resize=800%2C800&#038;ssl=1\" alt=\"LAVIE Max Cup 8000 Puffs Vape Desechable Scense al por mayor\" width=\"800\" height=\"800\" \/><\/a> <a href=\"https:\/\/i0.wp.com\/www.disposablevapeswholesale.com\/wp-content\/uploads\/2022\/09\/LAVIE-Max-Cup-8000-Puffs-Disposable-Vape-Wholesale-Pakage.jpg?ssl=1\" target=\"_blank\" rel=\"noopener\"><img data-recalc-dims=\"1\" loading=\"lazy\" decoding=\"async\" class=\"alignnone size-full wp-image-4932\" title=\"LAVIE Max Cup 8000 Puffs Vape Desechable Paquete al por mayor\" src=\"https:\/\/i0.wp.com\/www.disposablevapeswholesale.com\/wp-content\/uploads\/2022\/09\/LAVIE-Max-Cup-8000-Puffs-Disposable-Vape-Wholesale-Pakage.jpg?resize=800%2C800&#038;ssl=1\" alt=\"LAVIE Max Cup 8000 Puffs Vape Desechable Paquete al por mayor\" width=\"800\" height=\"800\" \/><\/a> <a href=\"https:\/\/i0.wp.com\/www.disposablevapeswholesale.com\/wp-content\/uploads\/2022\/09\/LAVIE-Max-Cup-8000-Puffs-Disposable-Vape-Wholesale-Usage-Scenarios.jpg?ssl=1\" target=\"_blank\" rel=\"noopener\"><img data-recalc-dims=\"1\" loading=\"lazy\" decoding=\"async\" class=\"alignnone size-full wp-image-4938\" title=\"LAVIE Max Cup 8000 Puffs Vape Desechable Mayorista Escenarios de Uso\" src=\"https:\/\/i0.wp.com\/www.disposablevapeswholesale.com\/wp-content\/uploads\/2022\/09\/LAVIE-Max-Cup-8000-Puffs-Disposable-Vape-Wholesale-Usage-Scenarios.jpg?resize=800%2C800&#038;ssl=1\" alt=\"LAVIE Max Cup 8000 Puffs Vape Desechable Mayorista Escenarios de Uso\" width=\"800\" height=\"800\" \/><\/a> <a href=\"https:\/\/i0.wp.com\/www.disposablevapeswholesale.com\/wp-content\/uploads\/2022\/09\/LAVIE-Max-Cup-8000-Puffs-Disposable-Vape-Wholesale-Taro-Ice.jpg?ssl=1\" target=\"_blank\" rel=\"noopener\"><img data-recalc-dims=\"1\" loading=\"lazy\" decoding=\"async\" class=\"alignnone size-full wp-image-4937\" title=\"LAVIE Max Cup 8000 Puffs Vape Desechable Taro Ice al por mayor\" src=\"https:\/\/i0.wp.com\/www.disposablevapeswholesale.com\/wp-content\/uploads\/2022\/09\/LAVIE-Max-Cup-8000-Puffs-Disposable-Vape-Wholesale-Taro-Ice.jpg?resize=800%2C800&#038;ssl=1\" alt=\"LAVIE Max Cup 8000 Puffs Vape Desechable Taro Ice al por mayor\" width=\"800\" height=\"800\" \/><\/a> <a href=\"https:\/\/i0.wp.com\/www.disposablevapeswholesale.com\/wp-content\/uploads\/2022\/09\/LAVIE-Max-Cup-8000-Puffs-Disposable-Vape-Wholesale-Socola-Cream.jpg?ssl=1\" target=\"_blank\" rel=\"noopener\"><img data-recalc-dims=\"1\" loading=\"lazy\" decoding=\"async\" class=\"alignnone size-full wp-image-4935\" title=\"LAVIE Max Cup 8000 Puffs Vape Desechable Crema de Socola al por mayor\" src=\"https:\/\/i0.wp.com\/www.disposablevapeswholesale.com\/wp-content\/uploads\/2022\/09\/LAVIE-Max-Cup-8000-Puffs-Disposable-Vape-Wholesale-Socola-Cream.jpg?resize=800%2C800&#038;ssl=1\" alt=\"LAVIE Max Cup 8000 Puffs Vape Desechable Crema de Socola al por mayor\" width=\"800\" height=\"800\" \/><\/a> <a href=\"https:\/\/i0.wp.com\/www.disposablevapeswholesale.com\/wp-content\/uploads\/2022\/09\/LAVIE-Max-Cup-8000-Puffs-Disposable-Vape-Wholesale-Mint-Ice.jpg?ssl=1\" target=\"_blank\" rel=\"noopener\"><img data-recalc-dims=\"1\" loading=\"lazy\" decoding=\"async\" class=\"alignnone size-full wp-image-4931\" title=\"LAVIE Max Cup 8000 Puffs Vape Desechable Menta Hielo al por mayor\" src=\"https:\/\/i0.wp.com\/www.disposablevapeswholesale.com\/wp-content\/uploads\/2022\/09\/LAVIE-Max-Cup-8000-Puffs-Disposable-Vape-Wholesale-Mint-Ice.jpg?resize=800%2C800&#038;ssl=1\" alt=\"LAVIE Max Cup 8000 Puffs Vape Desechable Menta Hielo al por mayor\" width=\"800\" height=\"800\" \/><\/a> <a href=\"https:\/\/i0.wp.com\/www.disposablevapeswholesale.com\/wp-content\/uploads\/2022\/09\/LAVIE-Max-Cup-8000-Puffs-Disposable-Vape-Wholesale-Mango-Strawberry-Ice.jpg?ssl=1\" target=\"_blank\" rel=\"noopener\"><img data-recalc-dims=\"1\" loading=\"lazy\" decoding=\"async\" class=\"alignnone size-full wp-image-4929\" title=\"LAVIE Max Cup 8000 Puffs Vape Desechable Mayorista Mango Fresa Hielo\" src=\"https:\/\/i0.wp.com\/www.disposablevapeswholesale.com\/wp-content\/uploads\/2022\/09\/LAVIE-Max-Cup-8000-Puffs-Disposable-Vape-Wholesale-Mango-Strawberry-Ice.jpg?resize=800%2C800&#038;ssl=1\" alt=\"LAVIE Max Cup 8000 Puffs Vape Desechable Mayorista Mango Fresa Hielo\" width=\"800\" height=\"800\" \/><\/a> <a href=\"https:\/\/i0.wp.com\/www.disposablevapeswholesale.com\/wp-content\/uploads\/2022\/09\/LAVIE-Max-Cup-8000-Puffs-Disposable-Vape-Wholesale-Mango-Ice.jpg?ssl=1\" target=\"_blank\" rel=\"noopener\"><img data-recalc-dims=\"1\" loading=\"lazy\" decoding=\"async\" class=\"alignnone size-full wp-image-4927\" title=\"LAVIE Max Cup 8000 Puffs Vape Desechable Mayorista Mango Ice\" src=\"https:\/\/i0.wp.com\/www.disposablevapeswholesale.com\/wp-content\/uploads\/2022\/09\/LAVIE-Max-Cup-8000-Puffs-Disposable-Vape-Wholesale-Mango-Ice.jpg?resize=800%2C800&#038;ssl=1\" alt=\"LAVIE Max Cup 8000 Puffs Vape Desechable Mayorista Mango Ice\" width=\"800\" height=\"800\" \/><\/a> <a href=\"https:\/\/i0.wp.com\/www.disposablevapeswholesale.com\/wp-content\/uploads\/2022\/09\/LAVIE-Max-Cup-8000-Puffs-Disposable-Vape-Wholesale-Lush-Ice.jpg?ssl=1\" target=\"_blank\" rel=\"noopener\"><img data-recalc-dims=\"1\" loading=\"lazy\" decoding=\"async\" class=\"alignnone size-full wp-image-4925\" title=\"LAVIE Max Cup 8000 Puffs Vape Desechable Lush Ice al por mayor\" src=\"https:\/\/i0.wp.com\/www.disposablevapeswholesale.com\/wp-content\/uploads\/2022\/09\/LAVIE-Max-Cup-8000-Puffs-Disposable-Vape-Wholesale-Lush-Ice.jpg?resize=800%2C800&#038;ssl=1\" alt=\"LAVIE Max Cup 8000 Puffs Vape Desechable Lush Ice al por mayor\" width=\"800\" height=\"800\" \/><\/a> <a href=\"https:\/\/i0.wp.com\/www.disposablevapeswholesale.com\/wp-content\/uploads\/2022\/09\/LAVIE-Max-Cup-8000-Puffs-Disposable-Vape-Wholesale-Grape-Ice.jpg?ssl=1\" target=\"_blank\" rel=\"noopener\"><img data-recalc-dims=\"1\" loading=\"lazy\" decoding=\"async\" class=\"alignnone size-full wp-image-4923\" title=\"LAVIE Max Cup 8000 Puffs Vape Desechable Mayorista Grape Ice\" src=\"https:\/\/i0.wp.com\/www.disposablevapeswholesale.com\/wp-content\/uploads\/2022\/09\/LAVIE-Max-Cup-8000-Puffs-Disposable-Vape-Wholesale-Grape-Ice.jpg?resize=800%2C800&#038;ssl=1\" alt=\"LAVIE Max Cup 8000 Puffs Vape Desechable Mayorista Grape Ice\" width=\"800\" height=\"800\" \/><\/a> <a href=\"https:\/\/i0.wp.com\/www.disposablevapeswholesale.com\/wp-content\/uploads\/2022\/09\/LAVIE-Max-Cup-8000-Puffs-Disposable-Vape-Wholesale-Energy-Drink.jpg?ssl=1\" target=\"_blank\" rel=\"noopener\"><img data-recalc-dims=\"1\" loading=\"lazy\" decoding=\"async\" class=\"alignnone size-full wp-image-4920\" title=\"LAVIE Max Cup 8000 Puffs Vape Desechable Bebida Energ\u00e9tica al por mayor\" src=\"https:\/\/i0.wp.com\/www.disposablevapeswholesale.com\/wp-content\/uploads\/2022\/09\/LAVIE-Max-Cup-8000-Puffs-Disposable-Vape-Wholesale-Energy-Drink.jpg?resize=800%2C800&#038;ssl=1\" alt=\"LAVIE Max Cup 8000 Puffs Vape Desechable Bebida Energ\u00e9tica al por mayor\" width=\"800\" height=\"800\" \/><\/a> <a href=\"https:\/\/i0.wp.com\/www.disposablevapeswholesale.com\/wp-content\/uploads\/2022\/09\/LAVIE-Max-Cup-8000-Puffs-Disposable-Vape-Wholesale-Cola-Ice.jpg?ssl=1\" target=\"_blank\" rel=\"noopener\"><img data-recalc-dims=\"1\" loading=\"lazy\" decoding=\"async\" class=\"alignnone size-full wp-image-4917\" title=\"LAVIE Max Cup 8000 Puffs Vape Desechable Mayorista Cola Ice\" src=\"https:\/\/i0.wp.com\/www.disposablevapeswholesale.com\/wp-content\/uploads\/2022\/09\/LAVIE-Max-Cup-8000-Puffs-Disposable-Vape-Wholesale-Cola-Ice.jpg?resize=800%2C800&#038;ssl=1\" alt=\"LAVIE Max Cup 8000 Puffs Vape Desechable Mayorista Cola Ice\" width=\"800\" height=\"800\" \/><\/a> <a href=\"https:\/\/i0.wp.com\/www.disposablevapeswholesale.com\/wp-content\/uploads\/2022\/09\/LAVIE-Max-Cup-8000-Puffs-Disposable-Vape-Wholesale-Banana-Milk.jpg?ssl=1\" target=\"_blank\" rel=\"noopener\"><img data-recalc-dims=\"1\" loading=\"lazy\" decoding=\"async\" class=\"alignnone size-full wp-image-4915\" title=\"LAVIE Max Cup 8000 Puffs Vape Desechable Leche de Pl\u00e1tano al por mayor\" src=\"https:\/\/i0.wp.com\/www.disposablevapeswholesale.com\/wp-content\/uploads\/2022\/09\/LAVIE-Max-Cup-8000-Puffs-Disposable-Vape-Wholesale-Banana-Milk.jpg?resize=800%2C800&#038;ssl=1\" alt=\"LAVIE Max Cup 8000 Puffs Vape Desechable Leche de Pl\u00e1tano al por mayor\" width=\"800\" height=\"800\" \/><\/a><\/p>\n<p><a href=\"https:\/\/i0.wp.com\/www.disposablevapeswholesale.com\/wp-content\/uploads\/2022\/09\/LAVIE-Max-Cup-8000-Puffs-Disposable-Vape-Wholesale-Mint-Ice-Flavors.jpg?ssl=1\" target=\"_blank\" rel=\"noopener\"><img data-recalc-dims=\"1\" loading=\"lazy\" decoding=\"async\" class=\"alignnone size-full wp-image-4930\" title=\"LAVIE Max Cup 8000 Puffs Vape Desechable Mayorista Mint Ice Flavors\" src=\"https:\/\/i0.wp.com\/www.disposablevapeswholesale.com\/wp-content\/uploads\/2022\/09\/LAVIE-Max-Cup-8000-Puffs-Disposable-Vape-Wholesale-Mint-Ice-Flavors.jpg?resize=800%2C800&#038;ssl=1\" alt=\"LAVIE Max Cup 8000 Puffs Vape Desechable Mayorista Mint Ice Flavors\" width=\"800\" height=\"800\" \/><\/a> <a href=\"https:\/\/i0.wp.com\/www.disposablevapeswholesale.com\/wp-content\/uploads\/2022\/09\/LAVIE-Max-Cup-8000-Puffs-Disposable-Vape-Wholesale-Mango-Strawberry-Ice-Pakage.jpg?ssl=1\" target=\"_blank\" rel=\"noopener\"><img data-recalc-dims=\"1\" loading=\"lazy\" decoding=\"async\" class=\"alignnone size-full wp-image-4928\" title=\"LAVIE Max Cup 8000 Puffs Vape Desechable Mayorista Mango Fresa Hielo Pakage\" src=\"https:\/\/i0.wp.com\/www.disposablevapeswholesale.com\/wp-content\/uploads\/2022\/09\/LAVIE-Max-Cup-8000-Puffs-Disposable-Vape-Wholesale-Mango-Strawberry-Ice-Pakage.jpg?resize=800%2C800&#038;ssl=1\" alt=\"LAVIE Max Cup 8000 Puffs Vape Desechable Mayorista Mango Fresa Hielo Pakage\" width=\"800\" height=\"800\" \/><\/a> <a href=\"https:\/\/i0.wp.com\/www.disposablevapeswholesale.com\/wp-content\/uploads\/2022\/09\/LAVIE-Max-Cup-8000-Puffs-Disposable-Vape-Wholesale-Mango-Ice-Flavors.jpg?ssl=1\" target=\"_blank\" rel=\"noopener\"><img data-recalc-dims=\"1\" loading=\"lazy\" decoding=\"async\" class=\"alignnone size-full wp-image-4926\" title=\"LAVIE Max Cup 8000 Puffs Vape Desechable Mayorista Sabor Mango Ice\" src=\"https:\/\/i0.wp.com\/www.disposablevapeswholesale.com\/wp-content\/uploads\/2022\/09\/LAVIE-Max-Cup-8000-Puffs-Disposable-Vape-Wholesale-Mango-Ice-Flavors.jpg?resize=800%2C800&#038;ssl=1\" alt=\"LAVIE Max Cup 8000 Puffs Vape Desechable Mayorista Sabor Mango Ice\" width=\"800\" height=\"800\" \/><\/a> <a href=\"https:\/\/i0.wp.com\/www.disposablevapeswholesale.com\/wp-content\/uploads\/2022\/09\/LAVIE-Max-Cup-8000-Puffs-Disposable-Vape-Wholesale-Lush-Ice-Pakage.jpg?ssl=1\" target=\"_blank\" rel=\"noopener\"><img data-recalc-dims=\"1\" loading=\"lazy\" decoding=\"async\" class=\"alignnone size-full wp-image-4924\" title=\"LAVIE Max Cup 8000 Puffs Vape Desechable Mayorista Lush Ice Pakage\" src=\"https:\/\/i0.wp.com\/www.disposablevapeswholesale.com\/wp-content\/uploads\/2022\/09\/LAVIE-Max-Cup-8000-Puffs-Disposable-Vape-Wholesale-Lush-Ice-Pakage.jpg?resize=800%2C800&#038;ssl=1\" alt=\"LAVIE Max Cup 8000 Puffs Vape Desechable Mayorista Lush Ice Pakage\" width=\"800\" height=\"800\" \/><\/a> <a href=\"https:\/\/i0.wp.com\/www.disposablevapeswholesale.com\/wp-content\/uploads\/2022\/09\/LAVIE-Max-Cup-8000-Puffs-Disposable-Vape-Wholesale-Grape-Ice-Pakage.jpg?ssl=1\" target=\"_blank\" rel=\"noopener\"><img data-recalc-dims=\"1\" loading=\"lazy\" decoding=\"async\" class=\"alignnone size-full wp-image-4922\" title=\"LAVIE Max Cup 8000 Puffs Vape Desechable Mayorista Grape Ice Pakage\" src=\"https:\/\/i0.wp.com\/www.disposablevapeswholesale.com\/wp-content\/uploads\/2022\/09\/LAVIE-Max-Cup-8000-Puffs-Disposable-Vape-Wholesale-Grape-Ice-Pakage.jpg?resize=800%2C800&#038;ssl=1\" alt=\"LAVIE Max Cup 8000 Puffs Vape Desechable Mayorista Grape Ice Pakage\" width=\"800\" height=\"800\" \/><\/a> <a href=\"https:\/\/i0.wp.com\/www.disposablevapeswholesale.com\/wp-content\/uploads\/2022\/09\/LAVIE-Max-Cup-8000-Puffs-Disposable-Vape-Wholesale-Energy-Drink-Pakage.jpg?ssl=1\" target=\"_blank\" rel=\"noopener\"><img data-recalc-dims=\"1\" loading=\"lazy\" decoding=\"async\" class=\"alignnone size-full wp-image-4919\" title=\"LAVIE Max Cup 8000 Puffs Vape Desechable Mayorista Bebida Energ\u00e9tica Pakage\" src=\"https:\/\/i0.wp.com\/www.disposablevapeswholesale.com\/wp-content\/uploads\/2022\/09\/LAVIE-Max-Cup-8000-Puffs-Disposable-Vape-Wholesale-Energy-Drink-Pakage.jpg?resize=800%2C800&#038;ssl=1\" alt=\"LAVIE Max Cup 8000 Puffs Vape Desechable Mayorista Bebida Energ\u00e9tica Pakage\" width=\"800\" height=\"800\" \/><\/a> <a href=\"https:\/\/i0.wp.com\/www.disposablevapeswholesale.com\/wp-content\/uploads\/2022\/09\/LAVIE-Max-Cup-8000-Puffs-Disposable-Vape-Wholesale-Cola-Ice-Pakage.jpg?ssl=1\" target=\"_blank\" rel=\"noopener\"><img data-recalc-dims=\"1\" loading=\"lazy\" decoding=\"async\" class=\"alignnone size-full wp-image-4916\" title=\"LAVIE Max Cup 8000 Puffs Vape Desechable Mayorista Cola Ice Pakage\" src=\"https:\/\/i0.wp.com\/www.disposablevapeswholesale.com\/wp-content\/uploads\/2022\/09\/LAVIE-Max-Cup-8000-Puffs-Disposable-Vape-Wholesale-Cola-Ice-Pakage.jpg?resize=800%2C800&#038;ssl=1\" alt=\"LAVIE Max Cup 8000 Puffs Vape Desechable Mayorista Cola Ice Pakage\" width=\"800\" height=\"800\" \/><\/a> <a href=\"https:\/\/i0.wp.com\/www.disposablevapeswholesale.com\/wp-content\/uploads\/2022\/09\/LAVIE-Max-Cup-8000-Puffs-Disposable-Vape-Wholesale-Banana-Milk-Pakage.jpg?ssl=1\" target=\"_blank\" rel=\"noopener\"><img data-recalc-dims=\"1\" loading=\"lazy\" decoding=\"async\" class=\"alignnone size-full wp-image-4914\" title=\"LAVIE Max Cup 8000 Puffs Vape Desechable Mayorista Leche de Pl\u00e1tano Pakage\" src=\"https:\/\/i0.wp.com\/www.disposablevapeswholesale.com\/wp-content\/uploads\/2022\/09\/LAVIE-Max-Cup-8000-Puffs-Disposable-Vape-Wholesale-Banana-Milk-Pakage.jpg?resize=800%2C800&#038;ssl=1\" alt=\"LAVIE Max Cup 8000 Puffs Vape Desechable Mayorista Leche de Pl\u00e1tano Pakage\" width=\"800\" height=\"800\" \/><\/a><\/p>","protected":false},"excerpt":{"rendered":"<p>LAVIE Max Cup 8000 Puffs Vape desechable al por mayor ofrece una construcci\u00f3n duradera, bater\u00eda de larga duraci\u00f3n, y una salida de vapor consistente para sesiones de vapeo satisfactorias y fiables.<\/p>","protected":false},"featured_media":1368,"comment_status":"closed","ping_status":"closed","template":"","meta":[],"product_brand":[],"product_cat":[22],"product_tag":[272,60,282,256],"class_list":{"0":"post-1193","1":"product","2":"type-product","3":"status-publish","4":"has-post-thumbnail","6":"product_cat-disposable-vape-sticks","7":"product_tag-8000-puffs","8":"product_tag-disposable-vapes","9":"product_tag-lavie-max-cup","10":"product_tag-wholesale","12":"first","13":"instock","14":"shipping-taxable","15":"purchasable","16":"product-type-simple"},"jetpack_sharing_enabled":true,"tiered_pricing_type":"fixed","tiered_pricing_fixed_rules":{"5000":10,"10000":9,"50000":8},"tiered_pricing_product_settings":{"layout":"default","base_unit_name":{"singular":null,"plural":null},"default_variation":null},"tiered_pricing_minimum_quantity":60,"tiered_pricing_roles_data":[],"tiered_pricing_percentage_rules":[],"tiered_pricing_maximum_quantity":null,"tiered_pricing_quantity_step":null,"_links":{"self":[{"href":"https:\/\/cloudsupplyvapes.com\/es\/wp-json\/wp\/v2\/product\/1193","targetHints":{"allow":["GET"]}}],"collection":[{"href":"https:\/\/cloudsupplyvapes.com\/es\/wp-json\/wp\/v2\/product"}],"about":[{"href":"https:\/\/cloudsupplyvapes.com\/es\/wp-json\/wp\/v2\/types\/product"}],"replies":[{"embeddable":true,"href":"https:\/\/cloudsupplyvapes.com\/es\/wp-json\/wp\/v2\/comments?post=1193"}],"wp:featuredmedia":[{"embeddable":true,"href":"https:\/\/cloudsupplyvapes.com\/es\/wp-json\/wp\/v2\/media\/1368"}],"wp:attachment":[{"href":"https:\/\/cloudsupplyvapes.com\/es\/wp-json\/wp\/v2\/media?parent=1193"}],"wp:term":[{"taxonomy":"product_brand","embeddable":true,"href":"https:\/\/cloudsupplyvapes.com\/es\/wp-json\/wp\/v2\/product_brand?post=1193"},{"taxonomy":"product_cat","embeddable":true,"href":"https:\/\/cloudsupplyvapes.com\/es\/wp-json\/wp\/v2\/product_cat?post=1193"},{"taxonomy":"product_tag","embeddable":true,"href":"https:\/\/cloudsupplyvapes.com\/es\/wp-json\/wp\/v2\/product_tag?post=1193"}],"curies":[{"name":"wp","href":"https:\/\/api.w.org\/{rel}","templated":true}]}}