{"id":1195,"date":"2024-10-19T02:18:23","date_gmt":"2024-10-19T02:18:23","guid":{"rendered":"https:\/\/cloudsupplyvapes.com\/?post_type=product&#038;p=1195"},"modified":"2024-11-26T08:39:20","modified_gmt":"2024-11-26T08:39:20","slug":"-54","status":"publish","type":"product","link":"https:\/\/cloudsupplyvapes.com\/es\/product\/vapeak-grand-5000-puffs-disposable-vape-wholesale\/","title":{"rendered":"VAPEAK GRAND 5000 Puffs Vape desechable al por mayor Vape de gran capacidad y larga duraci\u00f3n"},"content":{"rendered":"<p>VAPEAK GRAND 5000 es un vapeador desechable recargable de dise\u00f1o \u00fanico con una bater\u00eda incorporada de 850 mAh de alta capacidad, 15 ml de capacidad de aceite e-l\u00edquido, Una bobina de malla tiene un perfil plano, promoviendo un calentamiento uniforme y ayudando a evitar que se queme, puede fumar 5000 bocanadas, suave y f\u00e1cil de usar, con una variedad de sabores para elegir.<\/p>\n<p>&nbsp;<\/p>\n<h2>Especificaciones del Vape Desechable VAPEAK GRAND 5000:<\/h2>\n<p>Marca: VAPEAK<\/p>\n<p>Puffs:5000 Puffs disponibles por dispositivo.<\/p>\n<p>Nicotina:5%<\/p>\n<p>Capacidad del E-jugo:15ML<\/p>\n<p>Bater\u00eda:850mAh<\/p>\n<p>Puerto de carga:Tipo C<\/p>\n<p>&nbsp;<\/p>\n<h2>Sabores<\/h2>\n<p>Aloe Uva<\/p>\n<p>Grosella negra mentolada<\/p>\n<p>Chicle de ar\u00e1ndanos<\/p>\n<p>Blue Razz<\/p>\n<p>Helado de melazo<\/p>\n<p>Mango Ice<\/p>\n<p>T\u00e9 helado de melocot\u00f3n y menta<\/p>\n<p>Limonada rosa<\/p>\n<p>Lichi rosa<\/p>\n<p>Fresa Kiwi Granada<\/p>\n<p>Yogur de fresa<\/p>\n<p>Hielo de sand\u00eda<\/p>\n<p>&nbsp;<\/p>\n<h2>Embalaje y peso<\/h2>\n<p>0,086KG\/PCS, Individual con paquete peque\u00f1o, 6 piezas en caja mediana.<\/p>\n<p>174PCS en el cart\u00f3n principal, 14.9KG.<\/p>\n<p><a href=\"https:\/\/i0.wp.com\/www.disposablevapeswholesale.com\/wp-content\/uploads\/2022\/08\/VAPEAK-GRAND-5000-Puffs-Disposable-Vape-Wholesale-Watermelon-IceRose-Lychee-Flavors.jpg?ssl=1\" target=\"_blank\" rel=\"noopener\"><img data-recalc-dims=\"1\" loading=\"lazy\" decoding=\"async\" class=\"alignnone size-full wp-image-4820\" title=\"VAPEAK GRAND 5000 Puffs Vape Desechable Mayorista Sandia HieloRosa Lichi Sabores\" src=\"https:\/\/i0.wp.com\/www.disposablevapeswholesale.com\/wp-content\/uploads\/2022\/08\/VAPEAK-GRAND-5000-Puffs-Disposable-Vape-Wholesale-Watermelon-IceRose-Lychee-Flavors.jpg?resize=800%2C450&#038;ssl=1\" alt=\"VAPEAK GRAND 5000 Puffs Vape Desechable Mayorista Sandia HieloRosa Lichi Sabores\" width=\"800\" height=\"450\" \/><\/a> <a href=\"https:\/\/i0.wp.com\/www.disposablevapeswholesale.com\/wp-content\/uploads\/2022\/08\/VAPEAK-GRAND-5000-Puffs-Disposable-Vape-Wholesale-Rose-Lychee-Battery.jpg?ssl=1\" target=\"_blank\" rel=\"noopener\"><img data-recalc-dims=\"1\" loading=\"lazy\" decoding=\"async\" class=\"alignnone size-full wp-image-4814\" title=\"VAPEAK GRAND 5000 Puffs Vape Desechable Bater\u00eda Rosa Lichi al por mayor\" src=\"https:\/\/i0.wp.com\/www.disposablevapeswholesale.com\/wp-content\/uploads\/2022\/08\/VAPEAK-GRAND-5000-Puffs-Disposable-Vape-Wholesale-Rose-Lychee-Battery.jpg?resize=800%2C449&#038;ssl=1\" alt=\"VAPEAK GRAND 5000 Puffs Vape Desechable Bater\u00eda Rosa Lichi al por mayor\" width=\"800\" height=\"449\" \/><\/a> <a href=\"https:\/\/i0.wp.com\/www.disposablevapeswholesale.com\/wp-content\/uploads\/2022\/08\/VAPEAK-GRAND-5000-Puffs-Disposable-Vape-Wholesale-Mango-Ice-Mesh-Coli.jpg?ssl=1\" target=\"_blank\" rel=\"noopener\"><img data-recalc-dims=\"1\" loading=\"lazy\" decoding=\"async\" class=\"alignnone size-full wp-image-4810\" title=\"VAPEAK GRAND 5000 Puffs Vape Desechable Mayorista Mango Ice Mesh Coli\" src=\"https:\/\/i0.wp.com\/www.disposablevapeswholesale.com\/wp-content\/uploads\/2022\/08\/VAPEAK-GRAND-5000-Puffs-Disposable-Vape-Wholesale-Mango-Ice-Mesh-Coli.jpg?resize=800%2C448&#038;ssl=1\" alt=\"VAPEAK GRAND 5000 Puffs Vape Desechable Mayorista Mango Ice Mesh Coli\" width=\"800\" height=\"448\" \/><\/a> <a href=\"https:\/\/i0.wp.com\/www.disposablevapeswholesale.com\/wp-content\/uploads\/2022\/08\/VAPEAK-GRAND-5000-Puffs-Disposable-Vape-Wholesale-Mango-Ice-Describe.jpg?ssl=1\" target=\"_blank\" rel=\"noopener\"><img data-recalc-dims=\"1\" loading=\"lazy\" decoding=\"async\" class=\"alignnone size-full wp-image-4808\" title=\"VAPEAK GRAND 5000 Puffs Vape Desechable Mayorista Mango Ice Describe\" src=\"https:\/\/i0.wp.com\/www.disposablevapeswholesale.com\/wp-content\/uploads\/2022\/08\/VAPEAK-GRAND-5000-Puffs-Disposable-Vape-Wholesale-Mango-Ice-Describe.jpg?resize=800%2C449&#038;ssl=1\" alt=\"VAPEAK GRAND 5000 Puffs Vape Desechable Mayorista Mango Ice Describe\" width=\"800\" height=\"449\" \/><\/a> <a href=\"https:\/\/i0.wp.com\/www.disposablevapeswholesale.com\/wp-content\/uploads\/2022\/08\/VAPEAK-GRAND-5000-Puffs-Disposable-Vape-Wholesale-Describe.jpg?ssl=1\" target=\"_blank\" rel=\"noopener\"><img data-recalc-dims=\"1\" loading=\"lazy\" decoding=\"async\" class=\"alignnone size-full wp-image-4804\" title=\"VAPEAK GRAND 5000 Puffs Vape Desechable Mayorista Describe\" src=\"https:\/\/i0.wp.com\/www.disposablevapeswholesale.com\/wp-content\/uploads\/2022\/08\/VAPEAK-GRAND-5000-Puffs-Disposable-Vape-Wholesale-Describe.jpg?resize=800%2C450&#038;ssl=1\" alt=\"VAPEAK GRAND 5000 Puffs Vape Desechable Mayorista Describe\" width=\"800\" height=\"450\" \/><\/a> <a href=\"https:\/\/i0.wp.com\/www.disposablevapeswholesale.com\/wp-content\/uploads\/2022\/08\/VAPEAK-GRAND-5000-Puffs-Disposable-Vape-Wholesale-4-Flavors.jpg?ssl=1\" target=\"_blank\" rel=\"noopener\"><img data-recalc-dims=\"1\" loading=\"lazy\" decoding=\"async\" class=\"alignnone size-full wp-image-4799\" title=\"VAPEAK GRAND 5000 Puffs Vape Desechable Mayorista 4 Sabores\" src=\"https:\/\/i0.wp.com\/www.disposablevapeswholesale.com\/wp-content\/uploads\/2022\/08\/VAPEAK-GRAND-5000-Puffs-Disposable-Vape-Wholesale-4-Flavors.jpg?resize=800%2C800&#038;ssl=1\" alt=\"VAPEAK GRAND 5000 Puffs Vape Desechable Mayorista 4 Sabores\" width=\"800\" height=\"800\" \/><\/a> <a href=\"https:\/\/i0.wp.com\/www.disposablevapeswholesale.com\/wp-content\/uploads\/2022\/08\/VAPEAK-GRAND-5000-Puffs-Disposable-Vape-Wholesale-3-Flavors.jpg?ssl=1\" target=\"_blank\" rel=\"noopener\"><img data-recalc-dims=\"1\" loading=\"lazy\" decoding=\"async\" class=\"alignnone size-full wp-image-4798\" title=\"VAPEAK GRAND 5000 Puffs Vape Desechable Mayorista 3 Sabores\" src=\"https:\/\/i0.wp.com\/www.disposablevapeswholesale.com\/wp-content\/uploads\/2022\/08\/VAPEAK-GRAND-5000-Puffs-Disposable-Vape-Wholesale-3-Flavors.jpg?resize=800%2C450&#038;ssl=1\" alt=\"VAPEAK GRAND 5000 Puffs Vape Desechable Mayorista 3 Sabores\" width=\"800\" height=\"450\" \/><\/a> <a href=\"https:\/\/i0.wp.com\/www.disposablevapeswholesale.com\/wp-content\/uploads\/2022\/08\/VAPEAK-GRAND-5000-Puffs-Disposable-Vape-Wholesale-2-Flavors.jpg?ssl=1\" target=\"_blank\" rel=\"noopener\"><img data-recalc-dims=\"1\" loading=\"lazy\" decoding=\"async\" class=\"alignnone size-full wp-image-4797\" title=\"VAPEAK GRAND 5000 Puffs Vape Desechable Mayorista 2 Sabores\" src=\"https:\/\/i0.wp.com\/www.disposablevapeswholesale.com\/wp-content\/uploads\/2022\/08\/VAPEAK-GRAND-5000-Puffs-Disposable-Vape-Wholesale-2-Flavors.jpg?resize=800%2C449&#038;ssl=1\" alt=\"VAPEAK GRAND 5000 Puffs Vape Desechable Mayorista 2 Sabores\" width=\"800\" height=\"449\" \/><\/a> <a href=\"https:\/\/i0.wp.com\/www.disposablevapeswholesale.com\/wp-content\/uploads\/2022\/08\/VAPEAK-GRAND-5000-Puffs-Disposable-Vape-Wholesale-Honeydew-Ice-Cream-Pakage.jpg?ssl=1\" target=\"_blank\" rel=\"noopener\"><img data-recalc-dims=\"1\" loading=\"lazy\" decoding=\"async\" class=\"alignnone size-full wp-image-4806\" title=\"VAPEAK GRAND 5000 Puffs Vape Desechable Mayorista Helado de Miel Pakage\" src=\"https:\/\/i0.wp.com\/www.disposablevapeswholesale.com\/wp-content\/uploads\/2022\/08\/VAPEAK-GRAND-5000-Puffs-Disposable-Vape-Wholesale-Honeydew-Ice-Cream-Pakage.jpg?resize=800%2C449&#038;ssl=1\" alt=\"VAPEAK GRAND 5000 Puffs Vape Desechable Mayorista Helado de Miel Pakage\" width=\"800\" height=\"449\" \/><\/a> <a href=\"https:\/\/i0.wp.com\/www.disposablevapeswholesale.com\/wp-content\/uploads\/2022\/08\/VAPEAK-GRAND-5000-Puffs-Disposable-Vape-Wholesale-Watermelon-IceRose-Lychee.jpg?ssl=1\" target=\"_blank\" rel=\"noopener\"><img data-recalc-dims=\"1\" loading=\"lazy\" decoding=\"async\" class=\"alignnone size-full wp-image-4821\" title=\"VAPEAK GRAND 5000 Puffs Vape Desechable Sand\u00eda IceRose Lichi al por mayor\" src=\"https:\/\/i0.wp.com\/www.disposablevapeswholesale.com\/wp-content\/uploads\/2022\/08\/VAPEAK-GRAND-5000-Puffs-Disposable-Vape-Wholesale-Watermelon-IceRose-Lychee.jpg?resize=800%2C800&#038;ssl=1\" alt=\"VAPEAK GRAND 5000 Puffs Vape Desechable Sand\u00eda IceRose Lichi al por mayor\" width=\"800\" height=\"800\" \/><\/a> <a href=\"https:\/\/i0.wp.com\/www.disposablevapeswholesale.com\/wp-content\/uploads\/2022\/08\/VAPEAK-GRAND-5000-Puffs-Disposable-Vape-Wholesale-Rose-Lychee-Flavors.jpg?ssl=1\" target=\"_blank\" rel=\"noopener\"><img data-recalc-dims=\"1\" loading=\"lazy\" decoding=\"async\" class=\"alignnone size-full wp-image-4816\" title=\"VAPEAK GRAND 5000 Puffs Vape Desechable Mayorista Sabores Rosa Lichi\" src=\"https:\/\/i0.wp.com\/www.disposablevapeswholesale.com\/wp-content\/uploads\/2022\/08\/VAPEAK-GRAND-5000-Puffs-Disposable-Vape-Wholesale-Rose-Lychee-Flavors.jpg?resize=800%2C800&#038;ssl=1\" alt=\"VAPEAK GRAND 5000 Puffs Vape Desechable Mayorista Sabores Rosa Lichi\" width=\"800\" height=\"800\" \/><\/a> <a href=\"https:\/\/i0.wp.com\/www.disposablevapeswholesale.com\/wp-content\/uploads\/2022\/08\/VAPEAK-GRAND-5000-Puffs-Disposable-Vape-Wholesale-Rose-Lychee-Describe.jpg?ssl=1\" target=\"_blank\" rel=\"noopener\"><img data-recalc-dims=\"1\" loading=\"lazy\" decoding=\"async\" class=\"alignnone size-full wp-image-4815\" title=\"VAPEAK GRAND 5000 Puffs Vape Desechable Describe Rosa Lichi al por mayor\" src=\"https:\/\/i0.wp.com\/www.disposablevapeswholesale.com\/wp-content\/uploads\/2022\/08\/VAPEAK-GRAND-5000-Puffs-Disposable-Vape-Wholesale-Rose-Lychee-Describe.jpg?resize=800%2C800&#038;ssl=1\" alt=\"VAPEAK GRAND 5000 Puffs Vape Desechable Describe Rosa Lichi al por mayor\" width=\"800\" height=\"800\" \/><\/a> <a href=\"https:\/\/i0.wp.com\/www.disposablevapeswholesale.com\/wp-content\/uploads\/2022\/08\/VAPEAK-GRAND-5000-Puffs-Disposable-Vape-Wholesale-Mango-Ice-Flavors.jpg?ssl=1\" target=\"_blank\" rel=\"noopener\"><img data-recalc-dims=\"1\" loading=\"lazy\" decoding=\"async\" class=\"alignnone size-full wp-image-4809\" title=\"VAPEAK GRAND 5000 Puffs Vape Desechable Mayorista Sabor Mango Ice\" src=\"https:\/\/i0.wp.com\/www.disposablevapeswholesale.com\/wp-content\/uploads\/2022\/08\/VAPEAK-GRAND-5000-Puffs-Disposable-Vape-Wholesale-Mango-Ice-Flavors.jpg?resize=800%2C800&#038;ssl=1\" alt=\"VAPEAK GRAND 5000 Puffs Vape Desechable Mayorista Sabor Mango Ice\" width=\"800\" height=\"800\" \/><\/a> <a href=\"https:\/\/i0.wp.com\/www.disposablevapeswholesale.com\/wp-content\/uploads\/2022\/08\/VAPEAK-GRAND-5000-Puffs-Disposable-Vape-Wholesale-Flavors.jpg?ssl=1\" target=\"_blank\" rel=\"noopener\"><img data-recalc-dims=\"1\" loading=\"lazy\" decoding=\"async\" class=\"alignnone size-full wp-image-4805\" title=\"VAPEAK GRAND 5000 Puffs Desechables Vape Sabores al por mayor\" src=\"https:\/\/i0.wp.com\/www.disposablevapeswholesale.com\/wp-content\/uploads\/2022\/08\/VAPEAK-GRAND-5000-Puffs-Disposable-Vape-Wholesale-Flavors.jpg?resize=800%2C852&#038;ssl=1\" alt=\"VAPEAK GRAND 5000 Puffs Desechables Vape Sabores al por mayor\" width=\"800\" height=\"852\" \/><\/a> <a href=\"https:\/\/i0.wp.com\/www.disposablevapeswholesale.com\/wp-content\/uploads\/2022\/08\/VAPEAK-GRAND-5000-Puffs-Disposable-Vape-Wholesale.jpg?ssl=1\" target=\"_blank\" rel=\"noopener\"><img data-recalc-dims=\"1\" loading=\"lazy\" decoding=\"async\" class=\"alignnone size-full wp-image-4823\" title=\"VAPEAK GRAND 5000 Puffs Vape desechable al por mayor\" src=\"https:\/\/i0.wp.com\/www.disposablevapeswholesale.com\/wp-content\/uploads\/2022\/08\/VAPEAK-GRAND-5000-Puffs-Disposable-Vape-Wholesale.jpg?resize=800%2C849&#038;ssl=1\" alt=\"VAPEAK GRAND 5000 Puffs Vape desechable al por mayor\" width=\"800\" height=\"849\" \/><\/a><\/p>\n<p><a href=\"https:\/\/i0.wp.com\/www.disposablevapeswholesale.com\/wp-content\/uploads\/2022\/08\/VAPEAK-GRAND-5000-Puffs-Disposable-Vape-Wholesale-Watermelon-Ice.jpg?ssl=1\" target=\"_blank\" rel=\"noopener\"><img data-recalc-dims=\"1\" loading=\"lazy\" decoding=\"async\" class=\"alignnone size-full wp-image-4822\" title=\"VAPEAK GRAND 5000 Puffs Vape Desechable Mayorista Sandia Hielo\" src=\"https:\/\/i0.wp.com\/www.disposablevapeswholesale.com\/wp-content\/uploads\/2022\/08\/VAPEAK-GRAND-5000-Puffs-Disposable-Vape-Wholesale-Watermelon-Ice.jpg?resize=800%2C800&#038;ssl=1\" alt=\"VAPEAK GRAND 5000 Puffs Vape Desechable Mayorista Sandia Hielo\" width=\"800\" height=\"800\" \/><\/a> <a href=\"https:\/\/i0.wp.com\/www.disposablevapeswholesale.com\/wp-content\/uploads\/2022\/08\/VAPEAK-GRAND-5000-Puffs-Disposable-Vape-Wholesale-Strawberry-Yogurt.jpg?ssl=1\" target=\"_blank\" rel=\"noopener\"><img data-recalc-dims=\"1\" loading=\"lazy\" decoding=\"async\" class=\"alignnone size-full wp-image-4819\" title=\"VAPEAK GRAND 5000 Puffs Vape Desechable Mayorista Fresa Yogur\" src=\"https:\/\/i0.wp.com\/www.disposablevapeswholesale.com\/wp-content\/uploads\/2022\/08\/VAPEAK-GRAND-5000-Puffs-Disposable-Vape-Wholesale-Strawberry-Yogurt.jpg?resize=800%2C800&#038;ssl=1\" alt=\"VAPEAK GRAND 5000 Puffs Vape Desechable Mayorista Fresa Yogur\" width=\"800\" height=\"800\" \/><\/a> <a href=\"https:\/\/i0.wp.com\/www.disposablevapeswholesale.com\/wp-content\/uploads\/2022\/08\/VAPEAK-GRAND-5000-Puffs-Disposable-Vape-Wholesale-Strawberry-Kiwi-Pomegranate.jpg?ssl=1\" target=\"_blank\" rel=\"noopener\"><img data-recalc-dims=\"1\" loading=\"lazy\" decoding=\"async\" class=\"alignnone size-full wp-image-4818\" title=\"VAPEAK GRAND 5000 Puffs Desechables Vape Mayorista Fresa Kiwi Granada\" src=\"https:\/\/i0.wp.com\/www.disposablevapeswholesale.com\/wp-content\/uploads\/2022\/08\/VAPEAK-GRAND-5000-Puffs-Disposable-Vape-Wholesale-Strawberry-Kiwi-Pomegranate.jpg?resize=800%2C800&#038;ssl=1\" alt=\"VAPEAK GRAND 5000 Puffs Desechables Vape Mayorista Fresa Kiwi Granada\" width=\"800\" height=\"800\" \/><\/a> <a href=\"https:\/\/i0.wp.com\/www.disposablevapeswholesale.com\/wp-content\/uploads\/2022\/08\/VAPEAK-GRAND-5000-Puffs-Disposable-Vape-Wholesale-Rose-Lychee.jpg?ssl=1\" target=\"_blank\" rel=\"noopener\"><img data-recalc-dims=\"1\" loading=\"lazy\" decoding=\"async\" class=\"alignnone size-full wp-image-4817\" title=\"VAPEAK GRAND 5000 Puffs Vape Desechable Rosa Lichi al por mayor\" src=\"https:\/\/i0.wp.com\/www.disposablevapeswholesale.com\/wp-content\/uploads\/2022\/08\/VAPEAK-GRAND-5000-Puffs-Disposable-Vape-Wholesale-Rose-Lychee.jpg?resize=800%2C800&#038;ssl=1\" alt=\"VAPEAK GRAND 5000 Puffs Vape Desechable Rosa Lichi al por mayor\" width=\"800\" height=\"800\" \/><\/a> <a href=\"https:\/\/i0.wp.com\/www.disposablevapeswholesale.com\/wp-content\/uploads\/2022\/08\/VAPEAK-GRAND-5000-Puffs-Disposable-Vape-Wholesale-Pink-Lemonade.jpg?ssl=1\" target=\"_blank\" rel=\"noopener\"><img data-recalc-dims=\"1\" loading=\"lazy\" decoding=\"async\" class=\"alignnone size-full wp-image-4813\" title=\"VAPEAK GRAND 5000 Puffs Vape Desechable Mayorista Limonada Rosa\" src=\"https:\/\/i0.wp.com\/www.disposablevapeswholesale.com\/wp-content\/uploads\/2022\/08\/VAPEAK-GRAND-5000-Puffs-Disposable-Vape-Wholesale-Pink-Lemonade.jpg?resize=800%2C800&#038;ssl=1\" alt=\"VAPEAK GRAND 5000 Puffs Vape Desechable Mayorista Limonada Rosa\" width=\"800\" height=\"800\" \/><\/a> <a href=\"https:\/\/i0.wp.com\/www.disposablevapeswholesale.com\/wp-content\/uploads\/2022\/08\/VAPEAK-GRAND-5000-Puffs-Disposable-Vape-Wholesale-Peach-Mint-Iced-Tea.jpg?ssl=1\" target=\"_blank\" rel=\"noopener\"><img data-recalc-dims=\"1\" loading=\"lazy\" decoding=\"async\" class=\"alignnone size-full wp-image-4812\" title=\"VAPEAK GRAND 5000 Puffs Vapeador Desechable al por mayor Melocot\u00f3n Menta T\u00e9 Helado\" src=\"https:\/\/i0.wp.com\/www.disposablevapeswholesale.com\/wp-content\/uploads\/2022\/08\/VAPEAK-GRAND-5000-Puffs-Disposable-Vape-Wholesale-Peach-Mint-Iced-Tea.jpg?resize=800%2C800&#038;ssl=1\" alt=\"VAPEAK GRAND 5000 Puffs Vapeador Desechable al por mayor Melocot\u00f3n Menta T\u00e9 Helado\" width=\"800\" height=\"800\" \/><\/a> <a href=\"https:\/\/i0.wp.com\/www.disposablevapeswholesale.com\/wp-content\/uploads\/2022\/08\/VAPEAK-GRAND-5000-Puffs-Disposable-Vape-Wholesale-Mango-Ice.jpg?ssl=1\" target=\"_blank\" rel=\"noopener\"><img data-recalc-dims=\"1\" loading=\"lazy\" decoding=\"async\" class=\"alignnone size-full wp-image-4811\" title=\"VAPEAK GRAND 5000 Puffs Vape Desechable Mayorista Mango Ice\" src=\"https:\/\/i0.wp.com\/www.disposablevapeswholesale.com\/wp-content\/uploads\/2022\/08\/VAPEAK-GRAND-5000-Puffs-Disposable-Vape-Wholesale-Mango-Ice.jpg?resize=800%2C800&#038;ssl=1\" alt=\"VAPEAK GRAND 5000 Puffs Vape Desechable Mayorista Mango Ice\" width=\"800\" height=\"800\" \/><\/a> <a href=\"https:\/\/i0.wp.com\/www.disposablevapeswholesale.com\/wp-content\/uploads\/2022\/08\/VAPEAK-GRAND-5000-Puffs-Disposable-Vape-Wholesale-Honeydew-Ice-Cream.jpg?ssl=1\" target=\"_blank\" rel=\"noopener\"><img data-recalc-dims=\"1\" loading=\"lazy\" decoding=\"async\" class=\"alignnone size-full wp-image-4807\" title=\"VAPEAK GRAND 5000 Puffs Vape Desechable Helado de Miel al por mayor\" src=\"https:\/\/i0.wp.com\/www.disposablevapeswholesale.com\/wp-content\/uploads\/2022\/08\/VAPEAK-GRAND-5000-Puffs-Disposable-Vape-Wholesale-Honeydew-Ice-Cream.jpg?resize=800%2C800&#038;ssl=1\" alt=\"VAPEAK GRAND 5000 Puffs Vape Desechable Helado de Miel al por mayor\" width=\"800\" height=\"800\" \/><\/a> <a href=\"https:\/\/i0.wp.com\/www.disposablevapeswholesale.com\/wp-content\/uploads\/2022\/08\/VAPEAK-GRAND-5000-Puffs-Disposable-Vape-Wholesale-Blueberry-Bubble-Gum.jpg?ssl=1\" target=\"_blank\" rel=\"noopener\"><img data-recalc-dims=\"1\" loading=\"lazy\" decoding=\"async\" class=\"alignnone size-full wp-image-4803\" title=\"VAPEAK GRAND 5000 Puffs Vape Desechable Mayorista Chicle Ar\u00e1ndano\" src=\"https:\/\/i0.wp.com\/www.disposablevapeswholesale.com\/wp-content\/uploads\/2022\/08\/VAPEAK-GRAND-5000-Puffs-Disposable-Vape-Wholesale-Blueberry-Bubble-Gum.jpg?resize=800%2C800&#038;ssl=1\" alt=\"VAPEAK GRAND 5000 Puffs Vape Desechable Mayorista Chicle Ar\u00e1ndano\" width=\"800\" height=\"800\" \/><\/a> <a href=\"https:\/\/i0.wp.com\/www.disposablevapeswholesale.com\/wp-content\/uploads\/2022\/08\/VAPEAK-GRAND-5000-Puffs-Disposable-Vape-Wholesale-Blue-Razz.jpg?ssl=1\" target=\"_blank\" rel=\"noopener\"><img data-recalc-dims=\"1\" loading=\"lazy\" decoding=\"async\" class=\"alignnone size-full wp-image-4802\" title=\"VAPEAK GRAND 5000 Puffs Vape Desechable Mayorista Azul Razz\" src=\"https:\/\/i0.wp.com\/www.disposablevapeswholesale.com\/wp-content\/uploads\/2022\/08\/VAPEAK-GRAND-5000-Puffs-Disposable-Vape-Wholesale-Blue-Razz.jpg?resize=800%2C800&#038;ssl=1\" alt=\"VAPEAK GRAND 5000 Puffs Vape Desechable Mayorista Azul Razz\" width=\"800\" height=\"800\" \/><\/a> <a href=\"https:\/\/i0.wp.com\/www.disposablevapeswholesale.com\/wp-content\/uploads\/2022\/08\/VAPEAK-GRAND-5000-Puffs-Disposable-Vape-Wholesale-Blackcurrant-Menthol.jpg?ssl=1\" target=\"_blank\" rel=\"noopener\"><img data-recalc-dims=\"1\" loading=\"lazy\" decoding=\"async\" class=\"alignnone size-full wp-image-4801\" title=\"VAPEAK GRAND 5000 Puffs Vape Desechable Mayorista Grosella Negra Mentol\" src=\"https:\/\/i0.wp.com\/www.disposablevapeswholesale.com\/wp-content\/uploads\/2022\/08\/VAPEAK-GRAND-5000-Puffs-Disposable-Vape-Wholesale-Blackcurrant-Menthol.jpg?resize=800%2C800&#038;ssl=1\" alt=\"VAPEAK GRAND 5000 Puffs Vape Desechable Mayorista Grosella Negra Mentol\" width=\"800\" height=\"800\" \/><\/a> <a href=\"https:\/\/i0.wp.com\/www.disposablevapeswholesale.com\/wp-content\/uploads\/2022\/08\/VAPEAK-GRAND-5000-Puffs-Disposable-Vape-Wholesale-Aloe-Grape.jpg?ssl=1\" target=\"_blank\" rel=\"noopener\"><img data-recalc-dims=\"1\" loading=\"lazy\" decoding=\"async\" class=\"alignnone size-full wp-image-4800\" title=\"VAPEAK GRAND 5000 Puffs Vape Desechable Mayorista Aloe Uva\" src=\"https:\/\/i0.wp.com\/www.disposablevapeswholesale.com\/wp-content\/uploads\/2022\/08\/VAPEAK-GRAND-5000-Puffs-Disposable-Vape-Wholesale-Aloe-Grape.jpg?resize=800%2C800&#038;ssl=1\" alt=\"VAPEAK GRAND 5000 Puffs Vape Desechable Mayorista Aloe Uva\" width=\"800\" height=\"800\" \/><\/a><\/p>","protected":false},"excerpt":{"rendered":"<p>VAPEAK GRAND 5000 Puffs Vape desechable al por mayor ofrece una bater\u00eda de alta capacidad, producci\u00f3n de vapor suave, y un dise\u00f1o elegante para sesiones de vapeo prolongadas y de primera calidad.<\/p>","protected":false},"featured_media":1387,"comment_status":"closed","ping_status":"closed","template":"","meta":[],"product_brand":[],"product_cat":[22],"product_tag":[263,60,285,256],"class_list":{"0":"post-1195","1":"product","2":"type-product","3":"status-publish","4":"has-post-thumbnail","6":"product_cat-disposable-vape-sticks","7":"product_tag-5000-puffs","8":"product_tag-disposable-vapes","9":"product_tag-vapeak-grand","10":"product_tag-wholesale","12":"first","13":"instock","14":"shipping-taxable","15":"purchasable","16":"product-type-simple"},"jetpack_sharing_enabled":true,"tiered_pricing_type":"fixed","tiered_pricing_fixed_rules":{"5000":11,"10000":8,"50000":7},"tiered_pricing_product_settings":{"layout":"default","base_unit_name":{"singular":null,"plural":null},"default_variation":null},"tiered_pricing_minimum_quantity":60,"tiered_pricing_roles_data":[],"tiered_pricing_percentage_rules":[],"tiered_pricing_maximum_quantity":null,"tiered_pricing_quantity_step":null,"_links":{"self":[{"href":"https:\/\/cloudsupplyvapes.com\/es\/wp-json\/wp\/v2\/product\/1195","targetHints":{"allow":["GET"]}}],"collection":[{"href":"https:\/\/cloudsupplyvapes.com\/es\/wp-json\/wp\/v2\/product"}],"about":[{"href":"https:\/\/cloudsupplyvapes.com\/es\/wp-json\/wp\/v2\/types\/product"}],"replies":[{"embeddable":true,"href":"https:\/\/cloudsupplyvapes.com\/es\/wp-json\/wp\/v2\/comments?post=1195"}],"wp:featuredmedia":[{"embeddable":true,"href":"https:\/\/cloudsupplyvapes.com\/es\/wp-json\/wp\/v2\/media\/1387"}],"wp:attachment":[{"href":"https:\/\/cloudsupplyvapes.com\/es\/wp-json\/wp\/v2\/media?parent=1195"}],"wp:term":[{"taxonomy":"product_brand","embeddable":true,"href":"https:\/\/cloudsupplyvapes.com\/es\/wp-json\/wp\/v2\/product_brand?post=1195"},{"taxonomy":"product_cat","embeddable":true,"href":"https:\/\/cloudsupplyvapes.com\/es\/wp-json\/wp\/v2\/product_cat?post=1195"},{"taxonomy":"product_tag","embeddable":true,"href":"https:\/\/cloudsupplyvapes.com\/es\/wp-json\/wp\/v2\/product_tag?post=1195"}],"curies":[{"name":"wp","href":"https:\/\/api.w.org\/{rel}","templated":true}]}}