{"id":1203,"date":"2024-10-19T02:18:24","date_gmt":"2024-10-19T02:18:24","guid":{"rendered":"https:\/\/cloudsupplyvapes.com\/?post_type=product&#038;p=1203"},"modified":"2024-11-26T08:38:29","modified_gmt":"2024-11-26T08:38:29","slug":"-55","status":"publish","type":"product","link":"https:\/\/cloudsupplyvapes.com\/es\/product\/ovns-08-2500-puffs-disposable-vape-wholesale\/","title":{"rendered":"OVNS 08 2500 Puffs Vape desechable al por mayor Vape ligero para principiantes"},"content":{"rendered":"<p>OVNS 08 es un vapeador desechable de dise\u00f1o \u00fanico con una bater\u00eda incorporada de 1150 mAh de alta capacidad, 8 ml de capacidad de aceite e-l\u00edquido, y puede vapear 2500 caladas con una variedad de sabores para elegir.<\/p>\n<p>&nbsp;<\/p>\n<h2>Especificaciones del Vape Desechable OVNS 08 2500:<\/h2>\n<p>Marca: OVNS<\/p>\n<p>Puffs: 2500 Puffs disponibles por dispositivo.<\/p>\n<p>Nicotina:5%<\/p>\n<p>Capacidad del e-jugo: 8ML<\/p>\n<p>Bater\u00eda: 1150mAh<\/p>\n<p>Resistencia: 1.0\u03a9 Mesh Coil<\/p>\n<p>&nbsp;<\/p>\n<h2>Sabores<\/h2>\n<p>Uva Razz Ice<\/p>\n<p>Hielo exuberante<\/p>\n<p>Ar\u00e1ndanos<\/p>\n<p>Hielo de pl\u00e1tano<\/p>\n<p>Mezcla de bayas<\/p>\n<p>Hielo de melocot\u00f3n y naranja<\/p>\n<p>Pi\u00f1a Coco<\/p>\n<p>Pi\u00f1a helada<\/p>\n<p>Sand\u00eda con fresa<\/p>\n<p>Mango<\/p>\n<p>Blue Razz Lim\u00f3n<\/p>\n<p>Fresa Flossin<\/p>\n<p>Sand\u00eda Cereza<\/p>\n<p>&nbsp;<\/p>\n<h2>Embalaje y peso<\/h2>\n<p>0,065KG\/PCS, Individual con paquete peque\u00f1o, 10 piezas en caja mediana.<\/p>\n<p>300PCS en el cart\u00f3n principal, 19.3KG.<\/p>\n<p><a href=\"https:\/\/i0.wp.com\/www.disposablevapeswholesale.com\/wp-content\/uploads\/2022\/08\/OVNS-08-2500-Puffs-Disposable-Vape-Wholesale-All-Flavors.jpg?ssl=1\" target=\"_blank\" rel=\"noopener\"><img data-recalc-dims=\"1\" loading=\"lazy\" decoding=\"async\" class=\"alignnone size-full wp-image-4459\" title=\"OVNS 08 2500 Puffs Vape Desechable al por mayor Todos los sabores\" src=\"https:\/\/i0.wp.com\/www.disposablevapeswholesale.com\/wp-content\/uploads\/2022\/08\/OVNS-08-2500-Puffs-Disposable-Vape-Wholesale-All-Flavors.jpg?resize=800%2C450&#038;ssl=1\" alt=\"OVNS 08 2500 Puffs Vape Desechable al por mayor Todos los sabores\" width=\"800\" height=\"450\" \/><\/a> <a href=\"https:\/\/i0.wp.com\/www.disposablevapeswholesale.com\/wp-content\/uploads\/2022\/08\/OVNS-08-2500-Puffs-Disposable-Vape-Wholesale-6-Flavors.jpg?ssl=1\" target=\"_blank\" rel=\"noopener\"><img data-recalc-dims=\"1\" loading=\"lazy\" decoding=\"async\" class=\"alignnone size-full wp-image-4458\" title=\"OVNS 08 2500 Puffs Vape Desechable Mayorista 6 Sabores\" src=\"https:\/\/i0.wp.com\/www.disposablevapeswholesale.com\/wp-content\/uploads\/2022\/08\/OVNS-08-2500-Puffs-Disposable-Vape-Wholesale-6-Flavors.jpg?resize=800%2C591&#038;ssl=1\" alt=\"OVNS 08 2500 Puffs Vape Desechable Mayorista 6 Sabores\" width=\"800\" height=\"591\" \/><\/a> <a href=\"https:\/\/i0.wp.com\/www.disposablevapeswholesale.com\/wp-content\/uploads\/2022\/08\/OVNS-08-2500-Puffs-Disposable-Vape-Wholesale-Flavors.jpg?ssl=1\" target=\"_blank\" rel=\"noopener\"><img data-recalc-dims=\"1\" loading=\"lazy\" decoding=\"async\" class=\"alignnone size-full wp-image-4471\" title=\"OVNS 08 2500 Puffs Vape Desechable Sabores al por mayor\" src=\"https:\/\/i0.wp.com\/www.disposablevapeswholesale.com\/wp-content\/uploads\/2022\/08\/OVNS-08-2500-Puffs-Disposable-Vape-Wholesale-Flavors.jpg?resize=800%2C580&#038;ssl=1\" alt=\"OVNS 08 2500 Puffs Vape Desechable Sabores al por mayor\" width=\"800\" height=\"580\" \/><\/a> <a href=\"https:\/\/i0.wp.com\/www.disposablevapeswholesale.com\/wp-content\/uploads\/2022\/08\/OVNS-08-2500-Puffs-Disposable-Vape-Wholesale-Describe.jpg?ssl=1\" target=\"_blank\" rel=\"noopener\"><img data-recalc-dims=\"1\" loading=\"lazy\" decoding=\"async\" class=\"alignnone size-full wp-image-4470\" title=\"OVNS 08 2500 Puffs Vape Desechable Describe al por mayor\" src=\"https:\/\/i0.wp.com\/www.disposablevapeswholesale.com\/wp-content\/uploads\/2022\/08\/OVNS-08-2500-Puffs-Disposable-Vape-Wholesale-Describe.jpg?resize=800%2C450&#038;ssl=1\" alt=\"OVNS 08 2500 Puffs Vape Desechable Describe al por mayor\" width=\"800\" height=\"450\" \/><\/a> <a href=\"https:\/\/i0.wp.com\/www.disposablevapeswholesale.com\/wp-content\/uploads\/2022\/08\/OVNS-08-2500-Puffs-Disposable-Vape-Wholesale-Blue-RazzMixed-Berry.jpg?ssl=1\" target=\"_blank\" rel=\"noopener\"><img data-recalc-dims=\"1\" loading=\"lazy\" decoding=\"async\" class=\"alignnone size-full wp-image-4468\" title=\"OVNS 08 2500 Puffs Vape Desechable Mayorista Azul RazzMixed Berry\" src=\"https:\/\/i0.wp.com\/www.disposablevapeswholesale.com\/wp-content\/uploads\/2022\/08\/OVNS-08-2500-Puffs-Disposable-Vape-Wholesale-Blue-RazzMixed-Berry.jpg?resize=800%2C450&#038;ssl=1\" alt=\"OVNS 08 2500 Puffs Vape Desechable Mayorista Azul RazzMixed Berry\" width=\"800\" height=\"450\" \/><\/a> <a href=\"https:\/\/i0.wp.com\/www.disposablevapeswholesale.com\/wp-content\/uploads\/2022\/08\/OVNS-08-2500-Puffs-Disposable-Vape-Wholesale-Blue-RazzMixed-Berry-Describe.jpg?ssl=1\" target=\"_blank\" rel=\"noopener\"><img data-recalc-dims=\"1\" loading=\"lazy\" decoding=\"async\" class=\"alignnone size-full wp-image-4466\" title=\"OVNS 08 2500 Puffs Desechables Vape al por mayor Azul RazzMixed Berry Describe\" src=\"https:\/\/i0.wp.com\/www.disposablevapeswholesale.com\/wp-content\/uploads\/2022\/08\/OVNS-08-2500-Puffs-Disposable-Vape-Wholesale-Blue-RazzMixed-Berry-Describe.jpg?resize=800%2C450&#038;ssl=1\" alt=\"OVNS 08 2500 Puffs Desechables Vape al por mayor Azul RazzMixed Berry Describe\" width=\"800\" height=\"450\" \/><\/a> <a href=\"https:\/\/i0.wp.com\/www.disposablevapeswholesale.com\/wp-content\/uploads\/2022\/08\/OVNS-08-2500-Puffs-Disposable-Vape-Wholesale-Blue-Razz-Lemon-Describe.jpg?ssl=1\" target=\"_blank\" rel=\"noopener\"><img data-recalc-dims=\"1\" loading=\"lazy\" decoding=\"async\" class=\"alignnone size-full wp-image-4462\" title=\"OVNS 08 2500 Puffs Desechables Vape Mayorista Blue Razz Lemon Describe\" src=\"https:\/\/i0.wp.com\/www.disposablevapeswholesale.com\/wp-content\/uploads\/2022\/08\/OVNS-08-2500-Puffs-Disposable-Vape-Wholesale-Blue-Razz-Lemon-Describe.jpg?resize=800%2C450&#038;ssl=1\" alt=\"OVNS 08 2500 Puffs Desechables Vape Mayorista Blue Razz Lemon Describe\" width=\"800\" height=\"450\" \/><\/a> <a href=\"https:\/\/i0.wp.com\/www.disposablevapeswholesale.com\/wp-content\/uploads\/2022\/08\/OVNS-08-2500-Puffs-Disposable-Vape-Wholesale-Battery.jpg?ssl=1\" target=\"_blank\" rel=\"noopener\"><img data-recalc-dims=\"1\" loading=\"lazy\" decoding=\"async\" class=\"alignnone size-full wp-image-4461\" title=\"OVNS 08 2500 Puffs Vape Desechable Bater\u00eda al por mayor\" src=\"https:\/\/i0.wp.com\/www.disposablevapeswholesale.com\/wp-content\/uploads\/2022\/08\/OVNS-08-2500-Puffs-Disposable-Vape-Wholesale-Battery.jpg?resize=800%2C450&#038;ssl=1\" alt=\"OVNS 08 2500 Puffs Vape Desechable Bater\u00eda al por mayor\" width=\"800\" height=\"450\" \/><\/a> <a href=\"https:\/\/i0.wp.com\/www.disposablevapeswholesale.com\/wp-content\/uploads\/2022\/08\/OVNS-08-2500-Puffs-Disposable-Vape-Wholesale.jpg?ssl=1\" target=\"_blank\" rel=\"noopener\"><img data-recalc-dims=\"1\" loading=\"lazy\" decoding=\"async\" class=\"alignnone size-full wp-image-4482\" title=\"OVNS 08 2500 Puffs Vape Desechable al por mayor\" src=\"https:\/\/i0.wp.com\/www.disposablevapeswholesale.com\/wp-content\/uploads\/2022\/08\/OVNS-08-2500-Puffs-Disposable-Vape-Wholesale.jpg?resize=800%2C450&#038;ssl=1\" alt=\"OVNS 08 2500 Puffs Vape Desechable al por mayor\" width=\"800\" height=\"450\" \/><\/a><\/p>\n<p><a href=\"https:\/\/i0.wp.com\/www.disposablevapeswholesale.com\/wp-content\/uploads\/2022\/08\/OVNS-08-2500-Puffs-Disposable-Vape-Wholesale-Blue-RazzMixed-Berry-Flavors.jpg?ssl=1\" target=\"_blank\" rel=\"noopener\"><img data-recalc-dims=\"1\" loading=\"lazy\" decoding=\"async\" class=\"alignnone size-full wp-image-4467\" title=\"OVNS 08 2500 Puffs Vape Desechable al por mayor Blue RazzMixed Berry Flavors\" src=\"https:\/\/i0.wp.com\/www.disposablevapeswholesale.com\/wp-content\/uploads\/2022\/08\/OVNS-08-2500-Puffs-Disposable-Vape-Wholesale-Blue-RazzMixed-Berry-Flavors.jpg?resize=800%2C800&#038;ssl=1\" alt=\"OVNS 08 2500 Puffs Vape Desechable al por mayor Blue RazzMixed Berry Flavors\" width=\"800\" height=\"800\" \/><\/a> <a href=\"https:\/\/i0.wp.com\/www.disposablevapeswholesale.com\/wp-content\/uploads\/2022\/08\/OVNS-08-2500-Puffs-Disposable-Vape-Wholesale-Blue-Razz-Lemon-Flavors.jpg?ssl=1\" target=\"_blank\" rel=\"noopener\"><img data-recalc-dims=\"1\" loading=\"lazy\" decoding=\"async\" class=\"alignnone size-full wp-image-4463\" title=\"OVNS 08 2500 Puffs Vape Desechable Mayorista Blue Razz Sabor Lim\u00f3n\" src=\"https:\/\/i0.wp.com\/www.disposablevapeswholesale.com\/wp-content\/uploads\/2022\/08\/OVNS-08-2500-Puffs-Disposable-Vape-Wholesale-Blue-Razz-Lemon-Flavors.jpg?resize=800%2C800&#038;ssl=1\" alt=\"OVNS 08 2500 Puffs Vape Desechable Mayorista Blue Razz Sabor Lim\u00f3n\" width=\"800\" height=\"800\" \/><\/a> <a href=\"https:\/\/i0.wp.com\/www.disposablevapeswholesale.com\/wp-content\/uploads\/2022\/08\/OVNS-08-2500-Puffs-Disposable-Vape-Wholesale-4-Flavors.jpg?ssl=1\" target=\"_blank\" rel=\"noopener\"><img data-recalc-dims=\"1\" loading=\"lazy\" decoding=\"async\" class=\"alignnone size-full wp-image-4457\" title=\"OVNS 08 2500 Puffs Vape Desechable Mayorista 4 Sabores\" src=\"https:\/\/i0.wp.com\/www.disposablevapeswholesale.com\/wp-content\/uploads\/2022\/08\/OVNS-08-2500-Puffs-Disposable-Vape-Wholesale-4-Flavors.jpg?resize=800%2C800&#038;ssl=1\" alt=\"OVNS 08 2500 Puffs Vape Desechable Mayorista 4 Sabores\" width=\"800\" height=\"800\" \/><\/a> <a href=\"https:\/\/i0.wp.com\/www.disposablevapeswholesale.com\/wp-content\/uploads\/2022\/08\/OVNS-08-2500-Puffs-Disposable-Vape-Wholesale-2-Flavors.jpg?ssl=1\" target=\"_blank\" rel=\"noopener\"><img data-recalc-dims=\"1\" loading=\"lazy\" decoding=\"async\" class=\"alignnone size-full wp-image-4456\" title=\"OVNS 08 2500 Puffs Vape Desechable Mayorista 2 Sabores\" src=\"https:\/\/i0.wp.com\/www.disposablevapeswholesale.com\/wp-content\/uploads\/2022\/08\/OVNS-08-2500-Puffs-Disposable-Vape-Wholesale-2-Flavors.jpg?resize=800%2C800&#038;ssl=1\" alt=\"OVNS 08 2500 Puffs Vape Desechable Mayorista 2 Sabores\" width=\"800\" height=\"800\" \/><\/a> <a href=\"https:\/\/i0.wp.com\/www.disposablevapeswholesale.com\/wp-content\/uploads\/2022\/08\/OVNS-08-2500-Puffs-Disposable-Vape-Wholesale-Watermelon-Cherry.jpg?ssl=1\" target=\"_blank\" rel=\"noopener\"><img data-recalc-dims=\"1\" loading=\"lazy\" decoding=\"async\" class=\"alignnone size-full wp-image-4481\" title=\"OVNS 08 2500 Puffs Vape Desechable Mayorista Sandia Cereza\" src=\"https:\/\/i0.wp.com\/www.disposablevapeswholesale.com\/wp-content\/uploads\/2022\/08\/OVNS-08-2500-Puffs-Disposable-Vape-Wholesale-Watermelon-Cherry.jpg?resize=800%2C800&#038;ssl=1\" alt=\"OVNS 08 2500 Puffs Vape Desechable Mayorista Sandia Cereza\" width=\"800\" height=\"800\" \/><\/a> <a href=\"https:\/\/i0.wp.com\/www.disposablevapeswholesale.com\/wp-content\/uploads\/2022\/08\/OVNS-08-2500-Puffs-Disposable-Vape-Wholesale-Strawberry-Watermelon.jpg?ssl=1\" target=\"_blank\" rel=\"noopener\"><img data-recalc-dims=\"1\" loading=\"lazy\" decoding=\"async\" class=\"alignnone size-full wp-image-4480\" title=\"OVNS 08 2500 Puffs Vape Desechable Mayorista Fresa Sand\u00eda\" src=\"https:\/\/i0.wp.com\/www.disposablevapeswholesale.com\/wp-content\/uploads\/2022\/08\/OVNS-08-2500-Puffs-Disposable-Vape-Wholesale-Strawberry-Watermelon.jpg?resize=800%2C800&#038;ssl=1\" alt=\"OVNS 08 2500 Puffs Vape Desechable Mayorista Fresa Sand\u00eda\" width=\"800\" height=\"800\" \/><\/a> <a href=\"https:\/\/i0.wp.com\/www.disposablevapeswholesale.com\/wp-content\/uploads\/2022\/08\/OVNS-08-2500-Puffs-Disposable-Vape-Wholesale-Strawberry-Flossin.jpg?ssl=1\" target=\"_blank\" rel=\"noopener\"><img data-recalc-dims=\"1\" loading=\"lazy\" decoding=\"async\" class=\"alignnone size-full wp-image-4479\" title=\"OVNS 08 2500 Puffs Vape Desechable Flossin Fresa al por mayor\" src=\"https:\/\/i0.wp.com\/www.disposablevapeswholesale.com\/wp-content\/uploads\/2022\/08\/OVNS-08-2500-Puffs-Disposable-Vape-Wholesale-Strawberry-Flossin.jpg?resize=800%2C800&#038;ssl=1\" alt=\"OVNS 08 2500 Puffs Vape Desechable Flossin Fresa al por mayor\" width=\"800\" height=\"800\" \/><\/a> <a href=\"https:\/\/i0.wp.com\/www.disposablevapeswholesale.com\/wp-content\/uploads\/2022\/08\/OVNS-08-2500-Puffs-Disposable-Vape-Wholesale-Pineapple-Ice.jpg?ssl=1\" target=\"_blank\" rel=\"noopener\"><img data-recalc-dims=\"1\" loading=\"lazy\" decoding=\"async\" class=\"alignnone size-full wp-image-4478\" title=\"OVNS 08 2500 Puffs Vape Desechable Pineapple Ice al por mayor\" src=\"https:\/\/i0.wp.com\/www.disposablevapeswholesale.com\/wp-content\/uploads\/2022\/08\/OVNS-08-2500-Puffs-Disposable-Vape-Wholesale-Pineapple-Ice.jpg?resize=800%2C800&#038;ssl=1\" alt=\"OVNS 08 2500 Puffs Vape Desechable Pineapple Ice al por mayor\" width=\"800\" height=\"800\" \/><\/a> <a href=\"https:\/\/i0.wp.com\/www.disposablevapeswholesale.com\/wp-content\/uploads\/2022\/08\/OVNS-08-2500-Puffs-Disposable-Vape-Wholesale-Pineapple-Coconut.jpg?ssl=1\" target=\"_blank\" rel=\"noopener\"><img data-recalc-dims=\"1\" loading=\"lazy\" decoding=\"async\" class=\"alignnone size-full wp-image-4477\" title=\"OVNS 08 2500 Puffs Vape Desechable Mayorista Pi\u00f1a Coco\" src=\"https:\/\/i0.wp.com\/www.disposablevapeswholesale.com\/wp-content\/uploads\/2022\/08\/OVNS-08-2500-Puffs-Disposable-Vape-Wholesale-Pineapple-Coconut.jpg?resize=800%2C800&#038;ssl=1\" alt=\"OVNS 08 2500 Puffs Vape Desechable Mayorista Pi\u00f1a Coco\" width=\"800\" height=\"800\" \/><\/a> <a href=\"https:\/\/i0.wp.com\/www.disposablevapeswholesale.com\/wp-content\/uploads\/2022\/08\/OVNS-08-2500-Puffs-Disposable-Vape-Wholesale-Orange-Peach-Ice.jpg?ssl=1\" target=\"_blank\" rel=\"noopener\"><img data-recalc-dims=\"1\" loading=\"lazy\" decoding=\"async\" class=\"alignnone size-full wp-image-4476\" title=\"OVNS 08 2500 Puffs Vape Desechable Mayorista Naranja Melocot\u00f3n Hielo\" src=\"https:\/\/i0.wp.com\/www.disposablevapeswholesale.com\/wp-content\/uploads\/2022\/08\/OVNS-08-2500-Puffs-Disposable-Vape-Wholesale-Orange-Peach-Ice.jpg?resize=800%2C800&#038;ssl=1\" alt=\"OVNS 08 2500 Puffs Vape Desechable Mayorista Naranja Melocot\u00f3n Hielo\" width=\"800\" height=\"800\" \/><\/a> <a href=\"https:\/\/i0.wp.com\/www.disposablevapeswholesale.com\/wp-content\/uploads\/2022\/08\/OVNS-08-2500-Puffs-Disposable-Vape-Wholesale-Mixed-Berry.jpg?ssl=1\" target=\"_blank\" rel=\"noopener\"><img data-recalc-dims=\"1\" loading=\"lazy\" decoding=\"async\" class=\"alignnone size-full wp-image-4475\" title=\"OVNS 08 2500 Puffs Vape Desechable al por mayor Mixed Berry\" src=\"https:\/\/i0.wp.com\/www.disposablevapeswholesale.com\/wp-content\/uploads\/2022\/08\/OVNS-08-2500-Puffs-Disposable-Vape-Wholesale-Mixed-Berry.jpg?resize=800%2C800&#038;ssl=1\" alt=\"OVNS 08 2500 Puffs Vape Desechable al por mayor Mixed Berry\" width=\"800\" height=\"800\" \/><\/a> <a href=\"https:\/\/i0.wp.com\/www.disposablevapeswholesale.com\/wp-content\/uploads\/2022\/08\/OVNS-08-2500-Puffs-Disposable-Vape-Wholesale-Mango.jpg?ssl=1\" target=\"_blank\" rel=\"noopener\"><img data-recalc-dims=\"1\" loading=\"lazy\" decoding=\"async\" class=\"alignnone size-full wp-image-4474\" title=\"OVNS 08 2500 Puffs Vape Desechable Mayorista Mango\" src=\"https:\/\/i0.wp.com\/www.disposablevapeswholesale.com\/wp-content\/uploads\/2022\/08\/OVNS-08-2500-Puffs-Disposable-Vape-Wholesale-Mango.jpg?resize=800%2C800&#038;ssl=1\" alt=\"OVNS 08 2500 Puffs Vape Desechable Mayorista Mango\" width=\"800\" height=\"800\" \/><\/a> <a href=\"https:\/\/i0.wp.com\/www.disposablevapeswholesale.com\/wp-content\/uploads\/2022\/08\/OVNS-08-2500-Puffs-Disposable-Vape-Wholesale-Lush-Ice.jpg?ssl=1\" target=\"_blank\" rel=\"noopener\"><img data-recalc-dims=\"1\" loading=\"lazy\" decoding=\"async\" class=\"alignnone size-full wp-image-4473\" title=\"OVNS 08 2500 Puffs Vape Desechable al por mayor Lush Ice\" src=\"https:\/\/i0.wp.com\/www.disposablevapeswholesale.com\/wp-content\/uploads\/2022\/08\/OVNS-08-2500-Puffs-Disposable-Vape-Wholesale-Lush-Ice.jpg?resize=800%2C800&#038;ssl=1\" alt=\"OVNS 08 2500 Puffs Vape Desechable al por mayor Lush Ice\" width=\"800\" height=\"800\" \/><\/a> <a href=\"https:\/\/i0.wp.com\/www.disposablevapeswholesale.com\/wp-content\/uploads\/2022\/08\/OVNS-08-2500-Puffs-Disposable-Vape-Wholesale-Grape-Razz-Ice.jpg?ssl=1\" target=\"_blank\" rel=\"noopener\"><img data-recalc-dims=\"1\" loading=\"lazy\" decoding=\"async\" class=\"alignnone size-full wp-image-4472\" title=\"OVNS 08 2500 Puffs Vape Desechable Mayorista Grape Razz Ice\" src=\"https:\/\/i0.wp.com\/www.disposablevapeswholesale.com\/wp-content\/uploads\/2022\/08\/OVNS-08-2500-Puffs-Disposable-Vape-Wholesale-Grape-Razz-Ice.jpg?resize=800%2C800&#038;ssl=1\" alt=\"OVNS 08 2500 Puffs Vape Desechable Mayorista Grape Razz Ice\" width=\"800\" height=\"800\" \/><\/a> <a href=\"https:\/\/i0.wp.com\/www.disposablevapeswholesale.com\/wp-content\/uploads\/2022\/08\/OVNS-08-2500-Puffs-Disposable-Vape-Wholesale-Blue-Razz-Lemon.jpg?ssl=1\" target=\"_blank\" rel=\"noopener\"><img data-recalc-dims=\"1\" loading=\"lazy\" decoding=\"async\" class=\"alignnone size-full wp-image-4464\" title=\"OVNS 08 2500 Puffs Vape Desechable Mayorista Blue Razz Lemon\" src=\"https:\/\/i0.wp.com\/www.disposablevapeswholesale.com\/wp-content\/uploads\/2022\/08\/OVNS-08-2500-Puffs-Disposable-Vape-Wholesale-Blue-Razz-Lemon.jpg?resize=800%2C800&#038;ssl=1\" alt=\"OVNS 08 2500 Puffs Vape Desechable Mayorista Blue Razz Lemon\" width=\"800\" height=\"800\" \/><\/a> <a href=\"https:\/\/i0.wp.com\/www.disposablevapeswholesale.com\/wp-content\/uploads\/2022\/08\/OVNS-08-2500-Puffs-Disposable-Vape-Wholesale-Banana-Ice.jpg?ssl=1\" target=\"_blank\" rel=\"noopener\"><img data-recalc-dims=\"1\" loading=\"lazy\" decoding=\"async\" class=\"alignnone size-full wp-image-4460\" title=\"OVNS 08 2500 Puffs Vape Desechable Pl\u00e1tano Hielo al por mayor\" src=\"https:\/\/i0.wp.com\/www.disposablevapeswholesale.com\/wp-content\/uploads\/2022\/08\/OVNS-08-2500-Puffs-Disposable-Vape-Wholesale-Banana-Ice.jpg?resize=800%2C800&#038;ssl=1\" alt=\"OVNS 08 2500 Puffs Vape Desechable Pl\u00e1tano Hielo al por mayor\" width=\"800\" height=\"800\" \/><\/a><\/p>","protected":false},"excerpt":{"rendered":"<p>OVNS 08 2500 Puffs Vape desechable al por mayor es para principiantes y ultra-port\u00e1til, que ofrece un rendimiento de vapor suave y un funcionamiento sin complicaciones para vaping conveniente.<\/p>","protected":false},"featured_media":1474,"comment_status":"closed","ping_status":"closed","template":"","meta":[],"product_brand":[],"product_cat":[22],"product_tag":[266,60,296,256],"class_list":{"0":"post-1203","1":"product","2":"type-product","3":"status-publish","4":"has-post-thumbnail","6":"product_cat-disposable-vape-sticks","7":"product_tag-2500-puffs","8":"product_tag-disposable-vapes","9":"product_tag-ovns-08","10":"product_tag-wholesale","12":"first","13":"instock","14":"shipping-taxable","15":"purchasable","16":"product-type-simple"},"jetpack_sharing_enabled":true,"tiered_pricing_type":"fixed","tiered_pricing_fixed_rules":{"5000":6,"10000":5,"50000":4},"tiered_pricing_product_settings":{"layout":"default","base_unit_name":{"singular":null,"plural":null},"default_variation":null},"tiered_pricing_minimum_quantity":60,"tiered_pricing_roles_data":[],"tiered_pricing_percentage_rules":[],"tiered_pricing_maximum_quantity":null,"tiered_pricing_quantity_step":null,"_links":{"self":[{"href":"https:\/\/cloudsupplyvapes.com\/es\/wp-json\/wp\/v2\/product\/1203","targetHints":{"allow":["GET"]}}],"collection":[{"href":"https:\/\/cloudsupplyvapes.com\/es\/wp-json\/wp\/v2\/product"}],"about":[{"href":"https:\/\/cloudsupplyvapes.com\/es\/wp-json\/wp\/v2\/types\/product"}],"replies":[{"embeddable":true,"href":"https:\/\/cloudsupplyvapes.com\/es\/wp-json\/wp\/v2\/comments?post=1203"}],"wp:featuredmedia":[{"embeddable":true,"href":"https:\/\/cloudsupplyvapes.com\/es\/wp-json\/wp\/v2\/media\/1474"}],"wp:attachment":[{"href":"https:\/\/cloudsupplyvapes.com\/es\/wp-json\/wp\/v2\/media?parent=1203"}],"wp:term":[{"taxonomy":"product_brand","embeddable":true,"href":"https:\/\/cloudsupplyvapes.com\/es\/wp-json\/wp\/v2\/product_brand?post=1203"},{"taxonomy":"product_cat","embeddable":true,"href":"https:\/\/cloudsupplyvapes.com\/es\/wp-json\/wp\/v2\/product_cat?post=1203"},{"taxonomy":"product_tag","embeddable":true,"href":"https:\/\/cloudsupplyvapes.com\/es\/wp-json\/wp\/v2\/product_tag?post=1203"}],"curies":[{"name":"wp","href":"https:\/\/api.w.org\/{rel}","templated":true}]}}