{"id":1264,"date":"2024-10-19T02:18:49","date_gmt":"2024-10-19T02:18:49","guid":{"rendered":"https:\/\/cloudsupplyvapes.com\/?post_type=product&#038;p=1264"},"modified":"2024-11-26T08:37:05","modified_gmt":"2024-11-26T08:37:05","slug":"-57","status":"publish","type":"product","link":"https:\/\/cloudsupplyvapes.com\/es\/product\/breze-stiik-max-1800-puffs-disposable-vape-wholesale\/","title":{"rendered":"Breze Stiik Max 1800 Puffs Vape desechable al por mayor Vape port\u00e1til para principiantes"},"content":{"rendered":"<p>Breze Stiik Max es un dispositivo de vapeo desechable que viene con 6 ml de e-jugo de sal nic precargado y una bater\u00eda incorporada de 950mAh que proporciona aproximadamente 1800 caladas.<\/p>\n<p>&nbsp;<\/p>\n<h2>Especificaciones del Vape Desechable Breze Stiik Max:<\/h2>\n<p>Marca: Breze Stiik<\/p>\n<p>Puffs: 1800 Puffs disponibles por dispositivo.<\/p>\n<p>Nicotina: 5%<\/p>\n<p>Capacidad del e-jugo: 6ML<\/p>\n<p>Bater\u00eda: 950mAh<\/p>\n<p>&nbsp;<\/p>\n<h2>Sabores<\/h2>\n<p>Pi\u00f1a helada<\/p>\n<p>Mango Ice<\/p>\n<p>Hielo de ar\u00e1ndanos<\/p>\n<p>Hielo de chicle<\/p>\n<p>Hielo de pl\u00e1tano<\/p>\n<p>Hielo de uva<\/p>\n<p>Hielo de granada<\/p>\n<p>Hielo de sand\u00eda<\/p>\n<p>&nbsp;<\/p>\n<h2>Embalaje y peso<\/h2>\n<p>0,06KG\/PCS, Individual con paquete peque\u00f1o, 5 piezas en caja mediana.<\/p>\n<p>150PCS en el cart\u00f3n principal, 10KG.<\/p>\n<p><a href=\"https:\/\/i0.wp.com\/www.disposablevapeswholesale.com\/wp-content\/uploads\/2022\/07\/Breze-Stiik-Max-1800-Puffs-Disposable-Vape-Wholesale.jpg?ssl=1\" target=\"_blank\" rel=\"noopener\"><img data-recalc-dims=\"1\" loading=\"lazy\" decoding=\"async\" class=\"alignnone size-full wp-image-4250\" title=\"Breze Stiik Max 1800 Puffs Vape Desechable al por mayor\" src=\"https:\/\/i0.wp.com\/www.disposablevapeswholesale.com\/wp-content\/uploads\/2022\/07\/Breze-Stiik-Max-1800-Puffs-Disposable-Vape-Wholesale.jpg?resize=800%2C361&#038;ssl=1\" alt=\"Breze Stiik Max 1800 Puffs Vape Desechable al por mayor\" width=\"800\" height=\"361\" \/><\/a> <a href=\"https:\/\/i0.wp.com\/www.disposablevapeswholesale.com\/wp-content\/uploads\/2022\/07\/Breze-Stiik-Max-1800-Puffs-Disposable-Vape-Wholesale-Watermelon-Ice.jpg?ssl=1\" target=\"_blank\" rel=\"noopener\"><img data-recalc-dims=\"1\" loading=\"lazy\" decoding=\"async\" class=\"alignnone size-full wp-image-4249\" title=\"Breze Stiik Max 1800 Puffs Vape Desechable Mayorista Sandia Helada\" src=\"https:\/\/i0.wp.com\/www.disposablevapeswholesale.com\/wp-content\/uploads\/2022\/07\/Breze-Stiik-Max-1800-Puffs-Disposable-Vape-Wholesale-Watermelon-Ice.jpg?resize=800%2C800&#038;ssl=1\" alt=\"Breze Stiik Max 1800 Puffs Vape Desechable Mayorista Sandia Helada\" width=\"800\" height=\"800\" \/><\/a> <a href=\"https:\/\/i0.wp.com\/www.disposablevapeswholesale.com\/wp-content\/uploads\/2022\/07\/Breze-Stiik-Max-1800-Puffs-Disposable-Vape-Wholesale-Pomegranate-Ice.jpg?ssl=1\" target=\"_blank\" rel=\"noopener\"><img data-recalc-dims=\"1\" loading=\"lazy\" decoding=\"async\" class=\"alignnone size-full wp-image-4248\" title=\"Breze Stiik Max 1800 Puffs Vape Desechable Mayorista Granada Hielo\" src=\"https:\/\/i0.wp.com\/www.disposablevapeswholesale.com\/wp-content\/uploads\/2022\/07\/Breze-Stiik-Max-1800-Puffs-Disposable-Vape-Wholesale-Pomegranate-Ice.jpg?resize=800%2C800&#038;ssl=1\" alt=\"Breze Stiik Max 1800 Puffs Vape Desechable Mayorista Granada Hielo\" width=\"800\" height=\"800\" \/><\/a> <a href=\"https:\/\/i0.wp.com\/www.disposablevapeswholesale.com\/wp-content\/uploads\/2022\/07\/Breze-Stiik-Max-1800-Puffs-Disposable-Vape-Wholesale-Pineapple-Ice.jpg?ssl=1\" target=\"_blank\" rel=\"noopener\"><img data-recalc-dims=\"1\" loading=\"lazy\" decoding=\"async\" class=\"alignnone size-full wp-image-4247\" title=\"Breze Stiik Max 1800 Puffs Vape Desechable Pineapple Ice al por mayor\" src=\"https:\/\/i0.wp.com\/www.disposablevapeswholesale.com\/wp-content\/uploads\/2022\/07\/Breze-Stiik-Max-1800-Puffs-Disposable-Vape-Wholesale-Pineapple-Ice.jpg?resize=800%2C800&#038;ssl=1\" alt=\"Breze Stiik Max 1800 Puffs Vape Desechable Pineapple Ice al por mayor\" width=\"800\" height=\"800\" \/><\/a> <a href=\"https:\/\/i0.wp.com\/www.disposablevapeswholesale.com\/wp-content\/uploads\/2022\/07\/Breze-Stiik-Max-1800-Puffs-Disposable-Vape-Wholesale-Mango-Ice.jpg?ssl=1\" target=\"_blank\" rel=\"noopener\"><img data-recalc-dims=\"1\" loading=\"lazy\" decoding=\"async\" class=\"alignnone size-full wp-image-4246\" title=\"Breze Stiik Max 1800 Puffs Vape Desechable Mayorista Mango Ice\" src=\"https:\/\/i0.wp.com\/www.disposablevapeswholesale.com\/wp-content\/uploads\/2022\/07\/Breze-Stiik-Max-1800-Puffs-Disposable-Vape-Wholesale-Mango-Ice.jpg?resize=800%2C800&#038;ssl=1\" alt=\"Breze Stiik Max 1800 Puffs Vape Desechable Mayorista Mango Ice\" width=\"800\" height=\"800\" \/><\/a> <a href=\"https:\/\/i0.wp.com\/www.disposablevapeswholesale.com\/wp-content\/uploads\/2022\/07\/Breze-Stiik-Max-1800-Puffs-Disposable-Vape-Wholesale-Grape-Ice.jpg?ssl=1\" target=\"_blank\" rel=\"noopener\"><img data-recalc-dims=\"1\" loading=\"lazy\" decoding=\"async\" class=\"alignnone size-full wp-image-4245\" title=\"Breze Stiik Max 1800 Puffs Vape Desechable Mayorista Grape Ice\" src=\"https:\/\/i0.wp.com\/www.disposablevapeswholesale.com\/wp-content\/uploads\/2022\/07\/Breze-Stiik-Max-1800-Puffs-Disposable-Vape-Wholesale-Grape-Ice.jpg?resize=800%2C800&#038;ssl=1\" alt=\"Breze Stiik Max 1800 Puffs Vape Desechable Mayorista Grape Ice\" width=\"800\" height=\"800\" \/><\/a> <a href=\"https:\/\/i0.wp.com\/www.disposablevapeswholesale.com\/wp-content\/uploads\/2022\/07\/Breze-Stiik-Max-1800-Puffs-Disposable-Vape-Wholesale-Bubble-Gum-Ice.jpg?ssl=1\" target=\"_blank\" rel=\"noopener\"><img data-recalc-dims=\"1\" loading=\"lazy\" decoding=\"async\" class=\"alignnone size-full wp-image-4244\" title=\"Breze Stiik Max 1800 Puffs Vape Desechable Bubble Gum Ice al por mayor\" src=\"https:\/\/i0.wp.com\/www.disposablevapeswholesale.com\/wp-content\/uploads\/2022\/07\/Breze-Stiik-Max-1800-Puffs-Disposable-Vape-Wholesale-Bubble-Gum-Ice.jpg?resize=800%2C800&#038;ssl=1\" alt=\"Breze Stiik Max 1800 Puffs Vape Desechable Bubble Gum Ice al por mayor\" width=\"800\" height=\"800\" \/><\/a> <a href=\"https:\/\/i0.wp.com\/www.disposablevapeswholesale.com\/wp-content\/uploads\/2022\/07\/Breze-Stiik-Max-1800-Puffs-Disposable-Vape-Wholesale-Blueberry-Ice.jpg?ssl=1\" target=\"_blank\" rel=\"noopener\"><img data-recalc-dims=\"1\" loading=\"lazy\" decoding=\"async\" class=\"alignnone size-full wp-image-4243\" title=\"Breze Stiik Max 1800 Puffs Vape Desechable Mayorista Blueberry Ice\" src=\"https:\/\/i0.wp.com\/www.disposablevapeswholesale.com\/wp-content\/uploads\/2022\/07\/Breze-Stiik-Max-1800-Puffs-Disposable-Vape-Wholesale-Blueberry-Ice.jpg?resize=800%2C800&#038;ssl=1\" alt=\"Breze Stiik Max 1800 Puffs Vape Desechable Mayorista Blueberry Ice\" width=\"800\" height=\"800\" \/><\/a> <a href=\"https:\/\/i0.wp.com\/www.disposablevapeswholesale.com\/wp-content\/uploads\/2022\/07\/Breze-Stiik-Max-1800-Puffs-Disposable-Vape-Wholesale-Banana-Ice.jpg?ssl=1\" target=\"_blank\" rel=\"noopener\"><img data-recalc-dims=\"1\" loading=\"lazy\" decoding=\"async\" class=\"alignnone size-full wp-image-4242\" title=\"Breze Stiik Max 1800 Puffs Vape Desechable Mayorista Banana Ice\" src=\"https:\/\/i0.wp.com\/www.disposablevapeswholesale.com\/wp-content\/uploads\/2022\/07\/Breze-Stiik-Max-1800-Puffs-Disposable-Vape-Wholesale-Banana-Ice.jpg?resize=800%2C800&#038;ssl=1\" alt=\"Breze Stiik Max 1800 Puffs Vape Desechable Mayorista Banana Ice\" width=\"800\" height=\"800\" \/><\/a><\/p>","protected":false},"excerpt":{"rendered":"<p>Breze Stiik Max 1800 Puffs Vape desechable al por mayor ofrece un dise\u00f1o f\u00e1cil de usar para principiantes, port\u00e1til con suaves golpes de garganta y la entrega de vapor consistente para vapear sin problemas.<\/p>","protected":false},"featured_media":1512,"comment_status":"closed","ping_status":"closed","template":"","meta":[],"product_brand":[],"product_cat":[22],"product_tag":[300,301,60,256],"class_list":{"0":"post-1264","1":"product","2":"type-product","3":"status-publish","4":"has-post-thumbnail","6":"product_cat-disposable-vape-sticks","7":"product_tag-1800-puffs","8":"product_tag-breze-stiik-max","9":"product_tag-disposable-vapes","10":"product_tag-wholesale","12":"first","13":"instock","14":"shipping-taxable","15":"purchasable","16":"product-type-simple"},"jetpack_sharing_enabled":true,"tiered_pricing_type":"fixed","tiered_pricing_fixed_rules":{"5000":11,"10000":9,"50000":8},"tiered_pricing_product_settings":{"layout":"default","base_unit_name":{"singular":null,"plural":null},"default_variation":null},"tiered_pricing_minimum_quantity":60,"tiered_pricing_roles_data":[],"tiered_pricing_percentage_rules":[],"tiered_pricing_maximum_quantity":null,"tiered_pricing_quantity_step":null,"_links":{"self":[{"href":"https:\/\/cloudsupplyvapes.com\/es\/wp-json\/wp\/v2\/product\/1264","targetHints":{"allow":["GET"]}}],"collection":[{"href":"https:\/\/cloudsupplyvapes.com\/es\/wp-json\/wp\/v2\/product"}],"about":[{"href":"https:\/\/cloudsupplyvapes.com\/es\/wp-json\/wp\/v2\/types\/product"}],"replies":[{"embeddable":true,"href":"https:\/\/cloudsupplyvapes.com\/es\/wp-json\/wp\/v2\/comments?post=1264"}],"wp:featuredmedia":[{"embeddable":true,"href":"https:\/\/cloudsupplyvapes.com\/es\/wp-json\/wp\/v2\/media\/1512"}],"wp:attachment":[{"href":"https:\/\/cloudsupplyvapes.com\/es\/wp-json\/wp\/v2\/media?parent=1264"}],"wp:term":[{"taxonomy":"product_brand","embeddable":true,"href":"https:\/\/cloudsupplyvapes.com\/es\/wp-json\/wp\/v2\/product_brand?post=1264"},{"taxonomy":"product_cat","embeddable":true,"href":"https:\/\/cloudsupplyvapes.com\/es\/wp-json\/wp\/v2\/product_cat?post=1264"},{"taxonomy":"product_tag","embeddable":true,"href":"https:\/\/cloudsupplyvapes.com\/es\/wp-json\/wp\/v2\/product_tag?post=1264"}],"curies":[{"name":"wp","href":"https:\/\/api.w.org\/{rel}","templated":true}]}}