{"id":129,"date":"2024-10-10T07:17:19","date_gmt":"2024-10-10T07:17:19","guid":{"rendered":"https:\/\/cloudsupplyvapes.com\/?post_type=product&#038;p=129"},"modified":"2024-11-26T09:38:42","modified_gmt":"2024-11-26T09:38:42","slug":"bang-shisha-15000-puff-disposable-vape-wholesale","status":"publish","type":"product","link":"https:\/\/cloudsupplyvapes.com\/es\/product\/bang-shisha-15000-puff-disposable-vape-wholesale\/","title":{"rendered":"Bang Shisha 15000 Puffs Vape Desechable | Venta al por mayor Vers\u00e1til Rendimiento de larga duraci\u00f3n"},"content":{"rendered":"<h3 class=\"second-title\">Caracter\u00edsticas<\/h3>\n<ul>\n<li>Bater\u00eda integrada de 600 mAh<\/li>\n<li>Recargable<\/li>\n<li>Suministro de energ\u00eda eficiente y constante<\/li>\n<li>23ml E-jugo pre-llenado<\/li>\n<li>0% 2% 3% 5% Nivel de nicotina<\/li>\n<li>Satisfacer a casi 15000 Puffs<\/li>\n<li>Bobina de malla<\/li>\n<li>Protecci\u00f3n: Sobrecalentamiento, Cortocircuito<\/li>\n<\/ul>\n<h3>Lista de sabores<\/h3>\n<p>1,Hielo de ar\u00e1ndano<br \/>\n2,Blue Razz Ice<br \/>\n3,Sand\u00eda cereza<br \/>\n4,Manzana congelada<br \/>\n5,Chicle Menta<br \/>\n6,Mango Pl\u00e1tano<br \/>\n7,Mix Berry Ice<br \/>\n8,Pi\u00f1a Coco<br \/>\n9,Granizado de bayas rojas<br \/>\n10,Kiwi Fruta de la pasi\u00f3n Guayaba<br \/>\n11,Uva de ar\u00e1ndano<br \/>\n12,Hielo de fresa<br \/>\n13,Kiwi fresa<br \/>\n14,Caramelo de fresa y frambuesa<br \/>\n15,Hielo de sand\u00eda<br \/>\n16,Melocotones jugosos<br \/>\n17,Love 66<br \/>\n18,Mango melocot\u00f3n<br \/>\n19,Red Bull<br \/>\n20,Sand\u00eda Fresa Chicle<\/p>","protected":false},"excerpt":{"rendered":"<p>Bang Shisha 15000 Puffs Vape desechable al por mayor combina un dise\u00f1o vers\u00e1til, la producci\u00f3n de vapor suave, y un rendimiento duradero para una experiencia vaping premium.<\/p>","protected":false},"featured_media":127,"comment_status":"open","ping_status":"closed","template":"","meta":[],"product_brand":[],"product_cat":[16],"product_tag":[],"class_list":{"0":"post-129","1":"product","2":"type-product","3":"status-publish","4":"has-post-thumbnail","6":"product_cat-disposable-vapes-for-wholesale","8":"first","9":"instock","10":"shipping-taxable","11":"purchasable","12":"product-type-simple"},"jetpack_sharing_enabled":true,"tiered_pricing_type":"fixed","tiered_pricing_fixed_rules":{"100":9.9000000000000003552713678800500929355621337890625,"500":8.9000000000000003552713678800500929355621337890625},"tiered_pricing_product_settings":{"layout":"default","base_unit_name":{"singular":null,"plural":null},"default_variation":null},"tiered_pricing_minimum_quantity":10,"tiered_pricing_roles_data":[],"tiered_pricing_percentage_rules":[],"tiered_pricing_maximum_quantity":null,"tiered_pricing_quantity_step":"10","_links":{"self":[{"href":"https:\/\/cloudsupplyvapes.com\/es\/wp-json\/wp\/v2\/product\/129","targetHints":{"allow":["GET"]}}],"collection":[{"href":"https:\/\/cloudsupplyvapes.com\/es\/wp-json\/wp\/v2\/product"}],"about":[{"href":"https:\/\/cloudsupplyvapes.com\/es\/wp-json\/wp\/v2\/types\/product"}],"replies":[{"embeddable":true,"href":"https:\/\/cloudsupplyvapes.com\/es\/wp-json\/wp\/v2\/comments?post=129"}],"wp:featuredmedia":[{"embeddable":true,"href":"https:\/\/cloudsupplyvapes.com\/es\/wp-json\/wp\/v2\/media\/127"}],"wp:attachment":[{"href":"https:\/\/cloudsupplyvapes.com\/es\/wp-json\/wp\/v2\/media?parent=129"}],"wp:term":[{"taxonomy":"product_brand","embeddable":true,"href":"https:\/\/cloudsupplyvapes.com\/es\/wp-json\/wp\/v2\/product_brand?post=129"},{"taxonomy":"product_cat","embeddable":true,"href":"https:\/\/cloudsupplyvapes.com\/es\/wp-json\/wp\/v2\/product_cat?post=129"},{"taxonomy":"product_tag","embeddable":true,"href":"https:\/\/cloudsupplyvapes.com\/es\/wp-json\/wp\/v2\/product_tag?post=129"}],"curies":[{"name":"wp","href":"https:\/\/api.w.org\/{rel}","templated":true}]}}