{"id":1605,"date":"2024-10-19T02:20:31","date_gmt":"2024-10-19T02:20:31","guid":{"rendered":"https:\/\/cloudsupplyvapes.com\/?post_type=product&#038;p=1605"},"modified":"2024-11-26T07:51:52","modified_gmt":"2024-11-26T07:51:52","slug":"-62","status":"publish","type":"product","link":"https:\/\/cloudsupplyvapes.com\/es\/product\/randm-switch-rm-2in1-2400-puffs-disposable-vape-wholesale\/","title":{"rendered":"RandM Switch 2en1 2400 Puffs Vape Desechable Mayorista Doble Sabor Dise\u00f1o Port\u00e1til"},"content":{"rendered":"<p>RandM Switch es un dispositivo de vapeo desechable con funci\u00f3n de interruptor de sabor, dise\u00f1o elegante y sencillo, bater\u00eda incorporada de alta capacidad de 1100 mAh, capacidad de 8 ml de aceite e-l\u00edquido, hasta 2400 veces, con 6 sabores para elegir.Puede cambiar entre sabores instant\u00e1neamente a trav\u00e9s del bot\u00f3n en la parte inferior del dispositivo.<\/p>\n<p>&nbsp;<\/p>\n<h2>Dispositivo desechable RandM SWITCH Caracter\u00edsticas:<\/h2>\n<p>Sal de nicotina %.<\/p>\n<p>ML de E-l\u00edquido.<\/p>\n<p>400 inhalaciones por dispositivo.<\/p>\n<p>Cambio de sabor in1<\/p>\n<p>\u2611Mecanismo de disparo accionado por tracci\u00f3n.<\/p>\n<p>Bater\u00eda integrada de 1100 mAh.<\/p>\n<p>2 sabores disponibles.<\/p>\n<p>Dispositivo desechable (no recargable y no recargable)<\/p>\n<p>&nbsp;<\/p>\n<h2>Sabores<\/h2>\n<p>Hielo de ar\u00e1ndanos y gominolas<\/p>\n<p>Soda de naranja y hielo de mel\u00f3n<\/p>\n<p>Hielo de sand\u00eda y hielo de cola<\/p>\n<p>Hielo de pl\u00e1tano y manzana &amp; Hielo de melocot\u00f3n<\/p>\n<p>Mezcla de bayas y menta fresca<\/p>\n<p>Donut de fresa y helado de pi\u00f1a<\/p>\n<p>&nbsp;<\/p>\n<h2>Embalaje y peso<\/h2>\n<p>0,063KG\/PCS, Individual con paquete peque\u00f1o, 10 piezas en caja mediana.<\/p>\n<p>300PCS en el cart\u00f3n principal, 19KG.<\/p>\n<p>&nbsp;<\/p>\n<h2>OEM<\/h2>\n<p>Cantidad m\u00ednima de pedido para OEM: 1000 PCS mismo sabor.<\/p>\n<p><a href=\"https:\/\/i0.wp.com\/www.disposablevapeswholesale.com\/wp-content\/uploads\/2022\/03\/RandM-Switch-RM-2in1-2400-Puffs-Disposable-Vape-Wholesale.jpg?ssl=1\" target=\"_blank\" rel=\"noopener\"><img data-recalc-dims=\"1\" loading=\"lazy\" decoding=\"async\" class=\"alignnone size-full wp-image-2186\" title=\"RandM Switch RM 2en1 2400 Puffs Vape Desechable al por mayor\" src=\"https:\/\/i0.wp.com\/www.disposablevapeswholesale.com\/wp-content\/uploads\/2022\/03\/RandM-Switch-RM-2in1-2400-Puffs-Disposable-Vape-Wholesale.jpg?resize=800%2C800&#038;ssl=1\" alt=\"RandM Switch RM 2en1 2400 Puffs Vape Desechable al por mayor\" width=\"800\" height=\"800\" \/><\/a> <a href=\"https:\/\/i0.wp.com\/www.disposablevapeswholesale.com\/wp-content\/uploads\/2022\/03\/RandM-Switch-RM-2in1-2400-Puffs-Disposable-Vape-Wholesale-Flavors.jpg?ssl=1\" target=\"_blank\" rel=\"noopener\"><img data-recalc-dims=\"1\" loading=\"lazy\" decoding=\"async\" class=\"alignnone size-full wp-image-2181\" title=\"RandM Switch RM 2en1 2400 Puffs Vape Desechable Sabores al por mayor\" src=\"https:\/\/i0.wp.com\/www.disposablevapeswholesale.com\/wp-content\/uploads\/2022\/03\/RandM-Switch-RM-2in1-2400-Puffs-Disposable-Vape-Wholesale-Flavors.jpg?resize=800%2C800&#038;ssl=1\" alt=\"RandM Switch RM 2en1 2400 Puffs Vape Desechable Sabores al por mayor\" width=\"800\" height=\"800\" \/><\/a> <a href=\"https:\/\/i0.wp.com\/www.disposablevapeswholesale.com\/wp-content\/uploads\/2022\/03\/RandM-Switch-RM-2in1-2400-Puffs-Disposable-Vape-Wholesale-6-Flavors.jpg?ssl=1\" target=\"_blank\" rel=\"noopener\"><img data-recalc-dims=\"1\" loading=\"lazy\" decoding=\"async\" class=\"alignnone size-full wp-image-2178\" title=\"RandM Switch RM 2en1 2400 Puffs Vape Desechable Mayorista 6 Sabores\" src=\"https:\/\/i0.wp.com\/www.disposablevapeswholesale.com\/wp-content\/uploads\/2022\/03\/RandM-Switch-RM-2in1-2400-Puffs-Disposable-Vape-Wholesale-6-Flavors.jpg?resize=800%2C800&#038;ssl=1\" alt=\"RandM Switch RM 2en1 2400 Puffs Vape Desechable Mayorista 6 Sabores\" width=\"800\" height=\"800\" \/><\/a> <a href=\"https:\/\/i0.wp.com\/www.disposablevapeswholesale.com\/wp-content\/uploads\/2022\/03\/RandM-Switch-RM-2in1-2400-Puffs-Disposable-Vape-Wholesale-Watermelon-Ice-Cola-Ice.jpg?ssl=1\" target=\"_blank\" rel=\"noopener\"><img data-recalc-dims=\"1\" loading=\"lazy\" decoding=\"async\" class=\"alignnone size-full wp-image-2185\" title=\"RandM Switch RM 2en1 2400 Puffs Vape Desechable Sand\u00eda Cola Ice al por mayor\" src=\"https:\/\/i0.wp.com\/www.disposablevapeswholesale.com\/wp-content\/uploads\/2022\/03\/RandM-Switch-RM-2in1-2400-Puffs-Disposable-Vape-Wholesale-Watermelon-Ice-Cola-Ice.jpg?resize=800%2C800&#038;ssl=1\" alt=\"RandM Switch RM 2en1 2400 Puffs Vape Desechable Sand\u00eda Cola Ice al por mayor\" width=\"800\" height=\"800\" \/><\/a> <a href=\"https:\/\/i0.wp.com\/www.disposablevapeswholesale.com\/wp-content\/uploads\/2022\/03\/RandM-Switch-RM-2in1-2400-Puffs-Disposable-Vape-Wholesale-Strawberry-Donut-Pineapple-Ice.jpg?ssl=1\" target=\"_blank\" rel=\"noopener\"><img data-recalc-dims=\"1\" loading=\"lazy\" decoding=\"async\" class=\"alignnone size-full wp-image-2184\" title=\"RandM Switch RM 2en1 2400 Puffs Vape Desechable Mayorista Fresa Donut Pi\u00f1a Hielo\" src=\"https:\/\/i0.wp.com\/www.disposablevapeswholesale.com\/wp-content\/uploads\/2022\/03\/RandM-Switch-RM-2in1-2400-Puffs-Disposable-Vape-Wholesale-Strawberry-Donut-Pineapple-Ice.jpg?resize=800%2C800&#038;ssl=1\" alt=\"RandM Switch RM 2en1 2400 Puffs Vape Desechable Mayorista Fresa Donut Pi\u00f1a Hielo\" width=\"800\" height=\"800\" \/><\/a> <a href=\"https:\/\/i0.wp.com\/www.disposablevapeswholesale.com\/wp-content\/uploads\/2022\/03\/RandM-Switch-RM-2in1-2400-Puffs-Disposable-Vape-Wholesale-Orange-Soda-Melon-Ice.jpg?ssl=1\" target=\"_blank\" rel=\"noopener\"><img data-recalc-dims=\"1\" loading=\"lazy\" decoding=\"async\" class=\"alignnone size-full wp-image-2183\" title=\"RandM Switch RM 2en1 2400 Puffs Vape Desechable Mayorista Naranja Soda Melon Ice\" src=\"https:\/\/i0.wp.com\/www.disposablevapeswholesale.com\/wp-content\/uploads\/2022\/03\/RandM-Switch-RM-2in1-2400-Puffs-Disposable-Vape-Wholesale-Orange-Soda-Melon-Ice.jpg?resize=800%2C800&#038;ssl=1\" alt=\"RandM Switch RM 2en1 2400 Puffs Vape Desechable Mayorista Naranja Soda Melon Ice\" width=\"800\" height=\"800\" \/><\/a> <a href=\"https:\/\/i0.wp.com\/www.disposablevapeswholesale.com\/wp-content\/uploads\/2022\/03\/RandM-Switch-RM-2in1-2400-Puffs-Disposable-Vape-Wholesale-Mixed-Berries-Cool-Mint.jpg?ssl=1\" target=\"_blank\" rel=\"noopener\"><img data-recalc-dims=\"1\" loading=\"lazy\" decoding=\"async\" class=\"alignnone size-full wp-image-2182\" title=\"RandM Switch RM 2en1 2400 Puffs Vape Desechable al por mayor Mixed Berries Cool Mint\" src=\"https:\/\/i0.wp.com\/www.disposablevapeswholesale.com\/wp-content\/uploads\/2022\/03\/RandM-Switch-RM-2in1-2400-Puffs-Disposable-Vape-Wholesale-Mixed-Berries-Cool-Mint.jpg?resize=800%2C800&#038;ssl=1\" alt=\"RandM Switch RM 2en1 2400 Puffs Vape Desechable al por mayor Mixed Berries Cool Mint\" width=\"800\" height=\"800\" \/><\/a> <a href=\"https:\/\/i0.wp.com\/www.disposablevapeswholesale.com\/wp-content\/uploads\/2022\/03\/RandM-Switch-RM-2in1-2400-Puffs-Disposable-Vape-Wholesale-Blueberry-Ice-Gummy-Bear.jpg?ssl=1\" target=\"_blank\" rel=\"noopener\"><img data-recalc-dims=\"1\" loading=\"lazy\" decoding=\"async\" class=\"alignnone size-full wp-image-2180\" title=\"RandM Switch RM 2en1 2400 Puffs Vape Desechable Mayorista Blueberry Ice Gummy Bear\" src=\"https:\/\/i0.wp.com\/www.disposablevapeswholesale.com\/wp-content\/uploads\/2022\/03\/RandM-Switch-RM-2in1-2400-Puffs-Disposable-Vape-Wholesale-Blueberry-Ice-Gummy-Bear.jpg?resize=800%2C800&#038;ssl=1\" alt=\"RandM Switch RM 2en1 2400 Puffs Vape Desechable Mayorista Blueberry Ice Gummy Bear\" width=\"800\" height=\"800\" \/><\/a> <a href=\"https:\/\/i0.wp.com\/www.disposablevapeswholesale.com\/wp-content\/uploads\/2022\/03\/RandM-Switch-RM-2in1-2400-Puffs-Disposable-Vape-Wholesale-Banana-Apple-Ice-Peach-Ice.jpg?ssl=1\" target=\"_blank\" rel=\"noopener\"><img data-recalc-dims=\"1\" loading=\"lazy\" decoding=\"async\" class=\"alignnone size-full wp-image-2179\" title=\"RandM Switch RM 2en1 2400 Puffs Vape Desechable Mayorista Pl\u00e1tano Manzana Hielo Melocot\u00f3n Hielo\" src=\"https:\/\/i0.wp.com\/www.disposablevapeswholesale.com\/wp-content\/uploads\/2022\/03\/RandM-Switch-RM-2in1-2400-Puffs-Disposable-Vape-Wholesale-Banana-Apple-Ice-Peach-Ice.jpg?resize=800%2C800&#038;ssl=1\" alt=\"RandM Switch RM 2en1 2400 Puffs Vape Desechable Mayorista Pl\u00e1tano Manzana Hielo Melocot\u00f3n Hielo\" width=\"800\" height=\"800\" \/><\/a><\/p>","protected":false},"excerpt":{"rendered":"<p>RandM Switch 2in1 2400 Puffs Disposable Vape Wholesale features dual flavor options, a portable design, and smooth vapor delivery for a versatile and satisfying vaping experience.<\/p>","protected":false},"featured_media":1821,"comment_status":"closed","ping_status":"closed","template":"","meta":[],"product_brand":[],"product_cat":[22],"product_tag":[332,60,333,256],"class_list":{"0":"post-1605","1":"product","2":"type-product","3":"status-publish","4":"has-post-thumbnail","6":"product_cat-disposable-vape-sticks","7":"product_tag-2400-puffs","8":"product_tag-disposable-vapes","9":"product_tag-randm-switch-rm-2in1","10":"product_tag-wholesale","12":"first","13":"instock","14":"shipping-taxable","15":"purchasable","16":"product-type-simple"},"jetpack_sharing_enabled":true,"tiered_pricing_type":"fixed","tiered_pricing_fixed_rules":{"5000":5,"10000":4,"50000":3},"tiered_pricing_product_settings":{"layout":"default","base_unit_name":{"singular":null,"plural":null},"default_variation":null},"tiered_pricing_minimum_quantity":60,"tiered_pricing_roles_data":[],"tiered_pricing_percentage_rules":[],"tiered_pricing_maximum_quantity":null,"tiered_pricing_quantity_step":null,"_links":{"self":[{"href":"https:\/\/cloudsupplyvapes.com\/es\/wp-json\/wp\/v2\/product\/1605","targetHints":{"allow":["GET"]}}],"collection":[{"href":"https:\/\/cloudsupplyvapes.com\/es\/wp-json\/wp\/v2\/product"}],"about":[{"href":"https:\/\/cloudsupplyvapes.com\/es\/wp-json\/wp\/v2\/types\/product"}],"replies":[{"embeddable":true,"href":"https:\/\/cloudsupplyvapes.com\/es\/wp-json\/wp\/v2\/comments?post=1605"}],"wp:featuredmedia":[{"embeddable":true,"href":"https:\/\/cloudsupplyvapes.com\/es\/wp-json\/wp\/v2\/media\/1821"}],"wp:attachment":[{"href":"https:\/\/cloudsupplyvapes.com\/es\/wp-json\/wp\/v2\/media?parent=1605"}],"wp:term":[{"taxonomy":"product_brand","embeddable":true,"href":"https:\/\/cloudsupplyvapes.com\/es\/wp-json\/wp\/v2\/product_brand?post=1605"},{"taxonomy":"product_cat","embeddable":true,"href":"https:\/\/cloudsupplyvapes.com\/es\/wp-json\/wp\/v2\/product_cat?post=1605"},{"taxonomy":"product_tag","embeddable":true,"href":"https:\/\/cloudsupplyvapes.com\/es\/wp-json\/wp\/v2\/product_tag?post=1605"}],"curies":[{"name":"wp","href":"https:\/\/api.w.org\/{rel}","templated":true}]}}