{"id":1606,"date":"2024-10-19T02:20:31","date_gmt":"2024-10-19T02:20:31","guid":{"rendered":"https:\/\/cloudsupplyvapes.com\/?post_type=product&#038;p=1606"},"modified":"2024-11-26T07:52:08","modified_gmt":"2024-11-26T07:52:08","slug":"-63","status":"publish","type":"product","link":"https:\/\/cloudsupplyvapes.com\/es\/product\/randm-switch-r-and-m-2in1-2400-puffs-disposable-vape-wholesale\/","title":{"rendered":"RandM Switch R And M 2in1 2400 Puffs Vape desechable al por mayor Dise\u00f1o compacto sin complicaciones"},"content":{"rendered":"<p>El RandM Switch es un dispositivo de vapeo desechable con funci\u00f3n de cambio de sabor. Bater\u00eda de alta capacidad de 1100 mAh incorporada, 8 ml de capacidad de aceite e-l\u00edquido, hasta 2400 caladas, 6 sabores para elegir. Puede cambiar de sabor al instante mediante el bot\u00f3n situado en la parte inferior del dispositivo.<\/p>\n<p>&nbsp;<\/p>\n<h2>Dispositivo desechable RandM SWITCH Caracter\u00edsticas:<\/h2>\n<p>Sal de nicotina %.<\/p>\n<p>ML de E-l\u00edquido.<\/p>\n<p>400 inhalaciones por dispositivo.<\/p>\n<p>Cambio de sabor in1<\/p>\n<p>\u2611Mecanismo de disparo accionado por tracci\u00f3n.<\/p>\n<p>Bater\u00eda integrada de 1100 mAh.<\/p>\n<p>?? Sabores disponibles.<\/p>\n<p>Dispositivo desechable (no recargable y no recargable)<\/p>\n<p>&nbsp;<\/p>\n<h2>Sabores<\/h2>\n<p>Bebida energ\u00e9tica y hielo de guayaba<\/p>\n<p>Hielo de Aloe Uva y Mango<\/p>\n<p>Hielo de melazo y manzana \u00e1cida<\/p>\n<p>Fresa, Kiwi y Pi\u00f1a Colada<\/p>\n<p>Batido de manzana roja, lim\u00f3n y oreo<\/p>\n<p>Naranja Pi\u00f1a Mango y Sangre de Tigre<\/p>\n<p>&nbsp;<\/p>\n<h2>Embalaje y peso<\/h2>\n<p>0,063KG\/PCS, Individual con paquete peque\u00f1o, 10 piezas en caja mediana.<\/p>\n<p>300PCS en el cart\u00f3n principal, 19KG.<\/p>\n<p>&nbsp;<\/p>\n<h2>OEM<\/h2>\n<p>Cantidad m\u00ednima de pedido para OEM: 1000 PCS mismo sabor.<\/p>\n<p><a href=\"https:\/\/i0.wp.com\/www.disposablevapeswholesale.com\/wp-content\/uploads\/2022\/03\/RandM-Switch-R-And-M-2in1-2400-Puffs-Disposable-Vape-Wholesale.jpg?ssl=1\" target=\"_blank\" rel=\"noopener\"><img data-recalc-dims=\"1\" loading=\"lazy\" decoding=\"async\" class=\"alignnone size-full wp-image-2140\" title=\"RandM Switch R And M 2in1 2400 Puffs Vape Desechable Mayorista\" src=\"https:\/\/i0.wp.com\/www.disposablevapeswholesale.com\/wp-content\/uploads\/2022\/03\/RandM-Switch-R-And-M-2in1-2400-Puffs-Disposable-Vape-Wholesale.jpg?resize=800%2C800&#038;ssl=1\" alt=\"RandM Switch R And M 2in1 2400 Puffs Vape Desechable Mayorista\" width=\"800\" height=\"800\" \/><\/a> <a href=\"https:\/\/i0.wp.com\/www.disposablevapeswholesale.com\/wp-content\/uploads\/2022\/03\/RandM-Switch-R-And-M-2in1-2400-Puffs-Disposable-Vape-Wholesale-Flavors.jpg?ssl=1\" target=\"_blank\" rel=\"noopener\"><img data-recalc-dims=\"1\" loading=\"lazy\" decoding=\"async\" class=\"alignnone size-full wp-image-2135\" title=\"RandM Switch R And M 2in1 2400 Puffs Vape Desechable Sabores al por mayor\" src=\"https:\/\/i0.wp.com\/www.disposablevapeswholesale.com\/wp-content\/uploads\/2022\/03\/RandM-Switch-R-And-M-2in1-2400-Puffs-Disposable-Vape-Wholesale-Flavors.jpg?resize=800%2C800&#038;ssl=1\" alt=\"RandM Switch R And M 2in1 2400 Puffs Vape Desechable Sabores al por mayor\" width=\"800\" height=\"800\" \/><\/a> <a href=\"https:\/\/i0.wp.com\/www.disposablevapeswholesale.com\/wp-content\/uploads\/2022\/03\/RandM-Switch-R-And-M-2in1-2400-Puffs-Disposable-Vape-Wholesale-5-Flavors.jpg?ssl=1\" target=\"_blank\" rel=\"noopener\"><img data-recalc-dims=\"1\" loading=\"lazy\" decoding=\"async\" class=\"alignnone size-full wp-image-2129\" title=\"RandM Switch R And M 2in1 2400 Puffs Vape Desechable Mayorista 5 Sabores\" src=\"https:\/\/i0.wp.com\/www.disposablevapeswholesale.com\/wp-content\/uploads\/2022\/03\/RandM-Switch-R-And-M-2in1-2400-Puffs-Disposable-Vape-Wholesale-5-Flavors.jpg?resize=800%2C800&#038;ssl=1\" alt=\"RandM Switch R And M 2in1 2400 Puffs Vape Desechable Mayorista 5 Sabores\" width=\"800\" height=\"800\" \/><\/a> <a href=\"https:\/\/i0.wp.com\/www.disposablevapeswholesale.com\/wp-content\/uploads\/2022\/03\/RandM-Switch-R-And-M-2in1-2400-Puffs-Disposable-Vape-Wholesale-Energy-DrinkGuava-ice.jpg?ssl=1\" target=\"_blank\" rel=\"noopener\"><img data-recalc-dims=\"1\" loading=\"lazy\" decoding=\"async\" class=\"alignnone size-full wp-image-2134\" title=\"RandM Switch R And M 2in1 2400 Puffs Vape Desechable Bebida Energ\u00e9tica al por mayorGuava ice\" src=\"https:\/\/i0.wp.com\/www.disposablevapeswholesale.com\/wp-content\/uploads\/2022\/03\/RandM-Switch-R-And-M-2in1-2400-Puffs-Disposable-Vape-Wholesale-Energy-DrinkGuava-ice.jpg?resize=800%2C800&#038;ssl=1\" alt=\"RandM Switch R And M 2in1 2400 Puffs Vape Desechable Bebida Energ\u00e9tica al por mayorGuava ice\" width=\"800\" height=\"800\" \/><\/a> <a href=\"https:\/\/i0.wp.com\/www.disposablevapeswholesale.com\/wp-content\/uploads\/2022\/03\/RandM-Switch-R-And-M-2in1-2400-Puffs-Disposable-Vape-Wholesale-Strawberry-Kiwi-Pina-Colada.jpg?ssl=1\" target=\"_blank\" rel=\"noopener\"><img data-recalc-dims=\"1\" loading=\"lazy\" decoding=\"async\" class=\"alignnone size-full wp-image-2139\" title=\"RandM Switch R And M 2in1 2400 Puffs Vape Desechable Mayorista Fresa Kiwi Pi\u00f1a Colada\" src=\"https:\/\/i0.wp.com\/www.disposablevapeswholesale.com\/wp-content\/uploads\/2022\/03\/RandM-Switch-R-And-M-2in1-2400-Puffs-Disposable-Vape-Wholesale-Strawberry-Kiwi-Pina-Colada.jpg?resize=800%2C800&#038;ssl=1\" alt=\"RandM Switch R And M 2in1 2400 Puffs Vape Desechable Mayorista Fresa Kiwi Pi\u00f1a Colada\" width=\"800\" height=\"800\" \/><\/a> <a href=\"https:\/\/i0.wp.com\/www.disposablevapeswholesale.com\/wp-content\/uploads\/2022\/03\/RandM-Switch-R-And-M-2in1-2400-Puffs-Disposable-Vape-Wholesale-Orange-Pineapple-Mango-Tiger-Blood.jpg?ssl=1\" target=\"_blank\" rel=\"noopener\"><img data-recalc-dims=\"1\" loading=\"lazy\" decoding=\"async\" class=\"alignnone size-full wp-image-2137\" title=\"RandM Switch R And M 2in1 2400 Puffs Vape Desechable Mayorista Naranja Pi\u00f1a Mango Tigre Sangre\" src=\"https:\/\/i0.wp.com\/www.disposablevapeswholesale.com\/wp-content\/uploads\/2022\/03\/RandM-Switch-R-And-M-2in1-2400-Puffs-Disposable-Vape-Wholesale-Orange-Pineapple-Mango-Tiger-Blood.jpg?resize=800%2C800&#038;ssl=1\" alt=\"RandM Switch R And M 2in1 2400 Puffs Vape Desechable Mayorista Naranja Pi\u00f1a Mango Tigre Sangre\" width=\"800\" height=\"800\" \/><\/a> <a href=\"https:\/\/i0.wp.com\/www.disposablevapeswholesale.com\/wp-content\/uploads\/2022\/03\/RandM-Switch-R-And-M-2in1-2400-Puffs-Disposable-Vape-Wholesale-Red-Apple-Lemon-Oreo-Milkshake.jpg?ssl=1\" target=\"_blank\" rel=\"noopener\"><img data-recalc-dims=\"1\" loading=\"lazy\" decoding=\"async\" class=\"alignnone size-full wp-image-2138\" title=\"RandM Switch R And M 2in1 2400 Puffs Vape Desechable al por mayor Batido de manzana roja, lim\u00f3n y oreo\" src=\"https:\/\/i0.wp.com\/www.disposablevapeswholesale.com\/wp-content\/uploads\/2022\/03\/RandM-Switch-R-And-M-2in1-2400-Puffs-Disposable-Vape-Wholesale-Red-Apple-Lemon-Oreo-Milkshake.jpg?resize=800%2C800&#038;ssl=1\" alt=\"RandM Switch R And M 2in1 2400 Puffs Vape Desechable al por mayor Batido de manzana roja, lim\u00f3n y oreo\" width=\"800\" height=\"800\" \/><\/a> <a href=\"https:\/\/i0.wp.com\/www.disposablevapeswholesale.com\/wp-content\/uploads\/2022\/03\/RandM-Switch-R-And-M-2in1-2400-Puffs-Disposable-Vape-Wholesale-Honeydew-ice-Sour-Apple.jpg?ssl=1\" target=\"_blank\" rel=\"noopener\"><img data-recalc-dims=\"1\" loading=\"lazy\" decoding=\"async\" class=\"alignnone size-full wp-image-2136\" title=\"RandM Switch R And M 2in1 2400 Puffs Vape Desechable Mayorista Honeydew ice Sour Apple\" src=\"https:\/\/i0.wp.com\/www.disposablevapeswholesale.com\/wp-content\/uploads\/2022\/03\/RandM-Switch-R-And-M-2in1-2400-Puffs-Disposable-Vape-Wholesale-Honeydew-ice-Sour-Apple.jpg?resize=800%2C800&#038;ssl=1\" alt=\"RandM Switch R And M 2in1 2400 Puffs Vape Desechable Mayorista Honeydew ice Sour Apple\" width=\"800\" height=\"800\" \/><\/a> <a href=\"https:\/\/i0.wp.com\/www.disposablevapeswholesale.com\/wp-content\/uploads\/2022\/03\/RandM-Switch-R-And-M-2in1-2400-Puffs-Disposable-Vape-Wholesale-Energy-Drink-Guava-ice.jpg?ssl=1\" target=\"_blank\" rel=\"noopener\"><img data-recalc-dims=\"1\" loading=\"lazy\" decoding=\"async\" class=\"alignnone size-full wp-image-2133\" title=\"RandM Switch R And M 2in1 2400 Puffs Vape Desechable Bebida Energ\u00e9tica Guayaba ice al por mayor\" src=\"https:\/\/i0.wp.com\/www.disposablevapeswholesale.com\/wp-content\/uploads\/2022\/03\/RandM-Switch-R-And-M-2in1-2400-Puffs-Disposable-Vape-Wholesale-Energy-Drink-Guava-ice.jpg?resize=800%2C800&#038;ssl=1\" alt=\"RandM Switch R And M 2in1 2400 Puffs Vape Desechable Bebida Energ\u00e9tica Guayaba ice al por mayor\" width=\"800\" height=\"800\" \/><\/a> <a href=\"https:\/\/i0.wp.com\/www.disposablevapeswholesale.com\/wp-content\/uploads\/2022\/03\/RandM-Switch-R-And-M-2in1-2400-Puffs-Disposable-Vape-Wholesale-Aloe-Grape-Mango-ice.jpg?ssl=1\" target=\"_blank\" rel=\"noopener\"><img data-recalc-dims=\"1\" loading=\"lazy\" decoding=\"async\" class=\"alignnone size-full wp-image-2130\" title=\"RandM Switch R And M 2in1 2400 Puffs Vape Desechable Mayorista Aloe Uva Mango ice\" src=\"https:\/\/i0.wp.com\/www.disposablevapeswholesale.com\/wp-content\/uploads\/2022\/03\/RandM-Switch-R-And-M-2in1-2400-Puffs-Disposable-Vape-Wholesale-Aloe-Grape-Mango-ice.jpg?resize=800%2C800&#038;ssl=1\" alt=\"RandM Switch R And M 2in1 2400 Puffs Vape Desechable Mayorista Aloe Uva Mango ice\" width=\"800\" height=\"800\" \/><\/a> <a href=\"https:\/\/i0.wp.com\/www.disposablevapeswholesale.com\/wp-content\/uploads\/2022\/03\/RandM-Switch-R-And-M-2in1-2400-Puffs-Disposable-Vape-Wholesale-Aloe-Grape-Mango-ice-1.jpg?ssl=1\" target=\"_blank\" rel=\"noopener\"><img data-recalc-dims=\"1\" loading=\"lazy\" decoding=\"async\" class=\"alignnone size-full wp-image-2131\" title=\"RandM Switch R And M 2in1 2400 Puffs Vape Desechable Mayorista Aloe Uva Mango ice 1\" src=\"https:\/\/i0.wp.com\/www.disposablevapeswholesale.com\/wp-content\/uploads\/2022\/03\/RandM-Switch-R-And-M-2in1-2400-Puffs-Disposable-Vape-Wholesale-Aloe-Grape-Mango-ice-1.jpg?resize=800%2C800&#038;ssl=1\" alt=\"RandM Switch R And M 2in1 2400 Puffs Vape Desechable Mayorista Aloe Uva Mango ice 1\" width=\"800\" height=\"800\" \/><\/a> <a href=\"https:\/\/i0.wp.com\/www.disposablevapeswholesale.com\/wp-content\/uploads\/2022\/03\/RandM-Switch-R-And-M-2in1-2400-Puffs-Disposable-Vape-Wholesale-Energy-Drink-Guava-ice-Flavors.jpg?ssl=1\" target=\"_blank\" rel=\"noopener\"><img data-recalc-dims=\"1\" loading=\"lazy\" decoding=\"async\" class=\"alignnone size-full wp-image-2132\" title=\"RandM Switch R And M 2in1 2400 Puffs Vape Desechable Venta al por mayor Bebida Energ\u00e9tica Guayaba hielo Sabores\" src=\"https:\/\/i0.wp.com\/www.disposablevapeswholesale.com\/wp-content\/uploads\/2022\/03\/RandM-Switch-R-And-M-2in1-2400-Puffs-Disposable-Vape-Wholesale-Energy-Drink-Guava-ice-Flavors.jpg?resize=800%2C800&#038;ssl=1\" alt=\"RandM Switch R And M 2in1 2400 Puffs Vape Desechable Venta al por mayor Bebida Energ\u00e9tica Guayaba hielo Sabores\" width=\"800\" height=\"800\" \/><\/a><\/p>","protected":false},"excerpt":{"rendered":"<p>RandM Switch R y M 2en1 2400 Puffs Vape desechable al por mayor ofrece un dise\u00f1o compacto, un funcionamiento sin problemas, y opciones de sabor dual para vaping conveniente y agradable.<\/p>","protected":false},"featured_media":1828,"comment_status":"closed","ping_status":"closed","template":"","meta":[],"product_brand":[],"product_cat":[22],"product_tag":[60,334,256],"class_list":{"0":"post-1606","1":"product","2":"type-product","3":"status-publish","4":"has-post-thumbnail","6":"product_cat-disposable-vape-sticks","7":"product_tag-disposable-vapes","8":"product_tag-randm-switch-r-and-m-2in1","9":"product_tag-wholesale","11":"first","12":"instock","13":"shipping-taxable","14":"purchasable","15":"product-type-simple"},"jetpack_sharing_enabled":true,"tiered_pricing_type":"fixed","tiered_pricing_fixed_rules":{"5000":7,"10000":6,"50000":5},"tiered_pricing_product_settings":{"layout":"default","base_unit_name":{"singular":null,"plural":null},"default_variation":null},"tiered_pricing_minimum_quantity":60,"tiered_pricing_roles_data":[],"tiered_pricing_percentage_rules":[],"tiered_pricing_maximum_quantity":null,"tiered_pricing_quantity_step":null,"_links":{"self":[{"href":"https:\/\/cloudsupplyvapes.com\/es\/wp-json\/wp\/v2\/product\/1606","targetHints":{"allow":["GET"]}}],"collection":[{"href":"https:\/\/cloudsupplyvapes.com\/es\/wp-json\/wp\/v2\/product"}],"about":[{"href":"https:\/\/cloudsupplyvapes.com\/es\/wp-json\/wp\/v2\/types\/product"}],"replies":[{"embeddable":true,"href":"https:\/\/cloudsupplyvapes.com\/es\/wp-json\/wp\/v2\/comments?post=1606"}],"wp:featuredmedia":[{"embeddable":true,"href":"https:\/\/cloudsupplyvapes.com\/es\/wp-json\/wp\/v2\/media\/1828"}],"wp:attachment":[{"href":"https:\/\/cloudsupplyvapes.com\/es\/wp-json\/wp\/v2\/media?parent=1606"}],"wp:term":[{"taxonomy":"product_brand","embeddable":true,"href":"https:\/\/cloudsupplyvapes.com\/es\/wp-json\/wp\/v2\/product_brand?post=1606"},{"taxonomy":"product_cat","embeddable":true,"href":"https:\/\/cloudsupplyvapes.com\/es\/wp-json\/wp\/v2\/product_cat?post=1606"},{"taxonomy":"product_tag","embeddable":true,"href":"https:\/\/cloudsupplyvapes.com\/es\/wp-json\/wp\/v2\/product_tag?post=1606"}],"curies":[{"name":"wp","href":"https:\/\/api.w.org\/{rel}","templated":true}]}}