{"id":1608,"date":"2024-10-19T02:20:32","date_gmt":"2024-10-19T02:20:32","guid":{"rendered":"https:\/\/cloudsupplyvapes.com\/?post_type=product&#038;p=1608"},"modified":"2024-11-26T07:50:17","modified_gmt":"2024-11-26T07:50:17","slug":"-64","status":"publish","type":"product","link":"https:\/\/cloudsupplyvapes.com\/es\/product\/randm-twins-2in1-6000-puffs-led-light-disposable-vape-wholesale\/","title":{"rendered":"RANDM TWINS 2IN1 6000 Puffs LED Light Vape desechable al por mayor Dual Flavor Durable Build"},"content":{"rendered":"<p>RandM Twins es un dispositivo de vapeo 2 en 1 recargable de tipo C con luz LED, bater\u00eda incorporada de alta capacidad de 550 mAh, 14 ml de capacidad de aceite e-l\u00edquido, hasta 6000 caladas, y 8 sabores para elegir. Puede cambiar entre los sabores de inmediato siempre que lo desee, adem\u00e1s de que viene con un puerto recargable de tipo C en la parte posterior del dispositivo, que le garantiza terminar hasta la \u00faltima gota del e-l\u00edquido en el tanque todo el tiempo. La luz led de colores hace que este dispositivo m\u00e1s atractivo, mientras que vaping.<\/p>\n<p>&nbsp;<\/p>\n<h2>RandM Twins 2en1 Dispositivo Desechable Caracter\u00edsticas:<\/h2>\n<p>\u26115% Sal de nicotina.<\/p>\n<p>\u26114ML de E-l\u00edquido.<\/p>\n<p>\u26112en1 Sabor.<\/p>\n<p>Bobina de malla.<\/p>\n<p>\u2611 Colores Luz RGB<\/p>\n<p>\u2611Bater\u00eda recargable Tipo-C<\/p>\n<p>Bater\u00eda integrada de 550 mAh.<\/p>\n<p>\u2611 Sabores disponibles.<\/p>\n<p>\u2611300 unidades en caja expositora.<\/p>\n<p>40 unidades por caja.<\/p>\n<p>&nbsp;<\/p>\n<h2>Sabores<\/h2>\n<p>Helado de Fresa + Fruta Mixta<\/p>\n<p>Melocot\u00f3n helado + Skittles<\/p>\n<p>Hielo de pi\u00f1a + leche de coco<\/p>\n<p>Menta fresca + Gominola<\/p>\n<p>Blue Razz Ice + Pink Lemon<\/p>\n<p>Lush Ice + Banana Ice<\/p>\n<p>Bebida energ\u00e9tica + Hielo de guayaba<\/p>\n<p>Mango Ice + Chicle<\/p>\n<p>&nbsp;<\/p>\n<h2>Embalaje y peso<\/h2>\n<p>0,07KG\/PCS, Individual con paquete peque\u00f1o, 10 piezas en caja mediana.<\/p>\n<p>300PCS en el cart\u00f3n principal, 21KG.<\/p>\n<p>&nbsp;<\/p>\n<h2>OEM<\/h2>\n<p>Cantidad m\u00ednima de pedido para OEM: 1000 PCS mismo sabor.<\/p>\n<p><a href=\"https:\/\/i0.wp.com\/www.disposablevapeswholesale.com\/wp-content\/uploads\/2022\/03\/RANDM-TWINS-2IN1-6000-Puffs-LED-Light-Disposable-Vape-Wholesale.jpg?ssl=1\" target=\"_blank\" rel=\"noopener\"><img data-recalc-dims=\"1\" loading=\"lazy\" decoding=\"async\" class=\"alignnone size-full wp-image-2091\" title=\"RANDM TWINS 2IN1 6000 Puffs LED Light Vape Desechable al por mayor\" src=\"https:\/\/i0.wp.com\/www.disposablevapeswholesale.com\/wp-content\/uploads\/2022\/03\/RANDM-TWINS-2IN1-6000-Puffs-LED-Light-Disposable-Vape-Wholesale.jpg?resize=800%2C800&#038;ssl=1\" alt=\"RANDM TWINS 2IN1 6000 Puffs LED Light Vape Desechable al por mayor\" width=\"800\" height=\"800\" \/><\/a> <a href=\"https:\/\/i0.wp.com\/www.disposablevapeswholesale.com\/wp-content\/uploads\/2022\/03\/RANDM-TWINS-2IN1-6000-Puffs-LED-Light-Disposable-Vape-Wholesale-Flavors.jpg?ssl=1\" target=\"_blank\" rel=\"noopener\"><img data-recalc-dims=\"1\" loading=\"lazy\" decoding=\"async\" class=\"alignnone size-full wp-image-2085\" title=\"RANDM TWINS 2IN1 6000 Puffs LED Light Vape Desechable Sabores al por mayor\" src=\"https:\/\/i0.wp.com\/www.disposablevapeswholesale.com\/wp-content\/uploads\/2022\/03\/RANDM-TWINS-2IN1-6000-Puffs-LED-Light-Disposable-Vape-Wholesale-Flavors.jpg?resize=800%2C800&#038;ssl=1\" alt=\"RANDM TWINS 2IN1 6000 Puffs LED Light Vape Desechable Sabores al por mayor\" width=\"800\" height=\"800\" \/><\/a> <a href=\"https:\/\/i0.wp.com\/www.disposablevapeswholesale.com\/wp-content\/uploads\/2022\/03\/RANDM-TWINS-2IN1-6000-Puffs-LED-Light-Disposable-Vape-Wholesale-8-Flavors.jpg?ssl=1\" target=\"_blank\" rel=\"noopener\"><img data-recalc-dims=\"1\" loading=\"lazy\" decoding=\"async\" class=\"alignnone size-full wp-image-2081\" title=\"RANDM TWINS 2IN1 6000 Puffs LED Light Vape Desechable Mayorista 8 Sabores\" src=\"https:\/\/i0.wp.com\/www.disposablevapeswholesale.com\/wp-content\/uploads\/2022\/03\/RANDM-TWINS-2IN1-6000-Puffs-LED-Light-Disposable-Vape-Wholesale-8-Flavors.jpg?resize=800%2C800&#038;ssl=1\" alt=\"RANDM TWINS 2IN1 6000 Puffs LED Light Vape Desechable Mayorista 8 Sabores\" width=\"800\" height=\"800\" \/><\/a> <a href=\"https:\/\/i0.wp.com\/www.disposablevapeswholesale.com\/wp-content\/uploads\/2022\/03\/RANDM-TWINS-2IN1-6000-Puffs-LED-Light-Disposable-Vape-Wholesale-Strawberry-Ice-Mixed-Fruit.jpg?ssl=1\" target=\"_blank\" rel=\"noopener\"><img data-recalc-dims=\"1\" loading=\"lazy\" decoding=\"async\" class=\"alignnone size-full wp-image-2090\" title=\"RANDM TWINS 2IN1 6000 Puffs LED Light Vape Desechable Mayorista Fresa Hielo Fruta Mixta\" src=\"https:\/\/i0.wp.com\/www.disposablevapeswholesale.com\/wp-content\/uploads\/2022\/03\/RANDM-TWINS-2IN1-6000-Puffs-LED-Light-Disposable-Vape-Wholesale-Strawberry-Ice-Mixed-Fruit.jpg?resize=800%2C800&#038;ssl=1\" alt=\"RANDM TWINS 2IN1 6000 Puffs LED Light Vape Desechable Mayorista Fresa Hielo Fruta Mixta\" width=\"800\" height=\"800\" \/><\/a> <a href=\"https:\/\/i0.wp.com\/www.disposablevapeswholesale.com\/wp-content\/uploads\/2022\/03\/RANDM-TWINS-2IN1-6000-Puffs-LED-Light-Disposable-Vape-Wholesale-Pineapple-Ice-Coconut-Milk.jpg?ssl=1\" target=\"_blank\" rel=\"noopener\"><img data-recalc-dims=\"1\" loading=\"lazy\" decoding=\"async\" class=\"alignnone size-full wp-image-2089\" title=\"RANDM TWINS 2IN1 6000 Puffs Luz LED Vape Desechable Pi\u00f1a Hielo Leche de Coco al por mayor\" src=\"https:\/\/i0.wp.com\/www.disposablevapeswholesale.com\/wp-content\/uploads\/2022\/03\/RANDM-TWINS-2IN1-6000-Puffs-LED-Light-Disposable-Vape-Wholesale-Pineapple-Ice-Coconut-Milk.jpg?resize=800%2C800&#038;ssl=1\" alt=\"RANDM TWINS 2IN1 6000 Puffs Luz LED Vape Desechable Pi\u00f1a Hielo Leche de Coco al por mayor\" width=\"800\" height=\"800\" \/><\/a> <a href=\"https:\/\/i0.wp.com\/www.disposablevapeswholesale.com\/wp-content\/uploads\/2022\/03\/RANDM-TWINS-2IN1-6000-Puffs-LED-Light-Disposable-Vape-Wholesale-Peach-Ice-Skittles.jpg?ssl=1\" target=\"_blank\" rel=\"noopener\"><img data-recalc-dims=\"1\" loading=\"lazy\" decoding=\"async\" class=\"alignnone size-full wp-image-2088\" title=\"RANDM TWINS 2IN1 6000 Puffs LED Light Vape Desechable Mayorista Peach Ice Skittles\" src=\"https:\/\/i0.wp.com\/www.disposablevapeswholesale.com\/wp-content\/uploads\/2022\/03\/RANDM-TWINS-2IN1-6000-Puffs-LED-Light-Disposable-Vape-Wholesale-Peach-Ice-Skittles.jpg?resize=800%2C800&#038;ssl=1\" alt=\"RANDM TWINS 2IN1 6000 Puffs LED Light Vape Desechable Mayorista Peach Ice Skittles\" width=\"800\" height=\"800\" \/><\/a> <a href=\"https:\/\/i0.wp.com\/www.disposablevapeswholesale.com\/wp-content\/uploads\/2022\/03\/RANDM-TWINS-2IN1-6000-Puffs-LED-Light-Disposable-Vape-Wholesale-Mango-Ice-Bubble-Gum.jpg?ssl=1\" target=\"_blank\" rel=\"noopener\"><img data-recalc-dims=\"1\" loading=\"lazy\" decoding=\"async\" class=\"alignnone size-full wp-image-2087\" title=\"RANDM TWINS 2IN1 6000 Puffs LED Light Vape Desechable Mayorista Mango Ice Bubble Gum\" src=\"https:\/\/i0.wp.com\/www.disposablevapeswholesale.com\/wp-content\/uploads\/2022\/03\/RANDM-TWINS-2IN1-6000-Puffs-LED-Light-Disposable-Vape-Wholesale-Mango-Ice-Bubble-Gum.jpg?resize=800%2C800&#038;ssl=1\" alt=\"RANDM TWINS 2IN1 6000 Puffs LED Light Vape Desechable Mayorista Mango Ice Bubble Gum\" width=\"800\" height=\"800\" \/><\/a> <a href=\"https:\/\/i0.wp.com\/www.disposablevapeswholesale.com\/wp-content\/uploads\/2022\/03\/RANDM-TWINS-2IN1-6000-Puffs-LED-Light-Disposable-Vape-Wholesale-Lush-Ice-Banana-Ice.jpg?ssl=1\" target=\"_blank\" rel=\"noopener\"><img data-recalc-dims=\"1\" loading=\"lazy\" decoding=\"async\" class=\"alignnone size-full wp-image-2086\" title=\"RANDM TWINS 2IN1 6000 Puffs LED Light Vape Desechable Lush Ice Banana Ice al por mayor\" src=\"https:\/\/i0.wp.com\/www.disposablevapeswholesale.com\/wp-content\/uploads\/2022\/03\/RANDM-TWINS-2IN1-6000-Puffs-LED-Light-Disposable-Vape-Wholesale-Lush-Ice-Banana-Ice.jpg?resize=800%2C800&#038;ssl=1\" alt=\"RANDM TWINS 2IN1 6000 Puffs LED Light Vape Desechable Lush Ice Banana Ice al por mayor\" width=\"800\" height=\"800\" \/><\/a> <a href=\"https:\/\/i0.wp.com\/www.disposablevapeswholesale.com\/wp-content\/uploads\/2022\/03\/RANDM-TWINS-2IN1-6000-Puffs-LED-Light-Disposable-Vape-Wholesale-Energy-Drink-Guava-Ice.jpg?ssl=1\" target=\"_blank\" rel=\"noopener\"><img data-recalc-dims=\"1\" loading=\"lazy\" decoding=\"async\" class=\"alignnone size-full wp-image-2084\" title=\"RANDM TWINS 2IN1 6000 Puffs LED Light Vape Desechable Bebida Energ\u00e9tica Guava Ice al por mayor\" src=\"https:\/\/i0.wp.com\/www.disposablevapeswholesale.com\/wp-content\/uploads\/2022\/03\/RANDM-TWINS-2IN1-6000-Puffs-LED-Light-Disposable-Vape-Wholesale-Energy-Drink-Guava-Ice.jpg?resize=800%2C800&#038;ssl=1\" alt=\"RANDM TWINS 2IN1 6000 Puffs LED Light Vape Desechable Bebida Energ\u00e9tica Guava Ice al por mayor\" width=\"800\" height=\"800\" \/><\/a> <a href=\"https:\/\/i0.wp.com\/www.disposablevapeswholesale.com\/wp-content\/uploads\/2022\/03\/RANDM-TWINS-2IN1-6000-Puffs-LED-Light-Disposable-Vape-Wholesale-Cool-Mint-Gummy-Bear.jpg?ssl=1\" target=\"_blank\" rel=\"noopener\"><img data-recalc-dims=\"1\" loading=\"lazy\" decoding=\"async\" class=\"alignnone size-full wp-image-2083\" title=\"RANDM TWINS 2IN1 6000 Puffs LED Light Vape Desechable al por mayor Cool Mint Gummy Bear\" src=\"https:\/\/i0.wp.com\/www.disposablevapeswholesale.com\/wp-content\/uploads\/2022\/03\/RANDM-TWINS-2IN1-6000-Puffs-LED-Light-Disposable-Vape-Wholesale-Cool-Mint-Gummy-Bear.jpg?resize=800%2C800&#038;ssl=1\" alt=\"RANDM TWINS 2IN1 6000 Puffs LED Light Vape Desechable al por mayor Cool Mint Gummy Bear\" width=\"800\" height=\"800\" \/><\/a> <a href=\"https:\/\/i0.wp.com\/www.disposablevapeswholesale.com\/wp-content\/uploads\/2022\/03\/RANDM-TWINS-2IN1-6000-Puffs-LED-Light-Disposable-Vape-Wholesale-Blue-Razz-Ice-Pink-Lemon.jpg?ssl=1\" target=\"_blank\" rel=\"noopener\"><img data-recalc-dims=\"1\" loading=\"lazy\" decoding=\"async\" class=\"alignnone size-full wp-image-2082\" title=\"RANDM TWINS 2IN1 6000 Puffs LED Luz Vape Desechable Mayorista Azul Razz Hielo Rosa Lim\u00f3n\" src=\"https:\/\/i0.wp.com\/www.disposablevapeswholesale.com\/wp-content\/uploads\/2022\/03\/RANDM-TWINS-2IN1-6000-Puffs-LED-Light-Disposable-Vape-Wholesale-Blue-Razz-Ice-Pink-Lemon.jpg?resize=800%2C800&#038;ssl=1\" alt=\"RANDM TWINS 2IN1 6000 Puffs LED Luz Vape Desechable Mayorista Azul Razz Hielo Rosa Lim\u00f3n\" width=\"800\" height=\"800\" \/><\/a><\/p>","protected":false},"excerpt":{"rendered":"<p>RANDM TWINS 2IN1 6000 Puffs LED Light Vape desechable al por mayor combina opciones de sabor dual, iluminaci\u00f3n LED, y una construcci\u00f3n duradera para una experiencia de vapeo vers\u00e1til y agradable.<\/p>","protected":false},"featured_media":1842,"comment_status":"closed","ping_status":"closed","template":"","meta":[],"product_brand":[],"product_cat":[22],"product_tag":[278,60,336,256],"class_list":{"0":"post-1608","1":"product","2":"type-product","3":"status-publish","4":"has-post-thumbnail","6":"product_cat-disposable-vape-sticks","7":"product_tag-6000-puffs","8":"product_tag-disposable-vapes","9":"product_tag-randm-twins-2in1","10":"product_tag-wholesale","12":"first","13":"instock","14":"shipping-taxable","15":"purchasable","16":"product-type-simple"},"jetpack_sharing_enabled":true,"tiered_pricing_type":"fixed","tiered_pricing_fixed_rules":{"5000":6,"10000":5,"50000":4},"tiered_pricing_product_settings":{"layout":"default","base_unit_name":{"singular":null,"plural":null},"default_variation":null},"tiered_pricing_minimum_quantity":60,"tiered_pricing_roles_data":[],"tiered_pricing_percentage_rules":[],"tiered_pricing_maximum_quantity":null,"tiered_pricing_quantity_step":null,"_links":{"self":[{"href":"https:\/\/cloudsupplyvapes.com\/es\/wp-json\/wp\/v2\/product\/1608","targetHints":{"allow":["GET"]}}],"collection":[{"href":"https:\/\/cloudsupplyvapes.com\/es\/wp-json\/wp\/v2\/product"}],"about":[{"href":"https:\/\/cloudsupplyvapes.com\/es\/wp-json\/wp\/v2\/types\/product"}],"replies":[{"embeddable":true,"href":"https:\/\/cloudsupplyvapes.com\/es\/wp-json\/wp\/v2\/comments?post=1608"}],"wp:featuredmedia":[{"embeddable":true,"href":"https:\/\/cloudsupplyvapes.com\/es\/wp-json\/wp\/v2\/media\/1842"}],"wp:attachment":[{"href":"https:\/\/cloudsupplyvapes.com\/es\/wp-json\/wp\/v2\/media?parent=1608"}],"wp:term":[{"taxonomy":"product_brand","embeddable":true,"href":"https:\/\/cloudsupplyvapes.com\/es\/wp-json\/wp\/v2\/product_brand?post=1608"},{"taxonomy":"product_cat","embeddable":true,"href":"https:\/\/cloudsupplyvapes.com\/es\/wp-json\/wp\/v2\/product_cat?post=1608"},{"taxonomy":"product_tag","embeddable":true,"href":"https:\/\/cloudsupplyvapes.com\/es\/wp-json\/wp\/v2\/product_tag?post=1608"}],"curies":[{"name":"wp","href":"https:\/\/api.w.org\/{rel}","templated":true}]}}