{"id":1609,"date":"2024-10-19T02:20:32","date_gmt":"2024-10-19T02:20:32","guid":{"rendered":"https:\/\/cloudsupplyvapes.com\/?post_type=product&#038;p=1609"},"modified":"2024-11-26T07:50:37","modified_gmt":"2024-11-26T07:50:37","slug":"-65","status":"publish","type":"product","link":"https:\/\/cloudsupplyvapes.com\/es\/product\/randm-dazzle-king-3000-puffs-led-light-glowing-disposable-vape-wholesale\/","title":{"rendered":"RandM Dazzle King 3000 Puffs LED Glowing Vape desechable al por mayor Dise\u00f1o compacto y elegante"},"content":{"rendered":"<p>El RandM Dazzle King es un dispositivo de vapeo desechable con un popular tanque transparente y luces RGB de colores. Contiene 8 ml de aceite e-liquido de sal de nicotina 0\/2\/3\/5%, una bater\u00eda integrada de 1000 mAh de alta capacidad, y hasta 3000 caladas. La luz RGB hace que sea el dispositivo desechable m\u00e1s fresco, adem\u00e1s de que viene con un puerto USB recargable en la parte posterior del dispositivo, que gurantte que termine la \u00faltima gota del ejuice en el tanque y la luz que brilla todo el tiempo.<\/p>\n<p>&nbsp;<\/p>\n<h2>Dispositivo desechable RandM Dazzle King Caracter\u00edsticas:<\/h2>\n<p>2\/3\/5% Sal de nicotina.<\/p>\n<p>ML de E-l\u00edquido.<\/p>\n<p>? 000 inhalaciones por dispositivo.<\/p>\n<p>?? Colores Luz RGB<\/p>\n<p>Bater\u00eda recargable<\/p>\n<p>\u2611No rellenable<\/p>\n<p>Bater\u00eda integrada de 1000 mAh.<\/p>\n<p>2 sabores disponibles.<\/p>\n<p>0unidades en caja expositora.<\/p>\n<p>00 unidades por caja.<\/p>\n<p>&nbsp;<\/p>\n<h2>Sabores<\/h2>\n<p>Fresa Kiwi<\/p>\n<p>Hielo Razz Azul<\/p>\n<p>Hielo de uva<\/p>\n<p>Menta poderosa<\/p>\n<p>Yogur de fresa<\/p>\n<p>Helado de pl\u00e1tano y vainilla<\/p>\n<p>Kiwi Baya<\/p>\n<p>Hielo exuberante<\/p>\n<p>Osito de goma<\/p>\n<p>Mezcla de bayas<\/p>\n<p>Manzana verde Lim\u00f3n<\/p>\n<p>Bebida energ\u00e9tica<\/p>\n<h2><\/h2>\n<h2>Embalaje y peso<\/h2>\n<p>0,05KG\/PCS, Individual con paquete peque\u00f1o, 10 piezas en caja mediana.<\/p>\n<p>400PCS en el cart\u00f3n principal, 21KG.<\/p>\n<p>&nbsp;<\/p>\n<h2>OEM<\/h2>\n<p>Cantidad m\u00ednima de pedido para OEM: 1000 PCS mismo sabor.<\/p>\n<p><a href=\"https:\/\/i0.wp.com\/www.disposablevapeswholesale.com\/wp-content\/uploads\/2022\/03\/RandM-Dazzle-King-3000-Puffs-Led-Light-Glowing-Disposable-Vape-Wholesale.jpg?ssl=1\" target=\"_blank\" rel=\"noopener\"><img data-recalc-dims=\"1\" loading=\"lazy\" decoding=\"async\" class=\"alignnone size-full wp-image-2060\" title=\"RandM Dazzle King 3000 Puffs Luz Led Brillante Vape Desechable al por mayor\" src=\"https:\/\/i0.wp.com\/www.disposablevapeswholesale.com\/wp-content\/uploads\/2022\/03\/RandM-Dazzle-King-3000-Puffs-Led-Light-Glowing-Disposable-Vape-Wholesale.jpg?resize=800%2C800&#038;ssl=1\" alt=\"RandM Dazzle King 3000 Puffs Luz Led Brillante Vape Desechable al por mayor\" width=\"800\" height=\"800\" \/><\/a> <a href=\"https:\/\/i0.wp.com\/www.disposablevapeswholesale.com\/wp-content\/uploads\/2022\/03\/RandM-Dazzle-King-3000-Puffs-Led-Light-Glowing-Disposable-Vape-Wholesale-Flavors.jpg?ssl=1\" target=\"_blank\" rel=\"noopener\"><img data-recalc-dims=\"1\" loading=\"lazy\" decoding=\"async\" class=\"alignnone size-full wp-image-2051\" title=\"RandM Dazzle King 3000 Puffs Luz Led Brillante Vape Desechable Mayorista Sabores\" src=\"https:\/\/i0.wp.com\/www.disposablevapeswholesale.com\/wp-content\/uploads\/2022\/03\/RandM-Dazzle-King-3000-Puffs-Led-Light-Glowing-Disposable-Vape-Wholesale-Flavors.jpg?resize=800%2C800&#038;ssl=1\" alt=\"RandM Dazzle King 3000 Puffs Luz Led Brillante Vape Desechable Mayorista Sabores\" width=\"800\" height=\"800\" \/><\/a> <a href=\"https:\/\/i0.wp.com\/www.disposablevapeswholesale.com\/wp-content\/uploads\/2022\/03\/RandM-Dazzle-King-3000-Puffs-Led-Light-Glowing-Disposable-Vape-Wholesale-Energy-Drink-Flavors.jpg?ssl=1\" target=\"_blank\" rel=\"noopener\"><img data-recalc-dims=\"1\" loading=\"lazy\" decoding=\"async\" class=\"alignnone size-full wp-image-2049\" title=\"RandM Dazzle King 3000 Puffs Luz Led Brillante Vape Desechable Mayorista Bebida Energ\u00e9tica Sabores\" src=\"https:\/\/i0.wp.com\/www.disposablevapeswholesale.com\/wp-content\/uploads\/2022\/03\/RandM-Dazzle-King-3000-Puffs-Led-Light-Glowing-Disposable-Vape-Wholesale-Energy-Drink-Flavors.jpg?resize=800%2C800&#038;ssl=1\" alt=\"RandM Dazzle King 3000 Puffs Luz Led Brillante Vape Desechable Mayorista Bebida Energ\u00e9tica Sabores\" width=\"800\" height=\"800\" \/><\/a> <a href=\"https:\/\/i0.wp.com\/www.disposablevapeswholesale.com\/wp-content\/uploads\/2022\/03\/RandM-Dazzle-King-3000-Puffs-Led-Light-Glowing-Disposable-Vape-Wholesale-Strawberry-Yogurt.jpg?ssl=1\" target=\"_blank\" rel=\"noopener\"><img data-recalc-dims=\"1\" loading=\"lazy\" decoding=\"async\" class=\"alignnone size-full wp-image-2059\" title=\"RandM Dazzle King 3000 Puffs Luz Led Brillante Vape Desechable Mayorista Fresa Yogur\" src=\"https:\/\/i0.wp.com\/www.disposablevapeswholesale.com\/wp-content\/uploads\/2022\/03\/RandM-Dazzle-King-3000-Puffs-Led-Light-Glowing-Disposable-Vape-Wholesale-Strawberry-Yogurt.jpg?resize=800%2C800&#038;ssl=1\" alt=\"RandM Dazzle King 3000 Puffs Luz Led Brillante Vape Desechable Mayorista Fresa Yogur\" width=\"800\" height=\"800\" \/><\/a> <a href=\"https:\/\/i0.wp.com\/www.disposablevapeswholesale.com\/wp-content\/uploads\/2022\/03\/RandM-Dazzle-King-3000-Puffs-Led-Light-Glowing-Disposable-Vape-Wholesale-Strawberry-Kiwi.jpg?ssl=1\" target=\"_blank\" rel=\"noopener\"><img data-recalc-dims=\"1\" loading=\"lazy\" decoding=\"async\" class=\"alignnone size-full wp-image-2058\" title=\"RandM Dazzle King 3000 Puffs Luz Led Brillante Vape Desechable Mayorista Fresa Kiwi\" src=\"https:\/\/i0.wp.com\/www.disposablevapeswholesale.com\/wp-content\/uploads\/2022\/03\/RandM-Dazzle-King-3000-Puffs-Led-Light-Glowing-Disposable-Vape-Wholesale-Strawberry-Kiwi.jpg?resize=800%2C800&#038;ssl=1\" alt=\"RandM Dazzle King 3000 Puffs Luz Led Brillante Vape Desechable Mayorista Fresa Kiwi\" width=\"800\" height=\"800\" \/><\/a> <a href=\"https:\/\/i0.wp.com\/www.disposablevapeswholesale.com\/wp-content\/uploads\/2022\/03\/RandM-Dazzle-King-3000-Puffs-Led-Light-Glowing-Disposable-Vape-Wholesale-Mixed-Berries.jpg?ssl=1\" target=\"_blank\" rel=\"noopener\"><img data-recalc-dims=\"1\" loading=\"lazy\" decoding=\"async\" class=\"alignnone size-full wp-image-2057\" title=\"RandM Dazzle King 3000 Puffs Luz Led Brillante Vape Desechable Mayorista Mezcla de Bayas\" src=\"https:\/\/i0.wp.com\/www.disposablevapeswholesale.com\/wp-content\/uploads\/2022\/03\/RandM-Dazzle-King-3000-Puffs-Led-Light-Glowing-Disposable-Vape-Wholesale-Mixed-Berries.jpg?resize=800%2C800&#038;ssl=1\" alt=\"RandM Dazzle King 3000 Puffs Luz Led Brillante Vape Desechable Mayorista Mezcla de Bayas\" width=\"800\" height=\"800\" \/><\/a> <a href=\"https:\/\/i0.wp.com\/www.disposablevapeswholesale.com\/wp-content\/uploads\/2022\/03\/RandM-Dazzle-King-3000-Puffs-Led-Light-Glowing-Disposable-Vape-Wholesale-Mighty-Mint.jpg?ssl=1\" target=\"_blank\" rel=\"noopener\"><img data-recalc-dims=\"1\" loading=\"lazy\" decoding=\"async\" class=\"alignnone size-full wp-image-2056\" title=\"RandM Dazzle King 3000 Puffs Led Light Glowing Vape Desechable Mayorista Mighty Mint\" src=\"https:\/\/i0.wp.com\/www.disposablevapeswholesale.com\/wp-content\/uploads\/2022\/03\/RandM-Dazzle-King-3000-Puffs-Led-Light-Glowing-Disposable-Vape-Wholesale-Mighty-Mint.jpg?resize=800%2C800&#038;ssl=1\" alt=\"RandM Dazzle King 3000 Puffs Led Light Glowing Vape Desechable Mayorista Mighty Mint\" width=\"800\" height=\"800\" \/><\/a> <a href=\"https:\/\/i0.wp.com\/www.disposablevapeswholesale.com\/wp-content\/uploads\/2022\/03\/RandM-Dazzle-King-3000-Puffs-Led-Light-Glowing-Disposable-Vape-Wholesale-Lush-Ice.jpg?ssl=1\" target=\"_blank\" rel=\"noopener\"><img data-recalc-dims=\"1\" loading=\"lazy\" decoding=\"async\" class=\"alignnone size-full wp-image-2055\" title=\"RandM Dazzle King 3000 Puffs Led Light Glowing Vape Desechable al por mayor Lush Ice\" src=\"https:\/\/i0.wp.com\/www.disposablevapeswholesale.com\/wp-content\/uploads\/2022\/03\/RandM-Dazzle-King-3000-Puffs-Led-Light-Glowing-Disposable-Vape-Wholesale-Lush-Ice.jpg?resize=800%2C800&#038;ssl=1\" alt=\"RandM Dazzle King 3000 Puffs Led Light Glowing Vape Desechable al por mayor Lush Ice\" width=\"800\" height=\"800\" \/><\/a> <a href=\"https:\/\/i0.wp.com\/www.disposablevapeswholesale.com\/wp-content\/uploads\/2022\/03\/RandM-Dazzle-King-3000-Puffs-Led-Light-Glowing-Disposable-Vape-Wholesale-Gummy-Bear.jpg?ssl=1\" target=\"_blank\" rel=\"noopener\"><img data-recalc-dims=\"1\" loading=\"lazy\" decoding=\"async\" class=\"alignnone size-full wp-image-2054\" title=\"RandM Dazzle King 3000 Puffs Luz Led Brillante Vape Desechable Mayorista Gummy Bear\" src=\"https:\/\/i0.wp.com\/www.disposablevapeswholesale.com\/wp-content\/uploads\/2022\/03\/RandM-Dazzle-King-3000-Puffs-Led-Light-Glowing-Disposable-Vape-Wholesale-Gummy-Bear.jpg?resize=800%2C800&#038;ssl=1\" alt=\"RandM Dazzle King 3000 Puffs Luz Led Brillante Vape Desechable Mayorista Gummy Bear\" width=\"800\" height=\"800\" \/><\/a><\/p>","protected":false},"excerpt":{"rendered":"<p>RandM Dazzle King 3000 Puffs LED Glowing Vape Desechable al por mayor ofrece un dise\u00f1o compacto y elegante, efectos LED brillantes, y vapor suave para vapear port\u00e1til y divertido.<\/p>","protected":false},"featured_media":1849,"comment_status":"closed","ping_status":"closed","template":"","meta":[],"product_brand":[],"product_cat":[22],"product_tag":[79,60,337,256],"class_list":{"0":"post-1609","1":"product","2":"type-product","3":"status-publish","4":"has-post-thumbnail","6":"product_cat-disposable-vape-sticks","7":"product_tag-3000-puffs","8":"product_tag-disposable-vapes","9":"product_tag-randm-dazzle-king","10":"product_tag-wholesale","12":"first","13":"instock","14":"shipping-taxable","15":"purchasable","16":"product-type-simple"},"jetpack_sharing_enabled":true,"tiered_pricing_type":"fixed","tiered_pricing_fixed_rules":{"5000":8,"10000":7,"50000":6},"tiered_pricing_product_settings":{"layout":"default","base_unit_name":{"singular":null,"plural":null},"default_variation":null},"tiered_pricing_minimum_quantity":60,"tiered_pricing_roles_data":[],"tiered_pricing_percentage_rules":[],"tiered_pricing_maximum_quantity":null,"tiered_pricing_quantity_step":null,"_links":{"self":[{"href":"https:\/\/cloudsupplyvapes.com\/es\/wp-json\/wp\/v2\/product\/1609","targetHints":{"allow":["GET"]}}],"collection":[{"href":"https:\/\/cloudsupplyvapes.com\/es\/wp-json\/wp\/v2\/product"}],"about":[{"href":"https:\/\/cloudsupplyvapes.com\/es\/wp-json\/wp\/v2\/types\/product"}],"replies":[{"embeddable":true,"href":"https:\/\/cloudsupplyvapes.com\/es\/wp-json\/wp\/v2\/comments?post=1609"}],"wp:featuredmedia":[{"embeddable":true,"href":"https:\/\/cloudsupplyvapes.com\/es\/wp-json\/wp\/v2\/media\/1849"}],"wp:attachment":[{"href":"https:\/\/cloudsupplyvapes.com\/es\/wp-json\/wp\/v2\/media?parent=1609"}],"wp:term":[{"taxonomy":"product_brand","embeddable":true,"href":"https:\/\/cloudsupplyvapes.com\/es\/wp-json\/wp\/v2\/product_brand?post=1609"},{"taxonomy":"product_cat","embeddable":true,"href":"https:\/\/cloudsupplyvapes.com\/es\/wp-json\/wp\/v2\/product_cat?post=1609"},{"taxonomy":"product_tag","embeddable":true,"href":"https:\/\/cloudsupplyvapes.com\/es\/wp-json\/wp\/v2\/product_tag?post=1609"}],"curies":[{"name":"wp","href":"https:\/\/api.w.org\/{rel}","templated":true}]}}