{"id":1610,"date":"2024-10-19T02:20:32","date_gmt":"2024-10-19T02:20:32","guid":{"rendered":"https:\/\/cloudsupplyvapes.com\/?post_type=product&#038;p=1610"},"modified":"2024-11-26T07:50:52","modified_gmt":"2024-11-26T07:50:52","slug":"-66","status":"publish","type":"product","link":"https:\/\/cloudsupplyvapes.com\/es\/product\/randm-dazzle-5000-puffs-rgb-light-glowing-disposable-vape-wholesale\/","title":{"rendered":"RandM Dazzle 5000 Puffs RGB Light Glowing Vape Desechable al por mayor Dise\u00f1o elegante de larga duraci\u00f3n"},"content":{"rendered":"<p>El RandM Dazzle 5000 es un dispositivo de vapeo desechable con el popular tanque transparente, luces RGB de colores y rellenable. Contiene 10ml de aceite e-liquido de sales de nicotina 0\/2\/3\/5% y tiene una bateria incorporada de 1000 mAh de alta capacidad para hasta 5000 caladas. La luz RGB lo convierte en el dispositivo desechable mas cool, ademas viene con un puerto usb recargable en la culata del dispositivo, lo que te asegura terminar hasta la ultima gota del ejuice en el tanque y la luz brillando todo el tiempo.<\/p>\n<p>&nbsp;<\/p>\n<h2>Dispositivo desechable RandM Dazzle 5000 Caracter\u00edsticas:<\/h2>\n<p>2\/3\/5% Sal de nicotina.<\/p>\n<p>0ML de E-l\u00edquido.<\/p>\n<p>? 000 inhalaciones por dispositivo.<\/p>\n<p>?? Colores Luz RGB<\/p>\n<p>Bater\u00eda recargable<\/p>\n<p>Recarga del dep\u00f3sito<\/p>\n<p>Bater\u00eda integrada de 1000 mAh.<\/p>\n<p>2 sabores disponibles.<\/p>\n<p>0unidades en caja expositora.<\/p>\n<p>00 unidades por caja.<\/p>\n<p>&nbsp;<\/p>\n<h2>Sabores<\/h2>\n<p>Hielo exuberante<\/p>\n<p>Hielo de pl\u00e1tano<\/p>\n<p>Osito de goma<\/p>\n<p>Yougurt de fresa<\/p>\n<p>Refresco de naranja<\/p>\n<p>Hielo Razz Azul<\/p>\n<p>Sand\u00eda de fresa<\/p>\n<p>Peras de algod\u00f3n<\/p>\n<p>Granada<\/p>\n<p>Helado de melocot\u00f3n<\/p>\n<p>Hielo de mel\u00f3n y manzana roja<\/p>\n<p>Mezcla de bayas<\/p>\n<p>&nbsp;<\/p>\n<h2>Embalaje y peso<\/h2>\n<p>0.075KG\/PCS, Individual con paquete peque\u00f1o, 10 piezas en caja mediana.<\/p>\n<p>240PCS en el cart\u00f3n principal, 18KG.<\/p>\n<p>&nbsp;<\/p>\n<h2>OEM<\/h2>\n<p>Cantidad m\u00ednima de pedido para OEM: 1000 PCS mismo sabor.<a href=\"https:\/\/i0.wp.com\/www.disposablevapeswholesale.com\/wp-content\/uploads\/2022\/03\/RandM-Dazzle-5000-Puffs-RGB-Light-Glowing-Disposable-Vape-Wholesale.jpg?ssl=1\" target=\"_blank\" rel=\"noopener\"><img data-recalc-dims=\"1\" loading=\"lazy\" decoding=\"async\" class=\"alignnone size-full wp-image-2032\" title=\"RandM Dazzle 5000 Puffs RGB Luz Brillante Vape Desechable al por mayor\" src=\"https:\/\/i0.wp.com\/www.disposablevapeswholesale.com\/wp-content\/uploads\/2022\/03\/RandM-Dazzle-5000-Puffs-RGB-Light-Glowing-Disposable-Vape-Wholesale.jpg?resize=800%2C800&#038;ssl=1\" alt=\"RandM Dazzle 5000 Puffs RGB Luz Brillante Vape Desechable al por mayor\" width=\"800\" height=\"800\" \/><\/a> <a href=\"https:\/\/i0.wp.com\/www.disposablevapeswholesale.com\/wp-content\/uploads\/2022\/03\/RandM-Dazzle-5000-Puffs-RGB-Light-Glowing-Disposable-Vape-Wholesale-5-Flavors.jpg?ssl=1\" target=\"_blank\" rel=\"noopener\"><img data-recalc-dims=\"1\" loading=\"lazy\" decoding=\"async\" class=\"alignnone size-full wp-image-2018\" title=\"RandM Dazzle 5000 Puffs RGB Light Glowing Vape Desechable Mayorista 5 Sabores\" src=\"https:\/\/i0.wp.com\/www.disposablevapeswholesale.com\/wp-content\/uploads\/2022\/03\/RandM-Dazzle-5000-Puffs-RGB-Light-Glowing-Disposable-Vape-Wholesale-5-Flavors.jpg?resize=800%2C800&#038;ssl=1\" alt=\"RandM Dazzle 5000 Puffs RGB Light Glowing Vape Desechable Mayorista 5 Sabores\" width=\"800\" height=\"800\" \/><\/a> <a href=\"https:\/\/i0.wp.com\/www.disposablevapeswholesale.com\/wp-content\/uploads\/2022\/03\/RandM-Dazzle-5000-Puffs-RGB-Light-Glowing-Disposable-Vape-Wholesale-Flavors.jpg?ssl=1\" target=\"_blank\" rel=\"noopener\"><img data-recalc-dims=\"1\" loading=\"lazy\" decoding=\"async\" class=\"alignnone size-full wp-image-2022\" title=\"RandM Dazzle 5000 Puffs RGB Luz Brillante Vape Desechable Sabores al por mayor\" src=\"https:\/\/i0.wp.com\/www.disposablevapeswholesale.com\/wp-content\/uploads\/2022\/03\/RandM-Dazzle-5000-Puffs-RGB-Light-Glowing-Disposable-Vape-Wholesale-Flavors.jpg?resize=800%2C800&#038;ssl=1\" alt=\"RandM Dazzle 5000 Puffs RGB Luz Brillante Vape Desechable Sabores al por mayor\" width=\"800\" height=\"800\" \/><\/a> <a href=\"https:\/\/i0.wp.com\/www.disposablevapeswholesale.com\/wp-content\/uploads\/2022\/03\/RandM-Dazzle-5000-Puffs-RGB-Light-Glowing-Disposable-Vape-Wholesale-Strawberry-Yougurt.jpg?ssl=1\" target=\"_blank\" rel=\"noopener\"><img data-recalc-dims=\"1\" loading=\"lazy\" decoding=\"async\" class=\"alignnone size-full wp-image-2031\" title=\"RandM Dazzle 5000 Puffs RGB Luz Brillante Vape Desechable Mayorista Yougurt Fresa\" src=\"https:\/\/i0.wp.com\/www.disposablevapeswholesale.com\/wp-content\/uploads\/2022\/03\/RandM-Dazzle-5000-Puffs-RGB-Light-Glowing-Disposable-Vape-Wholesale-Strawberry-Yougurt.jpg?resize=800%2C800&#038;ssl=1\" alt=\"RandM Dazzle 5000 Puffs RGB Luz Brillante Vape Desechable Mayorista Yougurt Fresa\" width=\"800\" height=\"800\" \/><\/a> <a href=\"https:\/\/i0.wp.com\/www.disposablevapeswholesale.com\/wp-content\/uploads\/2022\/03\/RandM-Dazzle-5000-Puffs-RGB-Light-Glowing-Disposable-Vape-Wholesale-Lush-Ice.jpg?ssl=1\" target=\"_blank\" rel=\"noopener\"><img data-recalc-dims=\"1\" loading=\"lazy\" decoding=\"async\" class=\"alignnone size-full wp-image-2024\" title=\"RandM Dazzle 5000 Puffs RGB Luz Brillante Vape Desechable al por mayor Lush Ice\" src=\"https:\/\/i0.wp.com\/www.disposablevapeswholesale.com\/wp-content\/uploads\/2022\/03\/RandM-Dazzle-5000-Puffs-RGB-Light-Glowing-Disposable-Vape-Wholesale-Lush-Ice.jpg?resize=800%2C800&#038;ssl=1\" alt=\"RandM Dazzle 5000 Puffs RGB Luz Brillante Vape Desechable al por mayor Lush Ice\" width=\"800\" height=\"800\" \/><\/a> <a href=\"https:\/\/i0.wp.com\/www.disposablevapeswholesale.com\/wp-content\/uploads\/2022\/03\/RandM-Dazzle-5000-Puffs-RGB-Light-Glowing-Disposable-Vape-Wholesale-Gummy-Bear.jpg?ssl=1\" target=\"_blank\" rel=\"noopener\"><img data-recalc-dims=\"1\" loading=\"lazy\" decoding=\"async\" class=\"alignnone size-full wp-image-2023\" title=\"RandM Dazzle 5000 Puffs RGB Luz Brillante Vape Desechable Mayorista Gummy Bear\" src=\"https:\/\/i0.wp.com\/www.disposablevapeswholesale.com\/wp-content\/uploads\/2022\/03\/RandM-Dazzle-5000-Puffs-RGB-Light-Glowing-Disposable-Vape-Wholesale-Gummy-Bear.jpg?resize=800%2C800&#038;ssl=1\" alt=\"RandM Dazzle 5000 Puffs RGB Luz Brillante Vape Desechable Mayorista Gummy Bear\" width=\"800\" height=\"800\" \/><\/a> <a href=\"https:\/\/i0.wp.com\/www.disposablevapeswholesale.com\/wp-content\/uploads\/2022\/03\/RandM-Dazzle-5000-Puffs-RGB-Light-Glowing-Disposable-Vape-Wholesale-Orange-Soda.jpg?ssl=1\" target=\"_blank\" rel=\"noopener\"><img data-recalc-dims=\"1\" loading=\"lazy\" decoding=\"async\" class=\"alignnone size-full wp-image-2026\" title=\"RandM Dazzle 5000 Puffs RGB Luz Brillante Vape Desechable Soda Naranja al por mayor\" src=\"https:\/\/i0.wp.com\/www.disposablevapeswholesale.com\/wp-content\/uploads\/2022\/03\/RandM-Dazzle-5000-Puffs-RGB-Light-Glowing-Disposable-Vape-Wholesale-Orange-Soda.jpg?resize=800%2C800&#038;ssl=1\" alt=\"RandM Dazzle 5000 Puffs RGB Luz Brillante Vape Desechable Soda Naranja al por mayor\" width=\"800\" height=\"800\" \/><\/a> <a href=\"https:\/\/i0.wp.com\/www.disposablevapeswholesale.com\/wp-content\/uploads\/2022\/03\/RandM-Dazzle-5000-Puffs-RGB-Light-Glowing-Disposable-Vape-Wholesale-Blue-Razz-Ice.jpg?ssl=1\" target=\"_blank\" rel=\"noopener\"><img data-recalc-dims=\"1\" loading=\"lazy\" decoding=\"async\" class=\"alignnone size-full wp-image-2020\" title=\"RandM Dazzle 5000 Puffs RGB Luz Brillante Vape Desechable Mayorista Azul Razz Ice\" src=\"https:\/\/i0.wp.com\/www.disposablevapeswholesale.com\/wp-content\/uploads\/2022\/03\/RandM-Dazzle-5000-Puffs-RGB-Light-Glowing-Disposable-Vape-Wholesale-Blue-Razz-Ice.jpg?resize=800%2C800&#038;ssl=1\" alt=\"RandM Dazzle 5000 Puffs RGB Luz Brillante Vape Desechable Mayorista Azul Razz Ice\" width=\"800\" height=\"800\" \/><\/a> <a href=\"https:\/\/i0.wp.com\/www.disposablevapeswholesale.com\/wp-content\/uploads\/2022\/03\/RandM-Dazzle-5000-Puffs-RGB-Light-Glowing-Disposable-Vape-Wholesale-Banana-Ice.jpg?ssl=1\" target=\"_blank\" rel=\"noopener\"><img data-recalc-dims=\"1\" loading=\"lazy\" decoding=\"async\" class=\"alignnone size-full wp-image-2019\" title=\"RandM Dazzle 5000 Puffs RGB Luz Brillante Vape Desechable Mayorista Banana Ice\" src=\"https:\/\/i0.wp.com\/www.disposablevapeswholesale.com\/wp-content\/uploads\/2022\/03\/RandM-Dazzle-5000-Puffs-RGB-Light-Glowing-Disposable-Vape-Wholesale-Banana-Ice.jpg?resize=800%2C800&#038;ssl=1\" alt=\"RandM Dazzle 5000 Puffs RGB Luz Brillante Vape Desechable Mayorista Banana Ice\" width=\"800\" height=\"800\" \/><\/a> <a href=\"https:\/\/i0.wp.com\/www.disposablevapeswholesale.com\/wp-content\/uploads\/2022\/03\/RandM-Dazzle-5000-Puffs-RGB-Light-Glowing-Disposable-Vape-Wholesale-Cotton-Pears.jpg?ssl=1\" target=\"_blank\" rel=\"noopener\"><img data-recalc-dims=\"1\" loading=\"lazy\" decoding=\"async\" class=\"alignnone size-full wp-image-2021\" title=\"RandM Dazzle 5000 Puffs RGB Luz Brillante Vape Desechable Mayorista Algod\u00f3n Peras\" src=\"https:\/\/i0.wp.com\/www.disposablevapeswholesale.com\/wp-content\/uploads\/2022\/03\/RandM-Dazzle-5000-Puffs-RGB-Light-Glowing-Disposable-Vape-Wholesale-Cotton-Pears.jpg?resize=800%2C800&#038;ssl=1\" alt=\"RandM Dazzle 5000 Puffs RGB Luz Brillante Vape Desechable Mayorista Algod\u00f3n Peras\" width=\"800\" height=\"800\" \/><\/a> <a href=\"https:\/\/i0.wp.com\/www.disposablevapeswholesale.com\/wp-content\/uploads\/2022\/03\/RandM-Dazzle-5000-Puffs-RGB-Light-Glowing-Disposable-Vape-Wholesale-Peach-Ice-Cream.jpg?ssl=1\" target=\"_blank\" rel=\"noopener\"><img data-recalc-dims=\"1\" loading=\"lazy\" decoding=\"async\" class=\"alignnone size-full wp-image-2027\" title=\"RandM Dazzle 5000 Puffs RGB Luz Brillante Vape Desechable Helado de Melocot\u00f3n al por mayor\" src=\"https:\/\/i0.wp.com\/www.disposablevapeswholesale.com\/wp-content\/uploads\/2022\/03\/RandM-Dazzle-5000-Puffs-RGB-Light-Glowing-Disposable-Vape-Wholesale-Peach-Ice-Cream.jpg?resize=800%2C800&#038;ssl=1\" alt=\"RandM Dazzle 5000 Puffs RGB Luz Brillante Vape Desechable Helado de Melocot\u00f3n al por mayor\" width=\"800\" height=\"800\" \/><\/a><\/p>\n<p>&nbsp;<\/p>","protected":false},"excerpt":{"rendered":"<p>RandM Dazzle 5000 Puffs RGB Light Glowing Vape desechable al por mayor ofrece una bater\u00eda de larga duraci\u00f3n, dise\u00f1o elegante y vibrantes efectos LED para una experiencia \u00fanica y agradable vaping.<\/p>","protected":false},"featured_media":1855,"comment_status":"closed","ping_status":"closed","template":"","meta":[],"product_brand":[],"product_cat":[22],"product_tag":[60,338,256],"class_list":{"0":"post-1610","1":"product","2":"type-product","3":"status-publish","4":"has-post-thumbnail","6":"product_cat-disposable-vape-sticks","7":"product_tag-disposable-vapes","8":"product_tag-randm-dazzle-5000","9":"product_tag-wholesale","11":"first","12":"instock","13":"shipping-taxable","14":"purchasable","15":"product-type-simple"},"jetpack_sharing_enabled":true,"tiered_pricing_type":"fixed","tiered_pricing_fixed_rules":{"5000":10,"10000":8,"50000":6},"tiered_pricing_product_settings":{"layout":"default","base_unit_name":{"singular":null,"plural":null},"default_variation":null},"tiered_pricing_minimum_quantity":60,"tiered_pricing_roles_data":[],"tiered_pricing_percentage_rules":[],"tiered_pricing_maximum_quantity":null,"tiered_pricing_quantity_step":null,"_links":{"self":[{"href":"https:\/\/cloudsupplyvapes.com\/es\/wp-json\/wp\/v2\/product\/1610","targetHints":{"allow":["GET"]}}],"collection":[{"href":"https:\/\/cloudsupplyvapes.com\/es\/wp-json\/wp\/v2\/product"}],"about":[{"href":"https:\/\/cloudsupplyvapes.com\/es\/wp-json\/wp\/v2\/types\/product"}],"replies":[{"embeddable":true,"href":"https:\/\/cloudsupplyvapes.com\/es\/wp-json\/wp\/v2\/comments?post=1610"}],"wp:featuredmedia":[{"embeddable":true,"href":"https:\/\/cloudsupplyvapes.com\/es\/wp-json\/wp\/v2\/media\/1855"}],"wp:attachment":[{"href":"https:\/\/cloudsupplyvapes.com\/es\/wp-json\/wp\/v2\/media?parent=1610"}],"wp:term":[{"taxonomy":"product_brand","embeddable":true,"href":"https:\/\/cloudsupplyvapes.com\/es\/wp-json\/wp\/v2\/product_brand?post=1610"},{"taxonomy":"product_cat","embeddable":true,"href":"https:\/\/cloudsupplyvapes.com\/es\/wp-json\/wp\/v2\/product_cat?post=1610"},{"taxonomy":"product_tag","embeddable":true,"href":"https:\/\/cloudsupplyvapes.com\/es\/wp-json\/wp\/v2\/product_tag?post=1610"}],"curies":[{"name":"wp","href":"https:\/\/api.w.org\/{rel}","templated":true}]}}