{"id":1613,"date":"2024-10-19T02:20:32","date_gmt":"2024-10-19T02:20:32","guid":{"rendered":"https:\/\/cloudsupplyvapes.com\/?post_type=product&#038;p=1613"},"modified":"2024-11-26T07:51:38","modified_gmt":"2024-11-26T07:51:38","slug":"-69","status":"publish","type":"product","link":"https:\/\/cloudsupplyvapes.com\/es\/product\/randm-tornado-8000-puffs-airflow-control-disposable-vape-wholesale\/","title":{"rendered":"RANDM TORNADO 8000 Puffs Control de Flujo de Aire Vape Desechable Mayorista Dise\u00f1o Ajustable de Larga Duraci\u00f3n"},"content":{"rendered":"<p>RandM Tornado 8000 es un dispositivo de vapeo desechable con control de flujo de aire y es recargable.bater\u00eda de alta capacidad de 1000 mAh incorporada y 16 ml de capacidad de e-l\u00edquido.el control de flujo de aire le permite elegir el mejor lugar se adapte a ti, adem\u00e1s de que viene con un puerto recargable de tipo C en el buttom del dispositivo, que gurantte a terminar hasta la \u00faltima gota del ejuice en el tanque todo el tiempo. Hay 20 tipos de sabores para elegir, que son del agrado de muchas personas.<\/p>\n<p>&nbsp;<\/p>\n<h2>Dispositivo desechable RandM Tornado Caracter\u00edsticas:<\/h2>\n<p>Sal de nicotina %.<\/p>\n<p>6ML de E-l\u00edquido.<\/p>\n<p>Control del flujo de aire<\/p>\n<p>Bobina de malla<\/p>\n<p>Bater\u00eda recargable<\/p>\n<p>Bater\u00eda integrada de 1000 mAh.<\/p>\n<p>0 sabores disponibles.<\/p>\n<p>0unidades en caja expositora.<\/p>\n<p>40 unidades por caja.<\/p>\n<p>&nbsp;<\/p>\n<h2>Sabores<\/h2>\n<p>Hielo exuberante<\/p>\n<p>Hielo Razz Azul<\/p>\n<p>Sand\u00eda con fresa<\/p>\n<p>Limonada de fresa<\/p>\n<p>Manzana \u00e1cida<\/p>\n<p>Pera de algod\u00f3n<\/p>\n<p>Caramelos Skittles<\/p>\n<p>Ositos de goma<\/p>\n<p>Uva Naranja<\/p>\n<p>Pi\u00f1a helada<\/p>\n<p>Mel\u00f3n helado<\/p>\n<p>Manzana roja Mel\u00f3n<\/p>\n<p>Hielo de granada<\/p>\n<p>Hielo de pl\u00e1tano<\/p>\n<p>Hielo de ar\u00e1ndanos<\/p>\n<p>Menta fresca<\/p>\n<p>Fresa Kiwi<\/p>\n<p>Melocot\u00f3n Mango<\/p>\n<p>Pi\u00f1a Colada<\/p>\n<p>Lichi de cereza<\/p>\n<p>&nbsp;<\/p>\n<h2>Embalaje y peso<\/h2>\n<p>0.075KG\/PCS, Individual con paquete peque\u00f1o, 10 piezas en caja mediana.<\/p>\n<p>240PCS en el cart\u00f3n principal, 18KG.<\/p>\n<p>&nbsp;<\/p>\n<h2>OEM<\/h2>\n<p>Cantidad m\u00ednima de pedido para OEM: 1000 PCS mismo sabor.<\/p>\n<p><a href=\"https:\/\/i0.wp.com\/www.disposablevapeswholesale.com\/wp-content\/uploads\/2022\/03\/RANDM-TORNADO-8000-Puffs-Airflow-Control-Disposable-Vape-Wholesale.jpg?ssl=1\" target=\"_blank\" rel=\"noopener\"><img data-recalc-dims=\"1\" loading=\"lazy\" decoding=\"async\" class=\"alignnone size-full wp-image-1940\" title=\"RANDM TORNADO 8000 Puffs Control de Flujo de Aire Vape Desechable Mayorista\" src=\"https:\/\/i0.wp.com\/www.disposablevapeswholesale.com\/wp-content\/uploads\/2022\/03\/RANDM-TORNADO-8000-Puffs-Airflow-Control-Disposable-Vape-Wholesale.jpg?resize=800%2C800&#038;ssl=1\" alt=\"RANDM TORNADO 8000 Puffs Control de Flujo de Aire Vape Desechable Mayorista\" width=\"800\" height=\"800\" \/><\/a> <a href=\"https:\/\/i0.wp.com\/www.disposablevapeswholesale.com\/wp-content\/uploads\/2022\/03\/RANDM-TORNADO-8000-Puffs-Airflow-Control-Disposable-Vape-Wholesale-10-Flavors.jpg?ssl=1\" target=\"_blank\" rel=\"noopener\"><img data-recalc-dims=\"1\" loading=\"lazy\" decoding=\"async\" class=\"alignnone size-full wp-image-1919\" title=\"RANDM TORNADO 8000 Puffs Airflow Control Vape Desechable Mayorista 10 Sabores\" src=\"https:\/\/i0.wp.com\/www.disposablevapeswholesale.com\/wp-content\/uploads\/2022\/03\/RANDM-TORNADO-8000-Puffs-Airflow-Control-Disposable-Vape-Wholesale-10-Flavors.jpg?resize=800%2C800&#038;ssl=1\" alt=\"RANDM TORNADO 8000 Puffs Airflow Control Vape Desechable Mayorista 10 Sabores\" width=\"800\" height=\"800\" \/><\/a> <a href=\"https:\/\/i0.wp.com\/www.disposablevapeswholesale.com\/wp-content\/uploads\/2022\/03\/RANDM-TORNADO-8000-Puffs-Airflow-Control-Disposable-Vape-Wholesale-5-Flavors.jpg?ssl=1\" target=\"_blank\" rel=\"noopener\"><img data-recalc-dims=\"1\" loading=\"lazy\" decoding=\"async\" class=\"alignnone size-full wp-image-1918\" title=\"RANDM TORNADO 8000 Puffs Airflow Control Vape Desechable Mayorista 5 Sabores\" src=\"https:\/\/i0.wp.com\/www.disposablevapeswholesale.com\/wp-content\/uploads\/2022\/03\/RANDM-TORNADO-8000-Puffs-Airflow-Control-Disposable-Vape-Wholesale-5-Flavors.jpg?resize=800%2C800&#038;ssl=1\" alt=\"RANDM TORNADO 8000 Puffs Airflow Control Vape Desechable Mayorista 5 Sabores\" width=\"800\" height=\"800\" \/><\/a> <a href=\"https:\/\/i0.wp.com\/www.disposablevapeswholesale.com\/wp-content\/uploads\/2022\/03\/RANDM-TORNADO-8000-Puffs-Airflow-Control-Disposable-Vape-Wholesale-Strawberry-Watermelon.jpg?ssl=1\" target=\"_blank\" rel=\"noopener\"><img data-recalc-dims=\"1\" loading=\"lazy\" decoding=\"async\" class=\"alignnone size-full wp-image-1939\" title=\"RANDM TORNADO 8000 Puffs Airflow Control Vape Desechable Mayorista Fresa Sandia\" src=\"https:\/\/i0.wp.com\/www.disposablevapeswholesale.com\/wp-content\/uploads\/2022\/03\/RANDM-TORNADO-8000-Puffs-Airflow-Control-Disposable-Vape-Wholesale-Strawberry-Watermelon.jpg?resize=800%2C800&#038;ssl=1\" alt=\"RANDM TORNADO 8000 Puffs Airflow Control Vape Desechable Mayorista Fresa Sandia\" width=\"800\" height=\"800\" \/><\/a> <a href=\"https:\/\/i0.wp.com\/www.disposablevapeswholesale.com\/wp-content\/uploads\/2022\/03\/RANDM-TORNADO-8000-Puffs-Airflow-Control-Disposable-Vape-Wholesale-Strawberry-Lemonade.jpg?ssl=1\" target=\"_blank\" rel=\"noopener\"><img data-recalc-dims=\"1\" loading=\"lazy\" decoding=\"async\" class=\"alignnone size-full wp-image-1938\" title=\"RANDM TORNADO 8000 Puffs Airflow Control Vape Desechable Mayorista Fresa Limonada\" src=\"https:\/\/i0.wp.com\/www.disposablevapeswholesale.com\/wp-content\/uploads\/2022\/03\/RANDM-TORNADO-8000-Puffs-Airflow-Control-Disposable-Vape-Wholesale-Strawberry-Lemonade.jpg?resize=800%2C800&#038;ssl=1\" alt=\"RANDM TORNADO 8000 Puffs Airflow Control Vape Desechable Mayorista Fresa Limonada\" width=\"800\" height=\"800\" \/><\/a> <a href=\"https:\/\/i0.wp.com\/www.disposablevapeswholesale.com\/wp-content\/uploads\/2022\/03\/RANDM-TORNADO-8000-Puffs-Airflow-Control-Disposable-Vape-Wholesale-Strawberry-Kiwi.jpg?ssl=1\" target=\"_blank\" rel=\"noopener\"><img data-recalc-dims=\"1\" loading=\"lazy\" decoding=\"async\" class=\"alignnone size-full wp-image-1937\" title=\"RANDM TORNADO 8000 Puffs Airflow Control Vape Desechable Mayorista Fresa Kiwi\" src=\"https:\/\/i0.wp.com\/www.disposablevapeswholesale.com\/wp-content\/uploads\/2022\/03\/RANDM-TORNADO-8000-Puffs-Airflow-Control-Disposable-Vape-Wholesale-Strawberry-Kiwi.jpg?resize=800%2C800&#038;ssl=1\" alt=\"RANDM TORNADO 8000 Puffs Airflow Control Vape Desechable Mayorista Fresa Kiwi\" width=\"800\" height=\"800\" \/><\/a> <a href=\"https:\/\/i0.wp.com\/www.disposablevapeswholesale.com\/wp-content\/uploads\/2022\/03\/RANDM-TORNADO-8000-Puffs-Airflow-Control-Disposable-Vape-Wholesale-Sour-Apple.jpg?ssl=1\" target=\"_blank\" rel=\"noopener\"><img data-recalc-dims=\"1\" loading=\"lazy\" decoding=\"async\" class=\"alignnone size-full wp-image-1936\" title=\"RANDM TORNADO 8000 Puffs Airflow Control Vape Desechable Mayorista Sour Apple\" src=\"https:\/\/i0.wp.com\/www.disposablevapeswholesale.com\/wp-content\/uploads\/2022\/03\/RANDM-TORNADO-8000-Puffs-Airflow-Control-Disposable-Vape-Wholesale-Sour-Apple.jpg?resize=800%2C800&#038;ssl=1\" alt=\"RANDM TORNADO 8000 Puffs Airflow Control Vape Desechable Mayorista Sour Apple\" width=\"800\" height=\"800\" \/><\/a> <a href=\"https:\/\/i0.wp.com\/www.disposablevapeswholesale.com\/wp-content\/uploads\/2022\/03\/RANDM-TORNADO-8000-Puffs-Airflow-Control-Disposable-Vape-Wholesale-Skittles-Candy.jpg?ssl=1\" target=\"_blank\" rel=\"noopener\"><img data-recalc-dims=\"1\" loading=\"lazy\" decoding=\"async\" class=\"alignnone size-full wp-image-1935\" title=\"RANDM TORNADO 8000 Puffs Airflow Control Vape Desechable Mayorista Skittles Candy\" src=\"https:\/\/i0.wp.com\/www.disposablevapeswholesale.com\/wp-content\/uploads\/2022\/03\/RANDM-TORNADO-8000-Puffs-Airflow-Control-Disposable-Vape-Wholesale-Skittles-Candy.jpg?resize=800%2C800&#038;ssl=1\" alt=\"RANDM TORNADO 8000 Puffs Airflow Control Vape Desechable Mayorista Skittles Candy\" width=\"800\" height=\"800\" \/><\/a> <a href=\"https:\/\/i0.wp.com\/www.disposablevapeswholesale.com\/wp-content\/uploads\/2022\/03\/RANDM-TORNADO-8000-Puffs-Airflow-Control-Disposable-Vape-Wholesale-Red-Apple-Melon.jpg?ssl=1\" target=\"_blank\" rel=\"noopener\"><img data-recalc-dims=\"1\" loading=\"lazy\" decoding=\"async\" class=\"alignnone size-full wp-image-1934\" title=\"RANDM TORNADO 8000 Puffs Airflow Control Vape Desechable Mayorista Mel\u00f3n Manzana Roja\" src=\"https:\/\/i0.wp.com\/www.disposablevapeswholesale.com\/wp-content\/uploads\/2022\/03\/RANDM-TORNADO-8000-Puffs-Airflow-Control-Disposable-Vape-Wholesale-Red-Apple-Melon.jpg?resize=800%2C800&#038;ssl=1\" alt=\"RANDM TORNADO 8000 Puffs Airflow Control Vape Desechable Mayorista Mel\u00f3n Manzana Roja\" width=\"800\" height=\"800\" \/><\/a> <a href=\"https:\/\/i0.wp.com\/www.disposablevapeswholesale.com\/wp-content\/uploads\/2022\/03\/RANDM-TORNADO-8000-Puffs-Airflow-Control-Disposable-Vape-Wholesale-Pomegranate-Ice.jpg?ssl=1\" target=\"_blank\" rel=\"noopener\"><img data-recalc-dims=\"1\" loading=\"lazy\" decoding=\"async\" class=\"alignnone size-full wp-image-1933\" title=\"RANDM TORNADO 8000 Puffs Airflow Control Vape Desechable Mayorista Granada Hielo\" src=\"https:\/\/i0.wp.com\/www.disposablevapeswholesale.com\/wp-content\/uploads\/2022\/03\/RANDM-TORNADO-8000-Puffs-Airflow-Control-Disposable-Vape-Wholesale-Pomegranate-Ice.jpg?resize=800%2C800&#038;ssl=1\" alt=\"RANDM TORNADO 8000 Puffs Airflow Control Vape Desechable Mayorista Granada Hielo\" width=\"800\" height=\"800\" \/><\/a><\/p>","protected":false},"excerpt":{"rendered":"<p>RANDM TORNADO 8000 Puffs Airflow Control Vape Desechable Mayorista combina un flujo de aire ajustable, una bater\u00eda de larga duraci\u00f3n y una entrega de vapor consistente para sesiones de vapeo de primera calidad.<\/p>","protected":false},"featured_media":1887,"comment_status":"closed","ping_status":"closed","template":"","meta":[],"product_brand":[],"product_cat":[22],"product_tag":[60,341,256],"class_list":{"0":"post-1613","1":"product","2":"type-product","3":"status-publish","4":"has-post-thumbnail","6":"product_cat-disposable-vape-sticks","7":"product_tag-disposable-vapes","8":"product_tag-randm-tornado-8000","9":"product_tag-wholesale","11":"first","12":"instock","13":"shipping-taxable","14":"purchasable","15":"product-type-simple"},"jetpack_sharing_enabled":true,"tiered_pricing_type":"fixed","tiered_pricing_fixed_rules":{"5000":8,"10000":7,"50000":6},"tiered_pricing_product_settings":{"layout":"default","base_unit_name":{"singular":null,"plural":null},"default_variation":null},"tiered_pricing_minimum_quantity":60,"tiered_pricing_roles_data":[],"tiered_pricing_percentage_rules":[],"tiered_pricing_maximum_quantity":null,"tiered_pricing_quantity_step":null,"_links":{"self":[{"href":"https:\/\/cloudsupplyvapes.com\/es\/wp-json\/wp\/v2\/product\/1613","targetHints":{"allow":["GET"]}}],"collection":[{"href":"https:\/\/cloudsupplyvapes.com\/es\/wp-json\/wp\/v2\/product"}],"about":[{"href":"https:\/\/cloudsupplyvapes.com\/es\/wp-json\/wp\/v2\/types\/product"}],"replies":[{"embeddable":true,"href":"https:\/\/cloudsupplyvapes.com\/es\/wp-json\/wp\/v2\/comments?post=1613"}],"wp:featuredmedia":[{"embeddable":true,"href":"https:\/\/cloudsupplyvapes.com\/es\/wp-json\/wp\/v2\/media\/1887"}],"wp:attachment":[{"href":"https:\/\/cloudsupplyvapes.com\/es\/wp-json\/wp\/v2\/media?parent=1613"}],"wp:term":[{"taxonomy":"product_brand","embeddable":true,"href":"https:\/\/cloudsupplyvapes.com\/es\/wp-json\/wp\/v2\/product_brand?post=1613"},{"taxonomy":"product_cat","embeddable":true,"href":"https:\/\/cloudsupplyvapes.com\/es\/wp-json\/wp\/v2\/product_cat?post=1613"},{"taxonomy":"product_tag","embeddable":true,"href":"https:\/\/cloudsupplyvapes.com\/es\/wp-json\/wp\/v2\/product_tag?post=1613"}],"curies":[{"name":"wp","href":"https:\/\/api.w.org\/{rel}","templated":true}]}}