{"id":162,"date":"2024-10-10T08:54:18","date_gmt":"2024-10-10T08:54:18","guid":{"rendered":"https:\/\/cloudsupplyvapes.com\/?post_type=product&#038;p=162"},"modified":"2024-11-26T09:37:25","modified_gmt":"2024-11-26T09:37:25","slug":"breze-stiik-bs6500-puff-vape-wholesale","status":"publish","type":"product","link":"https:\/\/cloudsupplyvapes.com\/es\/product\/breze-stiik-bs6500-puff-vape-wholesale\/","title":{"rendered":"Breze Stiik BS6500 Puffs Vape Desechable | Mayorista Premium Dise\u00f1o Compacto"},"content":{"rendered":"<p>Breze Stiik Bs 6500 Disposable Vape Kit se gestiona para mejorar la experiencia total del cliente y la satisfacci\u00f3n, que se extiende desde el rendimiento del dispositivo a la apariencia que muestra lo duradero y c\u00f3modo que se utiliza y ofrece a lo variado de la selecci\u00f3n de sabores. Breze Stiik Bs 6500 alberga una bater\u00eda de 650mAh. Para vapear m\u00e1s a menudo, proporciona un puerto Tipo-C, adoptando el sistema de carga r\u00e1pida, para garantizar la durance de Breze, y la resistencia de la bobina es de 1,4ohm que satisfacen DL vaping. Adem\u00e1s, una impresionante capacidad de 12 ml de jugo de vape que incluye 0% 2% 5% sal nic fuerza que en promedio goza de 6500 caladas por unidad que le permite tener una sesi\u00f3n de experiencia m\u00e1s larga.<\/p>\n<div><span style=\"font-size: 18px;\"><strong>BREZE STIIK BS6500<\/strong><strong>\u00a0<\/strong><strong>Especificaciones<\/strong><\/span><strong style=\"font-size: 18px;\">:<\/strong><\/div>\n<div>PUFFS: 6000<\/div>\n<div>MATERIAL: Acero inoxidable<\/div>\n<div>CAPACIDAD DE ACEITE :12 ML<\/div>\n<div>CAPACIDAD DE LA BATER\u00cdA : 400MAH<\/div>\n<div>CARGA : Tipo-C<\/div>\n<div>RESISTENCIA: 1.2ohm<\/div>\n<div>NIC: 2%\/5%<\/div>\n<div>N\u00daCLEO CALEFACTOR: Bobina de malla<\/div>\n<div>TAMA\u00d1O: 93*44*23mm<\/div>\n<div><\/div>\n<div>\n<div><strong style=\"font-size: 18px;\">BREZE STIIK BS6500 Sabores:<\/strong><\/div>\n<div>1. Frambuesa \u00e1cida con ar\u00e1ndanos<\/div>\n<div>2. Soda de uva<\/div>\n<div>3. Cereza Lim\u00f3n<\/div>\n<div>4. Hielo de melocot\u00f3n jugoso<\/div>\n<div>5. Oso de goma<\/div>\n<div>6. Manzana Honeycrisp<\/div>\n<div>7. Sundae de fresa<\/div>\n<div>8. Sorbete de Yakult<\/div>\n<div>9. Hielo de sand\u00eda<\/div>\n<div>10. Taffy de pl\u00e1tano<\/div>\n<div>11. Menta<\/div>\n<div>12. Puesta de sol en Hawai<\/div>\n<\/div>\n<div><img data-recalc-dims=\"1\" loading=\"lazy\" decoding=\"async\" class=\"alignnone size-medium wp-image-83\" src=\"https:\/\/i0.wp.com\/cloudsupplyvapes.com\/wp-content\/uploads\/2024\/10\/4.jpg?resize=300%2C300&#038;ssl=1\" alt=\"\" width=\"300\" height=\"300\" title=\"\" srcset=\"https:\/\/i0.wp.com\/cloudsupplyvapes.com\/wp-content\/uploads\/2024\/10\/4.jpg?resize=300%2C300&amp;ssl=1 300w, https:\/\/i0.wp.com\/cloudsupplyvapes.com\/wp-content\/uploads\/2024\/10\/4.jpg?resize=150%2C150&amp;ssl=1 150w, https:\/\/i0.wp.com\/cloudsupplyvapes.com\/wp-content\/uploads\/2024\/10\/4.jpg?resize=510%2C510&amp;ssl=1 510w, https:\/\/i0.wp.com\/cloudsupplyvapes.com\/wp-content\/uploads\/2024\/10\/4.jpg?resize=100%2C100&amp;ssl=1 100w, https:\/\/i0.wp.com\/cloudsupplyvapes.com\/wp-content\/uploads\/2024\/10\/4.jpg?w=700&amp;ssl=1 700w\" sizes=\"auto, (max-width: 300px) 100vw, 300px\" \/><img data-recalc-dims=\"1\" loading=\"lazy\" decoding=\"async\" class=\"alignnone size-medium wp-image-82\" src=\"https:\/\/i0.wp.com\/cloudsupplyvapes.com\/wp-content\/uploads\/2024\/10\/3.jpg?resize=300%2C300&#038;ssl=1\" alt=\"\" width=\"300\" height=\"300\" title=\"\" srcset=\"https:\/\/i0.wp.com\/cloudsupplyvapes.com\/wp-content\/uploads\/2024\/10\/3.jpg?resize=300%2C300&amp;ssl=1 300w, https:\/\/i0.wp.com\/cloudsupplyvapes.com\/wp-content\/uploads\/2024\/10\/3.jpg?resize=150%2C150&amp;ssl=1 150w, https:\/\/i0.wp.com\/cloudsupplyvapes.com\/wp-content\/uploads\/2024\/10\/3.jpg?resize=510%2C510&amp;ssl=1 510w, https:\/\/i0.wp.com\/cloudsupplyvapes.com\/wp-content\/uploads\/2024\/10\/3.jpg?resize=100%2C100&amp;ssl=1 100w, https:\/\/i0.wp.com\/cloudsupplyvapes.com\/wp-content\/uploads\/2024\/10\/3.jpg?w=700&amp;ssl=1 700w\" sizes=\"auto, (max-width: 300px) 100vw, 300px\" \/><img data-recalc-dims=\"1\" loading=\"lazy\" decoding=\"async\" class=\"alignnone size-medium wp-image-80\" src=\"https:\/\/i0.wp.com\/cloudsupplyvapes.com\/wp-content\/uploads\/2024\/10\/1.jpg?resize=300%2C300&#038;ssl=1\" alt=\"\" width=\"300\" height=\"300\" title=\"\" srcset=\"https:\/\/i0.wp.com\/cloudsupplyvapes.com\/wp-content\/uploads\/2024\/10\/1.jpg?resize=300%2C300&amp;ssl=1 300w, https:\/\/i0.wp.com\/cloudsupplyvapes.com\/wp-content\/uploads\/2024\/10\/1.jpg?resize=150%2C150&amp;ssl=1 150w, https:\/\/i0.wp.com\/cloudsupplyvapes.com\/wp-content\/uploads\/2024\/10\/1.jpg?resize=510%2C510&amp;ssl=1 510w, https:\/\/i0.wp.com\/cloudsupplyvapes.com\/wp-content\/uploads\/2024\/10\/1.jpg?resize=100%2C100&amp;ssl=1 100w, https:\/\/i0.wp.com\/cloudsupplyvapes.com\/wp-content\/uploads\/2024\/10\/1.jpg?w=700&amp;ssl=1 700w\" sizes=\"auto, (max-width: 300px) 100vw, 300px\" \/><\/div>","protected":false},"excerpt":{"rendered":"<p>Breze Stiik BS6500 Puffs Vape desechable al por mayor ofrece una calidad de construcci\u00f3n superior, salida de vapor suave y un dise\u00f1o port\u00e1til para experiencias de vapeo satisfactorias.<\/p>","protected":false},"featured_media":143,"comment_status":"open","ping_status":"closed","template":"","meta":[],"product_brand":[],"product_cat":[16],"product_tag":[],"class_list":{"0":"post-162","1":"product","2":"type-product","3":"status-publish","4":"has-post-thumbnail","6":"product_cat-disposable-vapes-for-wholesale","8":"first","9":"instock","10":"shipping-taxable","11":"product-type-variable","12":"has-default-attributes"},"jetpack_sharing_enabled":true,"tiered_pricing_type":"fixed","tiered_pricing_fixed_rules":[],"tiered_pricing_product_settings":{"layout":"default","base_unit_name":{"singular":null,"plural":null},"default_variation":null},"tiered_pricing_minimum_quantity":null,"tiered_pricing_roles_data":[],"tiered_pricing_percentage_rules":[],"tiered_pricing_maximum_quantity":null,"tiered_pricing_quantity_step":null,"_links":{"self":[{"href":"https:\/\/cloudsupplyvapes.com\/es\/wp-json\/wp\/v2\/product\/162","targetHints":{"allow":["GET"]}}],"collection":[{"href":"https:\/\/cloudsupplyvapes.com\/es\/wp-json\/wp\/v2\/product"}],"about":[{"href":"https:\/\/cloudsupplyvapes.com\/es\/wp-json\/wp\/v2\/types\/product"}],"replies":[{"embeddable":true,"href":"https:\/\/cloudsupplyvapes.com\/es\/wp-json\/wp\/v2\/comments?post=162"}],"wp:featuredmedia":[{"embeddable":true,"href":"https:\/\/cloudsupplyvapes.com\/es\/wp-json\/wp\/v2\/media\/143"}],"wp:attachment":[{"href":"https:\/\/cloudsupplyvapes.com\/es\/wp-json\/wp\/v2\/media?parent=162"}],"wp:term":[{"taxonomy":"product_brand","embeddable":true,"href":"https:\/\/cloudsupplyvapes.com\/es\/wp-json\/wp\/v2\/product_brand?post=162"},{"taxonomy":"product_cat","embeddable":true,"href":"https:\/\/cloudsupplyvapes.com\/es\/wp-json\/wp\/v2\/product_cat?post=162"},{"taxonomy":"product_tag","embeddable":true,"href":"https:\/\/cloudsupplyvapes.com\/es\/wp-json\/wp\/v2\/product_tag?post=162"}],"curies":[{"name":"wp","href":"https:\/\/api.w.org\/{rel}","templated":true}]}}