{"id":1760,"date":"2024-10-19T02:21:25","date_gmt":"2024-10-19T02:21:25","guid":{"rendered":"https:\/\/cloudsupplyvapes.com\/?post_type=product&#038;p=1760"},"modified":"2024-11-26T07:34:33","modified_gmt":"2024-11-26T07:34:33","slug":"-71","status":"publish","type":"product","link":"https:\/\/cloudsupplyvapes.com\/es\/product\/aokit-box-4000-puffs-disposable-vape-wholesale\/","title":{"rendered":"Aokit Box 4000 Puffs Vape desechable al por mayor Alta capacidad Dise\u00f1o elegante"},"content":{"rendered":"<p>Aokit Box es un vapeador desechable de forma \u00fanica, con una bater\u00eda incorporada de 1500mAh, 4000 caladas, 10ml de capacidad de e-l\u00edquido y dise\u00f1o a prueba de fugas.<\/p>\n<p>&nbsp;<\/p>\n<h2>Sabores<\/h2>\n<p>Lanza de menta<\/p>\n<p>Aloe Uva<\/p>\n<p>Fresa Mango<\/p>\n<p>Blue Razz<\/p>\n<p>Hielo de guayaba<\/p>\n<p>Bebida energ\u00e9tica<\/p>\n<p>Triple de bayas<\/p>\n<p>Hielo de pl\u00e1tano<\/p>\n<p>Hielo exuberante<\/p>\n<p>Fresa Pl\u00e1tano<\/p>\n<p>Caramelos arco iris<\/p>\n<p>Limonada rosa<\/p>\n<p>&nbsp;<\/p>\n<h2>Embalaje y peso<\/h2>\n<p>0.0725KG\/PC, Individual con paquete peque\u00f1o,<\/p>\n<p>200PCS en el cart\u00f3n principal, 14.5KG.<\/p>\n<p>&nbsp;<\/p>\n<h2>OEM<\/h2>\n<p>Cantidad m\u00ednima de pedido para OEM: 1000 PCS mismo sabor.<\/p>\n<p><a href=\"https:\/\/i0.wp.com\/www.disposablevapeswholesale.com\/wp-content\/uploads\/2021\/12\/Aokit-Box-4000-Puffs-Disposable-Vape-Wholesale.jpg?ssl=1\" target=\"_blank\" rel=\"noopener\"><img data-recalc-dims=\"1\" loading=\"lazy\" decoding=\"async\" class=\"alignnone size-full wp-image-1373\" title=\"Aokit Box 4000 Puffs Vape Desechable al por mayor\" src=\"https:\/\/i0.wp.com\/www.disposablevapeswholesale.com\/wp-content\/uploads\/2021\/12\/Aokit-Box-4000-Puffs-Disposable-Vape-Wholesale.jpg?resize=800%2C800&#038;ssl=1\" alt=\"Aokit Box 4000 Puffs Vape Desechable al por mayor\" width=\"800\" height=\"800\" \/><\/a> <a href=\"https:\/\/i0.wp.com\/www.disposablevapeswholesale.com\/wp-content\/uploads\/2021\/12\/Aokit-Box-4000-Puffs-Disposable-Vape-Wholesale-5Flavors.jpg?ssl=1\" target=\"_blank\" rel=\"noopener\"><img data-recalc-dims=\"1\" loading=\"lazy\" decoding=\"async\" class=\"alignnone size-full wp-image-1351\" title=\"Aokit Box 4000 Puffs Vape Desechable Mayorista 5Sabores\" src=\"https:\/\/i0.wp.com\/www.disposablevapeswholesale.com\/wp-content\/uploads\/2021\/12\/Aokit-Box-4000-Puffs-Disposable-Vape-Wholesale-5Flavors.jpg?resize=800%2C800&#038;ssl=1\" alt=\"Aokit Box 4000 Puffs Vape Desechable Mayorista 5Sabores\" width=\"800\" height=\"800\" \/><\/a> <a href=\"https:\/\/i0.wp.com\/www.disposablevapeswholesale.com\/wp-content\/uploads\/2021\/12\/Aokit-Box-4000-Puffs-Disposable-Vape-Wholesale-Triple-Berries-Flavors.jpg?ssl=1\" target=\"_blank\" rel=\"noopener\"><img data-recalc-dims=\"1\" loading=\"lazy\" decoding=\"async\" class=\"alignnone size-full wp-image-1370\" title=\"Aokit Caja 4000 Puffs Vape Desechable Mayorista Triple Sabores Bayas\" src=\"https:\/\/i0.wp.com\/www.disposablevapeswholesale.com\/wp-content\/uploads\/2021\/12\/Aokit-Box-4000-Puffs-Disposable-Vape-Wholesale-Triple-Berries-Flavors.jpg?resize=800%2C800&#038;ssl=1\" alt=\"Aokit Caja 4000 Puffs Vape Desechable Mayorista Triple Sabores Bayas\" width=\"800\" height=\"800\" \/><\/a> <a href=\"https:\/\/i0.wp.com\/www.disposablevapeswholesale.com\/wp-content\/uploads\/2021\/12\/Aokit-Box-4000-Puffs-Disposable-Vape-Wholesale-Rainbow-Candy-Flavors.jpg?ssl=1\" target=\"_blank\" rel=\"noopener\"><img data-recalc-dims=\"1\" loading=\"lazy\" decoding=\"async\" class=\"alignnone size-full wp-image-1365\" title=\"Aokit Caja 4000 Puffs Vape Desechable al por mayor sabores de caramelos arco iris\" src=\"https:\/\/i0.wp.com\/www.disposablevapeswholesale.com\/wp-content\/uploads\/2021\/12\/Aokit-Box-4000-Puffs-Disposable-Vape-Wholesale-Rainbow-Candy-Flavors.jpg?resize=800%2C800&#038;ssl=1\" alt=\"Aokit Caja 4000 Puffs Vape Desechable al por mayor sabores de caramelos arco iris\" width=\"800\" height=\"800\" \/><\/a> <a href=\"https:\/\/i0.wp.com\/www.disposablevapeswholesale.com\/wp-content\/uploads\/2021\/12\/Aokit-Box-4000-Puffs-Disposable-Vape-Wholesale-Pink-Lemonade.jpg?ssl=1\" target=\"_blank\" rel=\"noopener\"><img data-recalc-dims=\"1\" loading=\"lazy\" decoding=\"async\" class=\"alignnone size-full wp-image-1364\" title=\"Aokit Caja 4000 Puffs Vape Desechable Mayorista Limonada Rosa\" src=\"https:\/\/i0.wp.com\/www.disposablevapeswholesale.com\/wp-content\/uploads\/2021\/12\/Aokit-Box-4000-Puffs-Disposable-Vape-Wholesale-Pink-Lemonade.jpg?resize=800%2C800&#038;ssl=1\" alt=\"Aokit Caja 4000 Puffs Vape Desechable Mayorista Limonada Rosa\" width=\"800\" height=\"800\" \/><\/a> <a href=\"https:\/\/i0.wp.com\/www.disposablevapeswholesale.com\/wp-content\/uploads\/2021\/12\/Aokit-Box-4000-Puffs-Disposable-Vape-Wholesale-Guava-Ice-Flavors.jpg?ssl=1\" target=\"_blank\" rel=\"noopener\"><img data-recalc-dims=\"1\" loading=\"lazy\" decoding=\"async\" class=\"alignnone size-full wp-image-1359\" title=\"Aokit Caja 4000 Puffs Vape Desechable Mayorista Guava Ice Sabores\" src=\"https:\/\/i0.wp.com\/www.disposablevapeswholesale.com\/wp-content\/uploads\/2021\/12\/Aokit-Box-4000-Puffs-Disposable-Vape-Wholesale-Guava-Ice-Flavors.jpg?resize=800%2C800&#038;ssl=1\" alt=\"Aokit Caja 4000 Puffs Vape Desechable Mayorista Guava Ice Sabores\" width=\"800\" height=\"800\" \/><\/a> <a href=\"https:\/\/i0.wp.com\/www.disposablevapeswholesale.com\/wp-content\/uploads\/2021\/12\/Aokit-Box-4000-Puffs-Disposable-Vape-Wholesale-Blue-Razz-Flavors.jpg?ssl=1\" target=\"_blank\" rel=\"noopener\"><img data-recalc-dims=\"1\" loading=\"lazy\" decoding=\"async\" class=\"alignnone size-full wp-image-1356\" title=\"Aokit Caja 4000 Puffs Vape Desechable Mayorista Sabores Blue Razz\" src=\"https:\/\/i0.wp.com\/www.disposablevapeswholesale.com\/wp-content\/uploads\/2021\/12\/Aokit-Box-4000-Puffs-Disposable-Vape-Wholesale-Blue-Razz-Flavors.jpg?resize=800%2C800&#038;ssl=1\" alt=\"Aokit Caja 4000 Puffs Vape Desechable Mayorista Sabores Blue Razz\" width=\"800\" height=\"800\" \/><\/a> <a href=\"https:\/\/i0.wp.com\/www.disposablevapeswholesale.com\/wp-content\/uploads\/2021\/12\/Aokit-Box-4000-Puffs-Disposable-Vape-Wholesale-Aloe-Grape-Flavors.jpg?ssl=1\" target=\"_blank\" rel=\"noopener\"><img data-recalc-dims=\"1\" loading=\"lazy\" decoding=\"async\" class=\"alignnone size-full wp-image-1352\" title=\"Aokit Box 4000 Puffs Vape Desechable Mayorista Aloe Sabor Uva\" src=\"https:\/\/i0.wp.com\/www.disposablevapeswholesale.com\/wp-content\/uploads\/2021\/12\/Aokit-Box-4000-Puffs-Disposable-Vape-Wholesale-Aloe-Grape-Flavors.jpg?resize=800%2C800&#038;ssl=1\" alt=\"Aokit Box 4000 Puffs Vape Desechable Mayorista Aloe Sabor Uva\" width=\"800\" height=\"800\" \/><\/a> <a href=\"https:\/\/i0.wp.com\/www.disposablevapeswholesale.com\/wp-content\/uploads\/2021\/12\/Aokit-Box-4000-Puffs-Disposable-Vape-Wholesale-Triple-Berries-good-Flavors.jpg?ssl=1\" target=\"_blank\" rel=\"noopener\"><img data-recalc-dims=\"1\" loading=\"lazy\" decoding=\"async\" class=\"alignnone size-full wp-image-1371\" title=\"Aokit Caja 4000 Puffs Vape Desechable al por mayor Triple Bayas buenos sabores\" src=\"https:\/\/i0.wp.com\/www.disposablevapeswholesale.com\/wp-content\/uploads\/2021\/12\/Aokit-Box-4000-Puffs-Disposable-Vape-Wholesale-Triple-Berries-good-Flavors.jpg?resize=800%2C800&#038;ssl=1\" alt=\"Aokit Caja 4000 Puffs Vape Desechable al por mayor Triple Bayas buenos sabores\" width=\"800\" height=\"800\" \/><\/a><\/p>","protected":false},"excerpt":{"rendered":"<p>Aokit Box 4000 Puffs Vape desechable al por mayor cuenta con una bater\u00eda de alta capacidad, dise\u00f1o elegante, y la entrega de vapor suave, lo que garantiza una experiencia fiable y agradable vaping.<\/p>","protected":false},"featured_media":2009,"comment_status":"closed","ping_status":"closed","template":"","meta":[],"product_brand":[],"product_cat":[22],"product_tag":[287,348,60,256],"class_list":{"0":"post-1760","1":"product","2":"type-product","3":"status-publish","4":"has-post-thumbnail","6":"product_cat-disposable-vape-sticks","7":"product_tag-4000-puffs","8":"product_tag-aokit-box","9":"product_tag-disposable-vapes","10":"product_tag-wholesale","12":"first","13":"instock","14":"shipping-taxable","15":"purchasable","16":"product-type-simple"},"jetpack_sharing_enabled":true,"tiered_pricing_type":"fixed","tiered_pricing_fixed_rules":{"5000":4,"10000":3,"50000":2},"tiered_pricing_product_settings":{"layout":"default","base_unit_name":{"singular":null,"plural":null},"default_variation":null},"tiered_pricing_minimum_quantity":60,"tiered_pricing_roles_data":[],"tiered_pricing_percentage_rules":[],"tiered_pricing_maximum_quantity":null,"tiered_pricing_quantity_step":null,"_links":{"self":[{"href":"https:\/\/cloudsupplyvapes.com\/es\/wp-json\/wp\/v2\/product\/1760","targetHints":{"allow":["GET"]}}],"collection":[{"href":"https:\/\/cloudsupplyvapes.com\/es\/wp-json\/wp\/v2\/product"}],"about":[{"href":"https:\/\/cloudsupplyvapes.com\/es\/wp-json\/wp\/v2\/types\/product"}],"replies":[{"embeddable":true,"href":"https:\/\/cloudsupplyvapes.com\/es\/wp-json\/wp\/v2\/comments?post=1760"}],"wp:featuredmedia":[{"embeddable":true,"href":"https:\/\/cloudsupplyvapes.com\/es\/wp-json\/wp\/v2\/media\/2009"}],"wp:attachment":[{"href":"https:\/\/cloudsupplyvapes.com\/es\/wp-json\/wp\/v2\/media?parent=1760"}],"wp:term":[{"taxonomy":"product_brand","embeddable":true,"href":"https:\/\/cloudsupplyvapes.com\/es\/wp-json\/wp\/v2\/product_brand?post=1760"},{"taxonomy":"product_cat","embeddable":true,"href":"https:\/\/cloudsupplyvapes.com\/es\/wp-json\/wp\/v2\/product_cat?post=1760"},{"taxonomy":"product_tag","embeddable":true,"href":"https:\/\/cloudsupplyvapes.com\/es\/wp-json\/wp\/v2\/product_tag?post=1760"}],"curies":[{"name":"wp","href":"https:\/\/api.w.org\/{rel}","templated":true}]}}