{"id":1761,"date":"2024-10-19T02:21:25","date_gmt":"2024-10-19T02:21:25","guid":{"rendered":"https:\/\/cloudsupplyvapes.com\/?post_type=product&#038;p=1761"},"modified":"2024-11-26T07:34:47","modified_gmt":"2024-11-26T07:34:47","slug":"-72","status":"publish","type":"product","link":"https:\/\/cloudsupplyvapes.com\/es\/product\/aokit-nano-3000-puffs-disposable-vape-wholesale\/","title":{"rendered":"Aokit NANO 3000 Puffs Vape desechable al por mayor Dise\u00f1o compacto de larga duraci\u00f3n"},"content":{"rendered":"<p>Aokit NANO es un vape desechable que puede fumar 3000 caladas, con una bater\u00eda incorporada de alta capacidad de 1100mAh, capacidad de e-l\u00edquido de 8ML, un dise\u00f1o novedoso y \u00fanico, y es amado por muchos clientes.<\/p>\n<p>&nbsp;<\/p>\n<h2>Sabores<\/h2>\n<p>Fresa Mango<\/p>\n<p>Limonada rosa<\/p>\n<p>Pi\u00f1a Coco<\/p>\n<p>Mezcla de bayas<\/p>\n<p>Menta fresca<\/p>\n<p>Aloe Uva<\/p>\n<p>Energ\u00eda roja<\/p>\n<p>Helado de fresa<\/p>\n<p>Hielo Razz Azul<\/p>\n<p>Fresa Pl\u00e1tano<\/p>\n<p>Hielo exuberante<\/p>\n<p>&nbsp;<\/p>\n<h2>Embalaje y peso<\/h2>\n<p>0.0725KG\/PC, Individual con paquete peque\u00f1o,<\/p>\n<p>200PCS en el cart\u00f3n principal, 14.5KG.<\/p>\n<p>&nbsp;<\/p>\n<h2>OEM<\/h2>\n<p>Cantidad m\u00ednima de pedido para OEM: 1000 PCS mismo sabor.<\/p>\n<p><a href=\"https:\/\/i0.wp.com\/www.disposablevapeswholesale.com\/wp-content\/uploads\/2021\/12\/Aokit-NANO-3000-Puffs-Disposable-Vape-Wholesale-6-Flavors.jpg?ssl=1\" target=\"_blank\" rel=\"noopener\"><img data-recalc-dims=\"1\" loading=\"lazy\" decoding=\"async\" class=\"alignnone size-full wp-image-1264\" title=\"Aokit NANO 3000 Puffs Vape Desechable Mayorista 6 Sabores\" src=\"https:\/\/i0.wp.com\/www.disposablevapeswholesale.com\/wp-content\/uploads\/2021\/12\/Aokit-NANO-3000-Puffs-Disposable-Vape-Wholesale-6-Flavors.jpg?resize=800%2C800&#038;ssl=1\" alt=\"Aokit NANO 3000 Puffs Vape Desechable Mayorista 6 Sabores\" width=\"800\" height=\"800\" \/><\/a> <a href=\"https:\/\/i0.wp.com\/www.disposablevapeswholesale.com\/wp-content\/uploads\/2021\/12\/Aokit-NANO-3000-Puffs-Disposable-Vape-Wholesale-5-Flavors.jpg?ssl=1\" target=\"_blank\" rel=\"noopener\"><img data-recalc-dims=\"1\" loading=\"lazy\" decoding=\"async\" class=\"alignnone size-full wp-image-1263\" title=\"Aokit NANO 3000 Puffs Vape Desechable Mayorista 5 Sabores\" src=\"https:\/\/i0.wp.com\/www.disposablevapeswholesale.com\/wp-content\/uploads\/2021\/12\/Aokit-NANO-3000-Puffs-Disposable-Vape-Wholesale-5-Flavors.jpg?resize=800%2C800&#038;ssl=1\" alt=\"Aokit NANO 3000 Puffs Vape Desechable Mayorista 5 Sabores\" width=\"800\" height=\"800\" \/><\/a> <a href=\"https:\/\/i0.wp.com\/www.disposablevapeswholesale.com\/wp-content\/uploads\/2021\/12\/Aokit-NANO-3000-Puffs-Disposable-Vape-Wholesale-10-Flavors.jpg?ssl=1\" target=\"_blank\" rel=\"noopener\"><img data-recalc-dims=\"1\" loading=\"lazy\" decoding=\"async\" class=\"alignnone size-full wp-image-1265\" title=\"Aokit NANO 3000 Puffs Vape Desechable Mayorista 10 Sabores\" src=\"https:\/\/i0.wp.com\/www.disposablevapeswholesale.com\/wp-content\/uploads\/2021\/12\/Aokit-NANO-3000-Puffs-Disposable-Vape-Wholesale-10-Flavors.jpg?resize=800%2C1131&#038;ssl=1\" alt=\"Aokit NANO 3000 Puffs Vape Desechable Mayorista 10 Sabores\" width=\"800\" height=\"1131\" \/><\/a> <a href=\"https:\/\/i0.wp.com\/www.disposablevapeswholesale.com\/wp-content\/uploads\/2021\/12\/Aokit-NANO-3000-Puffs-Disposable-Vape-Wholesale-Strawberry-Ice-Cream-good-flavors.jpg?ssl=1\" target=\"_blank\" rel=\"noopener\"><img data-recalc-dims=\"1\" loading=\"lazy\" decoding=\"async\" class=\"alignnone size-full wp-image-1285\" title=\"Aokit NANO 3000 Puffs Vape Desechable Mayorista Helado de Fresa buenos sabores\" src=\"https:\/\/i0.wp.com\/www.disposablevapeswholesale.com\/wp-content\/uploads\/2021\/12\/Aokit-NANO-3000-Puffs-Disposable-Vape-Wholesale-Strawberry-Ice-Cream-good-flavors.jpg?resize=800%2C533&#038;ssl=1\" alt=\"Aokit NANO 3000 Puffs Vape Desechable Mayorista Helado de Fresa buenos sabores\" width=\"800\" height=\"533\" \/><\/a> <a href=\"https:\/\/i0.wp.com\/www.disposablevapeswholesale.com\/wp-content\/uploads\/2021\/12\/Aokit-NANO-3000-Puffs-Disposable-Vape-Wholesale-Strawberry-Banana.jpg?ssl=1\" target=\"_blank\" rel=\"noopener\"><img data-recalc-dims=\"1\" loading=\"lazy\" decoding=\"async\" class=\"alignnone size-full wp-image-1283\" title=\"Aokit NANO 3000 Puffs Vape Desechable Mayorista Fresa Pl\u00e1tano\" src=\"https:\/\/i0.wp.com\/www.disposablevapeswholesale.com\/wp-content\/uploads\/2021\/12\/Aokit-NANO-3000-Puffs-Disposable-Vape-Wholesale-Strawberry-Banana.jpg?resize=800%2C533&#038;ssl=1\" alt=\"Aokit NANO 3000 Puffs Vape Desechable Mayorista Fresa Pl\u00e1tano\" width=\"800\" height=\"533\" \/><\/a> <a href=\"https:\/\/i0.wp.com\/www.disposablevapeswholesale.com\/wp-content\/uploads\/2021\/12\/Aokit-NANO-3000-Puffs-Disposable-Vape-Wholesale-Red-Energy-Flavors.jpg?ssl=1\" target=\"_blank\" rel=\"noopener\"><img data-recalc-dims=\"1\" loading=\"lazy\" decoding=\"async\" class=\"alignnone size-full wp-image-1280\" title=\"Aokit NANO 3000 Puffs Vape Desechable Mayorista Rojo Energia Sabores\" src=\"https:\/\/i0.wp.com\/www.disposablevapeswholesale.com\/wp-content\/uploads\/2021\/12\/Aokit-NANO-3000-Puffs-Disposable-Vape-Wholesale-Red-Energy-Flavors.jpg?resize=800%2C533&#038;ssl=1\" alt=\"Aokit NANO 3000 Puffs Vape Desechable Mayorista Rojo Energia Sabores\" width=\"800\" height=\"533\" \/><\/a> <a href=\"https:\/\/i0.wp.com\/www.disposablevapeswholesale.com\/wp-content\/uploads\/2021\/12\/Aokit-NANO-3000-Puffs-Disposable-Vape-Wholesale-Pineapple-Coc-Flavors.jpg?ssl=1\" target=\"_blank\" rel=\"noopener\"><img data-recalc-dims=\"1\" loading=\"lazy\" decoding=\"async\" class=\"alignnone size-full wp-image-1277\" title=\"Aokit NANO 3000 Puffs Vape Desechable al por mayor Sabores de pi\u00f1a Coc\" src=\"https:\/\/i0.wp.com\/www.disposablevapeswholesale.com\/wp-content\/uploads\/2021\/12\/Aokit-NANO-3000-Puffs-Disposable-Vape-Wholesale-Pineapple-Coc-Flavors.jpg?resize=800%2C533&#038;ssl=1\" alt=\"Aokit NANO 3000 Puffs Vape Desechable al por mayor Sabores de pi\u00f1a Coc\" width=\"800\" height=\"533\" \/><\/a> <a href=\"https:\/\/i0.wp.com\/www.disposablevapeswholesale.com\/wp-content\/uploads\/2021\/12\/Aokit-NANO-3000-Puffs-Disposable-Vape-Wholesale-Lush-Ice-Flavors.jpg?ssl=1\" target=\"_blank\" rel=\"noopener\"><img data-recalc-dims=\"1\" loading=\"lazy\" decoding=\"async\" class=\"alignnone size-full wp-image-1274\" title=\"Aokit NANO 3000 Puffs Vape Desechable al por mayor Lush Ice Flavors\" src=\"https:\/\/i0.wp.com\/www.disposablevapeswholesale.com\/wp-content\/uploads\/2021\/12\/Aokit-NANO-3000-Puffs-Disposable-Vape-Wholesale-Lush-Ice-Flavors.jpg?resize=800%2C534&#038;ssl=1\" alt=\"Aokit NANO 3000 Puffs Vape Desechable al por mayor Lush Ice Flavors\" width=\"800\" height=\"534\" \/><\/a> <a href=\"https:\/\/i0.wp.com\/www.disposablevapeswholesale.com\/wp-content\/uploads\/2021\/12\/Aokit-NANO-3000-Puffs-Disposable-Vape-Wholesale-Cool-Mint-good-Flavors.jpg?ssl=1\" target=\"_blank\" rel=\"noopener\"><img data-recalc-dims=\"1\" loading=\"lazy\" decoding=\"async\" class=\"alignnone size-full wp-image-1270\" title=\"Aokit NANO 3000 Puffs Vape Desechable al por mayor Cool Mint buenos sabores\" src=\"https:\/\/i0.wp.com\/www.disposablevapeswholesale.com\/wp-content\/uploads\/2021\/12\/Aokit-NANO-3000-Puffs-Disposable-Vape-Wholesale-Cool-Mint-good-Flavors.jpg?resize=800%2C533&#038;ssl=1\" alt=\"Aokit NANO 3000 Puffs Vape Desechable al por mayor Cool Mint buenos sabores\" width=\"800\" height=\"533\" \/><\/a><\/p>\n<p><a href=\"https:\/\/i0.wp.com\/www.disposablevapeswholesale.com\/wp-content\/uploads\/2021\/12\/Aokit-NANO-3000-Puffs-Disposable-Vape-Wholesale-Strawberry-Ice-Cream-Flavors.jpg?ssl=1\" target=\"_blank\" rel=\"noopener\"><img data-recalc-dims=\"1\" loading=\"lazy\" decoding=\"async\" class=\"alignnone size-full wp-image-1284\" title=\"Aokit NANO 3000 Puffs Vape Desechable Mayorista Fresa Sabor Helado\" src=\"https:\/\/i0.wp.com\/www.disposablevapeswholesale.com\/wp-content\/uploads\/2021\/12\/Aokit-NANO-3000-Puffs-Disposable-Vape-Wholesale-Strawberry-Ice-Cream-Flavors.jpg?resize=800%2C800&#038;ssl=1\" alt=\"Aokit NANO 3000 Puffs Vape Desechable Mayorista Fresa Sabor Helado\" width=\"800\" height=\"800\" \/><\/a><\/p>","protected":false},"excerpt":{"rendered":"<p>Aokit NANO 3000 Puffs Vape desechable al por mayor combina un dise\u00f1o compacto, bater\u00eda de larga duraci\u00f3n, y el rendimiento de vapor suave para vaping fiable y port\u00e1til.<\/p>","protected":false},"featured_media":2016,"comment_status":"closed","ping_status":"closed","template":"","meta":[],"product_brand":[],"product_cat":[22],"product_tag":[79,349,60,256],"class_list":{"0":"post-1761","1":"product","2":"type-product","3":"status-publish","4":"has-post-thumbnail","6":"product_cat-disposable-vape-sticks","7":"product_tag-3000-puffs","8":"product_tag-aokit-nano","9":"product_tag-disposable-vapes","10":"product_tag-wholesale","12":"first","13":"instock","14":"shipping-taxable","15":"purchasable","16":"product-type-simple"},"jetpack_sharing_enabled":true,"tiered_pricing_type":"fixed","tiered_pricing_fixed_rules":{"5000":7,"10000":6,"50000":5},"tiered_pricing_product_settings":{"layout":"default","base_unit_name":{"singular":null,"plural":null},"default_variation":null},"tiered_pricing_minimum_quantity":60,"tiered_pricing_roles_data":[],"tiered_pricing_percentage_rules":[],"tiered_pricing_maximum_quantity":null,"tiered_pricing_quantity_step":null,"_links":{"self":[{"href":"https:\/\/cloudsupplyvapes.com\/es\/wp-json\/wp\/v2\/product\/1761","targetHints":{"allow":["GET"]}}],"collection":[{"href":"https:\/\/cloudsupplyvapes.com\/es\/wp-json\/wp\/v2\/product"}],"about":[{"href":"https:\/\/cloudsupplyvapes.com\/es\/wp-json\/wp\/v2\/types\/product"}],"replies":[{"embeddable":true,"href":"https:\/\/cloudsupplyvapes.com\/es\/wp-json\/wp\/v2\/comments?post=1761"}],"wp:featuredmedia":[{"embeddable":true,"href":"https:\/\/cloudsupplyvapes.com\/es\/wp-json\/wp\/v2\/media\/2016"}],"wp:attachment":[{"href":"https:\/\/cloudsupplyvapes.com\/es\/wp-json\/wp\/v2\/media?parent=1761"}],"wp:term":[{"taxonomy":"product_brand","embeddable":true,"href":"https:\/\/cloudsupplyvapes.com\/es\/wp-json\/wp\/v2\/product_brand?post=1761"},{"taxonomy":"product_cat","embeddable":true,"href":"https:\/\/cloudsupplyvapes.com\/es\/wp-json\/wp\/v2\/product_cat?post=1761"},{"taxonomy":"product_tag","embeddable":true,"href":"https:\/\/cloudsupplyvapes.com\/es\/wp-json\/wp\/v2\/product_tag?post=1761"}],"curies":[{"name":"wp","href":"https:\/\/api.w.org\/{rel}","templated":true}]}}