{"id":1762,"date":"2024-10-19T02:21:25","date_gmt":"2024-10-19T02:21:25","guid":{"rendered":"https:\/\/cloudsupplyvapes.com\/?post_type=product&#038;p=1762"},"modified":"2024-11-26T07:35:01","modified_gmt":"2024-11-26T07:35:01","slug":"-73","status":"publish","type":"product","link":"https:\/\/cloudsupplyvapes.com\/es\/product\/aokit-omi-pro-3500-puffs-disposable-vape-wholesale\/","title":{"rendered":"Aokit Omi Pro 3500 Puffs Vape desechable al por mayor Dise\u00f1o de Vape Ligero y Duradero"},"content":{"rendered":"<p>El Aokit Omi Pro es un vapeador desechable recargable de 3500 caladas con una bater\u00eda incorporada de 850mAh y 10ml de capacidad de e-l\u00edquido. Dise\u00f1o elegante y compacto, f\u00e1cil de llevar a todas partes.<\/p>\n<p>&nbsp;<\/p>\n<h2>Sabores<\/h2>\n<p>Fresa helada<\/p>\n<p>Fresa Pl\u00e1tano<\/p>\n<p>Hielo exuberante<\/p>\n<p>Limonada rosa<\/p>\n<p>Hielo de pl\u00e1tano<\/p>\n<p>Limonada de sand\u00eda<\/p>\n<p>Manzana doble<\/p>\n<p>Hielo de pi\u00f1a<\/p>\n<p>Bebida Engergy<\/p>\n<p>Mel\u00f3n helado<\/p>\n<p>Baya doble<\/p>\n<p>Mango Ice<\/p>\n<p>&nbsp;<\/p>\n<h2>Embalaje y peso<\/h2>\n<p>0,074KG\/PC, Individual con paquete peque\u00f1o,<\/p>\n<p>300PCS en el cart\u00f3n principal, 22KG.<\/p>\n<p>&nbsp;<\/p>\n<h2>OEM<\/h2>\n<p>Cantidad m\u00ednima de pedido para OEM: 1000 PCS mismo sabor.<\/p>\n<p><a href=\"https:\/\/i0.wp.com\/www.disposablevapeswholesale.com\/wp-content\/uploads\/2021\/12\/Aokit-Omi-Pro-3500-Puffs-Disposable-Vape-Wholesale-Flavors.jpg?ssl=1\" target=\"_blank\" rel=\"noopener\"><img data-recalc-dims=\"1\" loading=\"lazy\" decoding=\"async\" class=\"alignnone size-full wp-image-1219\" title=\"Aokit Omi Pro 3500 Puffs Desechables Vape Sabores al por mayor\" src=\"https:\/\/i0.wp.com\/www.disposablevapeswholesale.com\/wp-content\/uploads\/2021\/12\/Aokit-Omi-Pro-3500-Puffs-Disposable-Vape-Wholesale-Flavors.jpg?resize=800%2C800&#038;ssl=1\" alt=\"Aokit Omi Pro 3500 Puffs Desechables Vape Sabores al por mayor\" width=\"800\" height=\"800\" \/><\/a> <a href=\"https:\/\/i0.wp.com\/www.disposablevapeswholesale.com\/wp-content\/uploads\/2021\/12\/Aokit-Omi-Pro-3500-Puffs-Disposable-Vape-Wholesale-5-Flavors.jpg?ssl=1\" target=\"_blank\" rel=\"noopener\"><img data-recalc-dims=\"1\" loading=\"lazy\" decoding=\"async\" class=\"alignnone size-full wp-image-1212\" title=\"Aokit Omi Pro 3500 Puffs Vape Desechable Mayorista 5 Sabores\" src=\"https:\/\/i0.wp.com\/www.disposablevapeswholesale.com\/wp-content\/uploads\/2021\/12\/Aokit-Omi-Pro-3500-Puffs-Disposable-Vape-Wholesale-5-Flavors.jpg?resize=800%2C800&#038;ssl=1\" alt=\"Aokit Omi Pro 3500 Puffs Vape Desechable Mayorista 5 Sabores\" width=\"800\" height=\"800\" \/><\/a> <a href=\"https:\/\/i0.wp.com\/www.disposablevapeswholesale.com\/wp-content\/uploads\/2021\/12\/Aokit-Omi-Pro-3500-Puffs-Disposable-Vape-Wholesale-Melon-Ice-Flavors.jpg?ssl=1\" target=\"_blank\" rel=\"noopener\"><img data-recalc-dims=\"1\" loading=\"lazy\" decoding=\"async\" class=\"alignnone size-full wp-image-1223\" title=\"Aokit Omi Pro 3500 Puffs Vape Desechable Mayorista Melon Ice Sabores\" src=\"https:\/\/i0.wp.com\/www.disposablevapeswholesale.com\/wp-content\/uploads\/2021\/12\/Aokit-Omi-Pro-3500-Puffs-Disposable-Vape-Wholesale-Melon-Ice-Flavors.jpg?resize=800%2C800&#038;ssl=1\" alt=\"Aokit Omi Pro 3500 Puffs Vape Desechable Mayorista Melon Ice Sabores\" width=\"800\" height=\"800\" \/><\/a> <a href=\"https:\/\/i0.wp.com\/www.disposablevapeswholesale.com\/wp-content\/uploads\/2021\/12\/Aokit-Omi-Pro-3500-Puffs-Disposable-Vape-Wholesale-Mango-Ice-Flavors.jpg?ssl=1\" target=\"_blank\" rel=\"noopener\"><img data-recalc-dims=\"1\" loading=\"lazy\" decoding=\"async\" class=\"alignnone size-full wp-image-1221\" title=\"Aokit Omi Pro 3500 Puffs Vape Desechable Mayorista Mango Ice Sabores\" src=\"https:\/\/i0.wp.com\/www.disposablevapeswholesale.com\/wp-content\/uploads\/2021\/12\/Aokit-Omi-Pro-3500-Puffs-Disposable-Vape-Wholesale-Mango-Ice-Flavors.jpg?resize=800%2C800&#038;ssl=1\" alt=\"Aokit Omi Pro 3500 Puffs Vape Desechable Mayorista Mango Ice Sabores\" width=\"800\" height=\"800\" \/><\/a> <a href=\"https:\/\/i0.wp.com\/www.disposablevapeswholesale.com\/wp-content\/uploads\/2021\/12\/Aokit-Omi-Pro-3500-Puffs-Disposable-Vape-Wholesale-Strawberry-Banana-Flavors.jpg?ssl=1\" target=\"_blank\" rel=\"noopener\"><img data-recalc-dims=\"1\" loading=\"lazy\" decoding=\"async\" class=\"alignnone size-full wp-image-1229\" title=\"Aokit Omi Pro 3500 Puffs Vape Desechable Mayorista Sabores Fresa Pl\u00e1tano\" src=\"https:\/\/i0.wp.com\/www.disposablevapeswholesale.com\/wp-content\/uploads\/2021\/12\/Aokit-Omi-Pro-3500-Puffs-Disposable-Vape-Wholesale-Strawberry-Banana-Flavors.jpg?resize=800%2C800&#038;ssl=1\" alt=\"Aokit Omi Pro 3500 Puffs Vape Desechable Mayorista Sabores Fresa Pl\u00e1tano\" width=\"800\" height=\"800\" \/><\/a> <a href=\"https:\/\/i0.wp.com\/www.disposablevapeswholesale.com\/wp-content\/uploads\/2021\/12\/Aokit-Omi-Pro-3500-Puffs-Disposable-Vape-Wholesale-Strawberry-Ice-Flavors.jpg?ssl=1\" target=\"_blank\" rel=\"noopener\"><img data-recalc-dims=\"1\" loading=\"lazy\" decoding=\"async\" class=\"alignnone size-full wp-image-1231\" title=\"Aokit Omi Pro 3500 Puffs Vape Desechable Mayorista Fresa Hielo Sabores\" src=\"https:\/\/i0.wp.com\/www.disposablevapeswholesale.com\/wp-content\/uploads\/2021\/12\/Aokit-Omi-Pro-3500-Puffs-Disposable-Vape-Wholesale-Strawberry-Ice-Flavors.jpg?resize=800%2C800&#038;ssl=1\" alt=\"Aokit Omi Pro 3500 Puffs Vape Desechable Mayorista Fresa Hielo Sabores\" width=\"800\" height=\"800\" \/><\/a> <a href=\"https:\/\/i0.wp.com\/www.disposablevapeswholesale.com\/wp-content\/uploads\/2021\/12\/Aokit-Omi-Pro-3500-Puffs-Disposable-Vape-Wholesale-Pink-lemonade-Flavors.jpg?ssl=1\" target=\"_blank\" rel=\"noopener\"><img data-recalc-dims=\"1\" loading=\"lazy\" decoding=\"async\" class=\"alignnone size-full wp-image-1227\" title=\"Aokit Omi Pro 3500 Puffs Vape Desechable Mayorista Limonada Rosa Sabores\" src=\"https:\/\/i0.wp.com\/www.disposablevapeswholesale.com\/wp-content\/uploads\/2021\/12\/Aokit-Omi-Pro-3500-Puffs-Disposable-Vape-Wholesale-Pink-lemonade-Flavors.jpg?resize=800%2C800&#038;ssl=1\" alt=\"Aokit Omi Pro 3500 Puffs Vape Desechable Mayorista Limonada Rosa Sabores\" width=\"800\" height=\"800\" \/><\/a> <a href=\"https:\/\/i0.wp.com\/www.disposablevapeswholesale.com\/wp-content\/uploads\/2021\/12\/Aokit-Omi-Pro-3500-Puffs-Disposable-Vape-Wholesale-Engergy-Drink-Flavors.jpg?ssl=1\" target=\"_blank\" rel=\"noopener\"><img data-recalc-dims=\"1\" loading=\"lazy\" decoding=\"async\" class=\"alignnone size-full wp-image-1217\" title=\"Aokit Omi Pro 3500 Puffs Vape Desechable Engergy Drink Flavors al por mayor\" src=\"https:\/\/i0.wp.com\/www.disposablevapeswholesale.com\/wp-content\/uploads\/2021\/12\/Aokit-Omi-Pro-3500-Puffs-Disposable-Vape-Wholesale-Engergy-Drink-Flavors.jpg?resize=800%2C800&#038;ssl=1\" alt=\"Aokit Omi Pro 3500 Puffs Vape Desechable Engergy Drink Flavors al por mayor\" width=\"800\" height=\"800\" \/><\/a><\/p>\n<p><a href=\"https:\/\/i0.wp.com\/www.disposablevapeswholesale.com\/wp-content\/uploads\/2021\/12\/Aokit-Omi-Pro-3500-Puffs-Disposable-Vape-Wholesale-Watermelon-Lemonade.jpg?ssl=1\" target=\"_blank\" rel=\"noopener\"><img data-recalc-dims=\"1\" loading=\"lazy\" decoding=\"async\" class=\"alignnone size-full wp-image-1233\" title=\"Aokit Omi Pro 3500 Puffs Vape Desechable Mayorista Sandia Limonada\" src=\"https:\/\/i0.wp.com\/www.disposablevapeswholesale.com\/wp-content\/uploads\/2021\/12\/Aokit-Omi-Pro-3500-Puffs-Disposable-Vape-Wholesale-Watermelon-Lemonade.jpg?resize=800%2C800&#038;ssl=1\" alt=\"Aokit Omi Pro 3500 Puffs Vape Desechable Mayorista Sandia Limonada\" width=\"800\" height=\"800\" \/><\/a> <a href=\"https:\/\/i0.wp.com\/www.disposablevapeswholesale.com\/wp-content\/uploads\/2021\/12\/Aokit-Omi-Pro-3500-Puffs-Disposable-Vape-Wholesale-Strawberry-Ice.jpg?ssl=1\" target=\"_blank\" rel=\"noopener\"><img data-recalc-dims=\"1\" loading=\"lazy\" decoding=\"async\" class=\"alignnone size-full wp-image-1232\" title=\"Aokit Omi Pro 3500 Puffs Vape Desechable Mayorista Fresa Hielo\" src=\"https:\/\/i0.wp.com\/www.disposablevapeswholesale.com\/wp-content\/uploads\/2021\/12\/Aokit-Omi-Pro-3500-Puffs-Disposable-Vape-Wholesale-Strawberry-Ice.jpg?resize=800%2C800&#038;ssl=1\" alt=\"Aokit Omi Pro 3500 Puffs Vape Desechable Mayorista Fresa Hielo\" width=\"800\" height=\"800\" \/><\/a><\/p>","protected":false},"excerpt":{"rendered":"<p>Aokit Omi Pro 3500 Puffs Vape desechable al por mayor ofrece un dise\u00f1o duradero y ligero con una entrega de vapor consistente y un funcionamiento sin problemas para sesiones de vapeo de primera calidad.<\/p>","protected":false},"featured_media":2024,"comment_status":"closed","ping_status":"closed","template":"","meta":[],"product_brand":[],"product_cat":[22],"product_tag":[322,350,60,256],"class_list":{"0":"post-1762","1":"product","2":"type-product","3":"status-publish","4":"has-post-thumbnail","6":"product_cat-disposable-vape-sticks","7":"product_tag-3500-puffs","8":"product_tag-aokit-omi-pro","9":"product_tag-disposable-vapes","10":"product_tag-wholesale","12":"first","13":"instock","14":"shipping-taxable","15":"purchasable","16":"product-type-simple"},"jetpack_sharing_enabled":true,"tiered_pricing_type":"fixed","tiered_pricing_fixed_rules":{"5000":6,"10000":5,"50000":4},"tiered_pricing_product_settings":{"layout":"default","base_unit_name":{"singular":null,"plural":null},"default_variation":null},"tiered_pricing_minimum_quantity":60,"tiered_pricing_roles_data":[],"tiered_pricing_percentage_rules":[],"tiered_pricing_maximum_quantity":null,"tiered_pricing_quantity_step":null,"_links":{"self":[{"href":"https:\/\/cloudsupplyvapes.com\/es\/wp-json\/wp\/v2\/product\/1762","targetHints":{"allow":["GET"]}}],"collection":[{"href":"https:\/\/cloudsupplyvapes.com\/es\/wp-json\/wp\/v2\/product"}],"about":[{"href":"https:\/\/cloudsupplyvapes.com\/es\/wp-json\/wp\/v2\/types\/product"}],"replies":[{"embeddable":true,"href":"https:\/\/cloudsupplyvapes.com\/es\/wp-json\/wp\/v2\/comments?post=1762"}],"wp:featuredmedia":[{"embeddable":true,"href":"https:\/\/cloudsupplyvapes.com\/es\/wp-json\/wp\/v2\/media\/2024"}],"wp:attachment":[{"href":"https:\/\/cloudsupplyvapes.com\/es\/wp-json\/wp\/v2\/media?parent=1762"}],"wp:term":[{"taxonomy":"product_brand","embeddable":true,"href":"https:\/\/cloudsupplyvapes.com\/es\/wp-json\/wp\/v2\/product_brand?post=1762"},{"taxonomy":"product_cat","embeddable":true,"href":"https:\/\/cloudsupplyvapes.com\/es\/wp-json\/wp\/v2\/product_cat?post=1762"},{"taxonomy":"product_tag","embeddable":true,"href":"https:\/\/cloudsupplyvapes.com\/es\/wp-json\/wp\/v2\/product_tag?post=1762"}],"curies":[{"name":"wp","href":"https:\/\/api.w.org\/{rel}","templated":true}]}}