{"id":1877,"date":"2024-10-19T02:22:14","date_gmt":"2024-10-19T02:22:14","guid":{"rendered":"https:\/\/cloudsupplyvapes.com\/?post_type=product&#038;p=1877"},"modified":"2024-11-26T07:33:48","modified_gmt":"2024-11-26T07:33:48","slug":"-75","status":"publish","type":"product","link":"https:\/\/cloudsupplyvapes.com\/es\/product\/aokit-max-2300-puffs-disposable-vape-wholesale\/","title":{"rendered":"Aokit Max 2300 Puffs Vape desechable al por mayor Vape port\u00e1til de larga duraci\u00f3n Dise\u00f1o"},"content":{"rendered":"<p>Aokit Max is a type of 2300 Puffs Disposable Vape, Built-in 1250mAh battery, 6.5ml vape oil capacity. Available in a variety of flavors, each of which is delicious, you can choose your favorite flavor and place your order.<\/p>\n<h2>Sabores<\/h2>\n<p>Hielo de sand\u00eda<\/p>\n<p>Fresa Pl\u00e1tano<\/p>\n<p>Hielo de ar\u00e1ndanos<\/p>\n<p>Algod\u00f3n de az\u00facar<\/p>\n<p>Menta fresca<\/p>\n<p>Hielo de guayaba<\/p>\n<p>Melocot\u00f3n helado<\/p>\n<p>Honeydew Melon Ice<\/p>\n<p>Hielo de pl\u00e1tano<\/p>\n<p>Fresa Mango<\/p>\n<p>&nbsp;<\/p>\n<h2>Embalaje y peso<\/h2>\n<p>0.07KG\/PC, Single with small package,<\/p>\n<p>300 PCS in master carton, 21KG.<\/p>\n<p>&nbsp;<\/p>\n<h2>OEM<\/h2>\n<p>Cantidad m\u00ednima de pedido para OEM: 1000 PCS mismo sabor.<\/p>\n<p><a href=\"https:\/\/i0.wp.com\/www.disposablevapeswholesale.com\/wp-content\/uploads\/2021\/12\/Aokit-Max-2300-Puffs-Disposable-Vape-Wholesale.jpg?ssl=1\" target=\"_blank\" rel=\"noopener\"><img data-recalc-dims=\"1\" loading=\"lazy\" decoding=\"async\" class=\"alignnone size-full wp-image-897\" title=\"Aokit Max 2300 Puffs Vape desechable al por mayor\" src=\"https:\/\/i0.wp.com\/www.disposablevapeswholesale.com\/wp-content\/uploads\/2021\/12\/Aokit-Max-2300-Puffs-Disposable-Vape-Wholesale.jpg?resize=800%2C800&#038;ssl=1\" alt=\"Aokit Max 2300 Puffs Vape desechable al por mayor\" width=\"800\" height=\"800\" \/><\/a> <a href=\"https:\/\/i0.wp.com\/www.disposablevapeswholesale.com\/wp-content\/uploads\/2021\/12\/Aokit-Max-2300-Puffs-Disposable-Vape-Wholesale-10-flavors.jpg?ssl=1\" target=\"_blank\" rel=\"noopener\"><img data-recalc-dims=\"1\" loading=\"lazy\" decoding=\"async\" class=\"alignnone size-full wp-image-883\" title=\"Aokit Max 2300 Puffs Disposable Vape Wholesale 10 flavors\" src=\"https:\/\/i0.wp.com\/www.disposablevapeswholesale.com\/wp-content\/uploads\/2021\/12\/Aokit-Max-2300-Puffs-Disposable-Vape-Wholesale-10-flavors.jpg?resize=800%2C800&#038;ssl=1\" alt=\"Aokit Max 2300 Puffs Disposable Vape Wholesale 10 flavors\" width=\"800\" height=\"800\" \/><\/a> <a href=\"https:\/\/i0.wp.com\/www.disposablevapeswholesale.com\/wp-content\/uploads\/2021\/12\/Aokit-Max-2300-Puffs-Disposable-Vape-Wholesale-Blueberry-Ice.jpg?ssl=1\" target=\"_blank\" rel=\"noopener\"><img data-recalc-dims=\"1\" loading=\"lazy\" decoding=\"async\" class=\"alignnone size-full wp-image-887\" title=\"Aokit Max 2300 Puffs Disposable Vape Wholesale Blueberry Ice\" src=\"https:\/\/i0.wp.com\/www.disposablevapeswholesale.com\/wp-content\/uploads\/2021\/12\/Aokit-Max-2300-Puffs-Disposable-Vape-Wholesale-Blueberry-Ice.jpg?resize=800%2C800&#038;ssl=1\" alt=\"Aokit Max 2300 Puffs Disposable Vape Wholesale Blueberry Ice\" width=\"800\" height=\"800\" \/><\/a> <a href=\"https:\/\/i0.wp.com\/www.disposablevapeswholesale.com\/wp-content\/uploads\/2021\/12\/Aokit-Max-2300-Puffs-Disposable-Vape-Wholesale-Banana-Ice.png?ssl=1\" target=\"_blank\" rel=\"noopener\"><img data-recalc-dims=\"1\" loading=\"lazy\" decoding=\"async\" class=\"alignnone size-full wp-image-885\" title=\"Aokit Max 2300 Puffs Disposable Vape Wholesale Banana Ice\" src=\"https:\/\/i0.wp.com\/www.disposablevapeswholesale.com\/wp-content\/uploads\/2021\/12\/Aokit-Max-2300-Puffs-Disposable-Vape-Wholesale-Banana-Ice.png?resize=800%2C800&#038;ssl=1\" alt=\"Aokit Max 2300 Puffs Disposable Vape Wholesale Banana Ice\" width=\"800\" height=\"800\" \/><\/a> <a href=\"https:\/\/i0.wp.com\/www.disposablevapeswholesale.com\/wp-content\/uploads\/2021\/12\/Aokit-Max-2300-Puffs-Disposable-Vape-Wholesale-Cool-Mint.jpg?ssl=1\" target=\"_blank\" rel=\"noopener\"><img data-recalc-dims=\"1\" loading=\"lazy\" decoding=\"async\" class=\"alignnone size-full wp-image-888\" title=\"Aokit Max 2300 Puffs Disposable Vape Wholesale Cool Mint\" src=\"https:\/\/i0.wp.com\/www.disposablevapeswholesale.com\/wp-content\/uploads\/2021\/12\/Aokit-Max-2300-Puffs-Disposable-Vape-Wholesale-Cool-Mint.jpg?resize=800%2C800&#038;ssl=1\" alt=\"Aokit Max 2300 Puffs Disposable Vape Wholesale Cool Mint\" width=\"800\" height=\"800\" \/><\/a> <a href=\"https:\/\/i0.wp.com\/www.disposablevapeswholesale.com\/wp-content\/uploads\/2021\/12\/Aokit-Max-2300-Puffs-Disposable-Vape-Wholesale-Honeydew-Melon-Ice.jpg?ssl=1\" target=\"_blank\" rel=\"noopener\"><img data-recalc-dims=\"1\" loading=\"lazy\" decoding=\"async\" class=\"alignnone size-full wp-image-891\" title=\"Aokit Max 2300 Puffs Disposable Vape Wholesale Honeydew Melon Ice\" src=\"https:\/\/i0.wp.com\/www.disposablevapeswholesale.com\/wp-content\/uploads\/2021\/12\/Aokit-Max-2300-Puffs-Disposable-Vape-Wholesale-Honeydew-Melon-Ice.jpg?resize=800%2C800&#038;ssl=1\" alt=\"Aokit Max 2300 Puffs Disposable Vape Wholesale Honeydew Melon Ice\" width=\"800\" height=\"800\" \/><\/a><\/p>","protected":false},"excerpt":{"rendered":"<p>Aokit Max 2300 Puffs Disposable Vape Wholesale delivers long-lasting performance, a portable design, and smooth throat hits, perfect for convenient and reliable vaping.<\/p>","protected":false},"featured_media":2087,"comment_status":"closed","ping_status":"closed","template":"","meta":[],"product_brand":[],"product_cat":[22],"product_tag":[359,360,60,256],"class_list":{"0":"post-1877","1":"product","2":"type-product","3":"status-publish","4":"has-post-thumbnail","6":"product_cat-disposable-vape-sticks","7":"product_tag-2300-puffs","8":"product_tag-aokit-max","9":"product_tag-disposable-vapes","10":"product_tag-wholesale","12":"first","13":"instock","14":"shipping-taxable","15":"purchasable","16":"product-type-simple"},"jetpack_sharing_enabled":true,"tiered_pricing_type":"fixed","tiered_pricing_fixed_rules":{"5000":6,"10000":5,"50000":4},"tiered_pricing_product_settings":{"layout":"default","base_unit_name":{"singular":null,"plural":null},"default_variation":null},"tiered_pricing_minimum_quantity":60,"tiered_pricing_roles_data":[],"tiered_pricing_percentage_rules":[],"tiered_pricing_maximum_quantity":null,"tiered_pricing_quantity_step":null,"_links":{"self":[{"href":"https:\/\/cloudsupplyvapes.com\/es\/wp-json\/wp\/v2\/product\/1877","targetHints":{"allow":["GET"]}}],"collection":[{"href":"https:\/\/cloudsupplyvapes.com\/es\/wp-json\/wp\/v2\/product"}],"about":[{"href":"https:\/\/cloudsupplyvapes.com\/es\/wp-json\/wp\/v2\/types\/product"}],"replies":[{"embeddable":true,"href":"https:\/\/cloudsupplyvapes.com\/es\/wp-json\/wp\/v2\/comments?post=1877"}],"wp:featuredmedia":[{"embeddable":true,"href":"https:\/\/cloudsupplyvapes.com\/es\/wp-json\/wp\/v2\/media\/2087"}],"wp:attachment":[{"href":"https:\/\/cloudsupplyvapes.com\/es\/wp-json\/wp\/v2\/media?parent=1877"}],"wp:term":[{"taxonomy":"product_brand","embeddable":true,"href":"https:\/\/cloudsupplyvapes.com\/es\/wp-json\/wp\/v2\/product_brand?post=1877"},{"taxonomy":"product_cat","embeddable":true,"href":"https:\/\/cloudsupplyvapes.com\/es\/wp-json\/wp\/v2\/product_cat?post=1877"},{"taxonomy":"product_tag","embeddable":true,"href":"https:\/\/cloudsupplyvapes.com\/es\/wp-json\/wp\/v2\/product_tag?post=1877"}],"curies":[{"name":"wp","href":"https:\/\/api.w.org\/{rel}","templated":true}]}}