{"id":1879,"date":"2024-10-19T02:22:14","date_gmt":"2024-10-19T02:22:14","guid":{"rendered":"https:\/\/cloudsupplyvapes.com\/?post_type=product&#038;p=1879"},"modified":"2024-11-26T07:34:16","modified_gmt":"2024-11-26T07:34:16","slug":"-77","status":"publish","type":"product","link":"https:\/\/cloudsupplyvapes.com\/es\/product\/aokit-cube-2-3200-puffs-disposable-vape-wholesale\/","title":{"rendered":"Aokit Cube 2 3200 Puffs Vape desechable al por mayor Dise\u00f1o compacto y ligero"},"content":{"rendered":"<p>Aokit Cube 2 es un tipo de vape desechable de 3200 Puffs, bater\u00eda incorporada de 1800mAh, capacidad de 12ml de aceite para vapear. Aokit Cube 2 Kit desechable viene con un dise\u00f1o a prueba de fugas, tiene una apariencia simple pluma vape sin botones y decoraciones innecesarias.<\/p>\n<p>&nbsp;<\/p>\n<h2>Sabores<\/h2>\n<p>Bebida energ\u00e9tica<\/p>\n<p>Hielo de ar\u00e1ndanos<\/p>\n<p>Sand\u00eda con fresa<\/p>\n<p>Algod\u00f3n de az\u00facar<\/p>\n<p>Melocot\u00f3n helado<\/p>\n<p>Hielo exuberante<\/p>\n<p>Blue Razz<\/p>\n<p>Pi\u00f1a Coco<\/p>\n<p>Fresa helada<\/p>\n<p>&nbsp;<\/p>\n<h2>Embalaje y peso<\/h2>\n<p>0,605KG\/PC, Individual con envase peque\u00f1o, 10 unidades en caja mediana.<\/p>\n<p>300 unidades en caja de cart\u00f3n, 20,4 kg.<\/p>\n<p>&nbsp;<\/p>\n<h2>OEM<\/h2>\n<p>Cantidad m\u00ednima de pedido para OEM: 1000 PCS mismo sabor.<\/p>\n<p><a href=\"https:\/\/i0.wp.com\/www.disposablevapeswholesale.com\/wp-content\/uploads\/2021\/12\/Aokit-Cube-2-3200-Puffs-Disposable-Vape-Wholesale-Variety-Of-Flavors.jpg?ssl=1\" target=\"_blank\" rel=\"noopener\"><img data-recalc-dims=\"1\" loading=\"lazy\" decoding=\"async\" class=\"alignnone size-full wp-image-802\" title=\"Aokit Cube 2 3200 Puffs Vape Desechable Mayorista Variedad De Sabores\" src=\"https:\/\/i0.wp.com\/www.disposablevapeswholesale.com\/wp-content\/uploads\/2021\/12\/Aokit-Cube-2-3200-Puffs-Disposable-Vape-Wholesale-Variety-Of-Flavors.jpg?resize=800%2C800&#038;ssl=1\" alt=\"Aokit Cube 2 3200 Puffs Vape Desechable Mayorista Variedad De Sabores\" width=\"800\" height=\"800\" \/><\/a> <a href=\"https:\/\/i0.wp.com\/www.disposablevapeswholesale.com\/wp-content\/uploads\/2021\/12\/Aokit-Cube-2-3200-Puffs-Disposable-Vape-Wholesale-Pineapple-Coco.jpg?ssl=1\" target=\"_blank\" rel=\"noopener\"><img data-recalc-dims=\"1\" loading=\"lazy\" decoding=\"async\" class=\"alignnone size-full wp-image-797\" title=\"Aokit Cube 2 3200 Puffs Vape Desechable Mayorista Pi\u00f1a Coco\" src=\"https:\/\/i0.wp.com\/www.disposablevapeswholesale.com\/wp-content\/uploads\/2021\/12\/Aokit-Cube-2-3200-Puffs-Disposable-Vape-Wholesale-Pineapple-Coco.jpg?resize=800%2C800&#038;ssl=1\" alt=\"Aokit Cube 2 3200 Puffs Vape Desechable Mayorista Pi\u00f1a Coco\" width=\"800\" height=\"800\" \/><\/a> <a href=\"https:\/\/i0.wp.com\/www.disposablevapeswholesale.com\/wp-content\/uploads\/2021\/12\/Aokit-Cube-2-3200-Puffs-Disposable-Vape-Wholesale-Strawberry-Watermelon-Flavors.jpg?ssl=1\" target=\"_blank\" rel=\"noopener\"><img data-recalc-dims=\"1\" loading=\"lazy\" decoding=\"async\" class=\"alignnone size-full wp-image-800\" title=\"Aokit Cube 2 3200 Puffs Vape Desechable Mayorista Sabores Fresa Sandia\" src=\"https:\/\/i0.wp.com\/www.disposablevapeswholesale.com\/wp-content\/uploads\/2021\/12\/Aokit-Cube-2-3200-Puffs-Disposable-Vape-Wholesale-Strawberry-Watermelon-Flavors.jpg?resize=800%2C800&#038;ssl=1\" alt=\"Aokit Cube 2 3200 Puffs Vape Desechable Mayorista Sabores Fresa Sandia\" width=\"800\" height=\"800\" \/><\/a> <a href=\"https:\/\/i0.wp.com\/www.disposablevapeswholesale.com\/wp-content\/uploads\/2021\/12\/Aokit-Cube-2-3200-Puffs-Disposable-Vape-Wholesale-Energy-Drink.jpg?ssl=1\" target=\"_blank\" rel=\"noopener\"><img data-recalc-dims=\"1\" loading=\"lazy\" decoding=\"async\" class=\"alignnone size-full wp-image-792\" title=\"Aokit Cube 2 3200 Puffs Vape Desechable Bebida Energ\u00e9tica al por mayor\" src=\"https:\/\/i0.wp.com\/www.disposablevapeswholesale.com\/wp-content\/uploads\/2021\/12\/Aokit-Cube-2-3200-Puffs-Disposable-Vape-Wholesale-Energy-Drink.jpg?resize=800%2C800&#038;ssl=1\" alt=\"Aokit Cube 2 3200 Puffs Vape Desechable Bebida Energ\u00e9tica al por mayor\" width=\"800\" height=\"800\" \/><\/a> <a href=\"https:\/\/i0.wp.com\/www.disposablevapeswholesale.com\/wp-content\/uploads\/2021\/12\/Aokit-Cube-2-3200-Puffs-Disposable-Vape-Wholesale-Lush-Ice.jpg?ssl=1\" target=\"_blank\" rel=\"noopener\"><img data-recalc-dims=\"1\" loading=\"lazy\" decoding=\"async\" class=\"alignnone size-full wp-image-793\" title=\"Aokit Cube 2 3200 Puffs Vape Desechable Lush Ice al por mayor\" src=\"https:\/\/i0.wp.com\/www.disposablevapeswholesale.com\/wp-content\/uploads\/2021\/12\/Aokit-Cube-2-3200-Puffs-Disposable-Vape-Wholesale-Lush-Ice.jpg?resize=800%2C800&#038;ssl=1\" alt=\"Aokit Cube 2 3200 Puffs Vape Desechable Lush Ice al por mayor\" width=\"800\" height=\"800\" \/><\/a> <a href=\"https:\/\/i0.wp.com\/www.disposablevapeswholesale.com\/wp-content\/uploads\/2021\/12\/Aokit-Cube-2-3200-Puffs-Disposable-Vape-Wholesale-Blue-Razz-Flavors.jpg?ssl=1\" target=\"_blank\" rel=\"noopener\"><img data-recalc-dims=\"1\" loading=\"lazy\" decoding=\"async\" class=\"alignnone size-full wp-image-787\" title=\"Aokit Cube 2 3200 Puffs Vape Desechable Mayorista Sabores Blue Razz\" src=\"https:\/\/i0.wp.com\/www.disposablevapeswholesale.com\/wp-content\/uploads\/2021\/12\/Aokit-Cube-2-3200-Puffs-Disposable-Vape-Wholesale-Blue-Razz-Flavors.jpg?resize=800%2C800&#038;ssl=1\" alt=\"Aokit Cube 2 3200 Puffs Vape Desechable Mayorista Sabores Blue Razz\" width=\"800\" height=\"800\" \/><\/a> <a href=\"https:\/\/i0.wp.com\/www.disposablevapeswholesale.com\/wp-content\/uploads\/2021\/12\/%E5%BE%AE%E4%BF%A1%E5%9B%BE%E7%89%87_20211218172901.jpg?ssl=1\" target=\"_blank\" rel=\"noopener\"><img data-recalc-dims=\"1\" loading=\"lazy\" decoding=\"async\" class=\"alignnone size-full wp-image-804\" title=\"20211218172901\" src=\"https:\/\/i0.wp.com\/www.disposablevapeswholesale.com\/wp-content\/uploads\/2021\/12\/%E5%BE%AE%E4%BF%A1%E5%9B%BE%E7%89%87_20211218172901.jpg?resize=800%2C800&#038;ssl=1\" alt=\"20211218172901\" width=\"800\" height=\"800\" \/><\/a> <a href=\"https:\/\/i0.wp.com\/www.disposablevapeswholesale.com\/wp-content\/uploads\/2021\/12\/Aokit-Cube-2-3200-Puffs-Disposable-Vape-Wholesale-Strawberry-Ice-Flavors.jpg?ssl=1\" target=\"_blank\" rel=\"noopener\"><img data-recalc-dims=\"1\" loading=\"lazy\" decoding=\"async\" class=\"alignnone size-full wp-image-798\" title=\"Aokit Cube 2 3200 Puffs Vape Desechable Mayorista Fresa Hielo Sabores\" src=\"https:\/\/i0.wp.com\/www.disposablevapeswholesale.com\/wp-content\/uploads\/2021\/12\/Aokit-Cube-2-3200-Puffs-Disposable-Vape-Wholesale-Strawberry-Ice-Flavors.jpg?resize=800%2C800&#038;ssl=1\" alt=\"Aokit Cube 2 3200 Puffs Vape Desechable Mayorista Fresa Hielo Sabores\" width=\"800\" height=\"800\" \/><\/a><\/p>","protected":false},"excerpt":{"rendered":"<p>Aokit Cube 2 3200 Puffs Vape desechable al por mayor ofrece un dise\u00f1o ligero y compacto con un rendimiento de vapor consistente y un funcionamiento sin problemas para vaping port\u00e1til.<\/p>","protected":false},"featured_media":2102,"comment_status":"closed","ping_status":"closed","template":"","meta":[],"product_brand":[],"product_cat":[22],"product_tag":[351,363,60,256],"class_list":{"0":"post-1879","1":"product","2":"type-product","3":"status-publish","4":"has-post-thumbnail","6":"product_cat-disposable-vape-sticks","7":"product_tag-3200-puffs","8":"product_tag-aokit-cube-2","9":"product_tag-disposable-vapes","10":"product_tag-wholesale","12":"first","13":"instock","14":"shipping-taxable","15":"purchasable","16":"product-type-simple"},"jetpack_sharing_enabled":true,"tiered_pricing_type":"fixed","tiered_pricing_fixed_rules":{"5000":11,"10000":10,"50000":9},"tiered_pricing_product_settings":{"layout":"default","base_unit_name":{"singular":null,"plural":null},"default_variation":null},"tiered_pricing_minimum_quantity":60,"tiered_pricing_roles_data":[],"tiered_pricing_percentage_rules":[],"tiered_pricing_maximum_quantity":null,"tiered_pricing_quantity_step":null,"_links":{"self":[{"href":"https:\/\/cloudsupplyvapes.com\/es\/wp-json\/wp\/v2\/product\/1879","targetHints":{"allow":["GET"]}}],"collection":[{"href":"https:\/\/cloudsupplyvapes.com\/es\/wp-json\/wp\/v2\/product"}],"about":[{"href":"https:\/\/cloudsupplyvapes.com\/es\/wp-json\/wp\/v2\/types\/product"}],"replies":[{"embeddable":true,"href":"https:\/\/cloudsupplyvapes.com\/es\/wp-json\/wp\/v2\/comments?post=1879"}],"wp:featuredmedia":[{"embeddable":true,"href":"https:\/\/cloudsupplyvapes.com\/es\/wp-json\/wp\/v2\/media\/2102"}],"wp:attachment":[{"href":"https:\/\/cloudsupplyvapes.com\/es\/wp-json\/wp\/v2\/media?parent=1879"}],"wp:term":[{"taxonomy":"product_brand","embeddable":true,"href":"https:\/\/cloudsupplyvapes.com\/es\/wp-json\/wp\/v2\/product_brand?post=1879"},{"taxonomy":"product_cat","embeddable":true,"href":"https:\/\/cloudsupplyvapes.com\/es\/wp-json\/wp\/v2\/product_cat?post=1879"},{"taxonomy":"product_tag","embeddable":true,"href":"https:\/\/cloudsupplyvapes.com\/es\/wp-json\/wp\/v2\/product_tag?post=1879"}],"curies":[{"name":"wp","href":"https:\/\/api.w.org\/{rel}","templated":true}]}}