{"id":1972,"date":"2024-10-19T02:22:37","date_gmt":"2024-10-19T02:22:37","guid":{"rendered":"https:\/\/cloudsupplyvapes.com\/?post_type=product&#038;p=1972"},"modified":"2024-11-26T07:33:35","modified_gmt":"2024-11-26T07:33:35","slug":"-78","status":"publish","type":"product","link":"https:\/\/cloudsupplyvapes.com\/es\/product\/idols-bang-2000-puffs-disposable-vape-wholesale\/","title":{"rendered":"IDols Bang 2000 Puffs Vape desechable al por mayor Vape ligero para principiantes"},"content":{"rendered":"<p>IDols Bang Disposable Vape es alimentado por 1000mAh bater\u00eda integrada, as\u00ed como el apoyo recargable a trav\u00e9s de un puerto de tipo C en la parte inferior. \u00a1Contiene 6ml de e-jugo de 5% (50mg) e-jugo de sal de nicotina puede tomar hasta 2500 puffs.in Adem\u00e1s, una variedad de 8 sabores opcionales est\u00e1 disponible para ofrecerle en \u00faltima instancia, los impactos sensoriales de sabor!<\/p>\n<p>&nbsp;<\/p>\n<h2>IDols Bang Vape Desechable:<\/h2>\n<p>precargado con 6 ml de e-l\u00edquido<\/p>\n<p>5% concentraci\u00f3n de nicotina<\/p>\n<p>Bater\u00eda de 1000 mAh<\/p>\n<p>2000 caladas por 1 vaporizador desechable<\/p>\n<p>&nbsp;<\/p>\n<h2>IDols Bang Flavors:<\/h2>\n<p>Helado de frambuesa azul<\/p>\n<p>Fresa Lim\u00f3n<\/p>\n<p>Hielo de sand\u00eda<\/p>\n<p><a href=\"https:\/\/i0.wp.com\/www.disposablevapeswholesale.com\/wp-content\/uploads\/2022\/05\/IDols-Bang-2000-Puffs-Disposable-Vape-Wholesale.jpg?ssl=1\" target=\"_blank\" rel=\"noopener\"><img data-recalc-dims=\"1\" loading=\"lazy\" decoding=\"async\" class=\"alignnone size-full wp-image-3283\" title=\"IDols Bang 2000 Puffs Vape Desechable al por mayor\" src=\"https:\/\/i0.wp.com\/www.disposablevapeswholesale.com\/wp-content\/uploads\/2022\/05\/IDols-Bang-2000-Puffs-Disposable-Vape-Wholesale.jpg?resize=800%2C800&#038;ssl=1\" alt=\"IDols Bang 2000 Puffs Vape Desechable al por mayor\" width=\"800\" height=\"800\" \/><\/a> <a href=\"https:\/\/i0.wp.com\/www.disposablevapeswholesale.com\/wp-content\/uploads\/2022\/05\/IDols-Bang-2000-Puffs-Disposable-Vape-Wholesale-Flavors.jpg?ssl=1\" target=\"_blank\" rel=\"noopener\"><img data-recalc-dims=\"1\" loading=\"lazy\" decoding=\"async\" class=\"alignnone size-full wp-image-3277\" title=\"IDols Bang 2000 Puffs Vape Desechable Mayorista Sabores\" src=\"https:\/\/i0.wp.com\/www.disposablevapeswholesale.com\/wp-content\/uploads\/2022\/05\/IDols-Bang-2000-Puffs-Disposable-Vape-Wholesale-Flavors.jpg?resize=800%2C800&#038;ssl=1\" alt=\"IDols Bang 2000 Puffs Vape Desechable Mayorista Sabores\" width=\"800\" height=\"800\" \/><\/a> <a href=\"https:\/\/i0.wp.com\/www.disposablevapeswholesale.com\/wp-content\/uploads\/2022\/05\/IDols-Bang-2000-Puffs-Disposable-Vape-Wholesale-Blue-Raspberry-Ice.jpg?ssl=1\" target=\"_blank\" rel=\"noopener\"><img data-recalc-dims=\"1\" loading=\"lazy\" decoding=\"async\" class=\"alignnone size-full wp-image-3276\" title=\"IDols Bang 2000 Puffs Vape Desechable Mayorista Blue Raspberry Ice\" src=\"https:\/\/i0.wp.com\/www.disposablevapeswholesale.com\/wp-content\/uploads\/2022\/05\/IDols-Bang-2000-Puffs-Disposable-Vape-Wholesale-Blue-Raspberry-Ice.jpg?resize=800%2C800&#038;ssl=1\" alt=\"IDols Bang 2000 Puffs Vape Desechable Mayorista Blue Raspberry Ice\" width=\"800\" height=\"800\" \/><\/a> <a href=\"https:\/\/i0.wp.com\/www.disposablevapeswholesale.com\/wp-content\/uploads\/2022\/05\/IDols-Bang-2000-Puffs-Disposable-Vape-Wholesale-Strawberry-Lemon.jpg?ssl=1\" target=\"_blank\" rel=\"noopener\"><img data-recalc-dims=\"1\" loading=\"lazy\" decoding=\"async\" class=\"alignnone size-full wp-image-3278\" title=\"IDols Bang 2000 Puffs Vape Desechable Mayorista Fresa Lim\u00f3n\" src=\"https:\/\/i0.wp.com\/www.disposablevapeswholesale.com\/wp-content\/uploads\/2022\/05\/IDols-Bang-2000-Puffs-Disposable-Vape-Wholesale-Strawberry-Lemon.jpg?resize=800%2C800&#038;ssl=1\" alt=\"IDols Bang 2000 Puffs Vape Desechable Mayorista Fresa Lim\u00f3n\" width=\"800\" height=\"800\" \/><\/a> <a href=\"https:\/\/i0.wp.com\/www.disposablevapeswholesale.com\/wp-content\/uploads\/2022\/05\/IDols-Bang-2000-Puffs-Disposable-Vape-Wholesale-Watermelon-Ice-Pakage.jpg?ssl=1\" target=\"_blank\" rel=\"noopener\"><img data-recalc-dims=\"1\" loading=\"lazy\" decoding=\"async\" class=\"alignnone size-full wp-image-3281\" title=\"IDols Bang 2000 Puffs Vape Desechable Mayorista Sandia Ice Pakage\" src=\"https:\/\/i0.wp.com\/www.disposablevapeswholesale.com\/wp-content\/uploads\/2022\/05\/IDols-Bang-2000-Puffs-Disposable-Vape-Wholesale-Watermelon-Ice-Pakage.jpg?resize=800%2C800&#038;ssl=1\" alt=\"IDols Bang 2000 Puffs Vape Desechable Mayorista Sandia Ice Pakage\" width=\"800\" height=\"800\" \/><\/a> <a href=\"https:\/\/i0.wp.com\/www.disposablevapeswholesale.com\/wp-content\/uploads\/2022\/05\/IDols-Bang-2000-Puffs-Disposable-Vape-Wholesale-Watermelon-Ice-Flavors.jpg?ssl=1\" target=\"_blank\" rel=\"noopener\"><img data-recalc-dims=\"1\" loading=\"lazy\" decoding=\"async\" class=\"alignnone size-full wp-image-3280\" title=\"IDols Bang 2000 Puffs Vape Desechable Mayorista Sandia Hielo Sabores\" src=\"https:\/\/i0.wp.com\/www.disposablevapeswholesale.com\/wp-content\/uploads\/2022\/05\/IDols-Bang-2000-Puffs-Disposable-Vape-Wholesale-Watermelon-Ice-Flavors.jpg?resize=800%2C800&#038;ssl=1\" alt=\"IDols Bang 2000 Puffs Vape Desechable Mayorista Sandia Hielo Sabores\" width=\"800\" height=\"800\" \/><\/a> <a href=\"https:\/\/i0.wp.com\/www.disposablevapeswholesale.com\/wp-content\/uploads\/2022\/05\/IDols-Bang-2000-Puffs-Disposable-Vape-Wholesale-Watermelon-Ice.jpg?ssl=1\" target=\"_blank\" rel=\"noopener\"><img data-recalc-dims=\"1\" loading=\"lazy\" decoding=\"async\" class=\"alignnone size-full wp-image-3282\" title=\"IDols Bang 2000 Puffs Vape Desechable Mayorista Sandia Ice\" src=\"https:\/\/i0.wp.com\/www.disposablevapeswholesale.com\/wp-content\/uploads\/2022\/05\/IDols-Bang-2000-Puffs-Disposable-Vape-Wholesale-Watermelon-Ice.jpg?resize=800%2C800&#038;ssl=1\" alt=\"IDols Bang 2000 Puffs Vape Desechable Mayorista Sandia Ice\" width=\"800\" height=\"800\" \/><\/a> <a href=\"https:\/\/i0.wp.com\/www.disposablevapeswholesale.com\/wp-content\/uploads\/2022\/05\/IDols-Bang-2000-Puffs-Disposable-Vape-Wholesale-Watermelon-Ice-Describe.jpg?ssl=1\" target=\"_blank\" rel=\"noopener\"><img data-recalc-dims=\"1\" loading=\"lazy\" decoding=\"async\" class=\"alignnone size-full wp-image-3279\" title=\"IDols Bang 2000 Puffs Vape Desechable Mayorista Sand\u00eda Hielo Describe\" src=\"https:\/\/i0.wp.com\/www.disposablevapeswholesale.com\/wp-content\/uploads\/2022\/05\/IDols-Bang-2000-Puffs-Disposable-Vape-Wholesale-Watermelon-Ice-Describe.jpg?resize=800%2C800&#038;ssl=1\" alt=\"IDols Bang 2000 Puffs Vape Desechable Mayorista Sand\u00eda Hielo Describe\" width=\"800\" height=\"800\" \/><\/a><\/p>","protected":false},"excerpt":{"rendered":"<p>IDols Bang 2000 Puffs Vape desechable al por mayor cuenta con un dise\u00f1o f\u00e1cil de principiantes, de peso ligero con la entrega de vapor suave y un rendimiento constante para una experiencia de vapeo sin problemas.<\/p>","protected":false},"featured_media":2265,"comment_status":"closed","ping_status":"closed","template":"","meta":[],"product_brand":[],"product_cat":[481,22],"product_tag":[302,60,378,256],"class_list":{"0":"post-1972","1":"product","2":"type-product","3":"status-publish","4":"has-post-thumbnail","6":"product_cat-bang","7":"product_cat-disposable-vape-sticks","8":"product_tag-2000-puffs","9":"product_tag-disposable-vapes","10":"product_tag-idols-bang","11":"product_tag-wholesale","13":"first","14":"instock","15":"shipping-taxable","16":"purchasable","17":"product-type-simple"},"jetpack_sharing_enabled":true,"tiered_pricing_type":"fixed","tiered_pricing_fixed_rules":{"5000":4,"10000":3,"50000":2.899999999999999911182158029987476766109466552734375},"tiered_pricing_product_settings":{"layout":"default","base_unit_name":{"singular":null,"plural":null},"default_variation":null},"tiered_pricing_minimum_quantity":60,"tiered_pricing_roles_data":[],"tiered_pricing_percentage_rules":[],"tiered_pricing_maximum_quantity":null,"tiered_pricing_quantity_step":null,"_links":{"self":[{"href":"https:\/\/cloudsupplyvapes.com\/es\/wp-json\/wp\/v2\/product\/1972","targetHints":{"allow":["GET"]}}],"collection":[{"href":"https:\/\/cloudsupplyvapes.com\/es\/wp-json\/wp\/v2\/product"}],"about":[{"href":"https:\/\/cloudsupplyvapes.com\/es\/wp-json\/wp\/v2\/types\/product"}],"replies":[{"embeddable":true,"href":"https:\/\/cloudsupplyvapes.com\/es\/wp-json\/wp\/v2\/comments?post=1972"}],"wp:featuredmedia":[{"embeddable":true,"href":"https:\/\/cloudsupplyvapes.com\/es\/wp-json\/wp\/v2\/media\/2265"}],"wp:attachment":[{"href":"https:\/\/cloudsupplyvapes.com\/es\/wp-json\/wp\/v2\/media?parent=1972"}],"wp:term":[{"taxonomy":"product_brand","embeddable":true,"href":"https:\/\/cloudsupplyvapes.com\/es\/wp-json\/wp\/v2\/product_brand?post=1972"},{"taxonomy":"product_cat","embeddable":true,"href":"https:\/\/cloudsupplyvapes.com\/es\/wp-json\/wp\/v2\/product_cat?post=1972"},{"taxonomy":"product_tag","embeddable":true,"href":"https:\/\/cloudsupplyvapes.com\/es\/wp-json\/wp\/v2\/product_tag?post=1972"}],"curies":[{"name":"wp","href":"https:\/\/api.w.org\/{rel}","templated":true}]}}