{"id":2061,"date":"2024-10-19T02:23:01","date_gmt":"2024-10-19T02:23:01","guid":{"rendered":"https:\/\/cloudsupplyvapes.com\/?post_type=product&#038;p=2061"},"modified":"2024-11-26T07:30:56","modified_gmt":"2024-11-26T07:30:56","slug":"-79","status":"publish","type":"product","link":"https:\/\/cloudsupplyvapes.com\/es\/product\/lavie-cup-8000-puffs-disposable-vapes-wholesale\/","title":{"rendered":"Lavie Cup 8000 Puffs Vape desechable al por mayor Dise\u00f1o ligero de larga duraci\u00f3n"},"content":{"rendered":"<p>el <strong>Copa Lavie<\/strong> El 8000 es un vaporizador desechable con un bonito dise\u00f1o, viene con una bater\u00eda recargable integrada de 600mAh, con 20ml de eliquid de agradable sabor, soporta un m\u00e1ximo de 8000 caladas.<\/p>\n<h2>LAVIE Max Cup 8000 Detalle r\u00e1pido:<\/h2>\n<p>Marca: LAVIE<\/p>\n<p>Puffs:8000 Puffs disponibles por dispositivo.<\/p>\n<p>Nicotine:0%\/2%\/5%<\/p>\n<p>Capacidad del E-jugo:20ML<\/p>\n<p>Bater\u00eda:600mAh<\/p>\n<p>&nbsp;<\/p>\n<h2>Sabores<\/h2>\n<p>Leche de pl\u00e1tano<br \/>\nCola Ice<br \/>\nBebida energ\u00e9tica<br \/>\nHielo de uva<br \/>\nHielo exuberante<br \/>\nMango Ice<br \/>\nHielo de menta<br \/>\nCrema Socola<br \/>\nTaro Ice<\/p>\n<p>&nbsp;<\/p>\n<h2>Embalaje y peso<\/h2>\n<p>0,1KG\/PCS, Individual con paquete peque\u00f1o, 10?pcs en caja mediana.<\/p>\n<p>200PCS en el cart\u00f3n principal, 20KG.<\/p>\n<p><a href=\"https:\/\/i0.wp.com\/www.vape4wholesale.com\/wp-content\/uploads\/2022\/09\/LAVIE-Max-Cup-8000-Puffs-Disposable-Vape-Wholesale-Describe.jpg?ssl=1\" target=\"_blank\" rel=\"noopener\"><img data-recalc-dims=\"1\" loading=\"lazy\" decoding=\"async\" class=\"alignnone size-full wp-image-6424\" title=\"LAVIE Max Cup 8000 Puffs Vape Desechable Mayorista Describe\" src=\"https:\/\/i0.wp.com\/www.vape4wholesale.com\/wp-content\/uploads\/2022\/09\/LAVIE-Max-Cup-8000-Puffs-Disposable-Vape-Wholesale-Describe.jpg?resize=800%2C800&#038;ssl=1\" alt=\"LAVIE Max Cup 8000 Puffs Vape Desechable Mayorista Describe\" width=\"800\" height=\"800\" \/><\/a> <a href=\"https:\/\/i0.wp.com\/www.vape4wholesale.com\/wp-content\/uploads\/2022\/09\/LAVIE-Max-Cup-8000-Puffs-Disposable-Vape-Wholesale-5-Flavors.jpg?ssl=1\" target=\"_blank\" rel=\"noopener\"><img data-recalc-dims=\"1\" loading=\"lazy\" decoding=\"async\" class=\"alignnone size-full wp-image-6400\" title=\"LAVIE Max Cup 8000 Puffs Vape Desechable Mayorista 5 Sabores\" src=\"https:\/\/i0.wp.com\/www.vape4wholesale.com\/wp-content\/uploads\/2022\/09\/LAVIE-Max-Cup-8000-Puffs-Disposable-Vape-Wholesale-5-Flavors.jpg?resize=800%2C800&#038;ssl=1\" alt=\"LAVIE Max Cup 8000 Puffs Vape Desechable Mayorista 5 Sabores\" width=\"800\" height=\"800\" \/><\/a> <a href=\"https:\/\/i0.wp.com\/www.vape4wholesale.com\/wp-content\/uploads\/2022\/09\/LAVIE-Max-Cup-8000-Puffs-Disposable-Vape-Wholesale.jpg?ssl=1\" target=\"_blank\" rel=\"noopener\"><img data-recalc-dims=\"1\" loading=\"lazy\" decoding=\"async\" class=\"alignnone size-full wp-image-6396\" title=\"LAVIE Max Cup 8000 Puffs Vape desechable al por mayor\" src=\"https:\/\/i0.wp.com\/www.vape4wholesale.com\/wp-content\/uploads\/2022\/09\/LAVIE-Max-Cup-8000-Puffs-Disposable-Vape-Wholesale.jpg?resize=800%2C333&#038;ssl=1\" alt=\"LAVIE Max Cup 8000 Puffs Vape desechable al por mayor\" width=\"800\" height=\"333\" \/><\/a> <a href=\"https:\/\/i0.wp.com\/www.vape4wholesale.com\/wp-content\/uploads\/2022\/09\/LAVIE-Max-Cup-8000-Puffs-Disposable-Vape-Wholesale-Flavors.jpg?ssl=1\" target=\"_blank\" rel=\"noopener\"><img data-recalc-dims=\"1\" loading=\"lazy\" decoding=\"async\" class=\"alignnone size-full wp-image-6436\" title=\"LAVIE Max Cup 8000 Puffs Vape Desechable Mayorista Sabores\" src=\"https:\/\/i0.wp.com\/www.vape4wholesale.com\/wp-content\/uploads\/2022\/09\/LAVIE-Max-Cup-8000-Puffs-Disposable-Vape-Wholesale-Flavors.jpg?resize=800%2C800&#038;ssl=1\" alt=\"LAVIE Max Cup 8000 Puffs Vape Desechable Mayorista Sabores\" width=\"800\" height=\"800\" \/><\/a> <a href=\"https:\/\/i0.wp.com\/www.vape4wholesale.com\/wp-content\/uploads\/2022\/09\/LAVIE-Max-Cup-8000-Puffs-Disposable-Vape-Wholesale-All-Flavors.jpg?ssl=1\" target=\"_blank\" rel=\"noopener\"><img data-recalc-dims=\"1\" loading=\"lazy\" decoding=\"async\" class=\"alignnone size-full wp-image-6404\" title=\"LAVIE Max Cup 8000 Puffs Vape Desechable Mayorista Todos los Sabores\" src=\"https:\/\/i0.wp.com\/www.vape4wholesale.com\/wp-content\/uploads\/2022\/09\/LAVIE-Max-Cup-8000-Puffs-Disposable-Vape-Wholesale-All-Flavors.jpg?resize=800%2C800&#038;ssl=1\" alt=\"LAVIE Max Cup 8000 Puffs Vape Desechable Mayorista Todos los Sabores\" width=\"800\" height=\"800\" \/><\/a><a href=\"https:\/\/i0.wp.com\/www.vape4wholesale.com\/wp-content\/uploads\/2022\/09\/LAVIE-Max-Cup-8000-Puffs-Disposable-Vape-Wholesale-Scense.jpg?ssl=1\" target=\"_blank\" rel=\"noopener\"><img data-recalc-dims=\"1\" loading=\"lazy\" decoding=\"async\" class=\"alignnone size-full wp-image-6484\" title=\"LAVIE Max Cup 8000 Puffs Vape Desechable Scense al por mayor\" src=\"https:\/\/i0.wp.com\/www.vape4wholesale.com\/wp-content\/uploads\/2022\/09\/LAVIE-Max-Cup-8000-Puffs-Disposable-Vape-Wholesale-Scense.jpg?resize=800%2C800&#038;ssl=1\" alt=\"LAVIE Max Cup 8000 Puffs Vape Desechable Scense al por mayor\" width=\"800\" height=\"800\" \/><\/a> <a href=\"https:\/\/i0.wp.com\/www.vape4wholesale.com\/wp-content\/uploads\/2022\/09\/LAVIE-Max-Cup-8000-Puffs-Disposable-Vape-Wholesale-Pakage.jpg?ssl=1\" target=\"_blank\" rel=\"noopener\"><img data-recalc-dims=\"1\" loading=\"lazy\" decoding=\"async\" class=\"alignnone size-full wp-image-6480\" title=\"LAVIE Max Cup 8000 Puffs Vape Desechable Paquete al por mayor\" src=\"https:\/\/i0.wp.com\/www.vape4wholesale.com\/wp-content\/uploads\/2022\/09\/LAVIE-Max-Cup-8000-Puffs-Disposable-Vape-Wholesale-Pakage.jpg?resize=800%2C800&#038;ssl=1\" alt=\"LAVIE Max Cup 8000 Puffs Vape Desechable Paquete al por mayor\" width=\"800\" height=\"800\" \/><\/a> <a href=\"https:\/\/i0.wp.com\/www.vape4wholesale.com\/wp-content\/uploads\/2022\/09\/LAVIE-Max-Cup-8000-Puffs-Disposable-Vape-Wholesale-Mint-Ice.jpg?ssl=1\" target=\"_blank\" rel=\"noopener\"><img data-recalc-dims=\"1\" loading=\"lazy\" decoding=\"async\" class=\"alignnone size-full wp-image-6472\" title=\"LAVIE Max Cup 8000 Puffs Vape Desechable Menta Hielo al por mayor\" src=\"https:\/\/i0.wp.com\/www.vape4wholesale.com\/wp-content\/uploads\/2022\/09\/LAVIE-Max-Cup-8000-Puffs-Disposable-Vape-Wholesale-Mint-Ice.jpg?resize=800%2C800&#038;ssl=1\" alt=\"LAVIE Max Cup 8000 Puffs Vape Desechable Menta Hielo al por mayor\" width=\"800\" height=\"800\" \/><\/a> <a href=\"https:\/\/i0.wp.com\/www.vape4wholesale.com\/wp-content\/uploads\/2022\/09\/LAVIE-Max-Cup-8000-Puffs-Disposable-Vape-Wholesale-Mango-Strawberry-Ice-Pakage.jpg?ssl=1\" target=\"_blank\" rel=\"noopener\"><img data-recalc-dims=\"1\" loading=\"lazy\" decoding=\"async\" class=\"alignnone size-full wp-image-6468\" title=\"LAVIE Max Cup 8000 Puffs Vape Desechable Mayorista Mango Fresa Hielo Pakage\" src=\"https:\/\/i0.wp.com\/www.vape4wholesale.com\/wp-content\/uploads\/2022\/09\/LAVIE-Max-Cup-8000-Puffs-Disposable-Vape-Wholesale-Mango-Strawberry-Ice-Pakage.jpg?resize=800%2C800&#038;ssl=1\" alt=\"LAVIE Max Cup 8000 Puffs Vape Desechable Mayorista Mango Fresa Hielo Pakage\" width=\"800\" height=\"800\" \/><\/a><\/p>","protected":false},"excerpt":{"rendered":"<p>Lavie Cup 8000 Puffs Vape desechable al por mayor ofrece una bater\u00eda de larga duraci\u00f3n, construcci\u00f3n ligera, y la producci\u00f3n de vapor suave para una experiencia c\u00f3moda y satisfactoria vaping.<\/p>","protected":false},"featured_media":2309,"comment_status":"closed","ping_status":"closed","template":"","meta":[],"product_brand":[],"product_cat":[22],"product_tag":[383,384,385],"class_list":{"0":"post-2061","1":"product","2":"type-product","3":"status-publish","4":"has-post-thumbnail","6":"product_cat-disposable-vape-sticks","7":"product_tag-disposable-vape-wholesale","8":"product_tag-lavie-8000-cup-vape","9":"product_tag-lavie-cup-vape","11":"first","12":"instock","13":"shipping-taxable","14":"purchasable","15":"product-type-simple"},"jetpack_sharing_enabled":true,"tiered_pricing_type":"fixed","tiered_pricing_fixed_rules":{"5000":11,"10000":9,"50000":8},"tiered_pricing_product_settings":{"layout":"default","base_unit_name":{"singular":null,"plural":null},"default_variation":null},"tiered_pricing_minimum_quantity":60,"tiered_pricing_roles_data":[],"tiered_pricing_percentage_rules":[],"tiered_pricing_maximum_quantity":null,"tiered_pricing_quantity_step":null,"_links":{"self":[{"href":"https:\/\/cloudsupplyvapes.com\/es\/wp-json\/wp\/v2\/product\/2061","targetHints":{"allow":["GET"]}}],"collection":[{"href":"https:\/\/cloudsupplyvapes.com\/es\/wp-json\/wp\/v2\/product"}],"about":[{"href":"https:\/\/cloudsupplyvapes.com\/es\/wp-json\/wp\/v2\/types\/product"}],"replies":[{"embeddable":true,"href":"https:\/\/cloudsupplyvapes.com\/es\/wp-json\/wp\/v2\/comments?post=2061"}],"wp:featuredmedia":[{"embeddable":true,"href":"https:\/\/cloudsupplyvapes.com\/es\/wp-json\/wp\/v2\/media\/2309"}],"wp:attachment":[{"href":"https:\/\/cloudsupplyvapes.com\/es\/wp-json\/wp\/v2\/media?parent=2061"}],"wp:term":[{"taxonomy":"product_brand","embeddable":true,"href":"https:\/\/cloudsupplyvapes.com\/es\/wp-json\/wp\/v2\/product_brand?post=2061"},{"taxonomy":"product_cat","embeddable":true,"href":"https:\/\/cloudsupplyvapes.com\/es\/wp-json\/wp\/v2\/product_cat?post=2061"},{"taxonomy":"product_tag","embeddable":true,"href":"https:\/\/cloudsupplyvapes.com\/es\/wp-json\/wp\/v2\/product_tag?post=2061"}],"curies":[{"name":"wp","href":"https:\/\/api.w.org\/{rel}","templated":true}]}}