{"id":2063,"date":"2024-10-19T02:23:01","date_gmt":"2024-10-19T02:23:01","guid":{"rendered":"https:\/\/cloudsupplyvapes.com\/?post_type=product&#038;p=2063"},"modified":"2024-11-26T07:31:24","modified_gmt":"2024-11-26T07:31:24","slug":"-81","status":"publish","type":"product","link":"https:\/\/cloudsupplyvapes.com\/es\/product\/randm-tornado-9000-puffs-disposable-vape-wholesale\/","title":{"rendered":"RANDM Tornado 9000 Puffs Vape desechable al por mayor Dise\u00f1o duradero de alta calidad"},"content":{"rendered":"<p>RandM Tornado 9000 es un dispositivo de vapeo desechable con un dise\u00f1o fresco y es recargable. Hay 20 opciones para elegir. Es un dispositivo de vapeo desechable todo en uno precargado que ofrece una gran capacidad y una bater\u00eda de larga duraci\u00f3n. Con hasta 9000 caladas por dispositivo, est\u00e1 dise\u00f1ado para proporcionar una experiencia de vapeo f\u00e1cil de usar y c\u00f3moda sin necesidad de mantenimiento ni rellenado. Con un dise\u00f1o elegante y compacto, flujo de aire ajustable y una gama de deliciosas opciones para elegir, el Tornado 9000 ofrece una experiencia de vapeo excepcional.<\/p>\n<p>&nbsp;<\/p>\n<h2>Dispositivo desechable RandM Tornado 9000 Caracter\u00edsticas:<\/h2>\n<p>\u26110\/2\/3\/5% Sal de nicotina.<\/p>\n<p>\u261118ML de E-l\u00edquido.<\/p>\n<p>Bobina de malla<\/p>\n<p>Bater\u00eda recargable<\/p>\n<p>Bater\u00eda integrada de 850 mAh.<\/p>\n<p>\u261112 Sabores disponibles.<\/p>\n<p>\u261110 unidades en caja expositora.<\/p>\n<p>200 unidades por caja.<\/p>\n<p>&nbsp;<\/p>\n<h2>Sabores disponibles:<\/h2>\n<p>1.Ar\u00e1ndano Frambuesa<\/p>\n<p>2.Mr Azul<\/p>\n<p>3.Sand\u00eda con fresa<\/p>\n<p>4.Refresco de naranja<\/p>\n<p>5.Chicle de sand\u00eda<\/p>\n<p>6.Caramelos arco iris<\/p>\n<p>7.Limonada rosa<\/p>\n<p>8.Melocot\u00f3n Mango Pi\u00f1a<\/p>\n<p>9.Fresa Pl\u00e1tano<\/p>\n<p>10.Hielo exuberante<\/p>\n<p>11.Hielo del Drag\u00f3n Negro<\/p>\n<p>12.Aloe Uva<\/p>\n<p>13.Blue Razz Ice<\/p>\n<p>14.Kiwi Maracuy\u00e1 Guayaba<\/p>\n<p>15.Osito de goma<\/p>\n<p>16. Menta fresca<\/p>\n<p>17.Mezcla de bayas<\/p>\n<p>18.Sand\u00eda Frambuesa<\/p>\n<p>19.Limonada de melocot\u00f3n<\/p>\n<p>20.Hielo de guayaba<\/p>\n<p>&nbsp;<\/p>\n<h2>Embalaje y peso<\/h2>\n<p>0.11KG\/PCS,Individual con paquete peque\u00f1o, 10 piezas en caja mediana.<\/p>\n<p>200PCS en el cart\u00f3n principal, 22KG.<\/p>","protected":false},"excerpt":{"rendered":"<p>El RANDM Tornado 9000 Puffs Vape Desechable al por mayor ofrece un dise\u00f1o duradero, la entrega de vapor consistente, y la bater\u00eda de larga duraci\u00f3n para una experiencia vaping premium y fiable.<\/p>","protected":false},"featured_media":2347,"comment_status":"closed","ping_status":"closed","template":"","meta":[],"product_brand":[],"product_cat":[22],"product_tag":[389,387,388],"class_list":{"0":"post-2063","1":"product","2":"type-product","3":"status-publish","4":"has-post-thumbnail","6":"product_cat-disposable-vape-sticks","7":"product_tag-randm-tornado-9000","8":"product_tag-randm-vape","9":"product_tag-randm-vape-wholesale","11":"first","12":"instock","13":"shipping-taxable","14":"purchasable","15":"product-type-simple"},"jetpack_sharing_enabled":true,"tiered_pricing_type":"fixed","tiered_pricing_fixed_rules":{"1000":8,"10000":7,"50000":6},"tiered_pricing_product_settings":{"layout":"default","base_unit_name":{"singular":null,"plural":null},"default_variation":null},"tiered_pricing_minimum_quantity":100,"tiered_pricing_roles_data":[],"tiered_pricing_percentage_rules":[],"tiered_pricing_maximum_quantity":null,"tiered_pricing_quantity_step":null,"_links":{"self":[{"href":"https:\/\/cloudsupplyvapes.com\/es\/wp-json\/wp\/v2\/product\/2063","targetHints":{"allow":["GET"]}}],"collection":[{"href":"https:\/\/cloudsupplyvapes.com\/es\/wp-json\/wp\/v2\/product"}],"about":[{"href":"https:\/\/cloudsupplyvapes.com\/es\/wp-json\/wp\/v2\/types\/product"}],"replies":[{"embeddable":true,"href":"https:\/\/cloudsupplyvapes.com\/es\/wp-json\/wp\/v2\/comments?post=2063"}],"wp:featuredmedia":[{"embeddable":true,"href":"https:\/\/cloudsupplyvapes.com\/es\/wp-json\/wp\/v2\/media\/2347"}],"wp:attachment":[{"href":"https:\/\/cloudsupplyvapes.com\/es\/wp-json\/wp\/v2\/media?parent=2063"}],"wp:term":[{"taxonomy":"product_brand","embeddable":true,"href":"https:\/\/cloudsupplyvapes.com\/es\/wp-json\/wp\/v2\/product_brand?post=2063"},{"taxonomy":"product_cat","embeddable":true,"href":"https:\/\/cloudsupplyvapes.com\/es\/wp-json\/wp\/v2\/product_cat?post=2063"},{"taxonomy":"product_tag","embeddable":true,"href":"https:\/\/cloudsupplyvapes.com\/es\/wp-json\/wp\/v2\/product_tag?post=2063"}],"curies":[{"name":"wp","href":"https:\/\/api.w.org\/{rel}","templated":true}]}}