{"id":2153,"date":"2024-10-19T02:23:25","date_gmt":"2024-10-19T02:23:25","guid":{"rendered":"https:\/\/cloudsupplyvapes.com\/?post_type=product&#038;p=2153"},"modified":"2024-11-26T07:27:51","modified_gmt":"2024-11-26T07:27:51","slug":"-86","status":"publish","type":"product","link":"https:\/\/cloudsupplyvapes.com\/es\/product\/randm-dazzle-5000-puffs-disposable-vape-wholesale\/","title":{"rendered":"RANDM Dazzle 5000 Puffs Vape desechable al por mayor Vape ligero y sin complicaciones"},"content":{"rendered":"<p><strong>RandM Dazzle 5000<\/strong>Es un dispositivo de vapeo desechable con tanque transparente popular, colorida luz RGB y es recargable. Contiene 10ml?0\/2\/3\/5%?e-zumo de sales de nicotina y vapea hasta 5000 caladas. Hay 20 sabores para elegir. La luz RGB hace que sea el dispositivo desechable m\u00e1s fresco, adem\u00e1s de que viene con un puerto USB recargable en la culata del dispositivo, que gurantte que termine la \u00faltima gota del jugo en el tanque y la luz que brilla todo el tiempo.<\/p>\n<h2><b data-stringify-type=\"bold\">Dispositivo desechable RandM Dazzle 5000: caracter\u00edsticas:<\/b><\/h2>\n<p>0\/2\/3\/5% Sal de nicotina.<br \/>\n?10ML de E-l\u00edquido.<br \/>\n5000 inhalaciones por dispositivo.<br \/>\nLuz RGB de 6 colores<br \/>\nBater\u00eda recargable<br \/>\nRecarga del dep\u00f3sito<br \/>\nBater\u00eda integrada de 1000 mAh.<br \/>\n?12 sabores disponibles.<br \/>\n?10 unidades en caja expositora.<br \/>\n300 unidades por caja.<\/p>\n<h2><b data-stringify-type=\"bold\">Sabores<\/b><\/h2>\n<p>1.Lush ICE<br \/>\n2.Yougurt de fresa<br \/>\n3.Hielo de pl\u00e1tano<br \/>\n4.Blue Razz Ice<br \/>\n5.Refresco de naranja<br \/>\n6.Osito de goma<br \/>\n7.Sand\u00eda de fresa<br \/>\n8.Peras de algod\u00f3n<br \/>\n9.Granada<br \/>\n10.Helado de melocot\u00f3n<br \/>\n11.Manzana roja Mel\u00f3n helado<br \/>\n12. Mezcla de bayas<br \/>\n13.Tarta de queso y sand\u00eda<br \/>\n14.Hielo de uva<br \/>\n15 Mango Guayaba<br \/>\n16 Tabaco<br \/>\n17 Kiwi Baya<br \/>\n18 Menta fresca<br \/>\n19 Lichi fresa<br \/>\n20 Aloe Uva<\/p>","protected":false},"excerpt":{"rendered":"<p>RANDM Dazzle 5000 Puffs Vape Desechable al por mayor ofrece un dise\u00f1o ligero y sin complicaciones, proporcionando un vapor suave y un rendimiento constante para una experiencia de vapeo premium.<\/p>","protected":false},"featured_media":2427,"comment_status":"closed","ping_status":"closed","template":"","meta":[],"product_brand":[],"product_cat":[22],"product_tag":[338,387,388],"class_list":{"0":"post-2153","1":"product","2":"type-product","3":"status-publish","4":"has-post-thumbnail","6":"product_cat-disposable-vape-sticks","7":"product_tag-randm-dazzle-5000","8":"product_tag-randm-vape","9":"product_tag-randm-vape-wholesale","11":"first","12":"instock","13":"virtual","14":"purchasable","15":"product-type-simple"},"jetpack_sharing_enabled":true,"tiered_pricing_type":"fixed","tiered_pricing_fixed_rules":{"5000":11,"10000":10,"50000":9},"tiered_pricing_product_settings":{"layout":"default","base_unit_name":{"singular":null,"plural":null},"default_variation":null},"tiered_pricing_minimum_quantity":60,"tiered_pricing_roles_data":[],"tiered_pricing_percentage_rules":[],"tiered_pricing_maximum_quantity":null,"tiered_pricing_quantity_step":null,"_links":{"self":[{"href":"https:\/\/cloudsupplyvapes.com\/es\/wp-json\/wp\/v2\/product\/2153","targetHints":{"allow":["GET"]}}],"collection":[{"href":"https:\/\/cloudsupplyvapes.com\/es\/wp-json\/wp\/v2\/product"}],"about":[{"href":"https:\/\/cloudsupplyvapes.com\/es\/wp-json\/wp\/v2\/types\/product"}],"replies":[{"embeddable":true,"href":"https:\/\/cloudsupplyvapes.com\/es\/wp-json\/wp\/v2\/comments?post=2153"}],"wp:featuredmedia":[{"embeddable":true,"href":"https:\/\/cloudsupplyvapes.com\/es\/wp-json\/wp\/v2\/media\/2427"}],"wp:attachment":[{"href":"https:\/\/cloudsupplyvapes.com\/es\/wp-json\/wp\/v2\/media?parent=2153"}],"wp:term":[{"taxonomy":"product_brand","embeddable":true,"href":"https:\/\/cloudsupplyvapes.com\/es\/wp-json\/wp\/v2\/product_brand?post=2153"},{"taxonomy":"product_cat","embeddable":true,"href":"https:\/\/cloudsupplyvapes.com\/es\/wp-json\/wp\/v2\/product_cat?post=2153"},{"taxonomy":"product_tag","embeddable":true,"href":"https:\/\/cloudsupplyvapes.com\/es\/wp-json\/wp\/v2\/product_tag?post=2153"}],"curies":[{"name":"wp","href":"https:\/\/api.w.org\/{rel}","templated":true}]}}