{"id":2156,"date":"2024-10-19T02:23:25","date_gmt":"2024-10-19T02:23:25","guid":{"rendered":"https:\/\/cloudsupplyvapes.com\/?post_type=product&#038;p=2156"},"modified":"2024-11-26T07:30:01","modified_gmt":"2024-11-26T07:30:01","slug":"-89","status":"publish","type":"product","link":"https:\/\/cloudsupplyvapes.com\/es\/product\/miou-6000-disposable-vape-wholesale\/","title":{"rendered":"MIOU 6000 Puffs Vape desechable al por mayor Dise\u00f1o port\u00e1til de larga duraci\u00f3n"},"content":{"rendered":"<p>El Miou 6000 es un dise\u00f1o \u00fanico con latas de cola estilo vape desechable, viene con 650mah tipo-c bater\u00eda recargable, el apoyo m\u00e1ximo 6000 caladas, la capacidad de eliquid es de 18 ml con 2% nicotina. con bobina de malla de 1,2 ohmios<\/p>\n<h2><strong>Sabores<\/strong><\/h2>\n<p>Sand\u00eda con fresas<br \/>\nFresa Mango<br \/>\nMango Uva<br \/>\nMango Melocot\u00f3n<br \/>\nMelocot\u00f3n Manzana<br \/>\nBebida energ\u00e9tica<br \/>\nCola<br \/>\nMelocot\u00f3n jugoso<\/p>\n<h2><strong>Detalles r\u00e1pidos<\/strong><\/h2>\n<p>Bater\u00eda: 650mah<br \/>\nCarga: Tipo-C<br \/>\nNicotina: 2~5% OEM a elegir<br \/>\nResistencia: 1.2??<br \/>\nEliquid: 18ml<br \/>\nM\u00e1ximo de bocanadas: 6000 bocanadas (OEM Max 8000)<\/p>\n<p>&nbsp;<\/p>\n<h2><strong>Peso \/ Paquete<\/strong><\/h2>\n<p>Tama\u00f1o de la caja: 30*30*35cm<\/p>\n<p>200 unidades \/cart\u00f3n, 18 kg<\/p>\n<p><a href=\"https:\/\/i0.wp.com\/www.vape4wholesale.com\/wp-content\/uploads\/2022\/07\/MIOU-6000-Disposable-Vape-Wholesale-4.jpg?ssl=1\" target=\"_blank\" rel=\"noopener\"><img data-recalc-dims=\"1\" loading=\"lazy\" decoding=\"async\" class=\"alignnone size-full wp-image-5229\" title=\"MIOU 6000 Vape desechable al por mayor 4\" src=\"https:\/\/i0.wp.com\/www.vape4wholesale.com\/wp-content\/uploads\/2022\/07\/MIOU-6000-Disposable-Vape-Wholesale-4.jpg?resize=800%2C800&#038;ssl=1\" alt=\"MIOU 6000 Vape desechable al por mayor 4\" width=\"800\" height=\"800\" \/><\/a> <a href=\"https:\/\/i0.wp.com\/www.vape4wholesale.com\/wp-content\/uploads\/2022\/07\/MIOU-6000-Disposable-Vape-Wholesale-3.jpg?ssl=1\" target=\"_blank\" rel=\"noopener\"><img data-recalc-dims=\"1\" loading=\"lazy\" decoding=\"async\" class=\"alignnone size-full wp-image-5225\" title=\"MIOU 6000 Vape desechable al por mayor 3\" src=\"https:\/\/i0.wp.com\/www.vape4wholesale.com\/wp-content\/uploads\/2022\/07\/MIOU-6000-Disposable-Vape-Wholesale-3.jpg?resize=800%2C800&#038;ssl=1\" alt=\"MIOU 6000 Vape desechable al por mayor 3\" width=\"800\" height=\"800\" \/><\/a> <a href=\"https:\/\/i0.wp.com\/www.vape4wholesale.com\/wp-content\/uploads\/2022\/07\/MIOU-6000-Disposable-Vape-Wholesale-2.jpg?ssl=1\" target=\"_blank\" rel=\"noopener\"><img data-recalc-dims=\"1\" loading=\"lazy\" decoding=\"async\" class=\"alignnone size-full wp-image-5221\" title=\"MIOU 6000 Vape desechable al por mayor 2\" src=\"https:\/\/i0.wp.com\/www.vape4wholesale.com\/wp-content\/uploads\/2022\/07\/MIOU-6000-Disposable-Vape-Wholesale-2.jpg?resize=800%2C800&#038;ssl=1\" alt=\"MIOU 6000 Vape desechable al por mayor 2\" width=\"800\" height=\"800\" \/><\/a> <a href=\"https:\/\/i0.wp.com\/www.vape4wholesale.com\/wp-content\/uploads\/2022\/07\/MIOU-6000-Disposable-Vape-Wholesale-1.jpg?ssl=1\" target=\"_blank\" rel=\"noopener\"><img data-recalc-dims=\"1\" loading=\"lazy\" decoding=\"async\" class=\"alignnone size-full wp-image-5217\" title=\"MIOU 6000 Vape desechable al por mayor 1\" src=\"https:\/\/i0.wp.com\/www.vape4wholesale.com\/wp-content\/uploads\/2022\/07\/MIOU-6000-Disposable-Vape-Wholesale-1.jpg?resize=800%2C800&#038;ssl=1\" alt=\"MIOU 6000 Vape desechable al por mayor 1\" width=\"800\" height=\"800\" \/><\/a><\/p>\n<p><a href=\"https:\/\/i0.wp.com\/www.vape4wholesale.com\/wp-content\/uploads\/2022\/07\/MIOU-6000-Disposable-Vape-Wholesale-10.jpg?ssl=1\" target=\"_blank\" rel=\"noopener\"><img data-recalc-dims=\"1\" loading=\"lazy\" decoding=\"async\" class=\"alignnone size-full wp-image-5249\" title=\"MIOU 6000 Vape desechable al por mayor 10\" src=\"https:\/\/i0.wp.com\/www.vape4wholesale.com\/wp-content\/uploads\/2022\/07\/MIOU-6000-Disposable-Vape-Wholesale-10.jpg?resize=600%2C600&#038;ssl=1\" alt=\"MIOU 6000 Vape desechable al por mayor 10\" width=\"600\" height=\"600\" \/><\/a> <a href=\"https:\/\/i0.wp.com\/www.vape4wholesale.com\/wp-content\/uploads\/2022\/07\/MIOU-6000-Disposable-Vape-Wholesale-7.jpg?ssl=1\" target=\"_blank\" rel=\"noopener\"><img data-recalc-dims=\"1\" loading=\"lazy\" decoding=\"async\" class=\"alignnone size-full wp-image-5237\" title=\"MIOU 6000 Vape desechable al por mayor 7\" src=\"https:\/\/i0.wp.com\/www.vape4wholesale.com\/wp-content\/uploads\/2022\/07\/MIOU-6000-Disposable-Vape-Wholesale-7.jpg?resize=800%2C800&#038;ssl=1\" alt=\"MIOU 6000 Vape desechable al por mayor 7\" width=\"800\" height=\"800\" \/><\/a> <a href=\"https:\/\/i0.wp.com\/www.vape4wholesale.com\/wp-content\/uploads\/2022\/07\/MIOU-6000-Disposable-Vape-Wholesale-6.jpg?ssl=1\" target=\"_blank\" rel=\"noopener\"><img data-recalc-dims=\"1\" loading=\"lazy\" decoding=\"async\" class=\"alignnone size-full wp-image-5233\" title=\"MIOU 6000 Vape desechable al por mayor 6\" src=\"https:\/\/i0.wp.com\/www.vape4wholesale.com\/wp-content\/uploads\/2022\/07\/MIOU-6000-Disposable-Vape-Wholesale-6.jpg?resize=800%2C800&#038;ssl=1\" alt=\"MIOU 6000 Vape desechable al por mayor 6\" width=\"800\" height=\"800\" \/><\/a> <a href=\"https:\/\/i0.wp.com\/www.vape4wholesale.com\/wp-content\/uploads\/2022\/07\/MIOU-6000-Disposable-Vape-Wholesale-8.jpg?ssl=1\" target=\"_blank\" rel=\"noopener\"><img data-recalc-dims=\"1\" loading=\"lazy\" decoding=\"async\" class=\"alignnone wp-image-5241 size-full\" title=\"MIOU 6000 Vape desechable al por mayor 8\" src=\"https:\/\/i0.wp.com\/www.vape4wholesale.com\/wp-content\/uploads\/2022\/07\/MIOU-6000-Disposable-Vape-Wholesale-8.jpg?resize=800%2C800&#038;ssl=1\" alt=\"MIOU 6000 Vape desechable al por mayor 8\" width=\"800\" height=\"800\" \/><\/a><\/p>","protected":false},"excerpt":{"rendered":"<p>MIOU 6000 Puffs Vape desechable al por mayor ofrece un rendimiento de la bater\u00eda de larga duraci\u00f3n, un dise\u00f1o port\u00e1til y una salida de vapor suave, por lo que es perfecto para vapear sobre la marcha.<\/p>","protected":false},"featured_media":2473,"comment_status":"closed","ping_status":"closed","template":"","meta":[],"product_brand":[],"product_cat":[22],"product_tag":[393,394,395],"class_list":{"0":"post-2156","1":"product","2":"type-product","3":"status-publish","4":"has-post-thumbnail","6":"product_cat-disposable-vape-sticks","7":"product_tag-miou-6000-puffs","8":"product_tag-miou-cola-vape","9":"product_tag-miou-disposable","11":"first","12":"instock","13":"shipping-taxable","14":"purchasable","15":"product-type-simple"},"jetpack_sharing_enabled":true,"tiered_pricing_type":"fixed","tiered_pricing_fixed_rules":{"5000":10,"10000":9,"50000":8},"tiered_pricing_product_settings":{"layout":"default","base_unit_name":{"singular":null,"plural":null},"default_variation":null},"tiered_pricing_minimum_quantity":60,"tiered_pricing_roles_data":[],"tiered_pricing_percentage_rules":[],"tiered_pricing_maximum_quantity":null,"tiered_pricing_quantity_step":null,"_links":{"self":[{"href":"https:\/\/cloudsupplyvapes.com\/es\/wp-json\/wp\/v2\/product\/2156","targetHints":{"allow":["GET"]}}],"collection":[{"href":"https:\/\/cloudsupplyvapes.com\/es\/wp-json\/wp\/v2\/product"}],"about":[{"href":"https:\/\/cloudsupplyvapes.com\/es\/wp-json\/wp\/v2\/types\/product"}],"replies":[{"embeddable":true,"href":"https:\/\/cloudsupplyvapes.com\/es\/wp-json\/wp\/v2\/comments?post=2156"}],"wp:featuredmedia":[{"embeddable":true,"href":"https:\/\/cloudsupplyvapes.com\/es\/wp-json\/wp\/v2\/media\/2473"}],"wp:attachment":[{"href":"https:\/\/cloudsupplyvapes.com\/es\/wp-json\/wp\/v2\/media?parent=2156"}],"wp:term":[{"taxonomy":"product_brand","embeddable":true,"href":"https:\/\/cloudsupplyvapes.com\/es\/wp-json\/wp\/v2\/product_brand?post=2156"},{"taxonomy":"product_cat","embeddable":true,"href":"https:\/\/cloudsupplyvapes.com\/es\/wp-json\/wp\/v2\/product_cat?post=2156"},{"taxonomy":"product_tag","embeddable":true,"href":"https:\/\/cloudsupplyvapes.com\/es\/wp-json\/wp\/v2\/product_tag?post=2156"}],"curies":[{"name":"wp","href":"https:\/\/api.w.org\/{rel}","templated":true}]}}