{"id":2158,"date":"2024-10-19T02:23:25","date_gmt":"2024-10-19T02:23:25","guid":{"rendered":"https:\/\/cloudsupplyvapes.com\/?post_type=product&#038;p=2158"},"modified":"2024-11-26T07:30:13","modified_gmt":"2024-11-26T07:30:13","slug":"-90","status":"publish","type":"product","link":"https:\/\/cloudsupplyvapes.com\/es\/product\/bang-xxl-2000-puffs-disposable-vape-wholesale-2\/","title":{"rendered":"Bang XXL 2000 Puffs Vape desechable al por mayor Dise\u00f1o ligero para principiantes"},"content":{"rendered":"<p>Presentamos el Bang XXL Disposable Vape, la \u00faltima innovaci\u00f3n de la marca Bang, dise\u00f1ado para la longevidad y rico sabor. Este dispositivo establece un nuevo est\u00e1ndar con sus 2000 caladas por unidad, asegurando una semana de placer vaping sin la necesidad de reemplazos frecuentes. El Bang XXL destaca como un vapeador desechable premium que ofrece sabores intensos y satisfactorios en cada calada.<\/p>\n<p>Activar el Bang XXL es muy sencillo, sin botones ni complicaciones. S\u00f3lo tienes que inhalar para desbloquear un mundo de frutas ex\u00f3ticas, suculentas y refrescantes sabores de menta que tientan las papilas gustativas. Cada vape viene precargado con 6,5 ml de e-zumo en cautivadoras variedades como Icy Banana y Cool Mint, dentro de un dise\u00f1o elegante y port\u00e1til.<\/p>\n<p>En el coraz\u00f3n del dispositivo se encuentra una robusta bater\u00eda de 800mAh, que complementa el cartucho de alta capacidad para un uso prolongado. Adem\u00e1s, la formulaci\u00f3n de sales de nicotina realza los sabores del e-zumo, proporcionando una experiencia de sabor m\u00e1s intensa. El Bang XXL es m\u00e1s que un vapeador desechable; es un sistema de vapeo todo en uno que combina la comodidad con la calidad, dirigido tanto a vapeadores principiantes como experimentados.<\/p>\n<h2><strong>Caracter\u00edsticas y especificaciones<\/strong><\/h2>\n<ul>\n<li>Hay 2000 Puffs disponibles por dispositivo.<\/li>\n<li>El dispositivo es s\u00f3lo para adultos mayores de 21 a\u00f1os y no es para menores.<\/li>\n<li>La relaci\u00f3n Vg\/Pg es de 70\/30 Blend respectivamente.<\/li>\n<li>La potencia de nicotina es 5% O 50MG.<\/li>\n<li>La esperanza de vida del dispositivo es de unos 2 a\u00f1os.<\/li>\n<li>La capacidad de e-zumo del dispositivo es de 6,5 ml.<\/li>\n<li>Es un dise\u00f1o sin botones.<\/li>\n<li>Bater\u00eda de 850 mAh.<\/li>\n<li>Se garantiza que el dispositivo es 100% aut\u00e9ntico.<\/li>\n<\/ul>\n<h2><strong>Sabores<\/strong><\/h2>\n<ul>\n<li>Hielo de uva<\/li>\n<li>Hielo chicle<\/li>\n<li>Menta fresca<\/li>\n<li>Hielo de pl\u00e1tano<\/li>\n<li>Osito de goma<\/li>\n<li>Hielo de ar\u00e1ndanos<\/li>\n<li>Melocot\u00f3n helado<\/li>\n<li>Helado de fresa<\/li>\n<li>Strawnana<\/li>\n<li>Sand\u00eda Lush<\/li>\n<li>Refresco de naranja<\/li>\n<li>Mezcla de bayas<\/li>\n<li>Red Bull<\/li>\n<li>Hielo de manzana<\/li>\n<li>Manzana roja<\/li>\n<\/ul>\n<h2><strong>Embalaje y peso<\/strong><\/h2>\n<p>Tama\u00f1o de la caja principal: 44,5*43,5*27 mm, 300 unidades en el interior, 19,5 kg<\/p>\n<h2>El producto Bang XXL 2000 Puffs est\u00e1 descatalogado, aqu\u00ed est\u00e1 el producto de nueva generaci\u00f3n:<\/h2>\n<blockquote class=\"wp-embedded-content\" data-secret=\"1WzdnytNre\"><p><a href=\"https:\/\/shop.vape.hk\/product\/bang-bc5000-disposable-vape-wholesale\/\" target=\"_blank\" rel=\"noopener\">BANG BC5000 Vape desechable al por mayor<\/a><\/p><\/blockquote>\n<p><iframe loading=\"lazy\" class=\"wp-embedded-content\" sandbox=\"allow-scripts\" security=\"restricted\" style=\"position: absolute; visibility: hidden;\" title=\"\u201cBANG BC5000 Vape desechable al por mayor\u201d - VAPE HK SHOP | WHOLESALE\" src=\"https:\/\/shop.vape.hk\/product\/bang-bc5000-disposable-vape-wholesale\/embed\/#?secret=SpbVUltEHg#?secret=1WzdnytNre\" data-secret=\"1WzdnytNre\" width=\"600\" height=\"338\" frameborder=\"0\" marginwidth=\"0\" marginheight=\"0\" scrolling=\"no\"><\/iframe><\/p>","protected":false},"excerpt":{"rendered":"<p>Bang XXL 2000 Puffs Vape desechable al por mayor es para principiantes, con una construcci\u00f3n ligera, suaves golpes de garganta, y la entrega de vapor consistente para vapear sin esfuerzo.<\/p>","protected":false},"featured_media":2496,"comment_status":"closed","ping_status":"closed","template":"","meta":[],"product_brand":[],"product_cat":[481,22],"product_tag":[399,400,401],"class_list":{"0":"post-2158","1":"product","2":"type-product","3":"status-publish","4":"has-post-thumbnail","6":"product_cat-bang","7":"product_cat-disposable-vape-sticks","8":"product_tag-bang-vape-wholesale","9":"product_tag-bang-xxl-2000","10":"product_tag-bang-xxl-vape","12":"first","13":"instock","14":"shipping-taxable","15":"purchasable","16":"product-type-simple"},"jetpack_sharing_enabled":true,"tiered_pricing_type":"fixed","tiered_pricing_fixed_rules":{"5000":6,"10000":5,"50000":3.899999999999999911182158029987476766109466552734375},"tiered_pricing_product_settings":{"layout":"default","base_unit_name":{"singular":null,"plural":null},"default_variation":null},"tiered_pricing_minimum_quantity":60,"tiered_pricing_roles_data":[],"tiered_pricing_percentage_rules":[],"tiered_pricing_maximum_quantity":null,"tiered_pricing_quantity_step":null,"_links":{"self":[{"href":"https:\/\/cloudsupplyvapes.com\/es\/wp-json\/wp\/v2\/product\/2158","targetHints":{"allow":["GET"]}}],"collection":[{"href":"https:\/\/cloudsupplyvapes.com\/es\/wp-json\/wp\/v2\/product"}],"about":[{"href":"https:\/\/cloudsupplyvapes.com\/es\/wp-json\/wp\/v2\/types\/product"}],"replies":[{"embeddable":true,"href":"https:\/\/cloudsupplyvapes.com\/es\/wp-json\/wp\/v2\/comments?post=2158"}],"wp:featuredmedia":[{"embeddable":true,"href":"https:\/\/cloudsupplyvapes.com\/es\/wp-json\/wp\/v2\/media\/2496"}],"wp:attachment":[{"href":"https:\/\/cloudsupplyvapes.com\/es\/wp-json\/wp\/v2\/media?parent=2158"}],"wp:term":[{"taxonomy":"product_brand","embeddable":true,"href":"https:\/\/cloudsupplyvapes.com\/es\/wp-json\/wp\/v2\/product_brand?post=2158"},{"taxonomy":"product_cat","embeddable":true,"href":"https:\/\/cloudsupplyvapes.com\/es\/wp-json\/wp\/v2\/product_cat?post=2158"},{"taxonomy":"product_tag","embeddable":true,"href":"https:\/\/cloudsupplyvapes.com\/es\/wp-json\/wp\/v2\/product_tag?post=2158"}],"curies":[{"name":"wp","href":"https:\/\/api.w.org\/{rel}","templated":true}]}}