{"id":2159,"date":"2024-10-19T02:23:25","date_gmt":"2024-10-19T02:23:25","guid":{"rendered":"https:\/\/cloudsupplyvapes.com\/?post_type=product&#038;p=2159"},"modified":"2024-11-26T07:30:24","modified_gmt":"2024-11-26T07:30:24","slug":"bang-bc5000-desechable-vape-al-por-mayor-2","status":"publish","type":"product","link":"https:\/\/cloudsupplyvapes.com\/es\/product\/bang-bc5000-disposable-vape-wholesale\/","title":{"rendered":"BANG BC5000 Vape desechable al por mayor de alta capacidad de construcci\u00f3n duradera"},"content":{"rendered":"<p><strong>Bang BC5000 <\/strong>es un vape recargable desechable, viene con una bater\u00eda incorporada de 650mah con 13ml de eliquid, la fuerza de la nicotina es 5%, soporta un m\u00e1ximo de 5000 caladas.<\/p>\n<p>&nbsp;<\/p>\n<h2>Bang BC5000 Detalle r\u00e1pido<\/h2>\n<p>Puffs: 5000<br \/>\nSal de nicotina: 5%<br \/>\nCapacidad del eliquid: 13ML<br \/>\nResistencia: malla de 1,2 ohmios<br \/>\nPeso corporal: 52 g<br \/>\nTama\u00f1o de la caja: 52,3*38*28,5 cm<br \/>\nPeso de la caja: 16.5kg\/ 300 PCS<br \/>\nPuerto de carga: Tipo C<\/p>\n<p>&nbsp;<\/p>\n<h2>Sabores Bang BC5000<\/h2>\n<p>1. MANGO FRESA<br \/>\n2. HELADO DE FRESA<br \/>\n3. UVA SAKURA<br \/>\n4. HIELO DE SAND\u00cdA<br \/>\n5. AR\u00c1NDANO FRAMBUESAHIELO<br \/>\n6. KIWI FRUTA DE LA PASI\u00d3N GUAYABA<br \/>\n7. FRESA KIWI<br \/>\n8. BEBIDA ENERG\u00c9TICA<br \/>\n9. MELOCOT\u00d3N MANGO SAND\u00cdA<br \/>\n10. MENTA FRIA<br \/>\n11. HIELO DE AR\u00c1NDANO<br \/>\n12. HIELO DE PI\u00d1A Y COCO<br \/>\n13. FRESA GUAYABA<br \/>\n14. KIWI FRUTA DE LA PASI\u00d3N GUAYABA<br \/>\n15. FRUTA MIXTA<br \/>\n16. HIELO NEGRO<br \/>\n17. FRESA SAND\u00cdA<br \/>\n18. CHICLE DE SAND\u00cdA<br \/>\n19. HIELO DE FRESA<br \/>\n20. FRESA PL\u00c1TANO<\/p>\n<div>Bang Bc 5000 Las ventajas de los cigarrillos electr\u00f3nicos desechables<\/div>\n<div><\/div>\n<div>La Bang BC 5000 destaca por su gran capacidad, su dise\u00f1o compacto y sus funciones f\u00e1ciles de usar. Su gran cantidad de caladas y su amplia gama de sabores garantizan que puedas disfrutar de tus sabores favoritos durante m\u00e1s tiempo. Adem\u00e1s, los niveles de nicotina personalizables y las opciones de nicotina cero pueden ayudarte a reducir la ingesta de nicotina para que te apetezca fumar mientras te ayudan a dejar de fumar.<\/div>\n<div>Este producto es recargable, puede satisfacer nuestras necesidades diarias, abierto en cualquier momento y en cualquier lugar de fumar<\/div>","protected":false},"excerpt":{"rendered":"<p>El BANG BC5000 Vape desechable al por mayor cuenta con un dise\u00f1o de alta capacidad y construcci\u00f3n duradera, lo que garantiza la producci\u00f3n de vapor suave y un rendimiento de larga duraci\u00f3n.<\/p>","protected":false},"featured_media":2505,"comment_status":"closed","ping_status":"closed","template":"","meta":[],"product_brand":[],"product_cat":[481,22],"product_tag":[402,403,404,399],"class_list":{"0":"post-2159","1":"product","2":"type-product","3":"status-publish","4":"has-post-thumbnail","6":"product_cat-bang","7":"product_cat-disposable-vape-sticks","8":"product_tag-bang-5000-puffs","9":"product_tag-bang-bc5000","10":"product_tag-bang-box","11":"product_tag-bang-vape-wholesale","13":"first","14":"instock","15":"featured","16":"shipping-taxable","17":"purchasable","18":"product-type-simple"},"jetpack_sharing_enabled":true,"tiered_pricing_type":"fixed","tiered_pricing_fixed_rules":{"30":6.88999999999999968025576890795491635799407958984375,"50":6.4900000000000002131628207280300557613372802734375,"100":5.88999999999999968025576890795491635799407958984375,"200":5.4900000000000002131628207280300557613372802734375},"tiered_pricing_product_settings":{"layout":"default","base_unit_name":{"singular":null,"plural":null},"default_variation":null},"tiered_pricing_minimum_quantity":10,"tiered_pricing_roles_data":[],"tiered_pricing_percentage_rules":[],"tiered_pricing_maximum_quantity":null,"tiered_pricing_quantity_step":null,"_links":{"self":[{"href":"https:\/\/cloudsupplyvapes.com\/es\/wp-json\/wp\/v2\/product\/2159","targetHints":{"allow":["GET"]}}],"collection":[{"href":"https:\/\/cloudsupplyvapes.com\/es\/wp-json\/wp\/v2\/product"}],"about":[{"href":"https:\/\/cloudsupplyvapes.com\/es\/wp-json\/wp\/v2\/types\/product"}],"replies":[{"embeddable":true,"href":"https:\/\/cloudsupplyvapes.com\/es\/wp-json\/wp\/v2\/comments?post=2159"}],"wp:featuredmedia":[{"embeddable":true,"href":"https:\/\/cloudsupplyvapes.com\/es\/wp-json\/wp\/v2\/media\/2505"}],"wp:attachment":[{"href":"https:\/\/cloudsupplyvapes.com\/es\/wp-json\/wp\/v2\/media?parent=2159"}],"wp:term":[{"taxonomy":"product_brand","embeddable":true,"href":"https:\/\/cloudsupplyvapes.com\/es\/wp-json\/wp\/v2\/product_brand?post=2159"},{"taxonomy":"product_cat","embeddable":true,"href":"https:\/\/cloudsupplyvapes.com\/es\/wp-json\/wp\/v2\/product_cat?post=2159"},{"taxonomy":"product_tag","embeddable":true,"href":"https:\/\/cloudsupplyvapes.com\/es\/wp-json\/wp\/v2\/product_tag?post=2159"}],"curies":[{"name":"wp","href":"https:\/\/api.w.org\/{rel}","templated":true}]}}