{"id":2234,"date":"2024-10-19T02:23:48","date_gmt":"2024-10-19T02:23:48","guid":{"rendered":"https:\/\/cloudsupplyvapes.com\/?post_type=product&#038;p=2234"},"modified":"2024-11-26T07:27:24","modified_gmt":"2024-11-26T07:27:24","slug":"-92","status":"publish","type":"product","link":"https:\/\/cloudsupplyvapes.com\/es\/product\/lavie-box-3500-puffs-rechargeable-disposable-vape-wholesale\/","title":{"rendered":"Lavie Box 3500 Puffs Recargable Vape Desechable Alta Capacidad Vapor Suave al por mayor"},"content":{"rendered":"<p>el <strong>Lavie Box 3500<\/strong> es un vapeador desechable con funci\u00f3n recargable, utiliza una bater\u00eda incorporada de 400mah y con una capacidad de 11,5 ml de eliquid, soporta un m\u00e1ximo de 3500 caladas.<\/p>\n<h2>Lista de sabores<\/h2>\n<p>Algod\u00f3n de az\u00facar<br \/>\nUva Naranja Manzana<br \/>\nHielo exuberante<br \/>\nMango Ice<br \/>\nMezcla de bayas<br \/>\nO.M.G<br \/>\nMelocot\u00f3n helado<br \/>\nFresa Coco Pi\u00f1a<\/p>\n<h2>Peso y embalaje<\/h2>\n<p>Tama\u00f1o del cuerpo: 69*38,5*19,5 mm<\/p>\n<p>Peso corporal: 55 g<\/p>\n<p>10 unidades por paquete<\/p>\n<p>13,5 KG\/Cart\u00f3n incluye 240 unidades.<\/p>\n<h2>ODM\/OEM:<\/h2>\n<p>1000 unidades por sabor<\/p>\n<p>Potencia de nicotina a elegir para pedidos OEM\/ODM: 0%, 1%, 2%, 3%, 5%.<\/p>\n<p><a href=\"https:\/\/i0.wp.com\/www.vape4wholesale.com\/wp-content\/uploads\/2022\/03\/Lavie-Box-3500-Disposable-Vape-Wholesale-All-Flavors.jpg?ssl=1\" target=\"_blank\" rel=\"noopener\"><img data-recalc-dims=\"1\" loading=\"lazy\" decoding=\"async\" class=\"alignnone size-full wp-image-2682\" title=\"Lavie Box 3500 Vape desechable al por mayor Todos los sabores\" src=\"https:\/\/i0.wp.com\/www.vape4wholesale.com\/wp-content\/uploads\/2022\/03\/Lavie-Box-3500-Disposable-Vape-Wholesale-All-Flavors.jpg?resize=800%2C800&#038;ssl=1\" alt=\"Lavie Box 3500 Vape desechable al por mayor Todos los sabores\" width=\"800\" height=\"800\" \/><\/a><a href=\"https:\/\/i0.wp.com\/www.vape4wholesale.com\/wp-content\/uploads\/2022\/03\/Lavie-Box-3500-Disposable-Vape-Wholesale-All-Flavors_2.jpg?ssl=1\" target=\"_blank\" rel=\"noopener\"><img data-recalc-dims=\"1\" loading=\"lazy\" decoding=\"async\" class=\"alignnone wp-image-2685 size-full\" title=\"Lavie Box 3500 Vape desechable al por mayor Todos los sabores 2\" src=\"https:\/\/i0.wp.com\/www.vape4wholesale.com\/wp-content\/uploads\/2022\/03\/Lavie-Box-3500-Disposable-Vape-Wholesale-All-Flavors_2.jpg?resize=800%2C2000&#038;ssl=1\" alt=\"Lavie Box 3500 Vape desechable al por mayor Todos los sabores 2\" width=\"800\" height=\"2000\" \/><\/a><a href=\"https:\/\/i0.wp.com\/www.vape4wholesale.com\/wp-content\/uploads\/2022\/03\/Lavie-Box-3500-Disposable-Vape-Wholesale-All-Flavors_5.jpg?ssl=1\" target=\"_blank\" rel=\"noopener\"><img data-recalc-dims=\"1\" loading=\"lazy\" decoding=\"async\" class=\"alignnone size-full wp-image-2694\" title=\"Lavie Box 3500 Vape desechable al por mayor Todos los sabores 5\" src=\"https:\/\/i0.wp.com\/www.vape4wholesale.com\/wp-content\/uploads\/2022\/03\/Lavie-Box-3500-Disposable-Vape-Wholesale-All-Flavors_5.jpg?resize=800%2C800&#038;ssl=1\" alt=\"Lavie Box 3500 Vape desechable al por mayor Todos los sabores 5\" width=\"800\" height=\"800\" \/><\/a> <a href=\"https:\/\/i0.wp.com\/www.vape4wholesale.com\/wp-content\/uploads\/2022\/03\/Lavie-Box-3500-Disposable-Vape-Wholesale-All-Flavors_4.jpg?ssl=1\" target=\"_blank\" rel=\"noopener\"><img data-recalc-dims=\"1\" loading=\"lazy\" decoding=\"async\" class=\"alignnone size-full wp-image-2691\" title=\"Lavie Box 3500 Vape desechable al por mayor Todos los sabores 4\" src=\"https:\/\/i0.wp.com\/www.vape4wholesale.com\/wp-content\/uploads\/2022\/03\/Lavie-Box-3500-Disposable-Vape-Wholesale-All-Flavors_4.jpg?resize=800%2C800&#038;ssl=1\" alt=\"Lavie Box 3500 Vape desechable al por mayor Todos los sabores 4\" width=\"800\" height=\"800\" \/><\/a> <a href=\"https:\/\/i0.wp.com\/www.vape4wholesale.com\/wp-content\/uploads\/2022\/03\/Lavie-Box-3500-Disposable-Vape-Wholesale-All-Flavors_3.jpg?ssl=1\" target=\"_blank\" rel=\"noopener\"><img data-recalc-dims=\"1\" loading=\"lazy\" decoding=\"async\" class=\"alignnone size-full wp-image-2688\" title=\"Lavie Box 3500 Vape desechable al por mayor Todos los sabores 3\" src=\"https:\/\/i0.wp.com\/www.vape4wholesale.com\/wp-content\/uploads\/2022\/03\/Lavie-Box-3500-Disposable-Vape-Wholesale-All-Flavors_3.jpg?resize=800%2C800&#038;ssl=1\" alt=\"Lavie Box 3500 Vape desechable al por mayor Todos los sabores 3\" width=\"800\" height=\"800\" \/><\/a><\/p>\n<p><a href=\"https:\/\/i0.wp.com\/www.vape4wholesale.com\/wp-content\/uploads\/2022\/03\/Lavie-Box-3500-Disposable-vape-wholesale-packing-1.jpg?ssl=1\" target=\"_blank\" rel=\"noopener\"><img data-recalc-dims=\"1\" loading=\"lazy\" decoding=\"async\" class=\"alignnone size-large wp-image-2713\" title=\"Lavie Box 3500 Vape desechable al por mayor embalaje 1\" src=\"https:\/\/i0.wp.com\/www.vape4wholesale.com\/wp-content\/uploads\/2022\/03\/Lavie-Box-3500-Disposable-vape-wholesale-packing-1.jpg?resize=800%2C800&#038;ssl=1\" alt=\"Lavie Box 3500 Vape desechable al por mayor embalaje 1\" width=\"800\" height=\"800\" \/><\/a> <a href=\"https:\/\/i0.wp.com\/www.vape4wholesale.com\/wp-content\/uploads\/2022\/03\/Lavie-Box-3500-Disposable-vape-wholesale-packing-2.jpg?ssl=1\" target=\"_blank\" rel=\"noopener\"><img data-recalc-dims=\"1\" loading=\"lazy\" decoding=\"async\" class=\"alignnone size-large wp-image-2716\" title=\"Lavie Box 3500 Vape desechable al por mayor embalaje 2\" src=\"https:\/\/i0.wp.com\/www.vape4wholesale.com\/wp-content\/uploads\/2022\/03\/Lavie-Box-3500-Disposable-vape-wholesale-packing-2.jpg?resize=800%2C800&#038;ssl=1\" alt=\"Lavie Box 3500 Vape desechable al por mayor embalaje 2\" width=\"800\" height=\"800\" \/><\/a> <a href=\"https:\/\/i0.wp.com\/www.vape4wholesale.com\/wp-content\/uploads\/2022\/03\/Lavie-Box-3500-Disposable-vape-wholesale-packing-3.jpg?ssl=1\" target=\"_blank\" rel=\"noopener\"><img data-recalc-dims=\"1\" loading=\"lazy\" decoding=\"async\" class=\"alignnone size-large wp-image-2719\" title=\"Lavie Box 3500 Vape desechable al por mayor embalaje 3\" src=\"https:\/\/i0.wp.com\/www.vape4wholesale.com\/wp-content\/uploads\/2022\/03\/Lavie-Box-3500-Disposable-vape-wholesale-packing-3.jpg?resize=800%2C800&#038;ssl=1\" alt=\"Lavie Box 3500 Vape desechable al por mayor embalaje 3\" width=\"800\" height=\"800\" \/><\/a><\/p>\n<p>&nbsp;<\/p>","protected":false},"excerpt":{"rendered":"<p>Lavie Box 3500 Puffs Recargable Vape Desechable Mayorista combina alta capacidad, suave producci\u00f3n de vapor y comodidad recargable para un vapeo ecol\u00f3gico y eficiente.<\/p>","protected":false},"featured_media":2583,"comment_status":"closed","ping_status":"closed","template":"","meta":[],"product_brand":[],"product_cat":[22],"product_tag":[414,415],"class_list":{"0":"post-2234","1":"product","2":"type-product","3":"status-publish","4":"has-post-thumbnail","6":"product_cat-disposable-vape-sticks","7":"product_tag-lavie-box-3500","8":"product_tag-rechargeable-vape","10":"first","11":"instock","12":"shipping-taxable","13":"purchasable","14":"product-type-simple"},"jetpack_sharing_enabled":true,"tiered_pricing_type":"fixed","tiered_pricing_fixed_rules":{"5000":6,"10000":5,"50000":4},"tiered_pricing_product_settings":{"layout":"default","base_unit_name":{"singular":null,"plural":null},"default_variation":null},"tiered_pricing_minimum_quantity":null,"tiered_pricing_roles_data":[],"tiered_pricing_percentage_rules":[],"tiered_pricing_maximum_quantity":null,"tiered_pricing_quantity_step":null,"_links":{"self":[{"href":"https:\/\/cloudsupplyvapes.com\/es\/wp-json\/wp\/v2\/product\/2234","targetHints":{"allow":["GET"]}}],"collection":[{"href":"https:\/\/cloudsupplyvapes.com\/es\/wp-json\/wp\/v2\/product"}],"about":[{"href":"https:\/\/cloudsupplyvapes.com\/es\/wp-json\/wp\/v2\/types\/product"}],"replies":[{"embeddable":true,"href":"https:\/\/cloudsupplyvapes.com\/es\/wp-json\/wp\/v2\/comments?post=2234"}],"wp:featuredmedia":[{"embeddable":true,"href":"https:\/\/cloudsupplyvapes.com\/es\/wp-json\/wp\/v2\/media\/2583"}],"wp:attachment":[{"href":"https:\/\/cloudsupplyvapes.com\/es\/wp-json\/wp\/v2\/media?parent=2234"}],"wp:term":[{"taxonomy":"product_brand","embeddable":true,"href":"https:\/\/cloudsupplyvapes.com\/es\/wp-json\/wp\/v2\/product_brand?post=2234"},{"taxonomy":"product_cat","embeddable":true,"href":"https:\/\/cloudsupplyvapes.com\/es\/wp-json\/wp\/v2\/product_cat?post=2234"},{"taxonomy":"product_tag","embeddable":true,"href":"https:\/\/cloudsupplyvapes.com\/es\/wp-json\/wp\/v2\/product_tag?post=2234"}],"curies":[{"name":"wp","href":"https:\/\/api.w.org\/{rel}","templated":true}]}}