{"id":2326,"date":"2024-10-19T02:24:14","date_gmt":"2024-10-19T02:24:14","guid":{"rendered":"https:\/\/cloudsupplyvapes.com\/?post_type=product&#038;p=2326"},"modified":"2024-11-26T07:25:55","modified_gmt":"2024-11-26T07:25:55","slug":"-93","status":"publish","type":"product","link":"https:\/\/cloudsupplyvapes.com\/es\/product\/aokit-cube-2-disposable-vape-wholesale-3200-puffs\/","title":{"rendered":"Aokit Cube 2 Vape desechable al por mayor 3200 Puffs Dise\u00f1o ligero"},"content":{"rendered":"<p>Aokit Cube 2 Kit desechable viene con un dise\u00f1o a prueba de fugas con bater\u00eda de 1800 mah, que puede durar alrededor de 3200 caladas, el e-l\u00edquido es de 12 ml con 5% fuerza de la nicotina.tiene una apariencia simple vape pluma sin botones y decoraciones innecesarias. Alimentado por una bater\u00eda incorporada de 1800mA, adopta un mecanismo de disparo activado por extracci\u00f3n, 9 sabores opcionales.<\/p>\n<p><img data-recalc-dims=\"1\" loading=\"lazy\" decoding=\"async\" class=\"alignnone size-large wp-image-599\" title=\"AOKIT CUBE 2 3200 PUFFS VAPE DESECHABLE 5\" src=\"https:\/\/i0.wp.com\/www.vape4wholesale.com\/wp-content\/uploads\/2021\/07\/AOKIT-CUBE-2-3200-PUFFS-DISPOSABLE-VAPE-5-1024x460.jpg?resize=1020%2C458&#038;ssl=1\" alt=\"AOKIT CUBE 2 3200 PUFFS VAPE DESECHABLE 5\" width=\"1020\" height=\"458\" \/><\/p>\n<h2 class=\"second-title\"><strong>Caracter\u00edsticas<\/strong><\/h2>\n<ul>\n<li>Dise\u00f1o de vaporizador desechable compacto y port\u00e1til<\/li>\n<li>Activaci\u00f3n autom\u00e1tica del sorteo<\/li>\n<li>1800mAh M\u00e1s potencia Uso m\u00e1s prolongado<\/li>\n<li>Zumo precargado de 12 ml con una concentraci\u00f3n de nicotina de 5%<\/li>\n<li>9 sabores Opcional<\/li>\n<\/ul>\n<h2 class=\"title\">ESPECIFICACI\u00d3N<\/h2>\n<div class=\"specification\">\n<div class=\"splist\"><em>Tama\u00f1o:<\/em>20mm*131mm<\/div>\n<div class=\"splist\"><em>Capacidad de la bater\u00eda:<\/em>1800mAh<\/div>\n<div class=\"splist\"><em>Capacidad de e-jugo:<\/em>12 ml<\/div>\n<div class=\"splist\"><em>Puffs:<\/em>3200<\/div>\n<div class=\"splist\"><em>Nicotina:<\/em>5%<\/div>\n<\/div>\n<h2><strong>9 sabores<\/strong><\/h2>\n<p>Bebida energ\u00e9tica<br \/>\nHielo de ar\u00e1ndanos<br \/>\nSand\u00eda con fresa<br \/>\nAlgod\u00f3n de az\u00facar<br \/>\nMelocot\u00f3n helado<br \/>\nHielo exuberante<br \/>\nBlue Razz<br \/>\nPi\u00f1a Coco<br \/>\nFresa helada<\/p>\n<h2><strong>INFORMACI\u00d3N SOBRE EL EMBALAJE<\/strong><\/h2>\n<p>300PCS\/cart\u00f3n, GW: 20.4KG<\/p>\n<h2><strong>MOQ PARA OEM:<\/strong><\/h2>\n<p>2000 PCS \/ Sabor<\/p>\n<p>&nbsp;<\/p>","protected":false},"excerpt":{"rendered":"<p>Aokit Cube 2 Vape desechable al por mayor ofrece 3200 caladas con un dise\u00f1o ligero y port\u00e1til, con suaves golpes de garganta y un funcionamiento sin problemas para vaping agradable.<\/p>","protected":false},"featured_media":2620,"comment_status":"closed","ping_status":"closed","template":"","meta":[],"product_brand":[],"product_cat":[22],"product_tag":[351,418,421],"class_list":{"0":"post-2326","1":"product","2":"type-product","3":"status-publish","4":"has-post-thumbnail","6":"product_cat-disposable-vape-sticks","7":"product_tag-3200-puffs","8":"product_tag-aokit","9":"product_tag-cube-2","11":"first","12":"instock","13":"shipping-taxable","14":"purchasable","15":"product-type-simple"},"jetpack_sharing_enabled":true,"tiered_pricing_type":"fixed","tiered_pricing_fixed_rules":{"5000":8,"10000":7,"50000":6},"tiered_pricing_product_settings":{"layout":"default","base_unit_name":{"singular":null,"plural":null},"default_variation":null},"tiered_pricing_minimum_quantity":60,"tiered_pricing_roles_data":[],"tiered_pricing_percentage_rules":[],"tiered_pricing_maximum_quantity":null,"tiered_pricing_quantity_step":null,"_links":{"self":[{"href":"https:\/\/cloudsupplyvapes.com\/es\/wp-json\/wp\/v2\/product\/2326","targetHints":{"allow":["GET"]}}],"collection":[{"href":"https:\/\/cloudsupplyvapes.com\/es\/wp-json\/wp\/v2\/product"}],"about":[{"href":"https:\/\/cloudsupplyvapes.com\/es\/wp-json\/wp\/v2\/types\/product"}],"replies":[{"embeddable":true,"href":"https:\/\/cloudsupplyvapes.com\/es\/wp-json\/wp\/v2\/comments?post=2326"}],"wp:featuredmedia":[{"embeddable":true,"href":"https:\/\/cloudsupplyvapes.com\/es\/wp-json\/wp\/v2\/media\/2620"}],"wp:attachment":[{"href":"https:\/\/cloudsupplyvapes.com\/es\/wp-json\/wp\/v2\/media?parent=2326"}],"wp:term":[{"taxonomy":"product_brand","embeddable":true,"href":"https:\/\/cloudsupplyvapes.com\/es\/wp-json\/wp\/v2\/product_brand?post=2326"},{"taxonomy":"product_cat","embeddable":true,"href":"https:\/\/cloudsupplyvapes.com\/es\/wp-json\/wp\/v2\/product_cat?post=2326"},{"taxonomy":"product_tag","embeddable":true,"href":"https:\/\/cloudsupplyvapes.com\/es\/wp-json\/wp\/v2\/product_tag?post=2326"}],"curies":[{"name":"wp","href":"https:\/\/api.w.org\/{rel}","templated":true}]}}