{"id":2633,"date":"2024-10-19T02:25:27","date_gmt":"2024-10-19T02:25:27","guid":{"rendered":"https:\/\/cloudsupplyvapes.com\/?post_type=product&#038;p=2633"},"modified":"2024-11-26T07:25:33","modified_gmt":"2024-11-26T07:25:33","slug":"-95","status":"publish","type":"product","link":"https:\/\/cloudsupplyvapes.com\/es\/product\/elfworld-dc5000-ultra-5000-puffs-disposable-wholesale\/","title":{"rendered":"ELFWORLD DC5000 ULTRA 5000 Puffs Vape desechable al por mayor Elegante construcci\u00f3n de larga duraci\u00f3n"},"content":{"rendered":"<p><strong>Sabores:<\/strong><\/p>\n<p>1.Algod\u00f3n de az\u00facar azul<br \/>\n2.Blue razz ice<br \/>\n3.Fruta del drag\u00f3n pl\u00e1tano baya<br \/>\n4.Miel de uva<br \/>\n5.Kiwi fruta del drag\u00f3n baya<br \/>\n6.Kiwi fruta de la pasi\u00f3n guayaba<br \/>\n7.Menta<br \/>\n8.Refresco de naranja<br \/>\n9.Sand\u00eda frambuesa<br \/>\n10.Mango fresa<br \/>\n11.Chicle de fresa y sand\u00eda<br \/>\n12.Sand\u00eda fresa melocot\u00f3n<br \/>\n13. Tabaco<br \/>\n14.R\u00e1faga arco iris tropical<br \/>\n15.Hielo de sand\u00eda<\/p>\n<p>&nbsp;<\/p>\n<p><strong>Caracter\u00edsticas:<\/strong><\/p>\n<p>\u26115% Sal de nicotina.<br \/>\n\u261112ML de E-l\u00edquido.<br \/>\nBobina de malla.<br \/>\n\u261115 Sabores disponibles.<br \/>\n\u2611Bater\u00eda recargable.<br \/>\nCarga tipo C<br \/>\nBater\u00eda integrada de 650 mAh.<\/p>\n<p>&nbsp;<\/p>\n<p><strong>Especificaciones:<\/strong><\/p>\n<p>\u261110 unidades en caja expositora.<br \/>\n300 unidades por caja.<br \/>\nTama\u00f1o de la caja:505*250*300 MM<br \/>\nPeso de la caja: 19KG<\/p>","protected":false},"excerpt":{"rendered":"<p>ELFWORLD DC5000 ULTRA 5000 Puffs Vape desechable al por mayor combina un dise\u00f1o elegante, bater\u00eda de larga duraci\u00f3n y salida de vapor suave para sesiones de vapeo prolongadas y de primera calidad.<\/p>","protected":false},"featured_media":2944,"comment_status":"open","ping_status":"closed","template":"","meta":[],"product_brand":[],"product_cat":[22,480],"product_tag":[467],"class_list":{"0":"post-2633","1":"product","2":"type-product","3":"status-publish","4":"has-post-thumbnail","6":"product_cat-disposable-vape-sticks","7":"product_cat-elfworld","8":"product_tag-elfworld","10":"first","11":"instock","12":"shipping-taxable","13":"purchasable","14":"product-type-simple"},"jetpack_sharing_enabled":true,"tiered_pricing_type":"fixed","tiered_pricing_fixed_rules":{"2000":6.29999999999999982236431605997495353221893310546875,"10000":5.9000000000000003552713678800500929355621337890625,"30000":5.5999999999999996447286321199499070644378662109375},"tiered_pricing_product_settings":{"layout":"default","base_unit_name":{"singular":null,"plural":null},"default_variation":null},"tiered_pricing_minimum_quantity":10,"tiered_pricing_roles_data":[],"tiered_pricing_percentage_rules":[],"tiered_pricing_maximum_quantity":null,"tiered_pricing_quantity_step":null,"_links":{"self":[{"href":"https:\/\/cloudsupplyvapes.com\/es\/wp-json\/wp\/v2\/product\/2633","targetHints":{"allow":["GET"]}}],"collection":[{"href":"https:\/\/cloudsupplyvapes.com\/es\/wp-json\/wp\/v2\/product"}],"about":[{"href":"https:\/\/cloudsupplyvapes.com\/es\/wp-json\/wp\/v2\/types\/product"}],"replies":[{"embeddable":true,"href":"https:\/\/cloudsupplyvapes.com\/es\/wp-json\/wp\/v2\/comments?post=2633"}],"wp:featuredmedia":[{"embeddable":true,"href":"https:\/\/cloudsupplyvapes.com\/es\/wp-json\/wp\/v2\/media\/2944"}],"wp:attachment":[{"href":"https:\/\/cloudsupplyvapes.com\/es\/wp-json\/wp\/v2\/media?parent=2633"}],"wp:term":[{"taxonomy":"product_brand","embeddable":true,"href":"https:\/\/cloudsupplyvapes.com\/es\/wp-json\/wp\/v2\/product_brand?post=2633"},{"taxonomy":"product_cat","embeddable":true,"href":"https:\/\/cloudsupplyvapes.com\/es\/wp-json\/wp\/v2\/product_cat?post=2633"},{"taxonomy":"product_tag","embeddable":true,"href":"https:\/\/cloudsupplyvapes.com\/es\/wp-json\/wp\/v2\/product_tag?post=2633"}],"curies":[{"name":"wp","href":"https:\/\/api.w.org\/{rel}","templated":true}]}}