{"id":2687,"date":"2024-10-19T02:25:49","date_gmt":"2024-10-19T02:25:49","guid":{"rendered":"https:\/\/cloudsupplyvapes.com\/?post_type=product&#038;p=2687"},"modified":"2024-11-26T07:22:47","modified_gmt":"2024-11-26T07:22:47","slug":"-97","status":"publish","type":"product","link":"https:\/\/cloudsupplyvapes.com\/es\/product\/elfworld-de-6000-puffs-disposable-wholesale\/","title":{"rendered":"ELFWORLD DE 6000 Puffs Vape desechable al por mayor Dise\u00f1o compacto y duradero"},"content":{"rendered":"<p><strong>Sabores:<\/strong><\/p>\n<p>1.melocot\u00f3n manzana<br \/>\n2.hielo razz azul<br \/>\n3.limonada blue razz<br \/>\n4.hielo de ar\u00e1ndano<br \/>\n5.algod\u00f3n de az\u00facar<br \/>\n6.energ\u00eda<br \/>\n7.uva<br \/>\n8.melocot\u00f3n jugoso<br \/>\n9.kiwi fruta de la pasi\u00f3n guayaba 10.pi\u00f1a mango naranja 11.fresa pl\u00e1tano<br \/>\n12.hielo de fresa<br \/>\n13.helado de fresa<br \/>\n14.helado de vainilla<br \/>\n15.hielo de sand\u00eda<\/p>\n<p>&nbsp;<\/p>\n<p><strong>Caracter\u00edsticas:<\/strong><\/p>\n<p>Sal de nicotina.<br \/>\n13.5ML de E-l\u00edquido.<br \/>\nBobina de malla.<br \/>\n\u261115 Sabores disponibles.<br \/>\n\u2611Bater\u00eda recargable.<br \/>\nCarga tipo C<br \/>\nBater\u00eda integrada de 550 mAh.<\/p>\n<p>&nbsp;<\/p>\n<p><strong>Especificaciones:<\/strong><\/p>\n<p>\u261110 unidades en caja expositora.<br \/>\n300 unidades por caja.<br \/>\nTama\u00f1o de la caja:505*250*300 MM<br \/>\nPeso de la caja: 19.5KG<\/p>","protected":false},"excerpt":{"rendered":"<p>ELFWORLD DE 6000 Puffs Vape desechable al por mayor cuenta con un dise\u00f1o compacto y duradero, que ofrece un rendimiento de vapor suave y un funcionamiento sin problemas para vaping port\u00e1til.<\/p>","protected":false},"featured_media":2948,"comment_status":"open","ping_status":"closed","template":"","meta":[],"product_brand":[],"product_cat":[22,480],"product_tag":[467],"class_list":{"0":"post-2687","1":"product","2":"type-product","3":"status-publish","4":"has-post-thumbnail","6":"product_cat-disposable-vape-sticks","7":"product_cat-elfworld","8":"product_tag-elfworld","10":"first","11":"instock","12":"shipping-taxable","13":"purchasable","14":"product-type-simple"},"jetpack_sharing_enabled":true,"tiered_pricing_type":"fixed","tiered_pricing_fixed_rules":{"2000":7.0999999999999996447286321199499070644378662109375,"10000":6.5999999999999996447286321199499070644378662109375,"30000":6.0999999999999996447286321199499070644378662109375},"tiered_pricing_product_settings":{"layout":"default","base_unit_name":{"singular":null,"plural":null},"default_variation":null},"tiered_pricing_minimum_quantity":10,"tiered_pricing_roles_data":[],"tiered_pricing_percentage_rules":[],"tiered_pricing_maximum_quantity":null,"tiered_pricing_quantity_step":null,"_links":{"self":[{"href":"https:\/\/cloudsupplyvapes.com\/es\/wp-json\/wp\/v2\/product\/2687","targetHints":{"allow":["GET"]}}],"collection":[{"href":"https:\/\/cloudsupplyvapes.com\/es\/wp-json\/wp\/v2\/product"}],"about":[{"href":"https:\/\/cloudsupplyvapes.com\/es\/wp-json\/wp\/v2\/types\/product"}],"replies":[{"embeddable":true,"href":"https:\/\/cloudsupplyvapes.com\/es\/wp-json\/wp\/v2\/comments?post=2687"}],"wp:featuredmedia":[{"embeddable":true,"href":"https:\/\/cloudsupplyvapes.com\/es\/wp-json\/wp\/v2\/media\/2948"}],"wp:attachment":[{"href":"https:\/\/cloudsupplyvapes.com\/es\/wp-json\/wp\/v2\/media?parent=2687"}],"wp:term":[{"taxonomy":"product_brand","embeddable":true,"href":"https:\/\/cloudsupplyvapes.com\/es\/wp-json\/wp\/v2\/product_brand?post=2687"},{"taxonomy":"product_cat","embeddable":true,"href":"https:\/\/cloudsupplyvapes.com\/es\/wp-json\/wp\/v2\/product_cat?post=2687"},{"taxonomy":"product_tag","embeddable":true,"href":"https:\/\/cloudsupplyvapes.com\/es\/wp-json\/wp\/v2\/product_tag?post=2687"}],"curies":[{"name":"wp","href":"https:\/\/api.w.org\/{rel}","templated":true}]}}