{"id":2689,"date":"2024-10-19T02:25:49","date_gmt":"2024-10-19T02:25:49","guid":{"rendered":"https:\/\/cloudsupplyvapes.com\/?post_type=product&#038;p=2689"},"modified":"2024-11-26T07:25:11","modified_gmt":"2024-11-26T07:25:11","slug":"-98","status":"publish","type":"product","link":"https:\/\/cloudsupplyvapes.com\/es\/product\/iget-goat-5000-puffs-disposable-wholesale\/","title":{"rendered":"Iget Goat 5000 Puffs Vape desechable al por mayor Dise\u00f1o compacto y duradero"},"content":{"rendered":"<ul>\n<li>Menta lim\u00f3n<\/li>\n<li>Pomelo Pomelo<\/li>\n<li>Tabaco Vainilla<\/li>\n<li>Az\u00facar de roca de ar\u00e1ndanos<\/li>\n<li>T\u00e9 helado de melocot\u00f3n<\/li>\n<li>T\u00e9 helado de pera<\/li>\n<li>Red Bull<\/li>\n<li>Batido de pi\u00f1a<\/li>\n<li>Regaliz Tabaco<\/li>\n<li>Tabaco para palomitas<\/li>\n<li>Manzana verde<\/li>\n<li>Fresa<\/li>\n<li>Uva<\/li>\n<\/ul>\n<ul>\n<li>Capacidad de la bater\u00eda: 950 mAh<\/li>\n<li>Capacidad del e-l\u00edquido: 5.5ml<\/li>\n<li>Bocanadas por dispositivo: Aproximadamente 5000<\/li>\n<li>Fuerza de la nicotina: 5%<\/li>\n<li>Resistencia: 1,6 ohmios<\/li>\n<li>Tama\u00f1o: 120 mm x 19 mm x 18 mm<\/li>\n<li>Peso: 35 g<\/li>\n<li>Dise\u00f1o desechable: S\u00ed<\/li>\n<\/ul>\n<p>&nbsp;<\/p>\n<p><a href=\"https:\/\/i0.wp.com\/shop.vape.hk\/wp-content\/uploads\/2023\/03\/iget-goat-images.jpg?ssl=1\" target=\"_blank\" rel=\"noopener\"><img data-recalc-dims=\"1\" loading=\"lazy\" decoding=\"async\" class=\"alignnone size-full wp-image-119084\" src=\"https:\/\/i0.wp.com\/shop.vape.hk\/wp-content\/uploads\/2023\/03\/iget-goat-images.jpg?resize=1020%2C574&#038;ssl=1\" alt=\"Iget Cabra 5000 Puffs Desechables | Mayorista\" width=\"1020\" height=\"574\" title=\"\"><\/a><\/p>","protected":false},"excerpt":{"rendered":"<p>Iget Goat 5000 Puffs Vape desechable al por mayor ofrece un dise\u00f1o duradero, construcci\u00f3n compacta, y la entrega de vapor suave, lo que es ideal para las sesiones de vapeo sin problemas y port\u00e1til.<\/p>","protected":false},"featured_media":2951,"comment_status":"open","ping_status":"closed","template":"","meta":[],"product_brand":[],"product_cat":[22],"product_tag":[64],"class_list":{"0":"post-2689","1":"product","2":"type-product","3":"status-publish","4":"has-post-thumbnail","6":"product_cat-disposable-vape-sticks","7":"product_tag-iget","9":"first","10":"instock","11":"shipping-taxable","12":"purchasable","13":"product-type-simple"},"jetpack_sharing_enabled":true,"tiered_pricing_type":"fixed","tiered_pricing_fixed_rules":{"100":17,"1000":15.5,"10000":14},"tiered_pricing_product_settings":{"layout":"default","base_unit_name":{"singular":null,"plural":null},"default_variation":null},"tiered_pricing_minimum_quantity":10,"tiered_pricing_roles_data":[],"tiered_pricing_percentage_rules":[],"tiered_pricing_maximum_quantity":null,"tiered_pricing_quantity_step":null,"_links":{"self":[{"href":"https:\/\/cloudsupplyvapes.com\/es\/wp-json\/wp\/v2\/product\/2689","targetHints":{"allow":["GET"]}}],"collection":[{"href":"https:\/\/cloudsupplyvapes.com\/es\/wp-json\/wp\/v2\/product"}],"about":[{"href":"https:\/\/cloudsupplyvapes.com\/es\/wp-json\/wp\/v2\/types\/product"}],"replies":[{"embeddable":true,"href":"https:\/\/cloudsupplyvapes.com\/es\/wp-json\/wp\/v2\/comments?post=2689"}],"wp:featuredmedia":[{"embeddable":true,"href":"https:\/\/cloudsupplyvapes.com\/es\/wp-json\/wp\/v2\/media\/2951"}],"wp:attachment":[{"href":"https:\/\/cloudsupplyvapes.com\/es\/wp-json\/wp\/v2\/media?parent=2689"}],"wp:term":[{"taxonomy":"product_brand","embeddable":true,"href":"https:\/\/cloudsupplyvapes.com\/es\/wp-json\/wp\/v2\/product_brand?post=2689"},{"taxonomy":"product_cat","embeddable":true,"href":"https:\/\/cloudsupplyvapes.com\/es\/wp-json\/wp\/v2\/product_cat?post=2689"},{"taxonomy":"product_tag","embeddable":true,"href":"https:\/\/cloudsupplyvapes.com\/es\/wp-json\/wp\/v2\/product_tag?post=2689"}],"curies":[{"name":"wp","href":"https:\/\/api.w.org\/{rel}","templated":true}]}}