{"id":2933,"date":"2024-10-19T02:27:57","date_gmt":"2024-10-19T02:27:57","guid":{"rendered":"https:\/\/cloudsupplyvapes.com\/?post_type=product&#038;p=2933"},"modified":"2024-11-26T07:21:14","modified_gmt":"2024-11-26T07:21:14","slug":"-103","status":"publish","type":"product","link":"https:\/\/cloudsupplyvapes.com\/es\/product\/ijoy-bar-ic6000-5000-puff-disposable-wholesale\/","title":{"rendered":"IJOY Bar IC6000 5000 caladas Vape desechable al por mayor Vape ligero y duradero"},"content":{"rendered":"<p><strong>ESPECIFICACIONES:<\/strong><br \/>\n\u2022 Tama\u00f1o: 89 mm \u00d7 47 mm \u00d7 20 mm<br \/>\n- Capacidad de la bater\u00eda\uff1a600mAh<br \/>\n\u2022 Modo de salida: 11 W (3,5 V)<br \/>\n\u2022 Tipo de carga: Tipo C<br \/>\n\u2022 Material: PC, PCTG, silicona.<br \/>\n\u2022 Resistencia: bobina de malla de 1,1 \u03a9.<br \/>\n\u2022 Capacidad del l\u00edquido electr\u00f3nico precargado: 15 ml (6000 caladas)<br \/>\n\u2022 Nicotina: 5% \/ 3% \/ 1,9%<\/p>\n<p><strong>Sabor:<\/strong><\/p>\n<p>DAIQUIRI DE FRESA<br \/>\nFRESA KIWI<br \/>\nHIELO AZUL RAZZ<br \/>\nZUMO DE MANZANA<br \/>\nHIELO TRIPLE DE BAYAS<br \/>\nGOMINOLA BLANCA<br \/>\nUVA SOLEADA<br \/>\nCEREZA PI\u00d1A<br \/>\nHIELO DEL DRAG\u00d3N NEGRO<br \/>\nFRESA MANGO<br \/>\nCARAMELO ARCO\u00cdRIS FRESA HELADO<br \/>\nMiNT CARAMELO<br \/>\nLUSH ICE<br \/>\nMELOCOT\u00d3N CIRUELA<\/p>\n<p><a href=\"https:\/\/i0.wp.com\/shop.vape.hk\/wp-content\/uploads\/2023\/09\/202212161052103038.jpg?ssl=1\" target=\"_blank\" rel=\"noopener\"><img data-recalc-dims=\"1\" loading=\"lazy\" decoding=\"async\" class=\"alignnone size-full wp-image-120687\" src=\"https:\/\/i0.wp.com\/shop.vape.hk\/wp-content\/uploads\/2023\/09\/202212161052103038.jpg?resize=1020%2C504&#038;ssl=1\" alt=\"IJOY Bar IC6000 5000 caladas desechable | Venta al por mayor\" width=\"1020\" height=\"504\" title=\"\"><\/a><\/p>","protected":false},"excerpt":{"rendered":"<p>El vaporizador desechable IJOY Bar IC6000 5000 Puff al por mayor cuenta con una bater\u00eda de larga duraci\u00f3n, un dise\u00f1o ligero y un suministro de vapor suave para un vapeo sin esfuerzo y port\u00e1til.<\/p>","protected":false},"featured_media":3088,"comment_status":"open","ping_status":"closed","template":"","meta":[],"product_brand":[],"product_cat":[22],"product_tag":[],"class_list":{"0":"post-2933","1":"product","2":"type-product","3":"status-publish","4":"has-post-thumbnail","6":"product_cat-disposable-vape-sticks","8":"first","9":"instock","10":"shipping-taxable","11":"purchasable","12":"product-type-simple"},"jetpack_sharing_enabled":true,"tiered_pricing_type":"fixed","tiered_pricing_fixed_rules":{"1000":14,"10000":13,"50000":12},"tiered_pricing_product_settings":{"layout":"default","base_unit_name":{"singular":null,"plural":null},"default_variation":null},"tiered_pricing_minimum_quantity":100,"tiered_pricing_roles_data":[],"tiered_pricing_percentage_rules":[],"tiered_pricing_maximum_quantity":null,"tiered_pricing_quantity_step":null,"_links":{"self":[{"href":"https:\/\/cloudsupplyvapes.com\/es\/wp-json\/wp\/v2\/product\/2933","targetHints":{"allow":["GET"]}}],"collection":[{"href":"https:\/\/cloudsupplyvapes.com\/es\/wp-json\/wp\/v2\/product"}],"about":[{"href":"https:\/\/cloudsupplyvapes.com\/es\/wp-json\/wp\/v2\/types\/product"}],"replies":[{"embeddable":true,"href":"https:\/\/cloudsupplyvapes.com\/es\/wp-json\/wp\/v2\/comments?post=2933"}],"wp:featuredmedia":[{"embeddable":true,"href":"https:\/\/cloudsupplyvapes.com\/es\/wp-json\/wp\/v2\/media\/3088"}],"wp:attachment":[{"href":"https:\/\/cloudsupplyvapes.com\/es\/wp-json\/wp\/v2\/media?parent=2933"}],"wp:term":[{"taxonomy":"product_brand","embeddable":true,"href":"https:\/\/cloudsupplyvapes.com\/es\/wp-json\/wp\/v2\/product_brand?post=2933"},{"taxonomy":"product_cat","embeddable":true,"href":"https:\/\/cloudsupplyvapes.com\/es\/wp-json\/wp\/v2\/product_cat?post=2933"},{"taxonomy":"product_tag","embeddable":true,"href":"https:\/\/cloudsupplyvapes.com\/es\/wp-json\/wp\/v2\/product_tag?post=2933"}],"curies":[{"name":"wp","href":"https:\/\/api.w.org\/{rel}","templated":true}]}}