{"id":2937,"date":"2024-10-19T02:27:57","date_gmt":"2024-10-19T02:27:57","guid":{"rendered":"https:\/\/cloudsupplyvapes.com\/?post_type=product&#038;p=2937"},"modified":"2024-11-26T07:22:04","modified_gmt":"2024-11-26T07:22:04","slug":"-107","status":"publish","type":"product","link":"https:\/\/cloudsupplyvapes.com\/es\/product\/ijoy-lio-capo-4500-puffs-disposable-vape-wholesale\/","title":{"rendered":"IJOY LIO CAPO 4500 Puffs Vape desechable al por mayor Vapor suave sin complicaciones"},"content":{"rendered":"<p><strong>ESPECIFICACIONES:<\/strong><\/p>\n<p>- Tama\u00f1o\uff1a80,2 * 43,5 * 16,6mmmm<br \/>\n- Capacidad de la bater\u00eda\uff1a600mAh<br \/>\n- Modo de salida\uff1a10W (3,5V)<br \/>\n- Tipo de carga\uff1aCarga tipo C<br \/>\n- Material\uff1aPC &amp; PCTG<br \/>\n- Resistencia\uff1a1.2\u03a9 MESH Coil<br \/>\n- E-l\u00edquido precargado Capacidad\uff1a12ml\uff084500puffs\uff09<br \/>\n- Nicotina\uff1a50mg \/ 30mg<\/p>\n<p><strong>Sabor:<\/strong><br \/>\nHielo de uva<br \/>\nBatido de fresa<br \/>\nBlue Razz<br \/>\nRefresco de melocot\u00f3n<br \/>\nBomba pop<br \/>\nMezcla de bayas<br \/>\nPitaya mora<br \/>\nMango Fruta de la pasi\u00f3n<br \/>\nPi\u00f1a Colada<br \/>\nHielo acuoso<br \/>\nMenta frambuesa<br \/>\nVerde y naranja<br \/>\nHielo de fresa<br \/>\nBebida energ\u00e9tica<br \/>\nOsito de goma<br \/>\nCaramelos arco iris<br \/>\nManzana roja<br \/>\nDaquiri de fresa<\/p>\n<p><a href=\"https:\/\/i0.wp.com\/shop.vape.hk\/wp-content\/uploads\/2023\/09\/202208011057451836-1.jpg?ssl=1\" target=\"_blank\" rel=\"noopener\"><img data-recalc-dims=\"1\" loading=\"lazy\" decoding=\"async\" class=\"alignnone size-full wp-image-120726\" src=\"https:\/\/i0.wp.com\/shop.vape.hk\/wp-content\/uploads\/2023\/09\/202208011057451836-1.jpg?resize=1020%2C575&#038;ssl=1\" alt=\"LIO CAPO 4500 Puffs Vape Desechable | Venta al por mayor\" width=\"1020\" height=\"575\" title=\"\"><\/a><\/p>","protected":false},"excerpt":{"rendered":"<p>IJOY LIO CAPO 4500 Puffs Vape Desechable Mayorista combina un funcionamiento sin complicaciones, una producci\u00f3n de vapor suave y un dise\u00f1o port\u00e1til para una experiencia de vapeo c\u00f3moda y agradable.<\/p>","protected":false},"featured_media":3146,"comment_status":"open","ping_status":"closed","template":"","meta":[],"product_brand":[],"product_cat":[22],"product_tag":[],"class_list":{"0":"post-2937","1":"product","2":"type-product","3":"status-publish","4":"has-post-thumbnail","6":"product_cat-disposable-vape-sticks","8":"first","9":"instock","10":"shipping-taxable","11":"purchasable","12":"product-type-simple"},"jetpack_sharing_enabled":true,"tiered_pricing_type":"fixed","tiered_pricing_fixed_rules":{"1000":11,"10000":10,"50000":9},"tiered_pricing_product_settings":{"layout":"default","base_unit_name":{"singular":null,"plural":null},"default_variation":null},"tiered_pricing_minimum_quantity":100,"tiered_pricing_roles_data":[],"tiered_pricing_percentage_rules":[],"tiered_pricing_maximum_quantity":null,"tiered_pricing_quantity_step":null,"_links":{"self":[{"href":"https:\/\/cloudsupplyvapes.com\/es\/wp-json\/wp\/v2\/product\/2937","targetHints":{"allow":["GET"]}}],"collection":[{"href":"https:\/\/cloudsupplyvapes.com\/es\/wp-json\/wp\/v2\/product"}],"about":[{"href":"https:\/\/cloudsupplyvapes.com\/es\/wp-json\/wp\/v2\/types\/product"}],"replies":[{"embeddable":true,"href":"https:\/\/cloudsupplyvapes.com\/es\/wp-json\/wp\/v2\/comments?post=2937"}],"wp:featuredmedia":[{"embeddable":true,"href":"https:\/\/cloudsupplyvapes.com\/es\/wp-json\/wp\/v2\/media\/3146"}],"wp:attachment":[{"href":"https:\/\/cloudsupplyvapes.com\/es\/wp-json\/wp\/v2\/media?parent=2937"}],"wp:term":[{"taxonomy":"product_brand","embeddable":true,"href":"https:\/\/cloudsupplyvapes.com\/es\/wp-json\/wp\/v2\/product_brand?post=2937"},{"taxonomy":"product_cat","embeddable":true,"href":"https:\/\/cloudsupplyvapes.com\/es\/wp-json\/wp\/v2\/product_cat?post=2937"},{"taxonomy":"product_tag","embeddable":true,"href":"https:\/\/cloudsupplyvapes.com\/es\/wp-json\/wp\/v2\/product_tag?post=2937"}],"curies":[{"name":"wp","href":"https:\/\/api.w.org\/{rel}","templated":true}]}}