{"id":4041,"date":"2024-10-19T02:36:05","date_gmt":"2024-10-19T02:36:05","guid":{"rendered":"https:\/\/cloudsupplyvapes.com\/?post_type=product&#038;p=4041"},"modified":"2024-11-26T06:55:10","modified_gmt":"2024-11-26T06:55:10","slug":"-128","status":"publish","type":"product","link":"https:\/\/cloudsupplyvapes.com\/es\/product\/geek-bar-meloso-max-9000-puffs-disposable-vape-wholesale\/","title":{"rendered":"Geek Bar Meloso Max 9000 Puffs Vape desechable al por mayor Flujo de aire ajustable Rendimiento duradero"},"content":{"rendered":"<h2>Geek Bar Meloso Max Vape Desechable<\/h2>\n<ul class=\"top\">\n<li style=\"list-style-type: none;\">\n<ul class=\"top\">\n<li>Marca:\u00a0<b>Geek Bar<\/b><\/li>\n<li>Unidad: set<\/li>\n<li>Tipo:\u00a0<b>Vape desechable<\/b><\/li>\n<li>Peso neto: 70(g)<\/li>\n<\/ul>\n<\/li>\n<\/ul>\n<p>El sistema calcular\u00e1 autom\u00e1ticamente los gastos de env\u00edo combinados despu\u00e9s de que elija el destino del env\u00edo en el paso de pago.<\/p>\n<div class=\"title\">Geek Bar Meloso Max Vape Desechable INTRODUCCI\u00d3N<\/div>\n<p><b>Geek Bar Meloso Max Vape Desechable<\/b> tiene un excelente dise\u00f1o de doble bobina de malla, lo que significa un calentamiento m\u00e1s r\u00e1pido y una mejor presentaci\u00f3n de sabor realista. Viene precargado con 14 ml de e-l\u00edquido de nicotina a una concentraci\u00f3n de 50 mg para un cierto golpe de garganta para traer placer. Un total de 9.000 caladas se pueden completar con el apoyo de una bater\u00eda de 600 mAh. Con cada calada, la doble bobina de malla junto con el flujo de aire ajustable puede restaurar el sabor original. Equipado con un indicador de bater\u00eda SMART y una luz indicadora de e-l\u00edquido, puede controlar la bater\u00eda y la vida del e-l\u00edquido para una experiencia de bater\u00eda uniforme.<\/p>\n<p class=\"second-title\">Caracter\u00edsticas<\/p>\n<p>- Vape Juice precargado de 14 ml<\/p>\n<p>- 5%(50mg) Sal de Nic<\/p>\n<p>- Bater\u00eda recargable de 600 mAh<\/p>\n<p>- Puerto USB-C<\/p>\n<p>- Aproximadamente 9000 Puffs<\/p>\n<p>- Bobina de malla doble<\/p>\n<p>- Activado por sorteo<\/p>\n<p>- MTL Vaping<\/p>\n<p>- Indicador de bater\u00eda SMART y luces indicadoras de e-l\u00edquido<\/p>\n<p>- Flujo de aire ajustable<\/p>\n<p>&nbsp;<\/p>\n<p><b>Sabor:<\/b><\/p>\n<p>Hielo de sand\u00eda<\/p>\n<p>Menta fresca<\/p>\n<p>Melocot\u00f3n helado<\/p>\n<p>Tr\u00edo de Hielo con Bayas<\/p>\n<p>Hielo de mel\u00f3n Fuji<\/p>\n<p>Hielo de manzana \u00e1cida<\/p>\n<p>Arco iris tropical<\/p>\n<p>Mango mexicano<\/p>\n<p>Fresa helada<\/p>\n<p>Claro<\/p>\n<p>Monstruo verde<\/p>\n<p>Ginger Ale<\/p>\n<p>Sand\u00eda con fresa<\/p>\n<p>Fresa Mango<\/p>\n<p>Congelaci\u00f3n de la piedra<\/p>","protected":false},"excerpt":{"rendered":"<p>El Geek Bar Meloso Max 9000 Puffs Vape desechable al por mayor cuenta con flujo de aire ajustable, construcci\u00f3n duradera, y la producci\u00f3n de vapor suave para experiencias vaping personalizables.<\/p>","protected":false},"featured_media":4467,"comment_status":"open","ping_status":"closed","template":"","meta":[],"product_brand":[],"product_cat":[22],"product_tag":[],"class_list":{"0":"post-4041","1":"product","2":"type-product","3":"status-publish","4":"has-post-thumbnail","6":"product_cat-disposable-vape-sticks","8":"first","9":"instock","10":"shipping-taxable","11":"purchasable","12":"product-type-simple"},"jetpack_sharing_enabled":true,"tiered_pricing_type":"fixed","tiered_pricing_fixed_rules":{"1000":15,"10000":14,"50000":12},"tiered_pricing_product_settings":{"layout":"default","base_unit_name":{"singular":null,"plural":null},"default_variation":null},"tiered_pricing_minimum_quantity":100,"tiered_pricing_roles_data":[],"tiered_pricing_percentage_rules":[],"tiered_pricing_maximum_quantity":null,"tiered_pricing_quantity_step":null,"_links":{"self":[{"href":"https:\/\/cloudsupplyvapes.com\/es\/wp-json\/wp\/v2\/product\/4041","targetHints":{"allow":["GET"]}}],"collection":[{"href":"https:\/\/cloudsupplyvapes.com\/es\/wp-json\/wp\/v2\/product"}],"about":[{"href":"https:\/\/cloudsupplyvapes.com\/es\/wp-json\/wp\/v2\/types\/product"}],"replies":[{"embeddable":true,"href":"https:\/\/cloudsupplyvapes.com\/es\/wp-json\/wp\/v2\/comments?post=4041"}],"wp:featuredmedia":[{"embeddable":true,"href":"https:\/\/cloudsupplyvapes.com\/es\/wp-json\/wp\/v2\/media\/4467"}],"wp:attachment":[{"href":"https:\/\/cloudsupplyvapes.com\/es\/wp-json\/wp\/v2\/media?parent=4041"}],"wp:term":[{"taxonomy":"product_brand","embeddable":true,"href":"https:\/\/cloudsupplyvapes.com\/es\/wp-json\/wp\/v2\/product_brand?post=4041"},{"taxonomy":"product_cat","embeddable":true,"href":"https:\/\/cloudsupplyvapes.com\/es\/wp-json\/wp\/v2\/product_cat?post=4041"},{"taxonomy":"product_tag","embeddable":true,"href":"https:\/\/cloudsupplyvapes.com\/es\/wp-json\/wp\/v2\/product_tag?post=4041"}],"curies":[{"name":"wp","href":"https:\/\/api.w.org\/{rel}","templated":true}]}}