{"id":4042,"date":"2024-10-19T02:36:05","date_gmt":"2024-10-19T02:36:05","guid":{"rendered":"https:\/\/cloudsupplyvapes.com\/?post_type=product&#038;p=4042"},"modified":"2024-11-26T06:54:38","modified_gmt":"2024-11-26T06:54:38","slug":"-129","status":"publish","type":"product","link":"https:\/\/cloudsupplyvapes.com\/es\/product\/geek-bar-b4000-4000-puffs-disposable-vape-wholesale\/","title":{"rendered":"Geek Bar B4000 4000 Puffs Vape desechable al por mayor para principiantes de dise\u00f1o amigable port\u00e1til"},"content":{"rendered":"<h2>Geek Bar B4000 Desechable<\/h2>\n<ul class=\"top\">\n<li style=\"list-style-type: none;\">\n<ul class=\"top\">\n<li>Marca: Geek Bar<\/li>\n<li>Unidad: set<\/li>\n<li>Tipo: Vape desechable<\/li>\n<li>Peso neto: 70(g)<\/li>\n<\/ul>\n<\/li>\n<\/ul>\n<p>El sistema calcular\u00e1 autom\u00e1ticamente los gastos de env\u00edo combinados despu\u00e9s de que elija el destino del env\u00edo en el paso de pago.<\/p>\n<div class=\"title\">Geek Bar B4000 Desechable INTRODUCCI\u00d3N<\/div>\n<p><b>Geek Bar B4000 Desechable<\/b>\u00a0cuenta con un e-juice precargado de 10ml, nicotina 5%, bater\u00eda interna de 1050mAh, bobina de malla de 1.2ohm, y boquilla de cierre herm\u00e9tico para hasta 4000 caladas. Ubicado dentro de su dispositivo compacto, cuenta con una apariencia fluida y una carcasa de cristal, la bobina de malla de alto rendimiento ofrece un sabor y aroma extraordinarios. El vapeador de 10ml sirve para aproximadamente 4000 caladas. Construido en acero inoxidable, es ligero y s\u00f3lido.<\/p>\n<p class=\"second-title\">Caracter\u00edsticas<\/p>\n<p>- Boquilla ajustada<\/p>\n<p>- Bater\u00eda interna de 1050 mAh<\/p>\n<p>- 10ml E-jugo pre-llenado<\/p>\n<p>- 5%(50mg) Nicotina<\/p>\n<p>- 4000 Puffs<\/p>\n<p>- Activado por dibujo<\/p>\n<p><a href=\"https:\/\/i0.wp.com\/shop.vape.hk\/wp-content\/uploads\/2023\/10\/geek-bar-b4000.jpg?ssl=1\" target=\"_blank\" rel=\"noopener\"><img data-recalc-dims=\"1\" loading=\"lazy\" decoding=\"async\" class=\"alignnone size-full wp-image-124002\" src=\"https:\/\/i0.wp.com\/shop.vape.hk\/wp-content\/uploads\/2023\/10\/geek-bar-b4000.jpg?resize=636%2C1920&#038;ssl=1\" alt=\"Geek Bar B4000 4000 Puffs Vape Desechable | Venta al por mayor\" width=\"636\" height=\"1920\" title=\"\"><\/a><\/p>","protected":false},"excerpt":{"rendered":"<p>Geek Bar B4000 4000 Puffs Vape desechable al por mayor es para principiantes y ultra-port\u00e1til, ofreciendo un rendimiento constante y vapor suave para vapear sin esfuerzo.<\/p>","protected":false},"featured_media":4474,"comment_status":"open","ping_status":"closed","template":"","meta":[],"product_brand":[],"product_cat":[22],"product_tag":[],"class_list":{"0":"post-4042","1":"product","2":"type-product","3":"status-publish","4":"has-post-thumbnail","6":"product_cat-disposable-vape-sticks","8":"first","9":"instock","10":"shipping-taxable","11":"purchasable","12":"product-type-simple"},"jetpack_sharing_enabled":true,"tiered_pricing_type":"fixed","tiered_pricing_fixed_rules":{"1000":13,"10000":12,"50000":10},"tiered_pricing_product_settings":{"layout":"default","base_unit_name":{"singular":null,"plural":null},"default_variation":null},"tiered_pricing_minimum_quantity":100,"tiered_pricing_roles_data":[],"tiered_pricing_percentage_rules":[],"tiered_pricing_maximum_quantity":null,"tiered_pricing_quantity_step":null,"_links":{"self":[{"href":"https:\/\/cloudsupplyvapes.com\/es\/wp-json\/wp\/v2\/product\/4042","targetHints":{"allow":["GET"]}}],"collection":[{"href":"https:\/\/cloudsupplyvapes.com\/es\/wp-json\/wp\/v2\/product"}],"about":[{"href":"https:\/\/cloudsupplyvapes.com\/es\/wp-json\/wp\/v2\/types\/product"}],"replies":[{"embeddable":true,"href":"https:\/\/cloudsupplyvapes.com\/es\/wp-json\/wp\/v2\/comments?post=4042"}],"wp:featuredmedia":[{"embeddable":true,"href":"https:\/\/cloudsupplyvapes.com\/es\/wp-json\/wp\/v2\/media\/4474"}],"wp:attachment":[{"href":"https:\/\/cloudsupplyvapes.com\/es\/wp-json\/wp\/v2\/media?parent=4042"}],"wp:term":[{"taxonomy":"product_brand","embeddable":true,"href":"https:\/\/cloudsupplyvapes.com\/es\/wp-json\/wp\/v2\/product_brand?post=4042"},{"taxonomy":"product_cat","embeddable":true,"href":"https:\/\/cloudsupplyvapes.com\/es\/wp-json\/wp\/v2\/product_cat?post=4042"},{"taxonomy":"product_tag","embeddable":true,"href":"https:\/\/cloudsupplyvapes.com\/es\/wp-json\/wp\/v2\/product_tag?post=4042"}],"curies":[{"name":"wp","href":"https:\/\/api.w.org\/{rel}","templated":true}]}}