{"id":4043,"date":"2024-10-19T02:36:05","date_gmt":"2024-10-19T02:36:05","guid":{"rendered":"https:\/\/cloudsupplyvapes.com\/?post_type=product&#038;p=4043"},"modified":"2024-11-26T06:39:12","modified_gmt":"2024-11-26T06:39:12","slug":"-130","status":"publish","type":"product","link":"https:\/\/cloudsupplyvapes.com\/es\/product\/geek-bar-pulse-15000-puffs-disposable-vape-wholesale\/","title":{"rendered":"Geek Bar Pulse 15000 Puffs Vape desechable al por mayor Alta capacidad Aspecto elegante y con estilo"},"content":{"rendered":"<h2>Geek Bar Pulse 15000 Vape desechable<\/h2>\n<ul class=\"top\">\n<li>Marca:\u00a0<b>Geek Bar<\/b><\/li>\n<li>Unidad: set<\/li>\n<li>Tipo:\u00a0<b>Vape desechable<\/b><\/li>\n<li>Peso neto: 68(g)<\/li>\n<\/ul>\n<p>El sistema calcular\u00e1 autom\u00e1ticamente los gastos de env\u00edo combinados despu\u00e9s de que elija el destino del env\u00edo en el paso de pago.<\/p>\n<div class=\"title\">Geek Bar Pulse 15000 Vape Desechable INTRODUCCI\u00d3N<\/div>\n<p><b>Geek Bar Pulse 15000 Vape desechable<\/b> viene precargado con 16ml de e-liquid que tiene dos tipos de modos. El modo Pulse proporciona hasta 7500 caladas con una potencia de 20W, mientras que el modo Regular proporciona 15000 caladas gracias a su doble bobina de malla integrada. Alimentado por una bater\u00eda recargable de 650mAh, el vape Geek Bar Pulse cuenta con una pantalla completa en el lateral. El vape desechable con pantalla facilita el control del nivel de bater\u00eda y e-l\u00edquido. Construido con un revestimiento suave al tacto, los bordes suavizados de la boquilla son c\u00f3modos para vapear.<\/p>\n<p class=\"second-title\">Caracter\u00edsticas<\/p>\n<p>- E-l\u00edquido precargado de 16mL<\/p>\n<p>- 5%(50mg) Nicotina<\/p>\n<p>- Bater\u00eda recargable de 650 mAh<\/p>\n<p>- Aproximadamente 15000 Puffs<\/p>\n<p>- Puerto Tipo-C (no incluido)<\/p>\n<p>- Bobina de malla doble<\/p>\n<p>- Activado por sorteo<\/p>\n<p>- MTL Vaping<\/p>\n<p>- Pantalla completa<\/p>\n<p>- Bater\u00eda y pantalla l\u00edquida<\/p>\n<p>- Salida de 20 W<\/p>\n<p>- Modo Pulso Para 7500 Puffs<\/p>\n<p>- Modo Normal Para 15000 Puffs<\/p>","protected":false},"excerpt":{"rendered":"<p>El Geek Bar Pulse 15000 Puffs Vape desechable al por mayor ofrece una alta capacidad, un dise\u00f1o elegante, y la entrega de vapor suave para la prima y satisfactorias experiencias vaping.<\/p>","protected":false},"featured_media":4479,"comment_status":"open","ping_status":"closed","template":"","meta":[],"product_brand":[],"product_cat":[22],"product_tag":[],"class_list":{"0":"post-4043","1":"product","2":"type-product","3":"status-publish","4":"has-post-thumbnail","6":"product_cat-disposable-vape-sticks","8":"first","9":"instock","10":"shipping-taxable","11":"purchasable","12":"product-type-simple"},"jetpack_sharing_enabled":true,"tiered_pricing_type":"fixed","tiered_pricing_fixed_rules":{"1000":13,"50000":10},"tiered_pricing_product_settings":{"layout":"default","base_unit_name":{"singular":null,"plural":null},"default_variation":null},"tiered_pricing_minimum_quantity":100,"tiered_pricing_roles_data":[],"tiered_pricing_percentage_rules":[],"tiered_pricing_maximum_quantity":null,"tiered_pricing_quantity_step":null,"_links":{"self":[{"href":"https:\/\/cloudsupplyvapes.com\/es\/wp-json\/wp\/v2\/product\/4043","targetHints":{"allow":["GET"]}}],"collection":[{"href":"https:\/\/cloudsupplyvapes.com\/es\/wp-json\/wp\/v2\/product"}],"about":[{"href":"https:\/\/cloudsupplyvapes.com\/es\/wp-json\/wp\/v2\/types\/product"}],"replies":[{"embeddable":true,"href":"https:\/\/cloudsupplyvapes.com\/es\/wp-json\/wp\/v2\/comments?post=4043"}],"wp:featuredmedia":[{"embeddable":true,"href":"https:\/\/cloudsupplyvapes.com\/es\/wp-json\/wp\/v2\/media\/4479"}],"wp:attachment":[{"href":"https:\/\/cloudsupplyvapes.com\/es\/wp-json\/wp\/v2\/media?parent=4043"}],"wp:term":[{"taxonomy":"product_brand","embeddable":true,"href":"https:\/\/cloudsupplyvapes.com\/es\/wp-json\/wp\/v2\/product_brand?post=4043"},{"taxonomy":"product_cat","embeddable":true,"href":"https:\/\/cloudsupplyvapes.com\/es\/wp-json\/wp\/v2\/product_cat?post=4043"},{"taxonomy":"product_tag","embeddable":true,"href":"https:\/\/cloudsupplyvapes.com\/es\/wp-json\/wp\/v2\/product_tag?post=4043"}],"curies":[{"name":"wp","href":"https:\/\/api.w.org\/{rel}","templated":true}]}}