{"id":4178,"date":"2024-10-19T02:36:28","date_gmt":"2024-10-19T02:36:28","guid":{"rendered":"https:\/\/cloudsupplyvapes.com\/?post_type=product&#038;p=4178"},"modified":"2024-11-26T06:39:00","modified_gmt":"2024-11-26T06:39:00","slug":"-131","status":"publish","type":"product","link":"https:\/\/cloudsupplyvapes.com\/es\/product\/geek-bar-df6000-puffs-disposable-vape-wholesale\/","title":{"rendered":"Geek Bar DF6000 Puffs Vape desechable al por mayor Dise\u00f1o ligero a prueba de fugas"},"content":{"rendered":"<h2>Geek Bar DF6000 Vape desechable<\/h2>\n<ul class=\"top\">\n<li>Marca: Geek Bar<\/li>\n<li>Unidad: set<\/li>\n<li>Tipo: Vape desechable<\/li>\n<li>Peso neto: 70(g)<\/li>\n<\/ul>\n<p>El sistema calcular\u00e1 autom\u00e1ticamente los gastos de env\u00edo combinados despu\u00e9s de que elija el destino del env\u00edo en el paso de pago.<\/p>\n<div class=\"title\">Geek Bar DF6000 Vape Desechable INTRODUCCI\u00d3N<\/div>\n<p><b>Geek Bar DF6000 Vape desechable<\/b>\u00a0Contiene 14ml de e-l\u00edquido precargado, con capacidad para una bater\u00eda recargable de 650mAh, 5%(50mg) de nicotina, y una bobina de malla que permite un buen golpe de hasta 6000 caladas. Adopta el dise\u00f1o puff-to-vape, y el colorway vivo y la boquilla de cristal-como hacer su vaping agradable. Hale de la boquilla y obtenga el sabroso vapor.<\/p>\n<p class=\"second-title\">Caracter\u00edsticas<\/p>\n<p>- Vape Juice precargado de 14 ml<\/p>\n<p>- Bater\u00eda recargable de 650 mAh<\/p>\n<p>- Cable tipo C<\/p>\n<p>- 5%(50mg) Sal de Nic<\/p>\n<p>- Aproximadamente 6000 Puffs<\/p>\n<p>- Bobina de malla<\/p>\n<p>- Activado por sorteo<\/p>\n<div class=\"title\">Geek Bar DF6000 Vape Desechable ESPECIFICACIONES<\/div>\n<p>Puffs: 6000<\/p>\n<p>Capacidad del e-l\u00edquido: 14ml<\/p>\n<p>Bater\u00eda: Recargable 650mAh<\/p>\n<p>Carga: USB Tipo-C<\/p>\n<p>Potencia de nicotina: 5%(50mg)<\/p>\n<p>Tipo de nicotina: Nic Sal<\/p>\n<p>Elemento calefactor: Bobina de malla<\/p>\n<p>Mecanismo de disparo por extracci\u00f3n<\/p>\n<p><a href=\"https:\/\/i0.wp.com\/shop.vape.hk\/wp-content\/uploads\/2023\/10\/geek-bar-df6000-disposable-vape_1.jpg?ssl=1\" target=\"_blank\" rel=\"noopener\"><img data-recalc-dims=\"1\" loading=\"lazy\" decoding=\"async\" class=\"alignnone size-full wp-image-124034\" src=\"https:\/\/i0.wp.com\/shop.vape.hk\/wp-content\/uploads\/2023\/10\/geek-bar-df6000-disposable-vape_1.jpg?resize=900%2C751&#038;ssl=1\" alt=\"Geek Bar DF6000 Puffs Desechables Vape | Venta al por mayor\" width=\"900\" height=\"751\" title=\"\"><\/a> <a href=\"https:\/\/i0.wp.com\/shop.vape.hk\/wp-content\/uploads\/2023\/10\/geek-bar-df6000-disposable-vape_2.jpg?ssl=1\" target=\"_blank\" rel=\"noopener\"><img data-recalc-dims=\"1\" loading=\"lazy\" decoding=\"async\" class=\"alignnone size-full wp-image-124033\" src=\"https:\/\/i0.wp.com\/shop.vape.hk\/wp-content\/uploads\/2023\/10\/geek-bar-df6000-disposable-vape_2.jpg?resize=735%2C1920&#038;ssl=1\" alt=\"Geek Bar DF6000 Puffs Desechables Vape | Venta al por mayor\" width=\"735\" height=\"1920\" title=\"\"><\/a><\/p>","protected":false},"excerpt":{"rendered":"<p>El vaporizador desechable Geek Bar DF6000 combina una construcci\u00f3n ligera, un dise\u00f1o a prueba de fugas y un suave golpe de garganta para un vapeo fiable y sin complicaciones.<\/p>","protected":false},"featured_media":4482,"comment_status":"open","ping_status":"closed","template":"","meta":[],"product_brand":[],"product_cat":[22],"product_tag":[],"class_list":{"0":"post-4178","1":"product","2":"type-product","3":"status-publish","4":"has-post-thumbnail","6":"product_cat-disposable-vape-sticks","8":"first","9":"instock","10":"shipping-taxable","11":"purchasable","12":"product-type-simple"},"jetpack_sharing_enabled":true,"tiered_pricing_type":"fixed","tiered_pricing_fixed_rules":{"1000":7,"10000":6,"50000":5},"tiered_pricing_product_settings":{"layout":"default","base_unit_name":{"singular":null,"plural":null},"default_variation":null},"tiered_pricing_minimum_quantity":100,"tiered_pricing_roles_data":[],"tiered_pricing_percentage_rules":[],"tiered_pricing_maximum_quantity":null,"tiered_pricing_quantity_step":null,"_links":{"self":[{"href":"https:\/\/cloudsupplyvapes.com\/es\/wp-json\/wp\/v2\/product\/4178","targetHints":{"allow":["GET"]}}],"collection":[{"href":"https:\/\/cloudsupplyvapes.com\/es\/wp-json\/wp\/v2\/product"}],"about":[{"href":"https:\/\/cloudsupplyvapes.com\/es\/wp-json\/wp\/v2\/types\/product"}],"replies":[{"embeddable":true,"href":"https:\/\/cloudsupplyvapes.com\/es\/wp-json\/wp\/v2\/comments?post=4178"}],"wp:featuredmedia":[{"embeddable":true,"href":"https:\/\/cloudsupplyvapes.com\/es\/wp-json\/wp\/v2\/media\/4482"}],"wp:attachment":[{"href":"https:\/\/cloudsupplyvapes.com\/es\/wp-json\/wp\/v2\/media?parent=4178"}],"wp:term":[{"taxonomy":"product_brand","embeddable":true,"href":"https:\/\/cloudsupplyvapes.com\/es\/wp-json\/wp\/v2\/product_brand?post=4178"},{"taxonomy":"product_cat","embeddable":true,"href":"https:\/\/cloudsupplyvapes.com\/es\/wp-json\/wp\/v2\/product_cat?post=4178"},{"taxonomy":"product_tag","embeddable":true,"href":"https:\/\/cloudsupplyvapes.com\/es\/wp-json\/wp\/v2\/product_tag?post=4178"}],"curies":[{"name":"wp","href":"https:\/\/api.w.org\/{rel}","templated":true}]}}